{"id":1968,"date":"2022-07-20T17:18:40","date_gmt":"2022-07-20T15:18:40","guid":{"rendered":"https:\/\/www.eikasia.es\/?page_id=1968"},"modified":"2026-04-11T03:06:31","modified_gmt":"2026-04-11T01:06:31","slug":"politica-de-privacidad","status":"publish","type":"page","link":"https:\/\/www.eikasia.es\/index.php\/politica-de-privacidad\/","title":{"rendered":"Pol\u00edtica de Privacidad"},"content":{"rendered":"\n<h2 class=\"wp-block-heading\">1. \u00c1mbito de Aplicaci\u00f3n<\/h2>\n\n\n\n<p>La Asociaci\u00f3n de Filosof\u00eda Eikasia, que utiliza la marca Ediciones Eikas\u00eda,  se compromete a respetar la privacidad de quienes visitan y utilizan su web, cuya p\u00e1gina principal se encuentra en la direcci\u00f3n www.eikasia.es (el \u201cSitio Web\u201d).<\/p>\n\n\n\n<p>La presente Pol\u00edtica de Privacidad tiene como finalidad informar al usuario acerca del tratamiento de los datos personales que se recogen a trav\u00e9s del Sitio Web y de los servicios a \u00e9ste asociados, de conformidad con la Ley Org\u00e1nica 15\/1999, de 13 de diciembre, de Protecci\u00f3n de Datos de Car\u00e1cter Personal, la normativa que la desarrolla y la Ley 34\/2002, de 11 de julio, de Servicios de la Sociedad de la Informaci\u00f3n y de Comercio Electr\u00f3nico.<\/p>\n\n\n\n<p>La utilizaci\u00f3n del Sitio Web o de cualquiera de sus servicios asociados implica la aceptaci\u00f3n por el usuario de las disposiciones contenidas en la presente Pol\u00edtica de Privacidad, y que sus datos personales sean tratados seg\u00fan se estipula en la misma.<\/p>\n\n\n\n<h2 class=\"wp-block-heading\">2. Responsable del fichero<\/h2>\n\n\n\n<p>Los datos personales del usuario recogidos a trav\u00e9s del Sitio Web ser\u00e1n incluidos en un fichero cuyo responsable es Asociaci\u00f3n de Filosof\u00eda Eikasia, con domicilio social en C\/ Rio Nora 2, Bajo 5 &#8211; 33010 &#8211; Oviedo (Asturias). Eikas\u00eda informa al Usuario de la existencia de ficheros de datos de car\u00e1cter personal inscritos en el RGPD (Registro General de Protecci\u00f3n de Datos), para el cumplimiento de las finalidades leg\u00edtimas de la entidad.<\/p>\n\n\n\n<h2 class=\"wp-block-heading\">3. Confidencialidad y seguridad<\/h2>\n\n\n\n<p>Los datos personales de los usuarios ser\u00e1n tratados con total confidencialidad. La Asociaci\u00f3n de Filosof\u00eda Eikasia, informa que adoptar\u00e1 las medidas de \u00edndole t\u00e9cnica y organizativas necesarias para evitar la alteraci\u00f3n, p\u00e9rdida, tratamiento o acceso no autorizado de los datos, habida cuenta del estado de la tecnolog\u00eda, la naturaleza de los datos almacenados y los riesgos a que est\u00e1n expuestos, ya provengan de la acci\u00f3n humana o del medio f\u00edsico o natural. Sin embargo, no existe ning\u00fan sistema completamente seguro, por lo que la Asociaci\u00f3n de Filosof\u00eda Eikasia,  no puede garantizar que los datos puedan estar totalmente protegidos en todo momento y bajo cualquier circunstancia ajena a la Asociaci\u00f3n de Filosof\u00eda Eikasia, .<\/p>\n\n\n\n<h2 class=\"wp-block-heading\">4. Tratamientos de datos<\/h2>\n\n\n\n<p>La empresa responsable de los tratamientos indicados es Ediciones Eikas\u00eda, cuyo resto de datos identificativos y de comunicaci\u00f3n puedes encontrar al inicio de esta pol\u00edtica de privacidad.<\/p>\n\n\n\n<p>En cumplimiento de lo dispuesto en el Reglamento UE 2016\/679 del Parlamento Europeo y del Consejo de 27 de abril de 2016, relativo a la protecci\u00f3n de las personas f\u00edsicas en lo que respecta al tratamiento de datos personales y a la libre circulaci\u00f3n de estos datos (RGPD), te informamos que los datos que nos proporciones como usuario registrado se tratar\u00e1n para:<\/p>\n\n\n\n<ul class=\"wp-block-list\">\n<li>Mantener activo tu perfil de usuario en nuestra plataforma, permitiendo interactuar y utilizar las diferentes herramientas que pongamos a tu disposici\u00f3n como usuario registrado. Tu perfil se mantendr\u00e1 activo mientras no curses la baja correspondiente.<\/li>\n\n\n\n<li>Si te suscribes a alguno de nuestros portales para recibir autom\u00e1ticamente las novedades que en ellos publiquemos, tu direcci\u00f3n de correo electr\u00f3nico se utilizar\u00e1 para hacerte llegar estas novedades.<\/li>\n\n\n\n<li>Si participas escribiendo comentarios se publicar\u00e1 tu nombre de usuario. No publicaremos en ning\u00fan caso tu direcci\u00f3n de correo electr\u00f3nico.<\/li>\n<\/ul>\n\n\n\n<p>Todos tus datos personales se guardan en servidores ubicados dentro de la Uni\u00f3n Europea y bajo medidas de seguridad espec\u00edficas que pretenden evitar el acceso no autorizado o la fuga de informaci\u00f3n.<\/p>\n\n\n\n<p>Adem\u00e1s, los datos personales que recabemos ser\u00e1n tratados de forma confidencial, aplic\u00e1ndose las medidas t\u00e9cnicas y organizativas establecidas en nuestra pol\u00edtica interna de seguridad.<\/p>\n\n\n\n<p>La base jur\u00eddica de todos los tratamientos indicados anteriormente es la del consentimiento; guardaremos la informaci\u00f3n necesaria para acreditar que otorgaste los consentimientos correspondientes cuando te diste de alta con nosotros. Podr\u00e1s retirar en cualquier momento el consentimiento en tu perfil o solicitando la baja de tu cuenta.<\/p>\n\n\n\n<p>Te informamos igualmente que te asisten los derechos de acceso, rectificaci\u00f3n, oposici\u00f3n, supresi\u00f3n y limitaci\u00f3n del tratamiento sobre tus datos personales, pudiendo ejercerlos mediante escrito a la direcci\u00f3n del responsable. Tus datos los mantendremos mientras mantengas activo tu perfil; si te das de baja, procederemos a suprimir tu perfil y conservaremos tus datos personales durante un plazo de tiempo de 3 a\u00f1os para poder dar respuesta a las eventuales responsabilidades nacidas del tratamiento de tus datos personales.<\/p>\n\n\n\n<p>Todas las contribuciones (comentarios) que hayas realizado a nuestros sitios web se mantendr\u00e1n pero asociados a un usuario an\u00f3nimo denominado \u201cUsuario desactivado\u201d.<\/p>\n\n\n\n<p>Igualmente te informamos de la posibilidad de presentar una reclamaci\u00f3n ante la Agencia Espa\u00f1ola de Protecci\u00f3n de Datos en el caso de que consideres que el tratamiento de tus datos no est\u00e1 siendo adecuado.<\/p>\n\n\n\n<p>Por otro lado, te informamos que puedes contactar con nuestro Delegado de Protecci\u00f3n de Datos en la direcci\u00f3n de correo electr\u00f3nico: eikasia@eikasia.es<\/p>\n\n\n\n<p>Sus datos han sido obtenidos a trav\u00e9s de alguna de las siguientes v\u00edas:<\/p>\n\n\n\n<p>5 <strong>\u00bfC\u00f3mo hemos obtenido sus datos?<\/strong> <\/p>\n\n\n\n<ul class=\"wp-block-list\">\n<li>Solo se manejan los datos que ha facilitado el propio interesado<\/li>\n<\/ul>\n\n\n\n<p><strong>\u00bfQu\u00e9 categor\u00eda de datos tratamos?<\/strong><\/p>\n\n\n\n<p>Datos identificativos y de contacto (nombre, apellidos, tel\u00e9fono o correo electr\u00f3nico, etc.); datos de informaci\u00f3n comercial; datos econ\u00f3micos, financieros y\/o de condiciones de pago; otro tipo de datos: nombre, apellidos y NIF de representante legal, datos de contacto de personas de la organizaci\u00f3n involucradas o relacionadas con el servicio objeto del contrato\/solicitud.&nbsp;<\/p>\n\n\n\n<p>La estructura de datos que tratamos puede contener datos especialmente protegidos, cuyo tratamiento es necesario para la correcta ejecuci\u00f3n de los productos\/servicios contratados por el interesado, y que ser\u00e1n tratados por la organizaci\u00f3n en calidad de encargado de tratamiento. Por lo general, dichos datos est\u00e1n disociados y\/o anonimizados.<\/p>\n\n\n\n<p><strong>\u00bfC\u00f3mo se guardan sus datos personales de forma segura?<\/strong><\/p>\n\n\n\n<p>Asociaci\u00f3n de Filosof\u00eda Eikas\u00eda toma todas las medidas necesarias para guardar sus datos personales de forma privada y segura. S\u00f3lo personas autorizadas de Asociaci\u00f3n de Filosof\u00eda Eikas\u00eda, as\u00ed como personal autorizado de terceros contratados\/colaboradores para la prestaci\u00f3n de determinados servicios (que tienen la obligaci\u00f3n legal y contractual de guardar toda la informaci\u00f3n de forma segura) tienen acceso a sus datos personales. Se exige a todo el personal de Asociaci\u00f3n de Filosof\u00eda Eikas\u00eda que tiene acceso a sus datos personales que se comprometa a respetar la normativa de protecci\u00f3n de datos, as\u00ed como la Pol\u00edtica de Privacidad y cualesquiera instrucciones, comunicaciones, c\u00f3digos o similares que se elaboren y se proporcionen para su conocimiento, y a todos los terceros que tienen acceso a sus datos personales que firmen los compromisos de confidencialidad\/contratos de encargado del tratamiento pertinentes.&nbsp;<\/p>\n\n\n\n<p><strong>Cambios en Pol\u00edtica de Privacidad<\/strong><\/p>\n\n\n\n<p>Asociaci\u00f3n de Filosof\u00eda Eikas\u00eda se reserva el derecho a efectuar, en cualquier momento, cuantas modificaciones, variaciones, supresiones o cancelaciones en los contenidos y en la forma de presentaci\u00f3n de los mismos que considere oportunas, por cuanto le recomendamos que consulte nuestra pol\u00edtica de privacidad siempre que lo considere pertinente. Si no est\u00e1 de acuerdo con cualquiera de los cambios, puede ejercer sus derechos conforme al procedimiento descrito enviando un correo a&nbsp;<a href=\"mailto:eikasia@eikasia.es\" target=\"_blank\" rel=\"noreferrer noopener\">eikasia@eikasia.es<\/a>.<\/p>\n\n\n\n<p><strong>Confidencialidad e informaci\u00f3n de terceros de los que nos facilite datos de car\u00e1cter personal<\/strong><\/p>\n\n\n\n<p>Con la aceptaci\u00f3n y\/o validaci\u00f3n del proceso que sirve de base para la formalizaci\u00f3n de su relaci\u00f3n con Asociaci\u00f3n de Filosof\u00eda Eikas\u00eda, consiente expresamente el tratamiento de datos conforme a lo establecido en la cl\u00e1usula e informaci\u00f3n adicional sobre protecci\u00f3n de datos, y se compromete a informar y disponer del consentimiento de terceros de los que nos facilite datos personales para dicho tratamiento.&nbsp;<\/p>\n\n\n\n<p>Asimismo, el usuario se compromete a informar en nombre y por cuenta de Asociaci\u00f3n de Filosof\u00eda Eikas\u00eda de forma expresa, precisa e inequ\u00edvoca a los titulares de los datos de quienes ceda informaci\u00f3n a Asociaci\u00f3n de Filosof\u00eda Eikas\u00eda &#8211; dentro del mes siguiente al momento de la comunicaci\u00f3n de los datos a Asociaci\u00f3n de Filosof\u00eda Eikas\u00eda, del tratamiento de datos realizado.<\/p>\n\n\n\n<p><strong>Versi\u00f3n:<\/strong>\u00a02.0<br><strong>Fecha:<\/strong>\u00a009\/04\/2026<\/p>\n\n\n\n<p><\/p>\n","protected":false},"excerpt":{"rendered":"<p>1. \u00c1mbito de Aplicaci\u00f3n La Asociaci\u00f3n de Filosof\u00eda Eikasia, que utiliza la marca Ediciones Eikas\u00eda, se compromete a respetar la privacidad de quienes visitan y utilizan su web, cuya p\u00e1gina principal se encuentra en la direcci\u00f3n www.eikasia.es (el \u201cSitio Web\u201d). La presente Pol\u00edtica de Privacidad tiene como finalidad informar al usuario acerca del tratamiento de [&hellip;]<\/p>\n","protected":false},"author":16,"featured_media":0,"parent":0,"menu_order":0,"comment_status":"closed","ping_status":"closed","template":"","meta":{"footnotes":""},"class_list":["post-1968","page","type-page","status-publish","hentry"],"jetpack_sharing_enabled":true,"_links":{"self":[{"href":"https:\/\/www.eikasia.es\/index.php\/wp-json\/wp\/v2\/pages\/1968","targetHints":{"allow":["GET"]}}],"collection":[{"href":"https:\/\/www.eikasia.es\/index.php\/wp-json\/wp\/v2\/pages"}],"about":[{"href":"https:\/\/www.eikasia.es\/index.php\/wp-json\/wp\/v2\/types\/page"}],"author":[{"embeddable":true,"href":"https:\/\/www.eikasia.es\/index.php\/wp-json\/wp\/v2\/users\/16"}],"replies":[{"embeddable":true,"href":"https:\/\/www.eikasia.es\/index.php\/wp-json\/wp\/v2\/comments?post=1968"}],"version-history":[{"count":50,"href":"https:\/\/www.eikasia.es\/index.php\/wp-json\/wp\/v2\/pages\/1968\/revisions"}],"predecessor-version":[{"id":3863,"href":"https:\/\/www.eikasia.es\/index.php\/wp-json\/wp\/v2\/pages\/1968\/revisions\/3863"}],"wp:attachment":[{"href":"https:\/\/www.eikasia.es\/index.php\/wp-json\/wp\/v2\/media?parent=1968"}],"curies":[{"name":"wp","href":"https:\/\/api.w.org\/{rel}","templated":true}]}}