{"id":1971,"date":"2022-07-07T14:00:02","date_gmt":"2022-07-07T12:00:02","guid":{"rendered":"https:\/\/www.eikasia.es\/?page_id=1971"},"modified":"2026-03-12T20:27:57","modified_gmt":"2026-03-12T19:27:57","slug":"ed_eikasia-quienes-somos","status":"publish","type":"page","link":"https:\/\/www.eikasia.es\/index.php\/ed_eikasia-quienes-somos\/","title":{"rendered":"Qui\u00e9nes somos"},"content":{"rendered":"\n<p>Eikas\u00eda Ediciones es fundada en Oviedo en 1998. A lo largo de nuestra trayectoria hemos pretendido recrear y difundir la importante tradici\u00f3n de filosof\u00eda hecha en Asturias, con vocaci\u00f3n universal. Nuestra misi\u00f3n es realizar y poner al alcance del lector publicaciones de materias varias: filosof\u00eda; historia y did\u00e1ctica de la filosof\u00eda; filolog\u00eda; ciencias sociales, junto con textos sobre cooperaci\u00f3n y desarrollo.<\/p>\n\n\n\n<p>Publicamos las colecciones Contempor\u00e1nea \u2013de ensayo filos\u00f3fico\u2013; Did\u00e1ctica de la Filosof\u00eda; Contextos (historia de la filosof\u00eda y disciplinas afines), y Cooperaci\u00f3n y Desarrollo.<\/p>\n\n\n\n<p>Desde 2005, y en formato electr\u00f3nico, sale a la luz Eikas\u00eda: Revista de Filosof\u00eda  (<a rel=\"noreferrer noopener\" href=\"http:\/\/www.revistadefilosofia.org\" title=\"Eikas\u00eda: Revista de Filosof\u00eda\" target=\"_blank\">www.revistadefilosofia.org<\/a>) que ya ha superado el umbral de los 100 n\u00fameros y aspira a perpetuar su posici\u00f3n como referente de la filosof\u00eda acad\u00e9mica en castellano.<\/p>\n\n\n\n<p>Desde 2026 La Asociaci\u00f3n de Filosof\u00eda Eikasia, se hace cargo tango de la Editorial como de la Revista Eikasia.<\/p>\n","protected":false},"excerpt":{"rendered":"<p>Eikas\u00eda Ediciones es fundada en Oviedo en 1998. A lo largo de nuestra trayectoria hemos pretendido recrear y difundir la importante tradici\u00f3n de filosof\u00eda hecha en Asturias, con vocaci\u00f3n universal. Nuestra misi\u00f3n es realizar y poner al alcance del lector publicaciones de materias varias: filosof\u00eda; historia y did\u00e1ctica de la filosof\u00eda; filolog\u00eda; ciencias sociales, junto [&hellip;]<\/p>\n","protected":false},"author":16,"featured_media":0,"parent":0,"menu_order":0,"comment_status":"closed","ping_status":"closed","template":"template-fullwidth.php","meta":{"footnotes":""},"class_list":["post-1971","page","type-page","status-publish","hentry"],"jetpack_sharing_enabled":true,"_links":{"self":[{"href":"https:\/\/www.eikasia.es\/index.php\/wp-json\/wp\/v2\/pages\/1971","targetHints":{"allow":["GET"]}}],"collection":[{"href":"https:\/\/www.eikasia.es\/index.php\/wp-json\/wp\/v2\/pages"}],"about":[{"href":"https:\/\/www.eikasia.es\/index.php\/wp-json\/wp\/v2\/types\/page"}],"author":[{"embeddable":true,"href":"https:\/\/www.eikasia.es\/index.php\/wp-json\/wp\/v2\/users\/16"}],"replies":[{"embeddable":true,"href":"https:\/\/www.eikasia.es\/index.php\/wp-json\/wp\/v2\/comments?post=1971"}],"version-history":[{"count":8,"href":"https:\/\/www.eikasia.es\/index.php\/wp-json\/wp\/v2\/pages\/1971\/revisions"}],"predecessor-version":[{"id":3789,"href":"https:\/\/www.eikasia.es\/index.php\/wp-json\/wp\/v2\/pages\/1971\/revisions\/3789"}],"wp:attachment":[{"href":"https:\/\/www.eikasia.es\/index.php\/wp-json\/wp\/v2\/media?parent=1971"}],"curies":[{"name":"wp","href":"https:\/\/api.w.org\/{rel}","templated":true}]}}