{"id":3843,"date":"2026-04-09T16:52:43","date_gmt":"2026-04-09T14:52:43","guid":{"rendered":"https:\/\/www.eikasia.es\/?page_id=3843"},"modified":"2026-04-09T17:56:42","modified_gmt":"2026-04-09T15:56:42","slug":"aviso-legal","status":"publish","type":"page","link":"https:\/\/www.eikasia.es\/index.php\/aviso-legal\/","title":{"rendered":"Aviso Legal"},"content":{"rendered":"\n<p><em><strong>En virtud del cumplimiento de la normativa EMVCo, MasterCard, VISA y la Directiva Europea PSDII, durante la operaci\u00f3n de pago electr\u00f3nico comunicar\u00e1 informaci\u00f3n referida a la conexi\u00f3n empleada en la sesi\u00f3n al Banco emisor de la tarjeta para proceder a la validaci\u00f3n de la operaci\u00f3n de pago realizada por el usuario<\/strong><\/em><\/p>\n\n\n\n<p class=\"has-medium-font-size\"><strong>Asociaci\u00f3n de Filosof\u00eda  <\/strong>&#8211; EIKASIA<\/p>\n\n\n\n<p class=\"has-medium-font-size\"><strong>Cif G74463282 <\/strong><\/p>\n\n\n\n<p class=\"has-medium-font-size\"><strong>Rio Nora 3 Bajo 5 <\/strong><\/p>\n\n\n\n<p class=\"has-medium-font-size\"><strong>33010 Oviedo <\/strong><\/p>\n\n\n\n<p class=\"has-medium-font-size\"><strong>eikasia@eikasia.es<\/strong><\/p>\n\n\n\n<p><\/p>\n","protected":false},"excerpt":{"rendered":"<p>En virtud del cumplimiento de la normativa EMVCo, MasterCard, VISA y la Directiva Europea PSDII, durante la operaci\u00f3n de pago electr\u00f3nico comunicar\u00e1 informaci\u00f3n referida a la conexi\u00f3n empleada en la sesi\u00f3n al Banco emisor de la tarjeta para proceder a la validaci\u00f3n de la operaci\u00f3n de pago realizada por el usuario Asociaci\u00f3n de Filosof\u00eda &#8211; [&hellip;]<\/p>\n","protected":false},"author":3,"featured_media":0,"parent":0,"menu_order":0,"comment_status":"closed","ping_status":"closed","template":"","meta":{"footnotes":""},"class_list":["post-3843","page","type-page","status-publish","hentry"],"jetpack_sharing_enabled":true,"_links":{"self":[{"href":"https:\/\/www.eikasia.es\/index.php\/wp-json\/wp\/v2\/pages\/3843","targetHints":{"allow":["GET"]}}],"collection":[{"href":"https:\/\/www.eikasia.es\/index.php\/wp-json\/wp\/v2\/pages"}],"about":[{"href":"https:\/\/www.eikasia.es\/index.php\/wp-json\/wp\/v2\/types\/page"}],"author":[{"embeddable":true,"href":"https:\/\/www.eikasia.es\/index.php\/wp-json\/wp\/v2\/users\/3"}],"replies":[{"embeddable":true,"href":"https:\/\/www.eikasia.es\/index.php\/wp-json\/wp\/v2\/comments?post=3843"}],"version-history":[{"count":4,"href":"https:\/\/www.eikasia.es\/index.php\/wp-json\/wp\/v2\/pages\/3843\/revisions"}],"predecessor-version":[{"id":3849,"href":"https:\/\/www.eikasia.es\/index.php\/wp-json\/wp\/v2\/pages\/3843\/revisions\/3849"}],"wp:attachment":[{"href":"https:\/\/www.eikasia.es\/index.php\/wp-json\/wp\/v2\/media?parent=3843"}],"curies":[{"name":"wp","href":"https:\/\/api.w.org\/{rel}","templated":true}]}}