{"id":1052,"date":"2021-10-18T14:29:21","date_gmt":"2021-10-18T12:29:21","guid":{"rendered":"https:\/\/www.eikasia.es\/?post_type=product&#038;p=1052"},"modified":"2021-10-25T11:43:15","modified_gmt":"2021-10-25T09:43:15","slug":"orden-oculto-ensayo-de-una-epistemologia-fenomenologica","status":"publish","type":"product","link":"https:\/\/www.eikasia.es\/index.php\/producto\/orden-oculto-ensayo-de-una-epistemologia-fenomenologica\/","title":{"rendered":"Orden oculto: ensayo de una epistemolog\u00eda fenomenol\u00f3gica"},"content":{"rendered":"<p>En el contexto del paso del siglo XIX al siglo XX tiene lugar una crisis en las ciencias (especialmente en la f\u00edsica, ciencia fundamental) que arruina la ciencia cl\u00e1sica. Una \u00abcat\u00e1strofe\u00bb que significa la incompatibilidad e inconsistencia de las formas en las que la f\u00edsica se hab\u00eda ido estableciendo y que se adjetiv\u00f3 de <em>ultravioleta.<\/em> El surgimiento de la nueva f\u00edsica (cu\u00e1ntica) arrastra consigo a la epistemolog\u00eda cl\u00e1sica. La nueva revelar\u00e1 la renovada interconexi\u00f3n entre f\u00edsica y filosof\u00eda, adoptando la forma de una epistemolog\u00eda fenomenol\u00f3gica. De la f\u00edsica a la religi\u00f3n, discurriendo por la qu\u00edmica, la biolog\u00eda, la etolog\u00eda o la pol\u00edtica \u2014y con el manejo de una expresi\u00f3n inusualmente transparente\u2014 Ortiz de Urbina da cuenta de esta transformaci\u00f3n y pone a punto su propuesta de una epistemolog\u00eda a la altura de los tiempos.<\/p>\n<p><strong>Ricardo S\u00e1nchez Ortiz de Urbina<\/strong>, doctor en Filosof\u00eda, desempe\u00f1\u00f3 la c\u00e1tedra de Historia de la Filosof\u00eda en la Universidad de Valladolid hasta su jubilaci\u00f3n en el a\u00f1o 2000. Autor de <em>La fenomenolog\u00eda de la verdad en Husserl<\/em> (Pentalfa, 1984) y <em>Estromatolog\u00eda: teor\u00eda de los niveles fenomenol\u00f3gicos<\/em> (Eikas\u00eda\/Brumaria, 2014) entre otros t\u00edtulos, es colaborador de las revistas <em>Eikasia<\/em> y <em>El Basilisco.<\/em><\/p>\n","protected":false},"excerpt":{"rendered":"<p style=\"text-align: center; font-weight: bold;\">\u00cdndice<\/p>\n<p>Pr\u00f3logo. De la \u00abcat\u00e1strofe\u00bb de la epistemolog\u00eda cl\u00e1sica a una posible epistemolog\u00eda fenomenol\u00f3gica<\/p>\n<ol>\n<li>El campo intencional<\/li>\n<li>El campo eid\u00e9tico, el eidos matem\u00e1tico y la identidad eid\u00e9tica<\/li>\n<li>La organizaci\u00f3n inicial de la materia en el nivel originario: la f\u00edsica cu\u00e1ntica<\/li>\n<li>La organizaci\u00f3n de la materia en el nivel intermedio: las ciencias naturales f\u00edsico-qu\u00edmico-biol\u00f3gicas<\/li>\n<li>La organizaci\u00f3n material de los entes animados: las ciencias etol\u00f3gicas<\/li>\n<li>Las ciencias humanas en el campo intencional<\/li>\n<li>El conocimiento art\u00edstico y est\u00e9tico: experiencia art\u00edstica y experiencia est\u00e9tica<\/li>\n<li>El conocimiento religioso frente a la trascendencia absoluta. Mitolog\u00eda versus \u00abmistagog\u00eda\u00bb<\/li>\n<\/ol>\n<p>Ep\u00edlogo. La realidad efectiva de una epistemolog\u00eda fenomenol\u00f3gica<br \/>\nBibliograf\u00eda citada<\/p>\n","protected":false},"featured_media":1067,"template":"","meta":[],"product_brand":[],"product_cat":[17],"product_tag":[],"class_list":{"0":"post-1052","1":"product","2":"type-product","3":"status-publish","4":"has-post-thumbnail","6":"product_cat-filosofia","8":"first","9":"instock","10":"taxable","11":"shipping-taxable","12":"purchasable","13":"product-type-simple"},"jetpack_sharing_enabled":true,"_links":{"self":[{"href":"https:\/\/www.eikasia.es\/index.php\/wp-json\/wp\/v2\/product\/1052","targetHints":{"allow":["GET"]}}],"collection":[{"href":"https:\/\/www.eikasia.es\/index.php\/wp-json\/wp\/v2\/product"}],"about":[{"href":"https:\/\/www.eikasia.es\/index.php\/wp-json\/wp\/v2\/types\/product"}],"wp:featuredmedia":[{"embeddable":true,"href":"https:\/\/www.eikasia.es\/index.php\/wp-json\/wp\/v2\/media\/1067"}],"wp:attachment":[{"href":"https:\/\/www.eikasia.es\/index.php\/wp-json\/wp\/v2\/media?parent=1052"}],"wp:term":[{"taxonomy":"product_brand","embeddable":true,"href":"https:\/\/www.eikasia.es\/index.php\/wp-json\/wp\/v2\/product_brand?post=1052"},{"taxonomy":"product_cat","embeddable":true,"href":"https:\/\/www.eikasia.es\/index.php\/wp-json\/wp\/v2\/product_cat?post=1052"},{"taxonomy":"product_tag","embeddable":true,"href":"https:\/\/www.eikasia.es\/index.php\/wp-json\/wp\/v2\/product_tag?post=1052"}],"curies":[{"name":"wp","href":"https:\/\/api.w.org\/{rel}","templated":true}]}}