{"id":1377,"date":"2022-05-10T10:12:31","date_gmt":"2022-05-10T08:12:31","guid":{"rendered":"https:\/\/www.eikasia.es\/?post_type=product&#038;p=1377"},"modified":"2022-07-23T14:00:41","modified_gmt":"2022-07-23T12:00:41","slug":"nacionalismo-periferico-espana-y-construccion-del-enemigo-el-caso-catalan","status":"publish","type":"product","link":"https:\/\/www.eikasia.es\/index.php\/producto\/nacionalismo-periferico-espana-y-construccion-del-enemigo-el-caso-catalan\/","title":{"rendered":"El nacionalismo perif\u00e9rico en Espa\u00f1a y la construcci\u00f3n del enemigo: El caso catal\u00e1n"},"content":{"rendered":"<p><strong>\u00c1lvarez Canga<\/strong>, doctor en Filosof\u00eda, traductor y especialista en historia militar &ndash;am\u00e9n de autor de esta monograf\u00eda&ndash; defiende que el movimiento nacionalista catal\u00e1n, la idea de naci\u00f3n y la propia identidad catalana no se pueden entender sin la construcci\u00f3n e integraci\u00f3n de una idea de enemigo que ha ido mutando con el tiempo (Castilla, la monarqu\u00eda, Espa\u00f1a). Para fundamentar estas tesis pasar\u00e1 revista a los te\u00f3ricos del movimiento nacionalista catal\u00e1n de los siglos XIX y XX, sus instituciones y sus componentes ideol\u00f3gicos y expondr\u00e1 los resultados de su estudio sobre la prensa catalana desde 2010, a\u00f1o de la sentencia sobre el <i>Estatut<\/i> que se ha esgrimido repetidas veces como la mecha que provoc\u00f3 el estallido de 2017. Seg\u00fan su criterio minuciosamente argumentado, este mecanismo puede rastrearse en otras ideolog\u00edas nacionalistas y debe integrarse en cualquier an\u00e1lisis de las mismas.<\/p>\n<li class=\"num\"><span>1. El otro enemigo<\/span> <span>11<\/span><\/li>\n<li class=\"num\"><span>Los otros<\/span> <span>18<\/span><\/li>\n<ol>\n<li class=\"num\"><span>El enemigo, el otro radicalmente diferente<\/span> <span>23<\/span><\/li>\n<\/ol>\n<li class=\"num\"><span>Resumen: sobre el otro enemigo<\/span> <span>27<\/span><\/li>\n<li class=\"num\"><span>2. La identificaci\u00f3n del enemigo en el nacionalismo<\/span> <span>29<\/span><\/li>\n<li class=\"num\"><span>El enemigo en las teor\u00edas sobre el nacionalismo<\/span> <span>29<\/span><\/li>\n<li class=\"num\"><span>La identificaci\u00f3n del enemigo en el nacionalismo catal\u00e1n<\/span> <span>35<\/span><\/li>\n<ol>\n<li class=\"num\"><span>Patria<\/span> <span>36<\/span><\/li>\n<li class=\"num\"><span>Valent\u00ed Almirall y el <i>Memorial de greuges<\/i><\/span> <span>36<\/span><\/li>\n<li class=\"num\"><span><i>Lo catalanisme<\/i><\/span> <span>38<\/span><\/li>\n<li class=\"num\"><span>Josep Torras i Bages<\/span> <span>41<\/span><\/li>\n<li class=\"num\"><span>Las <i>Bases<\/i> de Manresa<\/span> <span>41<\/span><\/li>\n<li class=\"num\"><span><i>La Renaixensa<\/i><\/span> <span>43<\/span><\/li>\n<li class=\"num\"><span>Enric Prat de la Riba<\/span> <span>45<\/span><\/li>\n<li class=\"num\"><span>Francesc Camb\u00f3 i Batlle<\/span> <span>51<\/span><\/li>\n<li class=\"num\"><span>Francesc Maci\u00e0<\/span> <span>54<\/span><\/li>\n<li class=\"num\"><span>Rossell i Vilar<\/span> <span>55<\/span><\/li>\n<li class=\"num\"><span>Antoni Rovira i Virgili<\/span> <span>56<\/span><\/li>\n<li class=\"num\"><span>Josep Tarradellas<\/span> <span>57<\/span><\/li>\n<li class=\"num\"><span>Jordi Pujol<\/span> <span>58<\/span><\/li>\n<\/ol>\n<li class=\"num\"><span>Conclusiones provisionales<\/span> <span>62<\/span><\/li>\n<li class=\"num\"><span>3. La identificaci\u00f3n del enemigo en el nacionalismo catal\u00e1n actual<\/span> <span>65<\/span><\/li>\n<li class=\"num\"><span>Noticias que identifican a un enemigo<\/span> <span>65<\/span><\/li>\n<ol>\n<li class=\"num\"><span>Encuestas, participaci\u00f3n y tendencias<\/span> <span>66<\/span><\/li>\n<li class=\"num\"><span>La cuesti\u00f3n de los toros<\/span> <span>70<\/span><\/li>\n<li class=\"num\"><span>Eventos e hitos del nacionalismo catal\u00e1n<\/span> <span>72<\/span><\/li>\n<li class=\"num\"><span>Los temas del enemigo<\/span> <span>78<\/span><\/li>\n<\/ol>\n<li class=\"num\"><span>Asamblea Nacional Catalana (ANC)<\/span> <span>97<\/span><\/li>\n<ol>\n<li class=\"num\"><span><i>Declaraci\u00f3 de la Confer\u00e8ncia Nacional per l\u2019Estat Propi<\/i><\/span> <span>99<\/span><\/li>\n<li class=\"num\"><span><i>\u00abReglament de r\u00e8gim intern\u00bb de l\u2019Assemblea Nacional Catalana<\/i><\/span> <span>104<\/span><\/li>\n<li class=\"num\"><span><i>Full de ruta 2016\u20132017<\/i><\/span> <span>105<\/span><\/li>\n<\/ol>\n<li class=\"num\"><span>Converg\u00e8ncia i Uni\u00f3 (CiU)<\/span> <span>107<\/span><\/li>\n<ol>\n<li class=\"num\"><span>Programa electoral CiU 2010<\/span> <span>107<\/span><\/li>\n<li class=\"num\"><span>Programa electoral CiU 2012<\/span> <span>108<\/span><\/li>\n<\/ol>\n<li class=\"num\"><span><i>\u00abCr\u00f2nica d\u2019una ofensiva premeditada\u00bb<\/i><\/span> <span>111<\/span><\/li>\n<li class=\"num\"><span><i>\u00bfQu\u00e9 le pasa a Catalu\u00f1a?<\/i><\/span> <span>112<\/span><\/li>\n<li class=\"num\"><span>Conclusiones<\/span> <span>116<\/span><\/li>\n<li class=\"num\"><span>4. El enemigo en la identidad nacional catalana<\/span> <span>127<\/span><\/li>\n<li class=\"num\"><span>La lengua<\/span> <span>137<\/span><\/li>\n<li class=\"num\"><span>La cultura<\/span> <span>148<\/span><\/li>\n<li class=\"num\"><span>La religi&oacute;n<\/span> <span>155<\/span><\/li>\n<li class=\"num\"><span>Historia, derecho y s\u00edmbolos<\/span> <span>156<\/span><\/li>\n<li class=\"num\"><span>La etnia<\/span> <span>158<\/span><\/li>\n<li class=\"num\"><span>La econom\u00eda<\/span> <span>168<\/span><\/li>\n<li class=\"num\"><span>Conclusiones sobre la identidad catalana<\/span> <span>168<\/span><\/li>\n<li class=\"num\"><span>5. Catalu\u00f1a, una naci\u00f3n<\/span> <span>171<\/span><\/li>\n<li class=\"num\"><span>Definiciones<\/span> <span>171<\/span><\/li>\n<li class=\"num\"><span>Naci\u00f3n catalana<\/span> <span>174<\/span><\/li>\n<ol>\n<li class=\"num\"><span>La historia de Catalu\u00f1a<\/span> <span>181<\/span><\/li>\n<\/ol>\n<li class=\"num\"><span>De nuevo el enemigo<\/span> <span>184<\/span><\/li>\n<li class=\"num\"><span>Conclusiones<\/span> <span>195<\/span><\/li>\n<li class=\"num\"><span>Bibliograf\u00eda<\/span> <span>197<\/span><\/li>\n","protected":false},"excerpt":{"rendered":"<p>\u00c1lvarez Canga, doctor en Filosof\u00eda, traductor y especialista en historia militar &ndash;am\u00e9n de autor de esta monograf\u00eda&ndash; defiende que el movimiento nacionalista catal\u00e1n, la idea de naci\u00f3n y la propia identidad catalana no se pueden entender sin la construcci\u00f3n e integraci\u00f3n de una idea de enemigo que ha ido mutando con el tiempo (Castilla, la [&hellip;]<\/p>\n","protected":false},"featured_media":1379,"template":"","meta":[],"product_brand":[],"product_cat":[17],"product_tag":[],"class_list":{"0":"post-1377","1":"product","2":"type-product","3":"status-publish","4":"has-post-thumbnail","6":"product_cat-filosofia","8":"first","9":"instock","10":"taxable","11":"shipping-taxable","12":"purchasable","13":"product-type-simple"},"jetpack_sharing_enabled":true,"_links":{"self":[{"href":"https:\/\/www.eikasia.es\/index.php\/wp-json\/wp\/v2\/product\/1377","targetHints":{"allow":["GET"]}}],"collection":[{"href":"https:\/\/www.eikasia.es\/index.php\/wp-json\/wp\/v2\/product"}],"about":[{"href":"https:\/\/www.eikasia.es\/index.php\/wp-json\/wp\/v2\/types\/product"}],"wp:featuredmedia":[{"embeddable":true,"href":"https:\/\/www.eikasia.es\/index.php\/wp-json\/wp\/v2\/media\/1379"}],"wp:attachment":[{"href":"https:\/\/www.eikasia.es\/index.php\/wp-json\/wp\/v2\/media?parent=1377"}],"wp:term":[{"taxonomy":"product_brand","embeddable":true,"href":"https:\/\/www.eikasia.es\/index.php\/wp-json\/wp\/v2\/product_brand?post=1377"},{"taxonomy":"product_cat","embeddable":true,"href":"https:\/\/www.eikasia.es\/index.php\/wp-json\/wp\/v2\/product_cat?post=1377"},{"taxonomy":"product_tag","embeddable":true,"href":"https:\/\/www.eikasia.es\/index.php\/wp-json\/wp\/v2\/product_tag?post=1377"}],"curies":[{"name":"wp","href":"https:\/\/api.w.org\/{rel}","templated":true}]}}