{"id":146,"date":"2021-03-03T17:37:13","date_gmt":"2021-03-03T17:37:13","guid":{"rendered":"https:\/\/www.eikasia.es\/?post_type=product&#038;p=146"},"modified":"2021-06-25T19:06:37","modified_gmt":"2021-06-25T17:06:37","slug":"las-mascaras-de-don-juan-un-ensayo","status":"publish","type":"product","link":"https:\/\/www.eikasia.es\/index.php\/producto\/las-mascaras-de-don-juan-un-ensayo\/","title":{"rendered":"Las m\u00e1scaras de Don Juan. Un ensayo sobre el donjuanismo y el amor"},"content":{"rendered":"<p>Ensayo en que se analizan y critican las principales interpretaciones que se han hecho del fen\u00f3meno del donjuanismo y se pone de relieve que Don Juan no es uno sino m\u00faltiples personajes, que el autor examina minuciosamente. Asimismo, se desentra\u00f1an los resortes sobre los que se asienta la seducci\u00f3n y se propone una teor\u00eda del amor.<\/p>\n","protected":false},"excerpt":{"rendered":"<p>Ensayo en que se analizan y critican las principales interpretaciones que se han hecho del fen\u00f3meno del donjuanismo y se pone de relieve que Don Juan no es uno sino m\u00faltiples personajes, que el autor examina minuciosamente. Asimismo, se desentra\u00f1an los resortes sobre los que se asienta la seducci\u00f3n y se propone una teor\u00eda del [&hellip;]<\/p>\n","protected":false},"featured_media":150,"template":"","meta":[],"product_brand":[],"product_cat":[17],"product_tag":[],"class_list":{"0":"post-146","1":"product","2":"type-product","3":"status-publish","4":"has-post-thumbnail","6":"product_cat-filosofia","8":"first","9":"instock","10":"taxable","11":"shipping-taxable","12":"purchasable","13":"product-type-simple"},"jetpack_sharing_enabled":true,"_links":{"self":[{"href":"https:\/\/www.eikasia.es\/index.php\/wp-json\/wp\/v2\/product\/146","targetHints":{"allow":["GET"]}}],"collection":[{"href":"https:\/\/www.eikasia.es\/index.php\/wp-json\/wp\/v2\/product"}],"about":[{"href":"https:\/\/www.eikasia.es\/index.php\/wp-json\/wp\/v2\/types\/product"}],"wp:featuredmedia":[{"embeddable":true,"href":"https:\/\/www.eikasia.es\/index.php\/wp-json\/wp\/v2\/media\/150"}],"wp:attachment":[{"href":"https:\/\/www.eikasia.es\/index.php\/wp-json\/wp\/v2\/media?parent=146"}],"wp:term":[{"taxonomy":"product_brand","embeddable":true,"href":"https:\/\/www.eikasia.es\/index.php\/wp-json\/wp\/v2\/product_brand?post=146"},{"taxonomy":"product_cat","embeddable":true,"href":"https:\/\/www.eikasia.es\/index.php\/wp-json\/wp\/v2\/product_cat?post=146"},{"taxonomy":"product_tag","embeddable":true,"href":"https:\/\/www.eikasia.es\/index.php\/wp-json\/wp\/v2\/product_tag?post=146"}],"curies":[{"name":"wp","href":"https:\/\/api.w.org\/{rel}","templated":true}]}}