{"id":149,"date":"2021-03-04T11:21:08","date_gmt":"2021-03-04T11:21:08","guid":{"rendered":"https:\/\/www.eikasia.es\/?post_type=product&#038;p=149"},"modified":"2021-06-25T11:57:05","modified_gmt":"2021-06-25T09:57:05","slug":"149","status":"publish","type":"product","link":"https:\/\/www.eikasia.es\/index.php\/producto\/149\/","title":{"rendered":"El pensamiento l\u00f3gico desde la perspectiva de las neurociencias cognitivas. Tesis doctoral"},"content":{"rendered":"<p>Rafael Blanco Men\u00e9ndez (Oviedo, 1968) es licenciado en Psicolog\u00eda, neuropsic\u00f3logo y doctor por la Universidad de Oviedo.<\/p>\n<p>Fue miembro fundador y presidente (2005-2008) de la Sociedad Asturiana de Neuropsicolog\u00eda y Neurolog\u00eda de la Conducta, y ha ejercido la neuropsicolog\u00eda en el Hospital Universitario Central de Asturias (HUCA), as\u00ed como en diversos despachos privados entre 1994 y 2009.<\/p>\n<p>Realiz\u00f3 una estancia de formaci\u00f3n de posgrado con el profesor Enrique Vera de la Puente (neur\u00f3logo conductual) en el mencionado hospital hasta el a\u00f1o 2002, y recibi\u00f3 formaci\u00f3n en psicopatolog\u00eda y psiquiatr\u00eda fenomenol\u00f3gica con el Dr. Pedro Gonz\u00e1lez-Quir\u00f3s Corujo en Oviedo, durante las d\u00e9cadas de 1990 y 2000.<\/p>\n<p>Autor de diversas investigaciones cl\u00ednico-experimentales en el campo de la neuropsicolog\u00eda y de las neurociencias cognitivas, realizadas con el equipo integrante de la Unidad de Neuropsicolog\u00eda y Neurolog\u00eda de la Conducta del HUCA, imparti\u00f3 formaci\u00f3n en estas materias en diversos organismos de Asturias vinculados con la salud mental, la neuropsicolog\u00eda y la educaci\u00f3n.<\/p>\n","protected":false},"excerpt":{"rendered":"<p>Rafael Blanco Men\u00e9ndez (Oviedo, 1968) es licenciado en Psicolog\u00eda, neuropsic\u00f3logo y doctor por la Universidad de Oviedo. Fue miembro fundador y presidente (2005-2008) de la Sociedad Asturiana de Neuropsicolog\u00eda y Neurolog\u00eda de la Conducta, y ha ejercido la neuropsicolog\u00eda en el Hospital Universitario Central de Asturias (HUCA), as\u00ed como en diversos despachos privados entre 1994 [&hellip;]<\/p>\n","protected":false},"featured_media":404,"template":"","meta":[],"product_brand":[],"product_cat":[19],"product_tag":[38,39],"class_list":{"0":"post-149","1":"product","2":"type-product","3":"status-publish","4":"has-post-thumbnail","6":"product_cat-logica","7":"product_tag-neurologia","8":"product_tag-psicologia","10":"first","11":"instock","12":"taxable","13":"shipping-taxable","14":"purchasable","15":"product-type-simple"},"jetpack_sharing_enabled":true,"_links":{"self":[{"href":"https:\/\/www.eikasia.es\/index.php\/wp-json\/wp\/v2\/product\/149","targetHints":{"allow":["GET"]}}],"collection":[{"href":"https:\/\/www.eikasia.es\/index.php\/wp-json\/wp\/v2\/product"}],"about":[{"href":"https:\/\/www.eikasia.es\/index.php\/wp-json\/wp\/v2\/types\/product"}],"wp:featuredmedia":[{"embeddable":true,"href":"https:\/\/www.eikasia.es\/index.php\/wp-json\/wp\/v2\/media\/404"}],"wp:attachment":[{"href":"https:\/\/www.eikasia.es\/index.php\/wp-json\/wp\/v2\/media?parent=149"}],"wp:term":[{"taxonomy":"product_brand","embeddable":true,"href":"https:\/\/www.eikasia.es\/index.php\/wp-json\/wp\/v2\/product_brand?post=149"},{"taxonomy":"product_cat","embeddable":true,"href":"https:\/\/www.eikasia.es\/index.php\/wp-json\/wp\/v2\/product_cat?post=149"},{"taxonomy":"product_tag","embeddable":true,"href":"https:\/\/www.eikasia.es\/index.php\/wp-json\/wp\/v2\/product_tag?post=149"}],"curies":[{"name":"wp","href":"https:\/\/api.w.org\/{rel}","templated":true}]}}