{"id":16,"date":"2020-09-17T10:13:45","date_gmt":"2020-09-17T10:13:45","guid":{"rendered":"https:\/\/www.eikasia.es\/?post_type=product&#038;p=16"},"modified":"2021-06-25T20:17:07","modified_gmt":"2021-06-25T18:17:07","slug":"andres-lopez-de-medrano-imagen-tiempo-y-realidad","status":"publish","type":"product","link":"https:\/\/www.eikasia.es\/index.php\/producto\/andres-lopez-de-medrano-imagen-tiempo-y-realidad\/","title":{"rendered":"Andr\u00e9s L\u00f3pez de Medrano. Imagen, tiempo y realidad"},"content":{"rendered":"<p>Con motivo del 200 aniversario la publicaci\u00f3n en Santo Domingo del tratado de l\u00f3gica y filosof\u00eda, escrito por el fil\u00f3sofo y escritor espa\u00f1ol y dominicano Andr\u00e9s L\u00f3pez de Medrano, nacido en Santiago de los Caballeros, hoy Rep\u00fablica Dominicana, hacia 1780, y fallecido en Ponce, Puerto Rico en 1856. Esta obra es, al decir de Pedro Henr\u00edquez Ure\u00f1a, es el primer libro impreso en la capital dominicana, pues la imprenta llega a fines del siglo XVIII y se hab\u00eda limitado a imprimir hojas de peri\u00f3dicos, boletines oficiales y folletos religiosos. Es tambi\u00e9n un libro dedicado a la ense\u00f1anza, pues es un manual dirigido a los estudiantes universitarios. Se trata tambi\u00e9n de un libro de filosof\u00eda, no siendo simplemente un mero un tratado de filosof\u00eda, sino que supone uno de los exponentes m\u00e1s importantes de las ideas ilustradas, dado que introduce un nuevo modelo de ense\u00f1anza de la filosof\u00eda y de la metodolog\u00eda cient\u00edfica, rompiendo con el viejo clich\u00e9 escol\u00e1stico. Andr\u00e9s L\u00f3pez de Medrano, tambi\u00e9n m\u00e9dico y pol\u00edtico, reintrodujo los estudios filos\u00f3ficos en su tierra nativa, gracias al mecenazgo dispensado por el Arzobispo Dr. Pedro Valera Jim\u00e9nez, quien hacia 1813 pone a disposici\u00f3n su residencia del Palacio Arzobispal para impartir la c\u00e1tedra de filosof\u00eda, hasta la reapertura de la Universidad en 1815, de la que ser\u00e1 rector en 1821.<\/p>\n<p>Andr\u00e9s L\u00f3pez de Medrano, tambi\u00e9n fue S\u00edndico de Santo Domingo, y parece que fue el primero en crear un partido pol\u00edtico inspirado en los ideales ilustrados de \u201cun hombre, un voto\u201d, cuestionando las viejas ideas aristocr\u00e1ticas discriminatorias que apartaban a los negros y los pobres de la participaci\u00f3n ciudadana.<\/p>\n<p>En julio del a\u00f1o 2013, en virtud de las consideraciones expuestas anteriormente y la importancia del acontecimiento, la Asociaci\u00f3n Dominicana de Filosof\u00eda (ADOFIL), la Biblioteca Antillense Salesiana (BAS) y el Instituto de Estudios para la Paz y la Cooperaci\u00f3n (IEPC), promovieron un comit\u00e9 con el prop\u00f3sito de celebrar en Santo Domingo el II Bicentenario del Tratado de L\u00f3gica de Andr\u00e9s L\u00f3pez de Medrano, dada la alta significaci\u00f3n que para la filosof\u00eda y la cultura dominicana y espa\u00f1ola revisti\u00f3 tan singular acontecimiento. Dicha comisi\u00f3n promovi\u00f3 entre las distintas instituciones del Estado Dominicano, instituciones cient\u00edficas, acad\u00e9micas, culturales, estatales y del mundo empresarial, as\u00ed como entre personalidades del \u00e1mbito filos\u00f3fico, hist\u00f3rico, pol\u00edtico, literario y m\u00e9dico, que han investigado cualesquiera de los aspectos de la obra legada por Andr\u00e9s L\u00f3pez de Medrano y que llev\u00f3 a la constituci\u00f3n de una plataforma para dicha celebraci\u00f3n, con el apoyo presidencial.<\/p>\n<p>El Sr. Presidente de la Rep\u00fablica Dominicana, encomend\u00f3 al Ministerio de Cultura, la tarea de apoyar y liderar esta celebraci\u00f3n tan destacada para la Naci\u00f3n. En dicha comisi\u00f3n, en la que el Ministerio estuvo representado por Dr. Luis O. Brea Franco, Asesor General de Cultura del Ministro de Cultura y en que aparte de las instituciones promotoras, participaron la UASD, la Biblioteca Nacional, el Archivo de la Naci\u00f3n, y otras entidades relevantes, as\u00ed como un n\u00famero de intelectuales que se han ido uniendo al proyecto.<\/p>\n<p>Los actos conmemorativos en la Rep\u00fablica Dominicana se centraron en un pabell\u00f3n, la edici\u00f3n de la L\u00f3gica de Medrano, una serie de conferencias en le marco de la Feria del Libro y un congreso sobre los distintos aspectos del autor, en noviembre, coincidiendo con el d\u00eda de la Filosof\u00eda de 2014.<\/p>\n<p>En Espa\u00f1a, el Instituto de Estudios para la Paz y la Cooperaci\u00f3n y la Sociedad Asturiana de Filosof\u00eda, realizo una exposici\u00f3n y una serie de conferencias, que acompa\u00f1aron dicha celebraci\u00f3n. La exposici\u00f3n estuvo a cargo de la licenciada Ada P\u00e9rez Garc\u00eda, quien se inspir\u00f3 en la obra de Andr\u00e9s L\u00f3pez de Medrano, para recrear al \u201chombre y la \u00e9poca\u201d. As\u00ed mismo, tambi\u00e9n se realizo un ciclo de conferencias relacionadas con el autor y la \u00e9poca. La primera, a cargo del Dr. Rom\u00e1n Garc\u00eda Fern\u00e1ndez, Director internacional del IEPC y Presidente de la Sociedad Asturiana de Filosof\u00eda. Andr\u00e9s L\u00f3pez de Medrano y la filosof\u00eda. La segunda, sobre: Luis Fe\u00e1s Costilla, cr\u00edtico de arte y coordinador del SEYS-C\u00edrculo Hermen\u00e9utico de la Universidad de Oviedo, y la tercera a cargo de la Dra. Carmen Adams Fern\u00e1ndez, profesora del Departamento de Arte de la Universidad de Oviedo, sobre: La imagen ilustrada en Am\u00e9rica.<\/p>\n<p>La inauguraci\u00f3n de la exposici\u00f3n se realiz\u00f3 el viernes 9 de mayo, a las 18 horas, en la sala de exposiciones de Correos de Oviedo y las conferencias se realizaron los jueves 15, 22 y 29 de mayo, en la misma sala de exposiciones.<\/p>\n","protected":false},"excerpt":{"rendered":"<p>\u00cdndice<\/p>\n<p>Pr\u00f3logo<\/p>\n<p>La imagen de la Ilustraci\u00f3n en Am\u00e9rica, por Carmen Adams Fern\u00e1ndez.<\/p>\n<p>Cat\u00e1logo de la Exposici\u00f3n de Ada P\u00e9rez.<\/p>\n<p>L\u00f3gica de la sensibilidad, por Luis Fe\u00e1s Costilla.<\/p>\n<p>Andr\u00e9s L\u00f3pez de Medrano, ilustraci\u00f3n y hermen\u00e9utica, por Rom\u00e1n Garc\u00eda Fern\u00e1ndez.<\/p>\n<p>Bibliograf\u00eda sobre L\u00f3pez de Medrano por Jes\u00fas Hern\u00e1ndez y Rom\u00e1n Garc\u00eda Fern\u00e1ndez.<\/p>\n<p>Acontecimientos pol\u00edticos sociales relacionados con Andr\u00e9s L\u00f3pez de Medrano 1780-1856.<\/p>\n","protected":false},"featured_media":17,"template":"","meta":[],"product_brand":[],"product_cat":[17,20],"product_tag":[],"class_list":{"0":"post-16","1":"product","2":"type-product","3":"status-publish","4":"has-post-thumbnail","6":"product_cat-filosofia","7":"product_cat-historia-de-la-filosofia","9":"first","10":"instock","11":"taxable","12":"shipping-taxable","13":"purchasable","14":"product-type-simple"},"jetpack_sharing_enabled":true,"_links":{"self":[{"href":"https:\/\/www.eikasia.es\/index.php\/wp-json\/wp\/v2\/product\/16","targetHints":{"allow":["GET"]}}],"collection":[{"href":"https:\/\/www.eikasia.es\/index.php\/wp-json\/wp\/v2\/product"}],"about":[{"href":"https:\/\/www.eikasia.es\/index.php\/wp-json\/wp\/v2\/types\/product"}],"wp:featuredmedia":[{"embeddable":true,"href":"https:\/\/www.eikasia.es\/index.php\/wp-json\/wp\/v2\/media\/17"}],"wp:attachment":[{"href":"https:\/\/www.eikasia.es\/index.php\/wp-json\/wp\/v2\/media?parent=16"}],"wp:term":[{"taxonomy":"product_brand","embeddable":true,"href":"https:\/\/www.eikasia.es\/index.php\/wp-json\/wp\/v2\/product_brand?post=16"},{"taxonomy":"product_cat","embeddable":true,"href":"https:\/\/www.eikasia.es\/index.php\/wp-json\/wp\/v2\/product_cat?post=16"},{"taxonomy":"product_tag","embeddable":true,"href":"https:\/\/www.eikasia.es\/index.php\/wp-json\/wp\/v2\/product_tag?post=16"}],"curies":[{"name":"wp","href":"https:\/\/api.w.org\/{rel}","templated":true}]}}