{"id":18,"date":"2020-09-17T10:16:24","date_gmt":"2020-09-17T10:16:24","guid":{"rendered":"https:\/\/www.eikasia.es\/?post_type=product&#038;p=18"},"modified":"2021-06-25T20:14:38","modified_gmt":"2021-06-25T18:14:38","slug":"el-escriba-sagrado","status":"publish","type":"product","link":"https:\/\/www.eikasia.es\/index.php\/producto\/el-escriba-sagrado\/","title":{"rendered":"El Escriba Sagrado"},"content":{"rendered":"<p>Hay dos formas humanas de enfrentar el conocimiento: la Naturaleza y el Libro. El Escriba Sagrado pregunta por los or\u00edgenes de la escritura, del Libro, desde su Idea filos\u00f3fica, atendiendo a los primeros indicios de su implantaci\u00f3n institucional.<\/p>\n<p>Se indaga sobre las condiciones materiales que permitieron instaurarla como sistema estructural, funcional y dominante en las sociedades del Oriente Medio, fundamentalmente en la cuenca de los r\u00edos Tigris y \u00c9ufrates, hasta la implantaci\u00f3n del alfabeto griego y los modernos sistemas escriturales.<\/p>\n","protected":false},"excerpt":{"rendered":"<p>Hay dos formas humanas de enfrentar el conocimiento: la Naturaleza y el Libro. El Escriba Sagrado pregunta por los or\u00edgenes de la escritura, del Libro, desde su Idea filos\u00f3fica, atendiendo a los primeros indicios de su implantaci\u00f3n institucional. Se indaga sobre las condiciones materiales que permitieron instaurarla como sistema estructural, funcional y dominante en las [&hellip;]<\/p>\n","protected":false},"featured_media":19,"template":"","meta":[],"product_brand":[],"product_cat":[17],"product_tag":[],"class_list":{"0":"post-18","1":"product","2":"type-product","3":"status-publish","4":"has-post-thumbnail","6":"product_cat-filosofia","8":"first","9":"instock","10":"taxable","11":"shipping-taxable","12":"purchasable","13":"product-type-simple"},"jetpack_sharing_enabled":true,"_links":{"self":[{"href":"https:\/\/www.eikasia.es\/index.php\/wp-json\/wp\/v2\/product\/18","targetHints":{"allow":["GET"]}}],"collection":[{"href":"https:\/\/www.eikasia.es\/index.php\/wp-json\/wp\/v2\/product"}],"about":[{"href":"https:\/\/www.eikasia.es\/index.php\/wp-json\/wp\/v2\/types\/product"}],"wp:featuredmedia":[{"embeddable":true,"href":"https:\/\/www.eikasia.es\/index.php\/wp-json\/wp\/v2\/media\/19"}],"wp:attachment":[{"href":"https:\/\/www.eikasia.es\/index.php\/wp-json\/wp\/v2\/media?parent=18"}],"wp:term":[{"taxonomy":"product_brand","embeddable":true,"href":"https:\/\/www.eikasia.es\/index.php\/wp-json\/wp\/v2\/product_brand?post=18"},{"taxonomy":"product_cat","embeddable":true,"href":"https:\/\/www.eikasia.es\/index.php\/wp-json\/wp\/v2\/product_cat?post=18"},{"taxonomy":"product_tag","embeddable":true,"href":"https:\/\/www.eikasia.es\/index.php\/wp-json\/wp\/v2\/product_tag?post=18"}],"curies":[{"name":"wp","href":"https:\/\/api.w.org\/{rel}","templated":true}]}}