{"id":22,"date":"2020-09-17T10:24:56","date_gmt":"2020-09-17T10:24:56","guid":{"rendered":"https:\/\/www.eikasia.es\/?post_type=product&#038;p=22"},"modified":"2021-06-25T20:10:29","modified_gmt":"2021-06-25T18:10:29","slug":"pollan-sadaba-perpendiculares-y-paralelos","status":"publish","type":"product","link":"https:\/\/www.eikasia.es\/index.php\/producto\/pollan-sadaba-perpendiculares-y-paralelos\/","title":{"rendered":"Tom\u00e1s Poll\u00e1n y Javier S\u00e1daba: perpendiculares y paralelos"},"content":{"rendered":"<p>Supone un gran reto para m\u00ed tratar de reunir en este ensayo a dos pensamientos tan poderosos como los de Tom\u00e1s Poll\u00e1n y Javier S\u00e1daba, y al mismo tiempo reconozco que tiene algo de atrevimiento por mi parte. Aun as\u00ed, me he decidido a afrontar el desaf\u00edo y quiero comenzar manifestando que el objetivo principal de este estudio es el intento de aproximaci\u00f3n a dos personalidades cuyas vidas y reflexiones han discurrido entrelazadas en perpendicular y en paralelo.<br \/>\nA Tom\u00e1s Poll\u00e1n y a Javier S\u00e1daba los vimos juntos gracias al programa de La 2 en TVE <em>Pienso, luego existo<\/em> que consigui\u00f3 reunirlos en 2011. Tom\u00e1s Poll\u00e1n intervino en el cap\u00edtulo dedicado monogr\u00e1ficamente a Javier S\u00e1daba y en \u00e9l nos defini\u00f3 a su amigo as\u00ed: Javier, a diferencia de los mayores fil\u00f3sofos acad\u00e9micos, es un fil\u00f3sofo que se compromete con una opini\u00f3n, tiene opini\u00f3n. Uno de los grandes problemas que tiene la filosof\u00eda es que, en gran parte, se ha convertido en un cotilleo filos\u00f3fico: uno dice lo que dice uno, lo que dice otro, lo que el otro le dice al primero, etc\u00e9tera, etc\u00e9tera, es lo que se llama doxograf\u00eda, registro de opiniones, pero cada vez cuesta m\u00e1s comprometerse con una opini\u00f3n. En cambio, Javier S\u00e1daba siempre se ha comprometido con una opini\u00f3n, que se puede compartir o no\u2026<\/p>\n","protected":false},"excerpt":{"rendered":"<p>\u00cdndice<\/p>\n<ul>\n<li class=\"no-topo\">Introducci\u00f3n<\/li>\n<li class=\"num\">La religi\u00f3n<\/li>\n<li class=\"num\">De mitos y monstruos<\/li>\n<li class=\"num\">El l\u00edmite y el misterio<\/li>\n<li class=\"num\">El lenguaje<\/li>\n<li class=\"num\">Historia y nacionalismo<\/li>\n<li class=\"num\">Una est\u00e9tica \u00e9tica<\/li>\n<li class=\"num\">Una forma de estar en el mundo<\/li>\n<\/ul>\n<p><a target=\"_blank\" title=\"Versi\u00f3n PDF gratis - Academia.edu (n. ventana)\" href=\"https:\/\/www.academia.edu\/30607138\/Tomas_Poll%C3%A1n_y_Javier_Sadaba_Perpendiculares_y_paralelos\" rel=\"noopener\">Enlace a descarga gratuita (.pdf)<\/a>, ofrecido por la autora.<\/p>\n","protected":false},"featured_media":23,"template":"","meta":[],"product_brand":[],"product_cat":[17],"product_tag":[],"class_list":{"0":"post-22","1":"product","2":"type-product","3":"status-publish","4":"has-post-thumbnail","6":"product_cat-filosofia","8":"first","9":"instock","10":"taxable","11":"shipping-taxable","12":"purchasable","13":"product-type-simple"},"jetpack_sharing_enabled":true,"_links":{"self":[{"href":"https:\/\/www.eikasia.es\/index.php\/wp-json\/wp\/v2\/product\/22","targetHints":{"allow":["GET"]}}],"collection":[{"href":"https:\/\/www.eikasia.es\/index.php\/wp-json\/wp\/v2\/product"}],"about":[{"href":"https:\/\/www.eikasia.es\/index.php\/wp-json\/wp\/v2\/types\/product"}],"wp:featuredmedia":[{"embeddable":true,"href":"https:\/\/www.eikasia.es\/index.php\/wp-json\/wp\/v2\/media\/23"}],"wp:attachment":[{"href":"https:\/\/www.eikasia.es\/index.php\/wp-json\/wp\/v2\/media?parent=22"}],"wp:term":[{"taxonomy":"product_brand","embeddable":true,"href":"https:\/\/www.eikasia.es\/index.php\/wp-json\/wp\/v2\/product_brand?post=22"},{"taxonomy":"product_cat","embeddable":true,"href":"https:\/\/www.eikasia.es\/index.php\/wp-json\/wp\/v2\/product_cat?post=22"},{"taxonomy":"product_tag","embeddable":true,"href":"https:\/\/www.eikasia.es\/index.php\/wp-json\/wp\/v2\/product_tag?post=22"}],"curies":[{"name":"wp","href":"https:\/\/api.w.org\/{rel}","templated":true}]}}