{"id":2316,"date":"2023-01-07T01:22:55","date_gmt":"2023-01-07T00:22:55","guid":{"rendered":"https:\/\/www.eikasia.es\/?post_type=product&#038;p=2316"},"modified":"2026-02-26T12:29:23","modified_gmt":"2026-02-26T11:29:23","slug":"imaginacion-y-felicidad-en-kant","status":"publish","type":"product","link":"https:\/\/www.eikasia.es\/index.php\/producto\/imaginacion-y-felicidad-en-kant\/","title":{"rendered":"Imaginaci\u00f3n y Felicidad en Kant"},"content":{"rendered":"<p>M\u00e1s all\u00e1 del rigorismo kantiano, del imperativo y del deber, hay ciertos temas que siempre quedaron por pensar en la filosof\u00eda de Kant, tal vez porque nunca nos atrevimos a hacerlo. Este libro pre-tende presentarlos en su car\u00e1cter problem\u00e1tico y abrirlos a la discusi\u00f3n. En ning\u00fan caso solucionarlos.<\/p>\n<p>Soledad Garc\u00eda Ferrer, es germanista y doctora en Filosof\u00eda por la Universidad Complutense de Madrid. Su investigaci\u00f3n est\u00e1 centrada en la metaf\u00edsica, la filosof\u00eda moderna alemana y la filosof\u00eda pol\u00edtica, muy especialmente en la obra de Kant, no s\u00f3lo en s\u00ed misma sino en relaci\u00f3n con el pensamiento de autores como Nietzsche, Fichte, Deleuze y Heidegger. Entre otras publicaciones ha colaborado en el volumen colectivo <i>\u00bfC\u00f3mo se hace una disertaci\u00f3n filos\u00f3fica? <\/i>(Guillermo Escolar, 2021) y la edici\u00f3n y traducci\u00f3n de textos de Fichte y Schleiermacher recogidos en el libro <i>En torno a la fundaci\u00f3n de la Universidad de Berl\u00edn. Una controversia filos\u00f3fica <\/i>(Guillermo Escolar, 2022). Actualmente es presidenta de la Sociedad Asturiana de Filosof\u00eda.<span class=\"Apple-converted-space\">\u00a0<\/span><\/p>\n<p>Al solicitar este ejemplar, recibir\u00e1 sin coste alguno el libro \u00bfC\u00f3mo es posible la felicidad a priori? de la misma autora.<\/p>\n<p>Tambi\u00e9n puede adquirir la obra completa en pdf en su segunda edici\u00f3n <a href=\"https:\/\/www.eikasia.es\/internacional\/producto\/imaginacion-y-felicidad-en-kant\/ \u200e\">pinchando aqu\u00ed.<\/a><\/p>\n","protected":false},"excerpt":{"rendered":"<p>M\u00e1s all\u00e1 del rigorismo kantiano, del imperativo y del deber, hay ciertos temas que siempre quedaron por pensar en la filosof\u00eda de Kant, tal vez porque nunca nos atrevimos a hacerlo. Este libro pre-tende presentarlos en su car\u00e1cter problem\u00e1tico y abrirlos a la discusi\u00f3n. En ning\u00fan caso solucionarlos. Soledad Garc\u00eda Ferrer, es germanista y doctora [&hellip;]<\/p>\n","protected":false},"featured_media":2317,"template":"","meta":[],"product_brand":[],"product_cat":[17,20,21],"product_tag":[],"class_list":{"0":"post-2316","1":"product","2":"type-product","3":"status-publish","4":"has-post-thumbnail","6":"product_cat-filosofia","7":"product_cat-historia-de-la-filosofia","8":"product_cat-libros","10":"first","11":"instock","12":"taxable","13":"shipping-taxable","14":"purchasable","15":"product-type-simple"},"jetpack_sharing_enabled":true,"_links":{"self":[{"href":"https:\/\/www.eikasia.es\/index.php\/wp-json\/wp\/v2\/product\/2316","targetHints":{"allow":["GET"]}}],"collection":[{"href":"https:\/\/www.eikasia.es\/index.php\/wp-json\/wp\/v2\/product"}],"about":[{"href":"https:\/\/www.eikasia.es\/index.php\/wp-json\/wp\/v2\/types\/product"}],"wp:featuredmedia":[{"embeddable":true,"href":"https:\/\/www.eikasia.es\/index.php\/wp-json\/wp\/v2\/media\/2317"}],"wp:attachment":[{"href":"https:\/\/www.eikasia.es\/index.php\/wp-json\/wp\/v2\/media?parent=2316"}],"wp:term":[{"taxonomy":"product_brand","embeddable":true,"href":"https:\/\/www.eikasia.es\/index.php\/wp-json\/wp\/v2\/product_brand?post=2316"},{"taxonomy":"product_cat","embeddable":true,"href":"https:\/\/www.eikasia.es\/index.php\/wp-json\/wp\/v2\/product_cat?post=2316"},{"taxonomy":"product_tag","embeddable":true,"href":"https:\/\/www.eikasia.es\/index.php\/wp-json\/wp\/v2\/product_tag?post=2316"}],"curies":[{"name":"wp","href":"https:\/\/api.w.org\/{rel}","templated":true}]}}