{"id":2346,"date":"2023-04-12T12:36:01","date_gmt":"2023-04-12T10:36:01","guid":{"rendered":"https:\/\/www.eikasia.es\/?post_type=product&#038;p=2346"},"modified":"2023-04-12T13:18:23","modified_gmt":"2023-04-12T11:18:23","slug":"2346","status":"publish","type":"product","link":"https:\/\/www.eikasia.es\/index.php\/producto\/2346\/","title":{"rendered":""},"content":{"rendered":"<p style=\"font-weight: 400;\"><strong><img loading=\"lazy\" decoding=\"async\" class=\"alignnone size-thumbnail wp-image-2348\" src=\"https:\/\/www.eikasia.es\/wp-content\/uploads\/2023\/04\/portada-apostillas-simple2-150x150.jpg\" alt=\"\" width=\"150\" height=\"150\" \/>Apostillas a Orden Oculto<\/strong><\/p>\n<p style=\"font-weight: 400;\">Ricardo S\u00e1nchez Ortiz de Urbina<\/p>\n<p style=\"font-weight: 400;\">Editorial Eikasia 2023, Oviedo<\/p>\n<p style=\"font-weight: 400;\">ISBN: 978-84-15203-69-8<\/p>\n<p style=\"font-weight: 400;\">\u00a0AS 00653-2023<\/p>\n<p style=\"font-weight: 400;\">\u00a0\u00a0\u00a0\u00a0\u00a0\u00a0\u00a0\u00a0 <em>Orden oculto<\/em> pretend\u00eda llevar a buen t\u00e9rmino la posibilidad de articular una epistemolog\u00eda fenomenol\u00f3gica; cosa que hab\u00eda sido puesta en cuesti\u00f3n desde relevantes posiciones de algunos fenomen\u00f3logos. Eso trajo como consecuencia, por ejemplo, invertir la relaci\u00f3n entre las ciencias humanas y las ciencias naturales.<\/p>\n<p style=\"font-weight: 400;\">\u00a0\u00a0\u00a0\u00a0\u00a0\u00a0\u00a0\u00a0 En segundo lugar, <em>Orden oculto<\/em> quiso traer, al estricto campo intencional, lo que Einstein, Hilbert y Noether hab\u00edan descubierto con ocasi\u00f3n de la relatividad general: la existencia de conocimientos impropios. Y esto es lo que explicitan los art\u00edculos que aqu\u00ed se presentan.<\/p>\n<p style=\"font-weight: 400;\">\u00a0\u00a0\u00a0\u00a0\u00a0\u00a0\u00a0\u00a0 Lo que significa que el campo intencional circula entre el lenguaje propio y el arte impropio, con los consiguientes nexos en las zonas superior e inferior, entre est\u00e9tica y sentido, y entre el objeto y el objeto dise\u00f1ado; y con la instituci\u00f3n de fantas\u00edas perceptivas descendentes y fantas\u00edas perceptivas ascendentes.<\/p>\n<p style=\"font-weight: 400;\">\u00a0\u00a0\u00a0\u00a0\u00a0\u00a0\u00a0\u00a0 En consecuencia, quedan comprometidos dos nuevos libros. Uno sobre <em>Arte y Est\u00e9tica<\/em>, y otro, m\u00e1s pol\u00e9mico, sobre la posibilidad de una <em>Religi\u00f3n meramente intencional<\/em>, diferente de la religi\u00f3n dentro de los l\u00edmites de la raz\u00f3n, de Kant.<\/p>\n<p style=\"font-weight: 400;\">Indice<\/p>\n<p style=\"font-weight: 400;\">Continuaci\u00f3n de Orden oculto \/ 7 \/<\/p>\n<p style=\"font-weight: 400;\">La identidad del arte \/ 9 \/<\/p>\n<p style=\"font-weight: 400;\">Orden oculto (presentaci\u00f3n) \/ 25 \/<\/p>\n<p style=\"font-weight: 400;\">Einstein y el dios Jano \/ 35 \/<\/p>\n<p style=\"font-weight: 400;\">De como los conocimientos impropios incluyen los propios \/ 49\/<\/p>\n<p style=\"font-weight: 400;\">La constitucion del campo intencional \/ 63 \/<\/p>\n<p style=\"font-weight: 400;\">Experiencia real art\u00edstica y experiencia real est\u00e9tica \/ 75 \/<\/p>\n","protected":false},"excerpt":{"rendered":"<p style=\"font-weight: 400;\">Apostillas a Orden Oculto<\/p>\n<p><span style=\"font-weight: 400;\">Ricardo S\u00e1nchez Ortiz de Urbina<\/span><\/p>\n","protected":false},"featured_media":2348,"template":"","meta":[],"product_brand":[],"product_cat":[59,21],"product_tag":[],"class_list":{"0":"post-2346","1":"product","2":"type-product","3":"status-publish","4":"has-post-thumbnail","6":"product_cat-contemporanea","7":"product_cat-libros","9":"first","10":"instock","11":"taxable","12":"shipping-taxable","13":"purchasable","14":"product-type-simple"},"jetpack_sharing_enabled":true,"_links":{"self":[{"href":"https:\/\/www.eikasia.es\/index.php\/wp-json\/wp\/v2\/product\/2346","targetHints":{"allow":["GET"]}}],"collection":[{"href":"https:\/\/www.eikasia.es\/index.php\/wp-json\/wp\/v2\/product"}],"about":[{"href":"https:\/\/www.eikasia.es\/index.php\/wp-json\/wp\/v2\/types\/product"}],"wp:featuredmedia":[{"embeddable":true,"href":"https:\/\/www.eikasia.es\/index.php\/wp-json\/wp\/v2\/media\/2348"}],"wp:attachment":[{"href":"https:\/\/www.eikasia.es\/index.php\/wp-json\/wp\/v2\/media?parent=2346"}],"wp:term":[{"taxonomy":"product_brand","embeddable":true,"href":"https:\/\/www.eikasia.es\/index.php\/wp-json\/wp\/v2\/product_brand?post=2346"},{"taxonomy":"product_cat","embeddable":true,"href":"https:\/\/www.eikasia.es\/index.php\/wp-json\/wp\/v2\/product_cat?post=2346"},{"taxonomy":"product_tag","embeddable":true,"href":"https:\/\/www.eikasia.es\/index.php\/wp-json\/wp\/v2\/product_tag?post=2346"}],"curies":[{"name":"wp","href":"https:\/\/api.w.org\/{rel}","templated":true}]}}