{"id":2411,"date":"2023-09-12T00:20:10","date_gmt":"2023-09-11T22:20:10","guid":{"rendered":"https:\/\/www.eikasia.es\/?post_type=product&#038;p=2411"},"modified":"2023-09-12T00:20:10","modified_gmt":"2023-09-11T22:20:10","slug":"prometeo-filosofia-1-guia-del-profesorado","status":"publish","type":"product","link":"https:\/\/www.eikasia.es\/index.php\/producto\/prometeo-filosofia-1-guia-del-profesorado\/","title":{"rendered":"Prometeo. Filosof\u00eda 1. Gu\u00eda del Profesorado"},"content":{"rendered":"<p>Se presenta la Guia del Profesorado de Prometeo Filosof\u00eda 1. Un recurso para el profesorado con herramientas b\u00e1sicas para colaborar con el profesorado, desde una propuesta de programaci\u00f3n did\u00e1ctica, un modelo ficha de situaciones de aprendizaje, evaluaci\u00f3n, Gu\u00edas para el comentario de textos, visionado de una pel\u00edcula, el debate filos\u00f3fico, el dilema moral, la disertaci\u00f3n, como hacer mapas conceptuales, ejercicios resueltos, propuesta de textos, glosario de t\u00e9rminos y m\u00e1s.<\/p>\n<p>Puedes solicitar tu ejemplar gratuito en pdf. S\u00f3lo es distribuido a profesionales de la educaci\u00f3n, por lo que deberas enviarnos un email corporativo o ponerte en contacto con nosotros para verificarlo.<\/p>\n<p>\u00cdNDICE<br \/>\n1. Propuestas para elaborar una programaci\u00f3n did\u00e1ctica 9<br \/>\n1. Marco legislat\u00edvo 9<br \/>\n2. Objetivos del Bachillerato 9<br \/>\n3. Caracter\u00edsticas de la materia de Filosof\u00eda 10<br \/>\n4. Metodolog\u00eda 11<br \/>\n5. Organizaci\u00f3n y secuenciaci\u00f3n del curr\u00edculo 12<br \/>\n6. Criterios de evaluaci\u00f3n 14<br \/>\n7. Directrices para la atenci\u00f3n a la diversidad 26<br \/>\n8. Planes, programas y proyectos de centro 26<br \/>\n9. Actividades complementarias y extraescolares 26<br \/>\n10. Calendario de evaluaciones 26<br \/>\n11. Profesores que imparten la materia 26<br \/>\n12. Indicadores de logro de la evaluaci\u00f3n 26<br \/>\nAnexo I: unidades de programaci\u00f3n 28<br \/>\nAnexo II: situaciones de aprendizaje 38<br \/>\nAnexo III: r\u00fabricas par la evaluaci\u00f3n 39<br \/>\n2. Orientaciones generales sobre las actividades de este libro 40<br \/>\n1. Como trabajar el glosario de t\u00e9rminos 40<br \/>\n2. Gu\u00eda para el visionado de una pel\u00edcula 41<br \/>\n3. Gu\u00eda del comentario de textos 42<br \/>\n4. Gu\u00eda para el debate filos\u00f3fico 46<br \/>\n5. El diario filos\u00f3fico o cuaderno de clase<br \/>\n6. Como trabajar la disertaci\u00f3n filos\u00f3fica 47<br \/>\n7. El dilema moral 47<br \/>\n8. El esquema o mapa conceptual 49<\/p>\n<p>\u00cdndice general del libro 57<br \/>\nFines. Competencia. Criterio de Evaluci\u00f3n. Contenidos. Metodolog\u00eda (LOMLOE) 42<br \/>\nEjercicios resueltos 61<\/p>\n<p>Bloque A<br \/>\n\u00cdndice del Bloque A 62<br \/>\nUnidad 1. El saber filos\u00f3fico 63<br \/>\nMapa conceptual unidad 1 68<br \/>\nUnidad 2. La actividad filos\u00f3fica 69<br \/>\nMapa conceptual unidad 2 74<br \/>\nUnidad 3. La Filosof\u00eda en el siglo XXI 75<br \/>\nMapa conceptual unidad 3 80<br \/>\nUnidad 4. La pregunta por el ser humano 81<br \/>\nMapa conceptual unidad 4 88<br \/>\nUnidad 5. El or\u00edgen del ser humano 89<br \/>\nMapa conceptual unidad 5 94<br \/>\nUnidad 6. La pregunta por el ser humano 95<br \/>\nMapa conceptual unidad 6 100<br \/>\nBloque B 101<br \/>\n\u00cdndice del Bloque B 102<br \/>\nUnidad 7. El razonamiento l\u00f3gico 103<br \/>\nMapa conceptual unidad 7 110<br \/>\nUnidad 8. La teor\u00eda del conocimiento 111<br \/>\nMapa conceptual unidad 8 116<br \/>\nUnidad 9. El conocimiento cient\u00edfico 117<br \/>\nMapa conceptual unidad 9 122<br \/>\nUnidad 10. Apariencia y realidad 123<br \/>\nMapa conceptual unidad 10 128<br \/>\nUnidad 11. El or\u00edgen del ser humano 129<br \/>\nMapa conceptual unidad 11 134<br \/>\nUnidad 12. La pregunta por el ser humano 135<br \/>\nMapa conceptual unidad 12 140<br \/>\nBloque C 141<br \/>\n\u00cdndice del Bloque C 142<br \/>\nUnidad 13. \u00c9tica, pol\u00edtica y moral 143<br \/>\nMapa conceptual unidad 7 148<br \/>\nUnidad 14. Las teor\u00edas \u00e9ticas 149<br \/>\nMapa conceptual unidad 14 154<br \/>\nUnidad 15. Libertad, igualdad y justicia 155<br \/>\nMapa conceptual unidad 15 162<br \/>\nUnidad 16. Los problemas \u00e9ticos de nuestro tiempo 163<br \/>\nMapa conceptual unidad 16 170<br \/>\nUnidad 17. La est\u00e9tica y el arte 171<br \/>\nMapa conceptual unidad 17 176<br \/>\nUnidad 18. La organizaci\u00f3n social 177<br \/>\nMapa conceptual unidad 18 182<br \/>\n\u00cdndice de Biograf\u00edas del Libro 183<br \/>\n\u00cdndice de conceptos del Libro 184<br \/>\nGlosario t\u00e9rminos y autores unidad 12 186<br \/>\nGlosario t\u00e9rminos y autores unidad 13 194<br \/>\nGlosario t\u00e9rminos y autores unidad 14 197<br \/>\nGlosario t\u00e9rminos y autores unidad 15 205<br \/>\nGlosario t\u00e9rminos y autores unidad 16 210<br \/>\nGlosario t\u00e9rminos y autores unidad 17 214<\/p>\n","protected":false},"excerpt":{"rendered":"<p>Se presenta la Guia del Profesorado de Prometeo Filosof\u00eda 1. Un recurso para el profesorado con herramientas b\u00e1sicas para colaborar con el profesorado, desde una propuesta de programaci\u00f3n did\u00e1ctica, un modelo ficha de situaciones de aprendizaje, evaluaci\u00f3n, Gu\u00edas para el comentario de textos, visionado de una pel\u00edcula, el debate filos\u00f3fico, el dilema moral, la disertaci\u00f3n, [&hellip;]<\/p>\n","protected":false},"featured_media":2413,"template":"","meta":[],"product_brand":[],"product_cat":[17],"product_tag":[67],"class_list":{"0":"post-2411","1":"product","2":"type-product","3":"status-publish","4":"has-post-thumbnail","6":"product_cat-filosofia","7":"product_tag-pdf","9":"first","10":"instock","11":"taxable","12":"shipping-taxable","13":"purchasable","14":"product-type-simple"},"jetpack_sharing_enabled":true,"_links":{"self":[{"href":"https:\/\/www.eikasia.es\/index.php\/wp-json\/wp\/v2\/product\/2411","targetHints":{"allow":["GET"]}}],"collection":[{"href":"https:\/\/www.eikasia.es\/index.php\/wp-json\/wp\/v2\/product"}],"about":[{"href":"https:\/\/www.eikasia.es\/index.php\/wp-json\/wp\/v2\/types\/product"}],"wp:featuredmedia":[{"embeddable":true,"href":"https:\/\/www.eikasia.es\/index.php\/wp-json\/wp\/v2\/media\/2413"}],"wp:attachment":[{"href":"https:\/\/www.eikasia.es\/index.php\/wp-json\/wp\/v2\/media?parent=2411"}],"wp:term":[{"taxonomy":"product_brand","embeddable":true,"href":"https:\/\/www.eikasia.es\/index.php\/wp-json\/wp\/v2\/product_brand?post=2411"},{"taxonomy":"product_cat","embeddable":true,"href":"https:\/\/www.eikasia.es\/index.php\/wp-json\/wp\/v2\/product_cat?post=2411"},{"taxonomy":"product_tag","embeddable":true,"href":"https:\/\/www.eikasia.es\/index.php\/wp-json\/wp\/v2\/product_tag?post=2411"}],"curies":[{"name":"wp","href":"https:\/\/api.w.org\/{rel}","templated":true}]}}