{"id":2433,"date":"2023-10-03T11:36:37","date_gmt":"2023-10-03T09:36:37","guid":{"rendered":"https:\/\/www.eikasia.es\/?post_type=product&#038;p=2433"},"modified":"2024-05-09T12:54:26","modified_gmt":"2024-05-09T10:54:26","slug":"%ce%bb%cf%8c%ce%b3%ce%bf%cf%82-y-%cf%80%cf%8c%ce%bb%ce%b9%cf%82-iii-y-iv","status":"publish","type":"product","link":"https:\/\/www.eikasia.es\/index.php\/producto\/%ce%bb%cf%8c%ce%b3%ce%bf%cf%82-y-%cf%80%cf%8c%ce%bb%ce%b9%cf%82-iii-y-iv\/","title":{"rendered":"Logos y Polis III. Escritos de Santiago Escudero"},"content":{"rendered":"<p>EPICURO Y MARX:<br \/>\nun estudio sobre los precedentes del epicure\u00edsmo, su desarrollo y su utilizaci\u00f3n como filosof\u00eda en Marx a partir de Hegel<br \/>\n1\u00ba PARTE. El epicure\u00edsmo precedentes y desarrollo<\/p>\n<p>Tesis para la obtenci\u00f3n del Doctorado en Filosof\u00eda<br \/>\npresentada por: SANTIAGO GONZ\u00c1LEZ ESCUDERO<br \/>\nen la Facultad de Filosof\u00eda de la UNIVERSIDAD DE OVIEDO 1986<\/p>\n<p><strong>\u03bb\u03cc\u03b3\u03bf\u03c2 y \u03c0\u03cc\u03bb\u03b9\u03c2. Volumen III<\/strong><\/p>\n<p>1\u00ba PARTE. El epicure\u00edsmo precedentes y desarrollo<\/p>\n<p>PREAMBULO.<br \/>\nCAPITULO I.<br \/>\nUna cosmolog\u00eda atom\u00edstica<br \/>\nNotas.<br \/>\nBibliograf\u00eda.<\/p>\n<p>CAPITULO II. DEMOCRITO<br \/>\n1. La conversi\u00f3n del fundamento<br \/>\n2. Caracterizaci\u00f3n de los \u00e1tomos.<br \/>\n3. \u00c1tomos: Caracter\u00edsticas.<br \/>\n4. Espacio y torbellino.<br \/>\n5. La cosmolog\u00eda<br \/>\n6. Noci\u00f3n del alma.<br \/>\n7. Los sentidos y la sensaci\u00f3n.<br \/>\n8. Pensamiento y conocimiento.<br \/>\n9. Hombre y sociedad.<br \/>\n10. Origen del lenguaje.<br \/>\n11.La \u00abcorrecta situaci\u00f3n\u00bb.<br \/>\n12. La \u00abeuthymia\u00bb.<br \/>\n13.La \u00abathamb\u00ede\u00bb.<br \/>\nNotas y bibliograf\u00eda. <\/p>\n<p>CAPITULO III. EPICURO.<br \/>\nLos criterios de verdad.<br \/>\n1. Las sensaciones.<br \/>\n2. La pr\u00f3lepsis.<br \/>\n3. Experiencias.<br \/>\nNotas. &#8216; <\/p>\n<p>CAPITULO IV. EPICURO.<br \/>\n\u00c1tomos y vac\u00edo<br \/>\n1. Los simulacros<br \/>\n2. Cualidades de los \u00e1tomos<br \/>\n3. El alma y su funci\u00f3n<br \/>\nNotas.<\/p>\n<p>Los fen\u00f3menos celestes.<br \/>\nLos fen\u00f3menos atmosf\u00e9ricos.<br \/>\nNotas.<\/p>\n<p>La doctrina del placer.<br \/>\n1. La pol\u00e9mica.<br \/>\n2. Deseos y placeres.<br \/>\n3. La correcci\u00f3n aristot\u00e9lica.<br \/>\n4. La filosof\u00eda y su objetivo.<br \/>\n5. La doctrina de los deseos.<br \/>\n6. La amistad frente al deseo.<br \/>\n 7. Justicia y ley.<br \/>\n8. Funcionamiento del placer.<br \/>\n9. El alma y los placeres.<br \/>\n10. Los dioses y el placer.<br \/>\nNotas.<br \/>\nAutores antiguos citados.<br \/>\nBibliograf\u00eda de Epicuro.<\/p>\n<p>CAPITULO V. LUCRECIO.<br \/>\nEl sentido de su obra.<br \/>\nNotas.<br \/>\nEl \u00e1mbito de la \u00abtempestas\u00bb.<br \/>\n1. El papel de Lucrecio.<br \/>\n2. La tempestad en Lucrecio.<br \/>\n3. Su descripci\u00f3n.<br \/>\n4. El rel\u00e1mpago<br \/>\n5. La explicaci\u00f3n de los truenos<br \/>\n6. El rayo<br \/>\n7. Doble dial\u00e9ctica de la tempestad.<br \/>\nNotas.<br \/>\nPasajes citados<br \/>\nEdiciones.<br \/>\nBibliograf\u00eda de Lucrecio.<\/p>\n","protected":false},"excerpt":{"rendered":"<p>EPICURO Y MARX: un estudio sobre los precedentes del epicure\u00edsmo, su desarrollo y su utilizaci\u00f3n como filosof\u00eda en Marx a partir de Hegel 1\u00ba PARTE. El epicure\u00edsmo precedentes y desarrollo Tesis para la obtenci\u00f3n del Doctorado en Filosof\u00eda presentada por: SANTIAGO GONZ\u00c1LEZ ESCUDERO en la Facultad de Filosof\u00eda de la UNIVERSIDAD DE OVIEDO 1986 \u03bb\u03cc\u03b3\u03bf\u03c2 [&hellip;]<\/p>\n","protected":false},"featured_media":2431,"template":"","meta":[],"product_brand":[],"product_cat":[73],"product_tag":[],"class_list":{"0":"post-2433","1":"product","2":"type-product","3":"status-publish","4":"has-post-thumbnail","6":"product_cat-proxima-publicacion","8":"first","9":"instock","10":"taxable","11":"shipping-taxable","12":"purchasable","13":"product-type-simple"},"jetpack_sharing_enabled":true,"_links":{"self":[{"href":"https:\/\/www.eikasia.es\/index.php\/wp-json\/wp\/v2\/product\/2433","targetHints":{"allow":["GET"]}}],"collection":[{"href":"https:\/\/www.eikasia.es\/index.php\/wp-json\/wp\/v2\/product"}],"about":[{"href":"https:\/\/www.eikasia.es\/index.php\/wp-json\/wp\/v2\/types\/product"}],"wp:featuredmedia":[{"embeddable":true,"href":"https:\/\/www.eikasia.es\/index.php\/wp-json\/wp\/v2\/media\/2431"}],"wp:attachment":[{"href":"https:\/\/www.eikasia.es\/index.php\/wp-json\/wp\/v2\/media?parent=2433"}],"wp:term":[{"taxonomy":"product_brand","embeddable":true,"href":"https:\/\/www.eikasia.es\/index.php\/wp-json\/wp\/v2\/product_brand?post=2433"},{"taxonomy":"product_cat","embeddable":true,"href":"https:\/\/www.eikasia.es\/index.php\/wp-json\/wp\/v2\/product_cat?post=2433"},{"taxonomy":"product_tag","embeddable":true,"href":"https:\/\/www.eikasia.es\/index.php\/wp-json\/wp\/v2\/product_tag?post=2433"}],"curies":[{"name":"wp","href":"https:\/\/api.w.org\/{rel}","templated":true}]}}