{"id":2496,"date":"2024-02-19T19:03:00","date_gmt":"2024-02-19T18:03:00","guid":{"rendered":"https:\/\/www.eikasia.es\/?post_type=product&#038;p=2496"},"modified":"2024-02-19T19:17:10","modified_gmt":"2024-02-19T18:17:10","slug":"republicanismo-y-paz","status":"publish","type":"product","link":"https:\/\/www.eikasia.es\/index.php\/producto\/republicanismo-y-paz\/","title":{"rendered":"REPUBLICANISMO Y PAZ &#8211; Libro en PDF"},"content":{"rendered":"<p>Libros en PDF para descargar<\/p>\n<p><img loading=\"lazy\" decoding=\"async\" src=\"https:\/\/www.eikasia.es\/wp-content\/uploads\/2024\/02\/portada-cara-a-150x150.jpg\" alt=\"\" width=\"150\" height=\"150\" class=\"alignnone size-thumbnail wp-image-2498\" srcset=\"https:\/\/www.eikasia.es\/wp-content\/uploads\/2024\/02\/portada-cara-a-150x150.jpg 150w, https:\/\/www.eikasia.es\/wp-content\/uploads\/2024\/02\/portada-cara-a-100x100.jpg 100w\" sizes=\"auto, (max-width: 150px) 100vw, 150px\" \/><\/p>\n<p>REPUBLICANISMO Y PAZ<\/p>\n<p>Comentario del primer art\u00edculo definitivo<br \/>\nde \u201cHacia la paz perpetua\u201d de Kant<\/p>\n<p>Antonio P\u00e9rez Quintana<br \/>\nUniversidad de La Laguna<\/p>\n<p>Eikasia Ediciones<br \/>\nwww.eikasia.es  email: eikasia@eikasia.es<br \/>\nISBN: 84-95369-73-7<br \/>\nDep\u00f3sito Legal: AS-623-2005<\/p>\n<p>INDICE<\/p>\n<p>Introducci\u00f3n\t<\/p>\n<p>Primera parte: el contexto del primer art\u00edculo definitivo\t<\/p>\n<p>I.\tEstado de naturaleza y Estado civil\t11<br \/>\n1.\tEl estado de naturaleza\t11<br \/>\n2.\tEl estado civil\t12<br \/>\n3.\tLa idea de estado de naturaleza\t14<br \/>\n4.\tEl argumento antropol\u00f3gico\t16<\/p>\n<p>II.\tDerecho y colibertad\t17<br \/>\n1.\tDerecho y libertad externa\t17<br \/>\n2.\tDerecho, coacci\u00f3n y libertad\t19<br \/>\n3.\tDerecho y \u00e9tica\t20<br \/>\n4.\tDivisi\u00f3n del derecho\t20<\/p>\n<p>III.\tEstado de derecho\t21<\/p>\n<p>IV.\tPacifismo jur\u00eddico\t23<\/p>\n<p>Segunda parte: el primer art\u00edculo definitivo. Constituci\u00f3n republicana y paz\t<\/p>\n<p>I.\tLa constituci\u00f3n republicana\t27<br \/>\n1.\tLos derechos del individuo\t28<br \/>\na.\tEl derecho (o principio) de la libertad\t28<br \/>\nb.\tEl derecho (o principio) de la igualdad\t31<br \/>\nc.\tEl derecho de ciudadan\u00eda\t38<br \/>\n2.\tRepresentaci\u00f3n y divisi\u00f3n de poderes\t41<br \/>\na.\tEl sistema representativo\t41<br \/>\nb.\tLa divisi\u00f3n de poderes\t43<br \/>\n3.\tEl contrato originario\t45<\/p>\n<p>II.\tEstado republicano y democracia\t50<\/p>\n<p>III.\tLa paz republicana\t57<\/p>\n<p>IV.\tMecanismo de la naturaleza e ilustraci\u00f3n\t63<\/p>\n<p>Bibliograf\u00eda\t66<\/p>\n","protected":false},"excerpt":{"rendered":"<p>Libros en PDF para descargar REPUBLICANISMO Y PAZ Comentario del primer art\u00edculo definitivo de \u201cHacia la paz perpetua\u201d de Kant Antonio P\u00e9rez Quintana Universidad de La Laguna Eikasia Ediciones www.eikasia.es email: eikasia@eikasia.es ISBN: 84-95369-73-7 Dep\u00f3sito Legal: AS-623-2005 INDICE Introducci\u00f3n Primera parte: el contexto del primer art\u00edculo definitivo I. Estado de naturaleza y Estado civil 11 [&hellip;]<\/p>\n","protected":false},"featured_media":2498,"template":"","meta":[],"product_brand":[],"product_cat":[22,20,87],"product_tag":[],"class_list":{"0":"post-2496","1":"product","2":"type-product","3":"status-publish","4":"has-post-thumbnail","6":"product_cat-filologia","7":"product_cat-historia-de-la-filosofia","8":"product_cat-libros-en-pdf","10":"first","11":"instock","12":"downloadable","13":"taxable","14":"shipping-taxable","15":"purchasable","16":"product-type-simple"},"jetpack_sharing_enabled":true,"_links":{"self":[{"href":"https:\/\/www.eikasia.es\/index.php\/wp-json\/wp\/v2\/product\/2496","targetHints":{"allow":["GET"]}}],"collection":[{"href":"https:\/\/www.eikasia.es\/index.php\/wp-json\/wp\/v2\/product"}],"about":[{"href":"https:\/\/www.eikasia.es\/index.php\/wp-json\/wp\/v2\/types\/product"}],"wp:featuredmedia":[{"embeddable":true,"href":"https:\/\/www.eikasia.es\/index.php\/wp-json\/wp\/v2\/media\/2498"}],"wp:attachment":[{"href":"https:\/\/www.eikasia.es\/index.php\/wp-json\/wp\/v2\/media?parent=2496"}],"wp:term":[{"taxonomy":"product_brand","embeddable":true,"href":"https:\/\/www.eikasia.es\/index.php\/wp-json\/wp\/v2\/product_brand?post=2496"},{"taxonomy":"product_cat","embeddable":true,"href":"https:\/\/www.eikasia.es\/index.php\/wp-json\/wp\/v2\/product_cat?post=2496"},{"taxonomy":"product_tag","embeddable":true,"href":"https:\/\/www.eikasia.es\/index.php\/wp-json\/wp\/v2\/product_tag?post=2496"}],"curies":[{"name":"wp","href":"https:\/\/api.w.org\/{rel}","templated":true}]}}