{"id":2503,"date":"2024-02-19T21:42:37","date_gmt":"2024-02-19T20:42:37","guid":{"rendered":"https:\/\/www.eikasia.es\/?post_type=product&#038;p=2503"},"modified":"2024-02-19T21:42:37","modified_gmt":"2024-02-19T20:42:37","slug":"immanuel-kant-el-idealismo-trascendental-silverio-sanchez-corredera-libro-en-pdf","status":"publish","type":"product","link":"https:\/\/www.eikasia.es\/index.php\/producto\/immanuel-kant-el-idealismo-trascendental-silverio-sanchez-corredera-libro-en-pdf\/","title":{"rendered":"Immanuel Kant: El idealismo trascendental &#8211; Silverio Sanchez Corredera &#8211; Libro en PDF"},"content":{"rendered":"<p>Immanuel Kant:<br \/>\nEl idealismo trascendental <\/p>\n<p>Silverio S\u00e1nchez Corredera<br \/>\nDoctor en Filosof\u00eda<br \/>\nCatedr\u00e1tico de Filosof\u00eda en el I.E.S. Emilio Alarcos de Gij\u00f3n<\/p>\n<p>COLECCI\u00d3N CONTEXTOS DE FILOSOF\u00cdA<br \/>\nEIKASIA EDICIONES<br \/>\nwww.eikasia.es  \/ eikasia@eikasia.es<br \/>\nISBN: 84-95369-80-X<br \/>\nDep\u00f3sito Legal: AS-1586-2006<\/p>\n<p>\u00cdndice \t\t\t\t\t\t\t\t\tP\u00e1gina<\/p>\n<p>1. Contexto hist\u00f3rico. La Aufkl\u00e4rung y el Estado prusiano.\t\t 9\t<\/p>\n<p>2. Biograf\u00eda y obras.\t\t\t\t\t\t\t17<br \/>\n2.1 Obras.\t\t\t\t\t\t\t\t22<br \/>\n2.1.1 Obras del periodo precr\u00edtico.\t\t\t\t\t23<br \/>\n2.1.2 Obras del periodo cr\u00edtico.\t\t\t\t\t24<\/p>\n<p>3. Cr\u00edtica de la raz\u00f3n pura.\t\t\t\t\t\t27<br \/>\n3.1. Contexto cient\u00edfico-filos\u00f3fico explicativo de la aparici\u00f3n<br \/>\nde una cr\u00edtica de la raz\u00f3n pura.\t \t\t\t\t27<br \/>\n3.2. La est\u00e9tica, la anal\u00edtica y la dial\u00e9ctica en la<br \/>\nCr\u00edtica de la raz\u00f3n pura. \t\t\t\t\t        31<br \/>\n3.3. La est\u00e9tica trascendental.\t\t\t\t\t\t32<br \/>\n3.3.1. La fundamentaci\u00f3n de la matem\u00e1tica como ciencia.\t                34<br \/>\n3.4. La anal\u00edtica trascendental.\t\t\t\t\t38<br \/>\n3.4.1. Conexi\u00f3n de la est\u00e9tica con la anal\u00edtica trascendental.\t        38<br \/>\n3.4.2. La labor del entendimiento.\t\t\t\t\t40<br \/>\n3.4.3. La fundamentaci\u00f3n de la f\u00edsica como ciencia.\t\t        45<br \/>\n3.5. La dial\u00e9ctica trascendental.\t\t\t\t\t50<br \/>\n3.5.1. Las Ideas de la raz\u00f3n pura.\t\t\t\t\t51<br \/>\n3.5.2. Las contradicciones de la raz\u00f3n pura.\t\t\t\t55<\/p>\n<p>4. Cr\u00edtica de la raz\u00f3n pr\u00e1ctica. \t\t\t\t\t60<br \/>\n4.1. La estructura de la voluntad racional o de la raz\u00f3n pr\u00e1ctica.      62<br \/>\n4.2. El imperativo categ\u00f3rico.\t\t\t\t\t\t65<br \/>\n4.3. Cr\u00edtica de las \u00e9ticas materiales.\t\t\t\t\t68<br \/>\n4.4. \u00a1Ley moral!, luego libertad. Libertad, luego Dios y alma inmortal  70<br \/>\n4.5. De la ley moral personal a la ley jur\u00eddica del Estado.\t\t72<br \/>\n4.6. Conclusi\u00f3n cr\u00edtica: \u00bfqu\u00e9 a\u00f1ade la racionalidad<br \/>\npr\u00e1ctica a la especulativa?\t\t \t\t\t        73<\/p>\n<p>5. Cr\u00edtica del Juicio.\t\t\t\t\t\t\t75<br \/>\n5.1. El Juicio dentro del sistema de la raz\u00f3n pura.\t\t\t77<br \/>\n5.2. Lo agradable y lo bello.\t\t\t\t\t\t78<br \/>\n5.3. Lo sublime.\t\t\t\t\t\t\t81<br \/>\n5.4. El juicio teleol\u00f3gico.\t\t\t\t\t\t82<br \/>\n5.5. La facultad de Juzgar y su relaci\u00f3n con otras facultades.\t        83<\/p>\n<p>6. Conclusiones sobre la filosof\u00eda kantiana e influjo sobre el presente 85<br \/>\n6.1. Conclusiones cr\u00edticas.\t\t\t\t\t\t93<br \/>\n6.1.1. Confrontaci\u00f3n idealismo trascendental \/ materialismo filos\u00f3fico. 95\t<\/p>\n<p>7. T\u00e9rminos m\u00e1s importantes para investigar y recordar.\t\t        110<\/p>\n<p>8. Glosario de t\u00e9rminos definidos.\t\t\t\t\t112\t<\/p>\n<p>9. Textos para comentar. \t\t\t \t\t\t123<br \/>\nA) Textos sobre la Cr\u00edtica de la raz\u00f3n pura   (Textos 1 a 8).\t        123<br \/>\nB) Textos en el entorno y de la raz\u00f3n pr\u00e1ctica   (Textos 9 a 34).       133<br \/>\nC) Textos sobre la Cr\u00edtica del Juicio (Textos 35-38).\t\t        156<br \/>\nD) Texto para la cr\u00edtica del idealismo trascendental (Texto 39).\t159<\/p>\n<p>10. Actividades.\t\t\t\t\t\t\t163<\/p>\n<p>11. Solucionario de las actividades.\t\t\t\t\t168<\/p>\n<p>12. Programaci\u00f3n para la evaluaci\u00f3n de  Kant y<br \/>\nel idealismo trascendental.\t \t\t   \t\t\t176<\/p>\n<p>Modelo de examen A)  (resuelto).\t\t\t\t\t179<br \/>\nModelo de examen B) Modelo P.A.U.   (resuelto).\t\t\t        189<br \/>\nBibliograf\u00eda.\t\t\t\t\t\t\t\t203<br \/>\nBibliograf\u00eda de Kant.\t\t\t\t\t\t\t203<br \/>\nEstudios sobre Kant.\t\t\t\t\t\t\t204<\/p>\n","protected":false},"excerpt":{"rendered":"<p>Immanuel Kant: El idealismo trascendental Silverio S\u00e1nchez Corredera Doctor en Filosof\u00eda Catedr\u00e1tico de Filosof\u00eda en el I.E.S. Emilio Alarcos de Gij\u00f3n COLECCI\u00d3N CONTEXTOS DE FILOSOF\u00cdA EIKASIA EDICIONES www.eikasia.es \/ eikasia@eikasia.es ISBN: 84-95369-80-X Dep\u00f3sito Legal: AS-1586-2006 \u00cdndice P\u00e1gina 1. Contexto hist\u00f3rico. La Aufkl\u00e4rung y el Estado prusiano. 9 2. Biograf\u00eda y obras. 17 2.1 Obras. 22 [&hellip;]<\/p>\n","protected":false},"featured_media":2505,"template":"","meta":[],"product_brand":[],"product_cat":[20,87],"product_tag":[],"class_list":{"0":"post-2503","1":"product","2":"type-product","3":"status-publish","4":"has-post-thumbnail","6":"product_cat-historia-de-la-filosofia","7":"product_cat-libros-en-pdf","9":"first","10":"instock","11":"downloadable","12":"taxable","13":"shipping-taxable","14":"purchasable","15":"product-type-simple"},"jetpack_sharing_enabled":true,"_links":{"self":[{"href":"https:\/\/www.eikasia.es\/index.php\/wp-json\/wp\/v2\/product\/2503","targetHints":{"allow":["GET"]}}],"collection":[{"href":"https:\/\/www.eikasia.es\/index.php\/wp-json\/wp\/v2\/product"}],"about":[{"href":"https:\/\/www.eikasia.es\/index.php\/wp-json\/wp\/v2\/types\/product"}],"wp:featuredmedia":[{"embeddable":true,"href":"https:\/\/www.eikasia.es\/index.php\/wp-json\/wp\/v2\/media\/2505"}],"wp:attachment":[{"href":"https:\/\/www.eikasia.es\/index.php\/wp-json\/wp\/v2\/media?parent=2503"}],"wp:term":[{"taxonomy":"product_brand","embeddable":true,"href":"https:\/\/www.eikasia.es\/index.php\/wp-json\/wp\/v2\/product_brand?post=2503"},{"taxonomy":"product_cat","embeddable":true,"href":"https:\/\/www.eikasia.es\/index.php\/wp-json\/wp\/v2\/product_cat?post=2503"},{"taxonomy":"product_tag","embeddable":true,"href":"https:\/\/www.eikasia.es\/index.php\/wp-json\/wp\/v2\/product_tag?post=2503"}],"curies":[{"name":"wp","href":"https:\/\/api.w.org\/{rel}","templated":true}]}}