{"id":2586,"date":"2024-04-22T22:50:55","date_gmt":"2024-04-22T20:50:55","guid":{"rendered":"https:\/\/www.eikasia.es\/?post_type=product&#038;p=2586"},"modified":"2024-04-22T22:50:56","modified_gmt":"2024-04-22T20:50:56","slug":"mas-alla-de-imperios-y-de-naciones-volumen-3-y-tu-de-quien-eres-formacion-de-la-subjetividad-hispana-moderna","status":"publish","type":"product","link":"https:\/\/www.eikasia.es\/index.php\/producto\/mas-alla-de-imperios-y-de-naciones-volumen-3-y-tu-de-quien-eres-formacion-de-la-subjetividad-hispana-moderna\/","title":{"rendered":"M\u00e1s all\u00e1 de imperios y de naciones Volumen 3. \u00abY T\u00da \u00bfDE QUI\u00c9N ERES?\u00bb FORMACI\u00d3N DE LA SUBJETIVIDAD HISPANA MODERNA"},"content":{"rendered":"<p>ISBN Tomo III: 978-84-15203-74-2<\/p>\n<p>Desde el Decreto de conversi\u00f3n &#8211; expulsi\u00f3n de los jud\u00edos en 1492, una gran apor\u00eda<br \/>\nrecorre la historia del pensamiento espa\u00f1ol: \u00bfC\u00f3mo concordar el esp\u00edritu de<br \/>\nuniversalidad cat\u00f3lica y la expulsi\u00f3n de una parte de la Humanidad? La filosof\u00eda<br \/>\nmoderna le ofreci\u00f3 una soluci\u00f3n a trav\u00e9s del Cogito cartesiano, que no satisfizo las<br \/>\nexpectativas del sujeto pensado desde Espa\u00f1a. Su contrapunto, el sujeto calderoniano,<br \/>\nno consiente ser neutralizado. Perdido en el laberinto de la vida y pendiente de las<br \/>\nopiniones (convenciones) de los dem\u00e1s no puede ejercitar la duda hiperb\u00f3lica, que<br \/>\nfunda la conciencia a trav\u00e9s de la verdad matem\u00e1tica, clara y distinta, atrapado por<br \/>\nla circunstancia. La modernidad espa\u00f1ola no fue acompa\u00f1ada por el Cogito, porque<br \/>\nla exigencia de la conversi\u00f3n produjo un planteamiento centrado no en la Raz\u00f3n, sino<br \/>\nen el Linaje. No: Cogito ergo sum, sino: \u00abSoy luego soy limpio \/ pertenezco al linaje<br \/>\npuro\u00bb, que se resuelve en \u00abCristiano viejo luego hidalgo\u00bb. La pregunta ontol\u00f3gica, no<br \/>\nmeramente sociol\u00f3gica, que se hace el espa\u00f1ol, no es del tipo: \u00bfEres racional?, sino: \u00bfde<br \/>\nqui\u00e9n eres \/ a qu\u00e9 linaje perteneces? Si los jud\u00edos han sido expulsados o convertidos,<br \/>\ntodos deber\u00edan ser del linaje de los cristianos. Qued\u00f3 as\u00ed flotante una poblaci\u00f3n de<br \/>\nconversos urbanos, nobles, obispos, representantes de las ciudades, individuos bien<br \/>\nformados y muy activos, pero desarraigados. En este volumen 3 se estudia todo<br \/>\neste complejo mundo en el que convivieron los cristianos viejos (los lindos) con los<br \/>\ntornadizos, lo que no eran \u00abni judios ni christianos, pues eran baptizados, mas eran<br \/>\nherejes, y sin ley\u00bb.<br \/>\nFernando Miguel P\u00e9rez Herranz, profesor titular de la Universidad de Alicante. Estudi\u00f3<br \/>\nen las Universidades de Salamanca y Valencia, en la que obtuvo la Licenciatura.<br \/>\nDoctor en Filosof\u00eda y Letras con la tesis Las Ideas Filos\u00f3ficas de la \u00abMorfog\u00e9nesis\u00bb y del<br \/>\n\u00abContinuo\u00bb en el marco de la teor\u00eda de las cat\u00e1strofes de Ren\u00e9 Thom (1993). Ha escrito<br \/>\nsobre cuestiones filos\u00f3ficas en todas sus dimensiones: l\u00f3gicas, epistemol\u00f3gicas,<br \/>\nontol\u00f3gicas y \u00e9ticas, cuyos resultados convergen en Ambiguus proteus. Valor, exceso<br \/>\ny morfolog\u00eda (2019), s\u00edntesis de su pensamiento filos\u00f3fico. Ha recibido el VI premio<br \/>\nJuan Andr\u00e9s de Ensayo e Investigaci\u00f3n en Ciencias Humanas por Lindos y tornadizos:<br \/>\nel pensamiento hispano (siglos xv-xvii), Verbum, 2016. Es autor tambi\u00e9n de El esclavo,<br \/>\nsombra de su se\u00f1or. Variaciones en torno a las declaraciones de Derechos (2021), El<br \/>\ntiempo so\u00f1ado de \u2018Ser y Tiempo\u2019 (2022) y Cuatro cuadros y cuatro contrastes: en torno a<br \/>\nla cuesti\u00f3n vasca (2022). Pertenece al consejo de direcci\u00f3n de la revista Eikas\u00eda, en la<br \/>\nque colabora habitualmente.<\/p>\n<p>Volumen 3.<br \/>\nY t\u00fa, \u00bfde qui\u00e9n eres? Formaci\u00f3n de la subjetividad hispana moderna <\/p>\n<p>\u00cdndice<\/p>\n<p>Cap\u00edtulo vi. C\u00f3rdoba, Sevilla y Granada. La experiencia \u00abtornalinda\u00bb hispana 11<br \/>\n22 Ciudades fronterizas e Hispania \u00abtornalinda\u00bb 11<br \/>\nDel \u00abbaciyelmo\u00bb al \u00abtornalindo\u00bb 18<br \/>\n23 \u00abEspa\u00f1a: \u00bfCu\u00e1l es el problema?\u00bb 25<br \/>\nEspa\u00f1a como problema y Espa\u00f1a sin problema (1949) 25<br \/>\nLa sospecha y la denuncia: la sociedad de los \u00abcristianos nuevos\u00bb 32<br \/>\nQu\u00e9 significa \u00abproblema\u00bb (referido a Espa\u00f1a) 37<br \/>\nDe \u00abproblema\u00bb a \u00abcuesti\u00f3n\u00bb 39<br \/>\n\u00b7Tiempo: \u00bfEn qu\u00e9 momentos resurge la \u00abcuesti\u00f3n de Espa\u00f1a\u00bb? 41<br \/>\n\u00b7Modo: \u00abopiniones\u00bb y no \u00abhechos\u00bb 42<br \/>\n\u00b7Situs: Los or\u00edgenes rom\u00e1nticos de las naciones 43<br \/>\n\u00b7Inconmensurabilidad. Desajustes en las historias de Espa\u00f1a y de Europa 45<br \/>\n\u00b7La historia cruzada de Espa\u00f1a o el quiasmo Espa\u00f1a \/ Europa 47<br \/>\n24 La formaci\u00f3n de la subjetividad hispana moderna 49<br \/>\nCausas del t\u00f3pico \u00abdeclinaci\u00f3n \/ decadencia \/ fracaso de Espa\u00f1a\u00bb 49<br \/>\nHip\u00f3tesis de partida: El Sujeto desenraizado 52<br \/>\nLa Hispania de la \u00abEdad del Libro\u00bb 59<br \/>\nLa Singularidad hist\u00f3rica: el Decreto de \u00abconversi\u00f3n-expulsi\u00f3n\u00bb de los jud\u00edos 61<br \/>\nEl modelo: La conversi\u00f3n de Solom\u00f3n ha-Levi \/ Pablo de Santa Mar\u00eda 64<br \/>\n25 \u00abY t\u00fa, \u00bfde qui\u00e9n eres?\u00bb La Hispania de los lindos y los tornadizos 65<br \/>\nEl t\u00e9rmino \u00abconverso\u00bb, de universal antropol\u00f3gico a particular hispano 65<br \/>\nEl papel medular de la mujer judeoconversa hispana 69<br \/>\n\u00b7La mujer judeoconversa hispana y el Libro 71<br \/>\n\u00b7La mujer judeoconversa hispana y la preservaci\u00f3n del juda\u00edsmo 81<br \/>\n\u00b7Contra la lectura del Libro 92<br \/>\n\u00b7La mujer judeoconversa hispana en los procesos inquisitoriales 96<br \/>\n\u00b7Mujeres procesadas por la Inquisici\u00f3n 97<br \/>\n\u00b7La Edad del Libro 108<br \/>\nLa poblaci\u00f3n conversa 112<br \/>\n\u00abCristiano viejo luego hidalgo\u00bb 124<br \/>\nTornadizos o quienes se \u00abtornan\u00bb cristianos, moros o jud\u00edos 131<br \/>\n\u00b7Elche 142<br \/>\n\u00b7Alborayco 143<br \/>\n\u00b7Basilisco 144<br \/>\n\u00b7Retajado 144<br \/>\n\u00b7Fraguado 144<br \/>\n\u00b7Empinado 145<br \/>\n\u00b7Ruano 145<br \/>\n\u00b7Juludinero 150<br \/>\n\u00b7\u00abLindos\u00bb entre \u00abtornadizos\u00bb 150<br \/>\n\u00b7Marrano 151<br \/>\n\u00b7La inversa de los tornadizos: los \u00abjud\u00edos nuevos\u00bb y elmarranismo 152<br \/>\nAP\u00c9NDICE III El marranismo 155<br \/>\nEl mito de la \u00abConspiraci\u00f3n jud\u00eda internacional\u00bb 164<br \/>\nLa experiencia marrana 165<br \/>\nLa enrevesada cuesti\u00f3n de la \u00abinmortalidad del alma\u00bb 168<br \/>\nLa historiograf\u00eda del marranismo 176<br \/>\nDe la Sangre al Libro 178<br \/>\nSustituci\u00f3n del Libro 181<br \/>\nLos lindos o \u00abcristianos viejos lindos\u00bb 183<br \/>\n\u00b7El cristiano viejo \u00abrancio \/ rancioso\u00bb 189<br \/>\n\u00b7Quienes vienen de los \u00abgodos\u00bb 189<br \/>\n\u00b7Calatravo 191<br \/>\n\u00b7Vizca\u00edno o \u00abhidalgo caballero\u00bb 191<br \/>\n\u00b7El monta\u00f1\u00e9s y la trasposici\u00f3n del lindo a Am\u00e9rica 199<br \/>\nLindos y tornadizos contemplados desde el \u00abexterior\u00bb de Espa\u00f1a 202<br \/>\nLindos y tornadizos contemplados desde el \u00abinterior\u00bb de Espa\u00f1a 219<br \/>\n\u00b7Condici\u00f3n de pureza para ser \u00abs\u00fabdito espa\u00f1ol\u00bb 219<br \/>\n\u00b7Tirar de la manta 231<br \/>\n\u00b7La inhabilitaci\u00f3n para cargo p\u00fablico de los tornadizos 232<br \/>\n\u00b7Procesos contra los judaizantes en el Siglo de las Luces 234<br \/>\n\u00b7Los debates de las Cortes de C\u00e1diz y la supresi\u00f3n del Santo Oficio 237<br \/>\n\u00b7De \u00abEspa\u00f1a comienza en los Pirineos\u00bb a \u00abEspa\u00f1a comienza enel Ebro\u00bb 238<br \/>\n\u00b7 Para una topolog\u00eda de Espa\u00f1a \/ Europa 257<br \/>\n\u00b7 Los aplastamientos \u2018militar\u2019 y \u2018pol\u00edtico\u2019 del general Franco 264<br \/>\n\u00b7 El triunfo de la Constituci\u00f3n \u00abtornadiza\u00bb de 1978 265<br \/>\nLa pretendida \u00abhomolog\u00eda\u00bb de Christine Stallaert 271<br \/>\n\u00b7 Completar la analog\u00eda con relaciones de contig\u00fcidad 275<br \/>\n\u00b7 La recepci\u00f3n de los jud\u00edos en Europa 284<br \/>\n\u00b7 Otra analog\u00eda posible 286<br \/>\n\u00b7 Excursus: soneto a cuatro voces 288<br \/>\nEstratos de transici\u00f3n: la l\u00ednea de articulaci\u00f3n \/ involuci\u00f3n 291<br \/>\n26 La Europa de los lindos: Sangre y Libro 293<br \/>\nEl teorema \u00abs\u00edndrome del lindo\u00bb 295<br \/>\nLa Sangre o el Jesucristo \u00abario\u00bb 297<br \/>\nLa sustituci\u00f3n del Libro: \u00abEl Capital\u00bb y \u00abAs\u00ed habl\u00f3 Zaratustra\u00bb 308<br \/>\n27 La experiencia tornalinda: hacia un sujeto universalizable 315<br \/>\n1 Qu\u00e9 significa la referencia al Libro 318<br \/>\n2 Identidad religiosa escindida 329<br \/>\n3 Lenguaje equ\u00edvoco 338<br \/>\n4 Condici\u00f3n tornadiza y experiencia marrana: el fin de toda religi\u00f3n de salvaci\u00f3n 342<br \/>\n5 La \u00abcircunstancia\u00bb y el \u00abius communicationis\u00bb 342<br \/>\n6 Criterios epistemol\u00f3gicos 345<br \/>\n7 Criterios morales; probabilismo y casuismo 358<br \/>\n\u00b7\u00c9tica probabil\u00edstica 361<br \/>\n\u00b7El casuismo 364<br \/>\n8 La pol\u00edtica 367<br \/>\n\u00b7A la contra: el antimaquiavelismo 369<br \/>\n\u00b7De propio: el populismo espa\u00f1ol o pactismo hisp\u00e1nico 380<br \/>\n9 Spinoza y la clausura de la Edad del Libro 381<br \/>\n\u00b7Estado democr\u00e1tico 387<br \/>\n10 La Filosof\u00eda de contrastes 388<br \/>\nCompendio: el pensamiento del \u00abtornalindo\u00bb 393<br \/>\nDe la Fenomenolog\u00eda del Sur al Morfologismo filos\u00f3fico 395<br \/>\nFinal: la \u00abexperiencia de los tornalindos\u00bb para una Europa expectante 397<br \/>\nAP\u00c9NDICE IV. Singularidad y complejidad de la filosof\u00eda espa\u00f1ola 401<br \/>\n\u00cdndice onom\u00e1stico 405<\/p>\n","protected":false},"excerpt":{"rendered":"<p>ISBN Tomo III: 978-84-15203-74-2 Desde el Decreto de conversi\u00f3n &#8211; expulsi\u00f3n de los jud\u00edos en 1492, una gran apor\u00eda recorre la historia del pensamiento espa\u00f1ol: \u00bfC\u00f3mo concordar el esp\u00edritu de universalidad cat\u00f3lica y la expulsi\u00f3n de una parte de la Humanidad? La filosof\u00eda moderna le ofreci\u00f3 una soluci\u00f3n a trav\u00e9s del Cogito cartesiano, que no [&hellip;]<\/p>\n","protected":false},"featured_media":2587,"template":"","meta":[],"product_brand":[],"product_cat":[21],"product_tag":[112,113,63,111,109,104,114,106,107,115,105,110,102,108,103],"class_list":{"0":"post-2586","1":"product","2":"type-product","3":"status-publish","4":"has-post-thumbnail","6":"product_cat-libros","7":"product_tag-causismo","8":"product_tag-converso","9":"product_tag-espana","10":"product_tag-europa","11":"product_tag-filosofia-de-la-historia","12":"product_tag-historia","13":"product_tag-identidad","14":"product_tag-imperios","15":"product_tag-lindos","16":"product_tag-mujer-judeo-conversa-hispana","17":"product_tag-naciones","18":"product_tag-probabilismo","19":"product_tag-racismo","20":"product_tag-tornadizos","21":"product_tag-xenofobia","23":"first","24":"instock","25":"taxable","26":"shipping-taxable","27":"purchasable","28":"product-type-simple"},"jetpack_sharing_enabled":true,"_links":{"self":[{"href":"https:\/\/www.eikasia.es\/index.php\/wp-json\/wp\/v2\/product\/2586","targetHints":{"allow":["GET"]}}],"collection":[{"href":"https:\/\/www.eikasia.es\/index.php\/wp-json\/wp\/v2\/product"}],"about":[{"href":"https:\/\/www.eikasia.es\/index.php\/wp-json\/wp\/v2\/types\/product"}],"wp:featuredmedia":[{"embeddable":true,"href":"https:\/\/www.eikasia.es\/index.php\/wp-json\/wp\/v2\/media\/2587"}],"wp:attachment":[{"href":"https:\/\/www.eikasia.es\/index.php\/wp-json\/wp\/v2\/media?parent=2586"}],"wp:term":[{"taxonomy":"product_brand","embeddable":true,"href":"https:\/\/www.eikasia.es\/index.php\/wp-json\/wp\/v2\/product_brand?post=2586"},{"taxonomy":"product_cat","embeddable":true,"href":"https:\/\/www.eikasia.es\/index.php\/wp-json\/wp\/v2\/product_cat?post=2586"},{"taxonomy":"product_tag","embeddable":true,"href":"https:\/\/www.eikasia.es\/index.php\/wp-json\/wp\/v2\/product_tag?post=2586"}],"curies":[{"name":"wp","href":"https:\/\/api.w.org\/{rel}","templated":true}]}}