{"id":2588,"date":"2024-04-22T23:03:37","date_gmt":"2024-04-22T21:03:37","guid":{"rendered":"https:\/\/www.eikasia.es\/?post_type=product&#038;p=2588"},"modified":"2024-04-22T23:03:37","modified_gmt":"2024-04-22T21:03:37","slug":"las-raices-griegas-de-la-biologia","status":"publish","type":"product","link":"https:\/\/www.eikasia.es\/index.php\/producto\/las-raices-griegas-de-la-biologia\/","title":{"rendered":"Las ra\u00edces griegas de la Biolog\u00eda"},"content":{"rendered":"<p>Las ra\u00edces griegas de la Biolog\u00eda<br \/>\nAntonio Moreno Castillo<br \/>\nISBN: 978-84-15203-78-0<br \/>\n126 pp.<\/p>\n<p>Esta obra \u2013con rigor pero de manera divulgativa\u2013 quiere dar una idea de las aportaciones que los griegos de la Antig\u00fcedad cl\u00e1sica hicieron a la biolog\u00eda, situ\u00e1ndose en el contexto de la ciencia universal. Se dedican cap\u00edtulos especiales a la circulaci\u00f3n de la sangre, al sistema nervioso, la reproducci\u00f3n, la evoluci\u00f3n y la ecolog\u00eda.<br \/>\nCada parte se inicia con un breve resumen de los conocimientos actuales sobre el tema y luego, por orden cronol\u00f3gico, se exponen las aportaciones de los diferentes pensadores griegos, lo que permite vislumbrar el camino recorrido desde entonces.<br \/>\nSe trata de una s\u00edntesis clara y accesible y cuyas notas facilitan el cotejo de las fuentes.<\/p>\n<p>INDICE<br \/>\n1.Presentaci\u00f3n 9<br \/>\n2.\u00bfQu\u00e9 es la ciencia? 11<br \/>\n3.Panorama de la ciencia griega 19<br \/>\n4.Circulaci\u00f3n y respiraci\u00f3n 37<br \/>\n5.El sistema nervioso 55<br \/>\n6.Reproducci\u00f3n, sexualidad y gen\u00e9tica 67<br \/>\n7.Evoluci\u00f3n y clasificaci\u00f3n de los seres vivos 87<br \/>\n8.El ecosistema 115<br \/>\n9.Conclusiones 121<br \/>\n10.Bibliograf\u00eda 125<\/p>\n","protected":false},"excerpt":{"rendered":"<p>Las ra\u00edces griegas de la Biolog\u00eda Antonio Moreno Castillo ISBN: 978-84-15203-78-0 126 pp. Esta obra \u2013con rigor pero de manera divulgativa\u2013 quiere dar una idea de las aportaciones que los griegos de la Antig\u00fcedad cl\u00e1sica hicieron a la biolog\u00eda, situ\u00e1ndose en el contexto de la ciencia universal. Se dedican cap\u00edtulos especiales a la circulaci\u00f3n de [&hellip;]<\/p>\n","protected":false},"featured_media":2589,"template":"","meta":[],"product_brand":[],"product_cat":[21],"product_tag":[],"class_list":{"0":"post-2588","1":"product","2":"type-product","3":"status-publish","4":"has-post-thumbnail","6":"product_cat-libros","8":"first","9":"instock","10":"taxable","11":"shipping-taxable","12":"purchasable","13":"product-type-simple"},"jetpack_sharing_enabled":true,"_links":{"self":[{"href":"https:\/\/www.eikasia.es\/index.php\/wp-json\/wp\/v2\/product\/2588","targetHints":{"allow":["GET"]}}],"collection":[{"href":"https:\/\/www.eikasia.es\/index.php\/wp-json\/wp\/v2\/product"}],"about":[{"href":"https:\/\/www.eikasia.es\/index.php\/wp-json\/wp\/v2\/types\/product"}],"wp:featuredmedia":[{"embeddable":true,"href":"https:\/\/www.eikasia.es\/index.php\/wp-json\/wp\/v2\/media\/2589"}],"wp:attachment":[{"href":"https:\/\/www.eikasia.es\/index.php\/wp-json\/wp\/v2\/media?parent=2588"}],"wp:term":[{"taxonomy":"product_brand","embeddable":true,"href":"https:\/\/www.eikasia.es\/index.php\/wp-json\/wp\/v2\/product_brand?post=2588"},{"taxonomy":"product_cat","embeddable":true,"href":"https:\/\/www.eikasia.es\/index.php\/wp-json\/wp\/v2\/product_cat?post=2588"},{"taxonomy":"product_tag","embeddable":true,"href":"https:\/\/www.eikasia.es\/index.php\/wp-json\/wp\/v2\/product_tag?post=2588"}],"curies":[{"name":"wp","href":"https:\/\/api.w.org\/{rel}","templated":true}]}}