{"id":2617,"date":"2024-05-17T18:53:12","date_gmt":"2024-05-17T16:53:12","guid":{"rendered":"https:\/\/www.eikasia.es\/?post_type=product&#038;p=2617"},"modified":"2024-05-20T18:03:56","modified_gmt":"2024-05-20T16:03:56","slug":"tentativas-y-localizaciones-en-el-pensamiento-filosofico-contemporaneo-pdf","status":"publish","type":"product","link":"https:\/\/www.eikasia.es\/index.php\/producto\/tentativas-y-localizaciones-en-el-pensamiento-filosofico-contemporaneo-pdf\/","title":{"rendered":"Tentativas y localizaciones en el pensamiento filos\u00f3fico contempor\u00e1neo (PDF)"},"content":{"rendered":"<p>Tentativas y localizaciones<br \/>\nen el pensamiento filos\u00f3fico<br \/>\ncontempor\u00e1neo<\/p>\n<p>Francisco Javier Gil Mart\u00edn<br \/>\nAlicia Garc\u00eda \u00c1lvarez<br \/>\nDavid S\u00e1nchez Pi\u00f1eiro<br \/>\n(compiladores)<\/p>\n<p>ISBN: 978-84-15203-79-7<br \/>\nD.L.: AS 00725-2024<br \/>\nOviedo 2024<\/p>\n<p>Este volumen sale al encuentro de destacadas figuras del panorama filos\u00f3fico contempor\u00e1neo, en su mayor\u00eda fil\u00f3sofos y fil\u00f3sofas que cuentan con un reconocimiento internacional. La compilaci\u00f3n no ha buscado una cabal representaci\u00f3n de todas las corrientes importantes del pensamiento filos\u00f3fico contempor\u00e1neo ni da acogida a todos los nombres se\u00f1eros que alg\u00fan lector, a buen seguro, tendr\u00e1 por indispensables o por m\u00e1s representativos. Con todo, se recoge una peque\u00f1a muestra que deja traslucir la abundancia de propuestas y personalidades que han ido poblando y migrando a lo largo y ancho de los territorios disciplinares \u2014tambi\u00e9n cabe y allende los foros acad\u00e9micos\u2014 de la filosof\u00eda contempor\u00e1nea.<br \/>\nMichel Onfray. Peter Sloterdijk. Bruno Latour. Chantal Mouffe. Cl\u00e9ment Rosset. Gayatri Chakravorty Spivak.<br \/>\nRichard Rorty. Jacques Ranci\u00e8re. Ian Hacking. Martha Nussbaum. John Gray.<br \/>\nSeyla Benhabib. Rosi Braidotti. Gustavo Bueno.<br \/>\nGayle Salamon. Giorgio Agamben. J\u00fcrgen Habermas. Ricardo S\u00e1nchez Ortiz de Urbina. Marc Richir. Gianni Vattimo&#8230; <\/p>\n<p>\u00cdndice<br \/>\nA prop\u00f3sito de un reciente peregrinaje de la Sociedad Asturiana de Filosof\u00eda por las sendas del pensamiento filos\u00f3fico contempor\u00e1neo, por Francisco Javier Gil Mart\u00edn, Alicia Garc\u00eda \u00c1lvarez y David S\u00e1nchez Pi\u00f1eiro.<br \/>\n9<br \/>\nParte I: La herencia del materalismo filos\u00f3fico<br \/>\n35<br \/>\nEl Acm\u00e9 ontol\u00f3gico de Gustavo Bueno: Identidades y cierres como criterios de cambio, por Alberto Hidalgo Tu\u00f1\u00f3n<br \/>\n37<br \/>\nAlot\u00e9tico e intencionalidad, por \u00c1lvaro Becerril Garc\u00eda<br \/>\n63<br \/>\nAproximaci\u00f3n a la filosof\u00eda de Ricardo S\u00e1nchez Ortiz de Urbina, por Silverio S\u00e1nchez Corredera<br \/>\n71<br \/>\nNota sobre lo sublime en Marc Richir, por Pelayo P\u00e9rez Garc\u00eda<br \/>\n131<br \/>\nConsideraciones sobre las influencias sociales en las ciencias: a vueltas con Gustavo Bueno, Ian Hacking y Bruno Latour, por Jos\u00e9 Ovidio \u00c1lvarez Rozada<br \/>\n135<br \/>\nJon Elster y el marxismo anal\u00edtico, por Alberto Hidalgo Tu\u00f1\u00f3n<br \/>\n169<br \/>\nJon Elster, \u00bfun liberal malgr\u00e9 lui? Sobre algunas incoherencias del marxismo anal\u00edtico, por David S\u00e1nchez Pi\u00f1eiro<br \/>\n193<br \/>\nMichel Onfray o el materialista inocente, por Alberto Hidalgo Tu\u00f1\u00f3n.<br \/>\n199<br \/>\nNota sobre la filosof\u00eda en Asturias, por Manuel Fern\u00e1ndez de la Cera<br \/>\n263<br \/>\nParte II: Incursiones en el pensamiento filos\u00f3fico contempor\u00e1neo<br \/>\n267<br \/>\nJ\u00fcrgen Habermas y la centralidad de los cl\u00e1sicos, por Francisco Javier Gil Mart\u00edn<br \/>\n269<br \/>\nPeter Sloterdijk y sus c\u00edrculos, por Rom\u00e1n Garc\u00eda Fern\u00e1ndez<br \/>\n277<br \/>\nSeyla Benhabib: la necesidad de un nuevo modelo de universalismo, por Alicia Garc\u00eda \u00c1lvarez<br \/>\n291<br \/>\nChantal Mouffe y la democracia: una propuesta agonista, por Alba Iglesias D\u00edaz<br \/>\n303<br \/>\n\u00bfEs el posfundacionalismo una posfilosof\u00eda? Un debate entre Richard Rorty y Ernesto Laclau, por David S\u00e1nchez Pi\u00f1eiro<br \/>\n309<br \/>\nNota sobre Giorgio Agamben, por Jos\u00e9 Antonio M\u00e9ndez Sanz<br \/>\n315<br \/>\nDemocracia, totalitarismo y contemporaneidad. La visi\u00f3n pol\u00edtica de Baruch de Spinoza y las aportaciones de Carl Schmitt y Giorgio Agamben, por Sergio Brea Garc\u00eda<br \/>\n323<br \/>\nDeriva a partir del deseo mim\u00e9tico, por Enrique Su\u00e1rez Ferreiro<br \/>\n345<br \/>\nNotas sobre Cl\u00e9ment Rosset, por Jos\u00e9 Antonio M\u00e9ndez Sanz<br \/>\n351<br \/>\nEl sujeto translucido. A prop\u00f3sito de Gianni Vattimo, por Vicente \u00c1lvarez Tamargo<br \/>\n359<br \/>\nJacques Ranci\u00e8re: Materiales para una revoluci\u00f3n sensible, por Luis Fe\u00e1s Costilla<br \/>\n365<br \/>\nGayatri Chakravorty Spivak: deconstrucci\u00f3n, subalternidad y capitalismo global, por Claudia Delgado Caballero<br \/>\n373<br \/>\nRosi Braidotti: monstruos de tr\u00e1nsito hacia horizontes tecnocient\u00edficos zoe-igualitarios, por Mar\u00eda J. Miranda Su\u00e1rez<br \/>\n385<br \/>\nGayle Salamon: actos performativos, intersubjetividad y estructuras tecnosociales del cuerpo, por Mar\u00eda J. Miranda Su\u00e1rez<br \/>\n401<br \/>\nEl individuo con el Estado. El enfoque de las capacidades de Martha Nussbaum como correlato \u00e9tico, jur\u00eddico y filos\u00f3fico del socioliberalismo pol\u00edtico, por Sergio Brea Garc\u00eda<br \/>\n417<br \/>\nA prop\u00f3sito de la cr\u00edtica de Martha Nussbaum al libertarismo, por Noem\u00ed Carro S\u00e1nchez<br \/>\n433<br \/>\nEn el nombre del Progreso. Las dicotom\u00edas liberalismo cl\u00e1sico\/liberalismo moderno y modus vivendi\/universalismo en el pensamiento de John Gray, por Sergio Brea Garc\u00eda<br \/>\n441<br \/>\nCertezas pol\u00edticas. Un desarrollo de la obra de Wittgenstein y Ortega y Gasset, por Carlos Vald\u00e9s \u00c1lvarez<br \/>\n451<br \/>\nProposiciones, necesidad a posteriori y enunciados de clase natural en Saul Kripke, por Ainhoa Fern\u00e1ndez<br \/>\n463<\/p>\n","protected":false},"excerpt":{"rendered":"<p>Tentativas y localizaciones en el pensamiento filos\u00f3fico contempor\u00e1neo Francisco Javier Gil Mart\u00edn Alicia Garc\u00eda \u00c1lvarez David S\u00e1nchez Pi\u00f1eiro (compiladores) ISBN: 978-84-15203-79-7 D.L.: AS 00725-2024 Oviedo 2024 Este volumen sale al encuentro de destacadas figuras del panorama filos\u00f3fico contempor\u00e1neo, en su mayor\u00eda fil\u00f3sofos y fil\u00f3sofas que cuentan con un reconocimiento internacional. La compilaci\u00f3n no ha buscado [&hellip;]<\/p>\n","protected":false},"featured_media":2618,"template":"","meta":[],"product_brand":[],"product_cat":[17,20,86,87],"product_tag":[],"class_list":{"0":"post-2617","1":"product","2":"type-product","3":"status-publish","4":"has-post-thumbnail","6":"product_cat-filosofia","7":"product_cat-historia-de-la-filosofia","8":"product_cat-libros-digitales","9":"product_cat-libros-en-pdf","11":"first","12":"instock","13":"downloadable","14":"taxable","15":"shipping-taxable","16":"purchasable","17":"product-type-simple"},"jetpack_sharing_enabled":true,"_links":{"self":[{"href":"https:\/\/www.eikasia.es\/index.php\/wp-json\/wp\/v2\/product\/2617","targetHints":{"allow":["GET"]}}],"collection":[{"href":"https:\/\/www.eikasia.es\/index.php\/wp-json\/wp\/v2\/product"}],"about":[{"href":"https:\/\/www.eikasia.es\/index.php\/wp-json\/wp\/v2\/types\/product"}],"wp:featuredmedia":[{"embeddable":true,"href":"https:\/\/www.eikasia.es\/index.php\/wp-json\/wp\/v2\/media\/2618"}],"wp:attachment":[{"href":"https:\/\/www.eikasia.es\/index.php\/wp-json\/wp\/v2\/media?parent=2617"}],"wp:term":[{"taxonomy":"product_brand","embeddable":true,"href":"https:\/\/www.eikasia.es\/index.php\/wp-json\/wp\/v2\/product_brand?post=2617"},{"taxonomy":"product_cat","embeddable":true,"href":"https:\/\/www.eikasia.es\/index.php\/wp-json\/wp\/v2\/product_cat?post=2617"},{"taxonomy":"product_tag","embeddable":true,"href":"https:\/\/www.eikasia.es\/index.php\/wp-json\/wp\/v2\/product_tag?post=2617"}],"curies":[{"name":"wp","href":"https:\/\/api.w.org\/{rel}","templated":true}]}}