{"id":2646,"date":"2024-06-10T18:50:47","date_gmt":"2024-06-10T16:50:47","guid":{"rendered":"https:\/\/www.eikasia.es\/?post_type=product&#038;p=2646"},"modified":"2024-11-27T12:36:58","modified_gmt":"2024-11-27T11:36:58","slug":"el-materialismo-analogico-de-gustavo-bueno","status":"publish","type":"product","link":"https:\/\/www.eikasia.es\/index.php\/producto\/el-materialismo-analogico-de-gustavo-bueno\/","title":{"rendered":"El materialismo anal\u00f3gico de Gustavo Bueno vol.1"},"content":{"rendered":"<p>El z\u00f3calo de la realidad<br \/>\nEl materialismo anal\u00f3gico de Gustavo Bueno<br \/>\n(vol. I)<br \/>\nISBN obra completa: 978-84-15203-81-0<br \/>\nISBN vol\u00famen I: 978-84-15203-82-7<br \/>\n20 Euros.<\/p>\n<p><strong>Alberto Hidalgo Tu\u00f1\u00f3n<\/strong> (Oviedo, 1946)<br \/>\nProfesor universitario hasta 2017, Alberto Hidalgo ha tenido su principal \u00e1rea de inter\u00e9s y docencia en la sociolog\u00eda del conocimiento y de las ciencias, cuyos fundamentos, historia y virtualidades estudi\u00f3 como pocos desde las coordenadas del materialismo filos\u00f3fico. Ley\u00f3 su tesis doctoral en 1990, dirigida por Gustavo Bueno, titulada: Gnoseolog\u00eda de las ciencias de la organizaci\u00f3n administrativa (la organizaci\u00f3n de la ciencia y la ciencia de la organi-zaci\u00f3n).<br \/>\nEs fundador de la Sociedad Asturiana de Filosof\u00eda (SAF) instituci\u00f3n que tambi\u00e9n presidi\u00f3 (1981-2000). Es miembro fundador y parte del Consejo de Redacci\u00f3n de Eikas\u00eda, Revista de Filosof\u00eda (2005). Fue reconocido en 2000 por la Academia Internacional de Humanismo cuyo Manifiesto Humanista 2000 firm\u00f3 y tradujo al espa\u00f1ol.<br \/>\nForm\u00f3 parte del primer c\u00edrculo del materialismo filos\u00f3fico organizado en torno a Gustavo Bueno en la Universidad de Oviedo. Ha sido un promotor de la filosof\u00eda acad\u00e9mica en la ense\u00f1anza media para lo que trabaj\u00f3 en la elaboraci\u00f3n de distintos libros de texto (v. gr. Symplok\u00e9: filosof\u00eda 3.\u00ba de BUP [J\u00facar, 1987; 2.\u00aa ed. 1989], escrita con Gustavo Bueno y Carlos Iglesias). Entre sus obras destacan: Reflexi\u00f3n \u00e9tica sobre el racismo y la xenofobia: fundamentos te\u00f3ricos (Editorial Popular, 1993) o \u00c9tica y moral para el tercer milenio (Eikas\u00eda, 2002).<br \/>\nEl z\u00f3calo de la realidad es un libro antol\u00f3gico en el que el fil\u00f3sofo Alberto Hidalgo Tu\u00f1\u00f3n pasa revista al desarrollo del materialismo filos\u00f3fico a trav\u00e9s de su propio trabajo de cronis-ta, divulgador y colaborador necesario para la construcci\u00f3n del sistema. En este primer vo-lumen asistimos a los primeros pasos de uno de los proyectos filos\u00f3ficos hispanos m\u00e1s rele-vantes del siglo XX y principios del XXI atendiendo a su contexto, vocabulario y formula-ci\u00f3n de la teor\u00eda del cierre categorial (gnoseolog\u00eda).<\/p>\n<p>\u00cdndice<br \/>\nMateria: z\u00f3calo de la realidad 7<br \/>\nPr\u00f3logo general: La materia como fundamento de todo materialismo 9<br \/>\nEl materialismo anal\u00f3gico de Gustavo Bueno (vol. I.) 95<br \/>\nPrologo al materialismo anal\u00f3gico 97<br \/>\nIntroducci\u00f3n: El acm\u00e9 ontol\u00f3gico de Gustavo Bueno: identidades y cierres como criterios de cambio 99<br \/>\nPrimera parte. El materialismo filos\u00f3fico de Gustavo Bueno en contexto 127<br \/>\nApunte hist\u00f3rico sobre la definici\u00f3n de materialismo 131<br \/>\nPresentaci\u00f3n de Gustavo Bueno como materialista en el contexto filos\u00f3fico franc\u00e9s 147<br \/>\nA vueltas con el materialismo 153<br \/>\nMateria y complejidad 157<br \/>\nSegunda parte. En busca de un vocabulario propio 183<br \/>\nMaterialismo y presocr\u00e1tica 187<br \/>\nEl materialismo de Spinoza 193<br \/>\nContradicci\u00f3n 207<br \/>\nProgressus 219<br \/>\nRegressus 221<br \/>\nTercera parte. El proyecto m\u00e1s ambicioso: la gnoseolog\u00eda materialista del cierre categorial 227<br \/>\nCierre categorial 231<br \/>\nEstirpe y sistema de la teor\u00eda del cierre categorial 243<br \/>\nEl aperitivo del cierre categorial 291<br \/>\nDemarcaciones metacient\u00edficas 297<br \/>\nDe la noetolog\u00eda a la gnoseolog\u00eda 303<br \/>\nMetodolog\u00edas alfa-mertonianas y beta-childianas 347<br \/>\nBibliograf\u00eda 391<br \/>\nProcedencia de los textos 405<br \/>\n\u00cdndice del vol\u00famen segundo 409<\/p>\n<p>\/<\/p>\n","protected":false},"excerpt":{"rendered":"<p>El z\u00f3calo de la realidad El materialismo anal\u00f3gico de Gustavo Bueno (vol. I) ISBN obra completa: 978-84-15203-81-0 ISBN vol\u00famen I: 978-84-15203-82-7 20 Euros. Alberto Hidalgo Tu\u00f1\u00f3n (Oviedo, 1946) Profesor universitario hasta 2017, Alberto Hidalgo ha tenido su principal \u00e1rea de inter\u00e9s y docencia en la sociolog\u00eda del conocimiento y de las ciencias, cuyos fundamentos, historia [&hellip;]<\/p>\n","protected":false},"featured_media":2647,"template":"","meta":[],"product_brand":[],"product_cat":[59,17,21],"product_tag":[],"class_list":{"0":"post-2646","1":"product","2":"type-product","3":"status-publish","4":"has-post-thumbnail","6":"product_cat-contemporanea","7":"product_cat-filosofia","8":"product_cat-libros","10":"first","11":"instock","12":"taxable","13":"shipping-taxable","14":"purchasable","15":"product-type-simple"},"jetpack_sharing_enabled":true,"_links":{"self":[{"href":"https:\/\/www.eikasia.es\/index.php\/wp-json\/wp\/v2\/product\/2646","targetHints":{"allow":["GET"]}}],"collection":[{"href":"https:\/\/www.eikasia.es\/index.php\/wp-json\/wp\/v2\/product"}],"about":[{"href":"https:\/\/www.eikasia.es\/index.php\/wp-json\/wp\/v2\/types\/product"}],"wp:featuredmedia":[{"embeddable":true,"href":"https:\/\/www.eikasia.es\/index.php\/wp-json\/wp\/v2\/media\/2647"}],"wp:attachment":[{"href":"https:\/\/www.eikasia.es\/index.php\/wp-json\/wp\/v2\/media?parent=2646"}],"wp:term":[{"taxonomy":"product_brand","embeddable":true,"href":"https:\/\/www.eikasia.es\/index.php\/wp-json\/wp\/v2\/product_brand?post=2646"},{"taxonomy":"product_cat","embeddable":true,"href":"https:\/\/www.eikasia.es\/index.php\/wp-json\/wp\/v2\/product_cat?post=2646"},{"taxonomy":"product_tag","embeddable":true,"href":"https:\/\/www.eikasia.es\/index.php\/wp-json\/wp\/v2\/product_tag?post=2646"}],"curies":[{"name":"wp","href":"https:\/\/api.w.org\/{rel}","templated":true}]}}