{"id":2764,"date":"2024-10-02T09:10:44","date_gmt":"2024-10-02T07:10:44","guid":{"rendered":"https:\/\/www.eikasia.es\/?post_type=product&#038;p=2764"},"modified":"2024-10-02T09:44:56","modified_gmt":"2024-10-02T07:44:56","slug":"el-zocalo-de-la-realidad-vol-ii","status":"publish","type":"product","link":"https:\/\/www.eikasia.es\/index.php\/producto\/el-zocalo-de-la-realidad-vol-ii\/","title":{"rendered":"El z\u00f3calo de la realidad Vol. II"},"content":{"rendered":"<p>ISBN vol\u00famen II: 978-84-15203-85-8, Oviedo, 2024,352 pp.<\/p>\n<p>Alberto Hidalgo Tu\u00f1\u00f3n (Oviedo, 1946)<\/p>\n<p>Profesor universitario hasta 2017, Alberto Hidalgo ha enfocado su principal \u00e1rea de inter\u00e9s y docencia en la sociolog\u00eda del conocimiento y de las ciencias, cuyos fundamentos, historia y virtualidades estudi\u00f3 como pocos desde las coordenadas del materialismo filos\u00f3fico.<\/p>\n<p>Es fundador de la Sociedad Asturiana de Filosof\u00eda (SAF) instituci\u00f3n que tambi\u00e9n presidi\u00f3. Es miembro fundador y parte del Consejo de Redacci\u00f3n de Eikas\u00eda, Revista de Filosof\u00eda. Fue reconocido en 1984 por la Academia Internacional de Humanismo, cuyo Manifiesto Humanista 2000 firm\u00f3 y tradujo al espa\u00f1ol. Ha sido un promotor de la filosof\u00eda acad\u00e9mica en la ense\u00f1anza media para lo que trabaj\u00f3 en la elaboraci\u00f3n de distintos libros de texto (v. gr. Symplok\u00e9: filosof\u00eda 3.\u00ba de BUP [J\u00facar, 1987; 2.\u00aa ed. 1989], escrita con Gustavo Bueno y Carlos Iglesias). Entre sus obras destacan: Reflexi\u00f3n \u00e9tica sobre el racismo y la xenofobia: fundamentos te\u00f3ricos (Editorial Popular, 1993) o \u00c9tica y moral para el tercer milenio (Eikas\u00eda, 2002).<\/p>\n<p>El z\u00f3calo de la realidad es un intento antol\u00f3gico en el que el fil\u00f3sofo Alberto Hidalgo Tu\u00f1\u00f3n pasa revista al desarrollo del materialismo filos\u00f3fico a trav\u00e9s de su propio trabajo de cronista, divulgador y colaborador necesario para la construcci\u00f3n del sistema. En este segundo volumen dedicado al materialismo anal\u00f3gico de G. Bueno se abordan la antropolog\u00eda, la filosof\u00eda de la religi\u00f3n y la debatida cuesti\u00f3n del ego trascendental.<\/p>\n<p>\u00cdndice<\/p>\n<p>Parte IV. La filosof\u00eda materialista de la religi\u00f3n: El animal divino<\/p>\n<p>El ser necesario como animal divino<br \/>\nEl dilema del fundamentalismo<br \/>\nUn texto de contextos<br \/>\nAguas peligrosas. La evoluci\u00f3n hist\u00f3rico-cultural de las religiones<br \/>\nLa segunda navegaci\u00f3n de Gustavo Bueno<\/p>\n<p>Parte V. El espacio antropol\u00f3gico como pista de aterrizaje de la praxis humana<\/p>\n<p>Ciencia y cultura en el pensamiento contempor\u00e1neo<br \/>\n\u00bfQu\u00e9 se entiende por cultura?<br \/>\nAsalto al fantasma: viaje por el espacio antropol\u00f3gico<br \/>\nIdentidad cultural versus globalizaci\u00f3n<br \/>\nLa escalera dial\u00e9ctica del progreso<br \/>\nDescenso a la caverna<br \/>\nLa opci\u00f3n de Espa\u00f1a por Europa \u00bfes un \u00abortograma\u00bb?<br \/>\nEl concepto de \u00abortograma\u00bb y el problema de la ideolog\u00eda. Tres dificultades<\/p>\n<p>Parte VI. La analog\u00eda suprema entre el mapamundi y el ego trascendental<\/p>\n<p>Imagen, s\u00edmbolo y realidad de Gustavo Bueno<br \/>\nImagen, s\u00edmbolo y realidad de Gustavo Bueno (del t\u00f3pico mundano a la refutaci\u00f3n filos\u00f3fica<br \/>\nLeyendo a Gustavo Bueno<br \/>\nEl lugar de la filosof\u00eda<br \/>\nLa adopci\u00f3n de Bueno<br \/>\nGustavo Bueno y la Universidad de Oviedo<br \/>\n\u00abEgos trascendentales\u00bb y \u00abcaballos de Troya\u00bb (primera parte): apunte sobre lo \u00abtrascendental\u00bb en el materialismo<br \/>\n\u00abEgos trascendentales\u00bb y \u00abcaballos de Troya\u00bb (segunda parte): apunte sobre lo \u00abhumano\u00bb en el materialismo<br \/>\nSe apag\u00f3 el volc\u00e1n<br \/>\nEpiciclos y exc\u00e9ntricas en la trayectoria filos\u00f3fica de Gustavo Bueno<br \/>\nBibliograf\u00eda<br \/>\nProcedencia de los textos<br \/>\n\u00cdndice vol.I<br \/>\n\u00cdndice vol.II<\/p>\n<p><a href=\"https:\/\/www.eikasia.es\/index.php\/producto\/el-materialismo-analogico-de-gustavo-bueno\/\">Ir al volumen I<\/a><\/p>\n","protected":false},"excerpt":{"rendered":"<p>ISBN vol\u00famen II: 978-84-15203-85-8, Oviedo, 2024,352 pp. Alberto Hidalgo Tu\u00f1\u00f3n (Oviedo, 1946) Profesor universitario hasta 2017, Alberto Hidalgo ha enfocado su principal \u00e1rea de inter\u00e9s y docencia en la sociolog\u00eda del conocimiento y de las ciencias, cuyos fundamentos, historia y virtualidades estudi\u00f3 como pocos desde las coordenadas del materialismo filos\u00f3fico. Es fundador de la Sociedad [&hellip;]<\/p>\n","protected":false},"featured_media":2765,"template":"","meta":[],"product_brand":[],"product_cat":[21],"product_tag":[119,118,93,91],"class_list":{"0":"post-2764","1":"product","2":"type-product","3":"status-publish","4":"has-post-thumbnail","6":"product_cat-libros","7":"product_tag-constructivismo","8":"product_tag-filosofia-materialista","9":"product_tag-gustavo-bueno","10":"product_tag-materialismo-filosofico","12":"first","13":"instock","14":"taxable","15":"shipping-taxable","16":"purchasable","17":"product-type-simple"},"jetpack_sharing_enabled":true,"_links":{"self":[{"href":"https:\/\/www.eikasia.es\/index.php\/wp-json\/wp\/v2\/product\/2764","targetHints":{"allow":["GET"]}}],"collection":[{"href":"https:\/\/www.eikasia.es\/index.php\/wp-json\/wp\/v2\/product"}],"about":[{"href":"https:\/\/www.eikasia.es\/index.php\/wp-json\/wp\/v2\/types\/product"}],"wp:featuredmedia":[{"embeddable":true,"href":"https:\/\/www.eikasia.es\/index.php\/wp-json\/wp\/v2\/media\/2765"}],"wp:attachment":[{"href":"https:\/\/www.eikasia.es\/index.php\/wp-json\/wp\/v2\/media?parent=2764"}],"wp:term":[{"taxonomy":"product_brand","embeddable":true,"href":"https:\/\/www.eikasia.es\/index.php\/wp-json\/wp\/v2\/product_brand?post=2764"},{"taxonomy":"product_cat","embeddable":true,"href":"https:\/\/www.eikasia.es\/index.php\/wp-json\/wp\/v2\/product_cat?post=2764"},{"taxonomy":"product_tag","embeddable":true,"href":"https:\/\/www.eikasia.es\/index.php\/wp-json\/wp\/v2\/product_tag?post=2764"}],"curies":[{"name":"wp","href":"https:\/\/api.w.org\/{rel}","templated":true}]}}