{"id":2882,"date":"2024-12-18T17:26:09","date_gmt":"2024-12-18T16:26:09","guid":{"rendered":"https:\/\/www.eikasia.es\/?post_type=product&#038;p=2882"},"modified":"2024-12-18T17:28:46","modified_gmt":"2024-12-18T16:28:46","slug":"rutas-fronteras-y-complejidad-mas-alla-de-imperios-y-de-naciones-pdf","status":"publish","type":"product","link":"https:\/\/www.eikasia.es\/index.php\/producto\/rutas-fronteras-y-complejidad-mas-alla-de-imperios-y-de-naciones-pdf\/","title":{"rendered":"Rutas, Fronteras y complejidad. M\u00e1s All\u00e1 de Imperios y de naciones (PDF)"},"content":{"rendered":"<p>M\u00c1S ALL\u00c1 DE IMPERIOS Y DE NACIONES. 4vol.<br \/>\nFernando Miguel P\u00e9rez Herranz<br \/>\nISBN Obra Completa: 978-84-15203-71-1<\/p>\n<p><strong>Volumen 1. RUTAS, FRONTERAS Y COMPLEJIDAD<\/strong><br \/>\nISBN Tomo I: 978-84-15203-72-8<\/p>\n<p>Sobre la obra<br \/>\n<a href=\"https:\/\/www.eikasia.es\/wp-content\/uploads\/2023\/12\/Silverio-44-06-07-at-00.23.21.jpeg\" target=\"_blank\" rel=\"noopener\">Silverio S\u00e1nchez Corredera: Herranz, la Historia no es un cuento,<em> La Nueva Espa\u00f1a,<\/em> 6 junio de 2024.<\/a><\/p>\n<p><a href=\"https:\/\/youtu.be\/4Y9_J5pobcM\">Entrevista a Fernando Miguel Perez Herranz, por Silverio Sanchez Corredera. VER VIDEO<\/a><\/p>\n<p>\u00cdNDICE<\/p>\n<p>Pr\u00f3logo. EN LOS TOROS DE GUISANDO. Punto de bifurcaci\u00f3n<br \/>\n1 \u00abAQU\u00cd COMENZ\u00d3 TODO\u00bb<br \/>\n2 LA POSHISTORIA \u00bfCIERRE DE LA HISTORIA?<br \/>\n3 HIPERCATEGOR\u00cdAS<br \/>\nRutas<br \/>\nFronteras<br \/>\nSingularidades<br \/>\nComplejidad<\/p>\n<p>Volumen 1. RUTAS, FRONTERAS Y COMPLEJIDAD<\/p>\n<p>Cap\u00edtulo I. POR LAS SIERRAS ABULENSES. Rutas<br \/>\n4 LA SINGULARIDAD EUROPEA<br \/>\nCombate historiogr\u00e1fico<br \/>\n5 EL FIN DEL IMPERIO ROMANO, EL CRISTIANISMO Y EL REPARTO DEL PODER<br \/>\nClodoveo, el reino franco y la irrupci\u00f3n del cristianismo<br \/>\nEfectos del cruce de la civilizaci\u00f3n romana y los pueblos b\u00e1rbaros<br \/>\nExpansi\u00f3n del Islam<br \/>\nNarraci\u00f3n est\u00e1ndar<br \/>\nLa re-conquista: Roma y Saint-Denis de Par\u00eds<br \/>\nPropaganda y refutaci\u00f3n musulmana<br \/>\nDe la resistencia al ataque: Cluny<br \/>\nDe la mirada hacia Jerusal\u00e9n a la mirada hacia las Am\u00e9ricas<br \/>\n6 LA FORMACI\u00d3N DEL \u00abESP\u00cdRITU\u00bb DE LAS NACIONES: LOS MODELOS \u00abFATO PROFUGUS\u00bb<br \/>\nY \u00abDEO DISJUNGITUR\u00bb<br \/>\nRivalidad Iglesia &#8211; Imperio<br \/>\nEl modelo \u00abFATO PROFUGOS\u00bb \/ \u00abPR\u00d3FUGO A SU PESAR\u00bb<br \/>\nEl modelo \u00abDEO DISJUNGITUR\u00bb \/ \u00abALEJARSE DE DIOS\u00bb<br \/>\nInterludio: la \u00abexuberancia\u00bb ontol\u00f3gica del siglo XVI<br \/>\nHacia el modelo \u00abIMPERIO DISJUNGITUR\u00bb \/ \u00abALEJARSE DEL IMPERIO\u00bb<br \/>\nLas Rutas y la fragmentaci\u00f3n nacional europea: el Tratado de Tordesillas<br \/>\nUn viaje por Espa\u00f1a<\/p>\n<p>Cap\u00edtulo II. EN LA HECHIZADA CIUDAD DE SALAMANCA. Frontera cristiana<br \/>\n7 FRONTERA CRISTIANA<br \/>\nImperios, naciones y naciones-imperio<br \/>\n8 HISTORIA, SOCIEDAD, ECONOM\u00cdA, EVOLUCI\u00d3N, CIENCIAS Y CATOLICISMO<br \/>\nEl nacimiento de la Historia: Herder, Fichte y Hegel<br \/>\nEconomicismo: Econom\u00eda e Historia<br \/>\nSociologismo: Civilizaci\u00f3n e Historia<br \/>\nEvolucionismo: Evoluci\u00f3n e Historia<br \/>\nCatolicismo: Contrarrevoluci\u00f3n e Historia<br \/>\n9 HISTORICISMO: LA HISTORIA SOBRE S\u00cd MISMA<br \/>\nEl Cameralismo<br \/>\nLa Historia en Alemania<br \/>\nLa Escuela Hist\u00f3rica del Derecho<br \/>\nLa Escuela Hist\u00f3rica de la Econom\u00eda<br \/>\nEl m\u00e9todo hist\u00f3rico: el arte de unir \u2018objetos\u2019 y \u2018sujetos\u2019<br \/>\nCr\u00edtica de la Raz\u00f3n Hist\u00f3rica: Wilhelm Dilthey<br \/>\nEl historicismo cultural<br \/>\nLa Biopol\u00edtica<br \/>\n10 CONVERGENCIA: HACIA LA NACI\u00d3N<br \/>\n\u00bfNaciones o federaci\u00f3n europea?<br \/>\nEl Estado impersonal<br \/>\nNaci\u00f3n y raza<br \/>\nLa decadencia \u00abfin-de-si\u00e8cle\u00bb: Naci\u00f3n-imperio adversus Sociedad<br \/>\nDe las guerras coloniales a la Gran Guerra (1914-1918)<br \/>\nLos l\u00edmites del \u00absujeto\u00bb europeo<br \/>\nOntolog\u00eda: los efectos de la Gran Guerra<br \/>\nEl remate final: la Shoah<\/p>\n<p>Cap\u00edtulo III. TOLEDO, COMPENDIO DE TODAS LAS MAGIAS. Frontera semita y Complejidad<br \/>\n11 FRONTERA SEMITA<br \/>\n12 DE LA ESCUELA DE \u00abANNALES\u00bb A LA HISTORIA DE LAS MENTALIDADES<br \/>\nEric Hobsbawm y la invenci\u00f3n de la tradici\u00f3n<br \/>\nOtra forma de contar la historia: La Historia de las mentalidades<br \/>\nEl giro ling\u00fc\u00edstico<br \/>\nDe las m\u00faltiples posibilidades humanas para fijar la AMBIG\u00dcEDAD<br \/>\nLa \u00abEdad del Libro\u00bb: la experiencia hispano-conversa<br \/>\n13 HISPANIA Y LA \u00abFRONTERA\u00bb<br \/>\nLa red de expansi\u00f3n \u00e1rabe<br \/>\nEl califato de C\u00f3rdoba<br \/>\n\u00b7 La \u00abedad de oro\u00bb de la cultura hebrea<br \/>\nReinos de Taifas (1031-1086) y florecimiento de la cultura<br \/>\nInvasi\u00f3n almor\u00e1vide (1086-1146) y declive del juda\u00edsmo andalus\u00ed<br \/>\nInvasi\u00f3n almohade (1146-1232) y exilio o conversi\u00f3n de los jud\u00edos<br \/>\nMaim\u00f3nides y el maimonide\u00edsmo<br \/>\n\u00b7 \u00abM\u00e9todo\u00bb adversus \u00abBuen juicio\u00bb<br \/>\n\u00b7 Almohades y andalus\u00edes<br \/>\nLa Naturaleza o la resistencia al Libro: Averroes y el averro\u00edsmo<br \/>\n14 TOLEDO, CRUCE DE TODOS LOS CAMINOS<br \/>\nLa Hispania traductora: Toledo, Ripoll, Le\u00f3n, Tudela, Burgos\u2026<br \/>\nLa cultura alfons\u00ed: la lengua o el \u00abrumor de los desarraigados\u00bb<br \/>\nEl averro\u00edsmo: punto de conexi\u00f3n entre Oriente y Occidente<br \/>\n15 EL ACIAGO A\u00d1O DE 1391<br \/>\n\u00abEuropeizar la Hispania fronteriza\u00bb: el modelo de vida cluniacense-romano<br \/>\n\u00abEuropeizar a la poblaci\u00f3n sefard\u00ed\u00bb: el modelo asquenaz\u00ed<br \/>\nLa Complejidad no querida de los Trast\u00e1mara y el desplazamiento de la frontera semita<br \/>\nADENDA. Toledo y Europa: Documento<br \/>\n\u00cdndice onom\u00e1stico<\/p>\n<p>Precio de ejemplar 20 euros. Suscripci\u00f3n hasta el 30 de diciembre 60 euros (25% de descuento). Los ejemplares se ir\u00e1n recibiendo seg\u00fan su publicaci\u00f3n. El primero ser\u00eda enviado antes del 30 de diciembre.<\/p>\n<p>Volumen 1.<br \/>\nRUTAS, FRONTERAS Y COMPLEJIDAD<\/p>\n<p>Volumen 2.<br \/>\nSINGULARIDAD IMPERIAL: DEL MEDITERR\u00c1NEO AL ATL\u00c1NTICO<\/p>\n<p>Volumen 3.<br \/>\n\u00abY T\u00da, \u00bfDE QUI\u00c9N ERES?\u00bb FORMACI\u00d3N DE LA SUBJETIVIDAD HISPANA<\/p>\n<p>Volumen 4.<br \/>\nEL FIN DE LA ARROGANCIA FEUDAL &#8211; NACIONAL EUROPEA<\/p>\n<p><a href=\"https:\/\/www.youtube.com\/watch?v=4Y9_J5pobcM\">Entrevista a Fernando P\u00e9rez Herranz, por Silverio S\u00e1nchez Corredera<\/a><\/p>\n","protected":false},"excerpt":{"rendered":"<p>M\u00c1S ALL\u00c1 DE IMPERIOS Y DE NACIONES. 4vol. Fernando Miguel P\u00e9rez Herranz ISBN Obra Completa: 978-84-15203-71-1 Volumen 1. RUTAS, FRONTERAS Y COMPLEJIDAD ISBN Tomo I: 978-84-15203-72-8 Sobre la obra Silverio S\u00e1nchez Corredera: Herranz, la Historia no es un cuento, La Nueva Espa\u00f1a, 6 junio de 2024. Entrevista a Fernando Miguel Perez Herranz, por Silverio Sanchez [&hellip;]<\/p>\n","protected":false},"featured_media":2459,"template":"","meta":[],"product_brand":[],"product_cat":[59,17,21],"product_tag":[],"class_list":{"0":"post-2882","1":"product","2":"type-product","3":"status-publish","4":"has-post-thumbnail","6":"product_cat-contemporanea","7":"product_cat-filosofia","8":"product_cat-libros","10":"first","11":"instock","12":"downloadable","13":"taxable","14":"shipping-taxable","15":"purchasable","16":"product-type-simple"},"jetpack_sharing_enabled":true,"_links":{"self":[{"href":"https:\/\/www.eikasia.es\/index.php\/wp-json\/wp\/v2\/product\/2882","targetHints":{"allow":["GET"]}}],"collection":[{"href":"https:\/\/www.eikasia.es\/index.php\/wp-json\/wp\/v2\/product"}],"about":[{"href":"https:\/\/www.eikasia.es\/index.php\/wp-json\/wp\/v2\/types\/product"}],"wp:featuredmedia":[{"embeddable":true,"href":"https:\/\/www.eikasia.es\/index.php\/wp-json\/wp\/v2\/media\/2459"}],"wp:attachment":[{"href":"https:\/\/www.eikasia.es\/index.php\/wp-json\/wp\/v2\/media?parent=2882"}],"wp:term":[{"taxonomy":"product_brand","embeddable":true,"href":"https:\/\/www.eikasia.es\/index.php\/wp-json\/wp\/v2\/product_brand?post=2882"},{"taxonomy":"product_cat","embeddable":true,"href":"https:\/\/www.eikasia.es\/index.php\/wp-json\/wp\/v2\/product_cat?post=2882"},{"taxonomy":"product_tag","embeddable":true,"href":"https:\/\/www.eikasia.es\/index.php\/wp-json\/wp\/v2\/product_tag?post=2882"}],"curies":[{"name":"wp","href":"https:\/\/api.w.org\/{rel}","templated":true}]}}