{"id":2884,"date":"2024-12-18T17:57:57","date_gmt":"2024-12-18T16:57:57","guid":{"rendered":"https:\/\/www.eikasia.es\/?post_type=product&#038;p=2884"},"modified":"2024-12-18T18:05:11","modified_gmt":"2024-12-18T17:05:11","slug":"el-esclavo-sombra-de-su-senor-variaciones-en-torno-a-las-declaraciones-de-derechos-humanos-pdf","status":"publish","type":"product","link":"https:\/\/www.eikasia.es\/index.php\/producto\/el-esclavo-sombra-de-su-senor-variaciones-en-torno-a-las-declaraciones-de-derechos-humanos-pdf\/","title":{"rendered":"El esclavo, sombra de su se\u00f1or. Variaciones en torno a las declaraciones de Derechos Humanos (PDF)"},"content":{"rendered":"<ul>\n<li class=\"no-topo\"><strong>Pr\u00f3logo<\/strong> <strong>7<\/strong><\/li>\n<li class=\"no-topo\"><strong>Parte I. Derechos Humanos y constituci\u00f3n del sujeto moderno<\/strong> <strong>21<\/strong><\/li>\n<li class=\"no-topo\">Composici\u00f3n del sujeto moderno y Derechos Humanos 23<\/li>\n<li class=\"no-topo\">Contextos de las declaraciones Universales de Derechos Humanos 37<\/li>\n<li class=\"no-topo\">El nuevo Libro: la Constituci\u00f3n escrita 53<\/li>\n<li class=\"no-topo\">Derechos de Dios, de la Naturaleza y del Hombre 55<\/li>\n<li class=\"no-topo\">Los derechos del Hombre neutralizan los derechos de Dios y de la Naturaleza 61<\/li>\n<li class=\"no-topo\">\u00abCierre antropol\u00f3gico\u00bb para la aplicaci\u00f3n de los Derechos Humanos 65<\/li>\n<li class=\"no-topo\">Definici\u00f3n \u00abformal\u00bb de derechos humanos 72<\/li>\n<li class=\"no-topo\">El ox\u00edmoron Derechos Humanos 74<\/li>\n<li class=\"no-topo\">Acontecimientos especiales para una definici\u00f3n de los Derechos Humanos 77<\/li>\n<li class=\"no-topo\">El acontecimiento de la colonizaci\u00f3n griega 82<\/li>\n<li class=\"no-topo\">El acontecimiento del mundo cosmopolita helen\u00edstico 84<\/li>\n<li class=\"no-topo\">El acontecimiento del Cristianismo difundido por las calzadas romanas 85<\/li>\n<li class=\"no-topo\">El acontecimiento de la Hispania-frontera y cruce de pueblos 87<\/li>\n<li class=\"no-topo\">El acontecimiento de la \u00abdisputa de la pobreza\u00bb y el Derecho subjetivo 92<\/li>\n<li class=\"no-topo\">El acontecimiento de la Monarqu\u00eda Universal Cat\u00f3lica de los Habsburgo 95<\/li>\n<li class=\"no-topo\">El acontecimiento de la Ilustraci\u00f3n 101<\/li>\n<li class=\"no-topo\">El acontecimiento del Humanitarismo (los prisioneros de guerra) 104<\/li>\n<li class=\"no-topo\">El acontecimiento de la Econom\u00eda sostenida en la Esclavitud 106<\/li>\n<li class=\"no-topo\">El acontecimiento singular o Singularidad: la Shoah 110<\/li>\n<li class=\"no-topo\">Definici\u00f3n combinatoria de los Derechos Humanos y efectos derivados 119<\/li>\n<li class=\"no-topo\">Qui\u00e9n, y con qu\u00e9 autoridad, otorga los Derechos Humanos 122<\/li>\n<li class=\"no-topo\">A qui\u00e9n o a qui\u00e9nes se aplican los Derechos Humanos 127<\/li>\n<li class=\"no-topo\">Derechos y no Obligaciones 134<\/li>\n<li class=\"no-topo\">Transgresi\u00f3n de otros derechos, no menos humanos 140<\/li>\n<li class=\"no-topo\">Negaci\u00f3n de los Derechos Naturales\/Derechos Humanos 144<\/li>\n<li class=\"no-topo\">Notas sobre cristianismo, ate\u00edsmo, evolucionismo y comunismo 150<\/li>\n<li class=\"no-topo\">Para una definici\u00f3n gen\u00e9tica de los derechos humanos 152<\/li>\n<li class=\"no-topo\"><strong>Parte II. El derecho subjetivo<\/strong> <strong>157<\/strong><\/li>\n<li class=\"no-topo\">Primer analogado de las declaraciones de derechos humanos 159<\/li>\n<li class=\"no-topo\">Analog\u00eda de proporci\u00f3n 160<\/li>\n<li class=\"no-topo\">De persona a individuo \u00abincomunicable\u00bb 175<\/li>\n<li class=\"no-topo\">Capacidad de reivindicaci\u00f3n 176<\/li>\n<li class=\"no-topo\">Derecho y Gracia 177<\/li>\n<li class=\"no-topo\">El concepto de \u00abincomunicable\u00bb 185<\/li>\n<li class=\"no-topo\">Voluntarismo e historicidad 195<\/li>\n<li class=\"no-topo\">Derecho subjetivo: cruce de las tradiciones de la Ley y del Logos 197<\/li>\n<li class=\"no-topo\">Los l\u00edmites del Derecho subjetivo 202<\/li>\n<li class=\"no-topo\">La disoluci\u00f3n de los Derechos subjetivos en las naciones-Estado 206<\/li>\n<li class=\"no-topo\">Cerrar el c\u00edrculo 209<\/li>\n<li class=\"no-topo\"><strong>Parte III. Derechos humanos y \u00abconciencias entre\/sobre conciencias\u00bb<\/strong> <strong>213<\/strong><\/li>\n<li class=\"no-topo\">De \u00abincommunicatione\u00bb a \u00abambiguus proteus\u00bb 215<\/li>\n<li class=\"no-topo\">\u00abPersona\u00bb, \u00absingularidad incomunicable\u00bb y \u00abius communicationis\u00bb 219<\/li>\n<li class=\"no-topo\">La revoluci\u00f3n fenomenol\u00f3gica de Husserl 228<\/li>\n<li class=\"no-topo\">El arranque ontol\u00f3gico de las Declaraciones 237<\/li>\n<li class=\"no-topo\">Los l\u00edmites de las Declaraciones de Derechos 241<\/li>\n<li class=\"no-topo\">El nivel morfol\u00f3gico de los Derechos Humanos 247<\/li>\n<li class=\"no-topo\">Un sujeto universal en conflicto: \u00abConciencias entre\/sobre conciencias\u00bb 251<\/li>\n<li class=\"no-topo\">Postulados del nivel morfol\u00f3gico 254<\/li>\n<li class=\"no-topo\">La \u00abley de la Gracia\u00bb y la \u00abusurpaci\u00f3n de otras existencias posibles\u00bb (E1) 264<\/li>\n<li class=\"no-topo\">La \u00abley de la Gracia\u00bb o el derecho del Vencedor 265<\/li>\n<li class=\"no-topo\">La \u00abusurpaci\u00f3n de otras existencias posibles\u00bb o el derecho del Vencido 274<\/li>\n<li class=\"no-topo\">La \u00abley del deseo\u00bb y los \u00abmansos de coraz\u00f3n\u00bb (E2) 277<\/li>\n<li class=\"no-topo\">La \u00abley del deseo\u00bb o el derecho del Rebelde 278<\/li>\n<li class=\"no-topo\">Los \u00abmansos de coraz\u00f3n\u00bb o el derecho del Sumiso 282<\/li>\n<li class=\"no-topo\">El \u00abfuero del lindo\u00bb y el \u00abesclavo, sombra de su se\u00f1or\u00bb (H1) 289<\/li>\n<li class=\"no-topo\">El \u00abfuero del lindo\u00bb o el derecho del Excluyente 289<\/li>\n<li class=\"no-topo\">El \u00abesclavo, sombra de su se\u00f1or\u00bb o el derecho del Excluido 302<\/li>\n<li class=\"no-topo\">Variaciones entre los excluidos 317<\/li>\n<li class=\"no-topo\">El \u00absanto patr\u00f3n\u00bb y el \u00abtercer siervo\u00bb (H2) 339<\/li>\n<li class=\"no-topo\">El \u00absanto patr\u00f3n\u00bb o el derecho del Protector 342<\/li>\n<li class=\"no-topo\">El \u00abtercer siervo\u00bb o el derecho del Protegido 358<\/li>\n<li class=\"no-topo\"><strong>Ap\u00e9ndice<\/strong> 369<\/li>\n<li class=\"no-topo\">Para una concepci\u00f3n de la inconmensurabilidad de los Derechos Universales: Bartolom\u00e9 de las Casas adversus Juan Gin\u00e9s de Sep\u00falveda 371<\/li>\n<li class=\"no-topo\"><strong>Referencias bibliogr\u00e1ficas<\/strong> 389<\/li>\n<li class=\"no-topo\"><strong>\u00cdndice onom\u00e1stico<\/strong> 403<\/li>\n<\/ul>\n","protected":false},"excerpt":{"rendered":"<p>El problema filos\u00f3fico de los Derechos Humanos surge de la contraposici\u00f3n entre su condici\u00f3n pretendidamente universal, expresada en las distintas declaraciones de Derechos Humanos, y el car\u00e1cter particular de los poderes p\u00fablicos que han de garantizarlos. Si Humano pertenece al \u00e1mbito de lo universal y se define por criterios human\u00edsticos, Derecho pertenece al \u00e1mbito de lo local y se identifica con el derecho positivo particular.<\/p>\n<p>Este libro pretende explorar una v\u00eda que nos permita salir de esta apor\u00eda cerrada en falso por la Ilustraci\u00f3n con la Declaraci\u00f3n Universal de Derechos Humanos y sus sucesivas generaciones. As\u00ed, encauzaremos su categorizaci\u00f3n por el camino de las variaciones morfol\u00f3gicas en que se confrontan las conciencias humanas y mostraremos la figura heterog\u00e9nea y no monol\u00edtica de estos textos pretendidamente universales.<\/p>\n<p><strong>Fernando Miguel P\u00e9rez Herranz<\/strong> es doctor en Filosof\u00eda y profesor titular de la Universidad de Alicante. Ha escrito sobre cuestiones l\u00f3gicas, epistemol\u00f3gicas, ontol\u00f3gicas y \u00e9ticas, todas presentes en <em>Ambiguus proteus. Valor, exceso y morfolog\u00eda<\/em> (\u00a0Brumaria \/ Eikas\u00eda\u00a0, 2019). Ha recibido el VI Premio Juan Andr\u00e9s de Ensayo e Investigaci\u00f3n en Ciencias Humanas por <em>Lindos y tornadizos: el pensamiento hispano (siglos XV-XVII)<\/em> (Verbum, 2016). Es miembro de la Societat de Filosofia del Pa\u00eds Valenci\u00e0 y de la Sociedad Asturiana de Filosof\u00eda. Pertenece al consejo de direcci\u00f3n de la revista <em>Eikas\u00eda<\/em>, de la que es colaborador habitual.<\/p>\n<p><strong>Rese\u00f1a<\/strong>: <a title=\"Rese\u00f1a en Eikasia: revista de filosof\u00eda (se abre una ventana nueva)\" href=\"https:\/\/revistadefilosofia.org\/102\/102-10.pdf\" target=\"_blank\" rel=\"noopener\">Eikasia. Revista de Filosof\u00eda<\/a>, por A. J. L\u00f3pez Cruces.<\/p>\n","protected":false},"featured_media":388,"template":"","meta":[],"product_brand":[],"product_cat":[17,87,74],"product_tag":[35],"class_list":{"0":"post-2884","1":"product","2":"type-product","3":"status-publish","4":"has-post-thumbnail","6":"product_cat-filosofia","7":"product_cat-libros-en-pdf","8":"product_cat-paz-y-cooperacion","9":"product_tag-dd-hh","11":"first","12":"instock","13":"featured","14":"downloadable","15":"taxable","16":"shipping-taxable","17":"purchasable","18":"product-type-simple"},"jetpack_sharing_enabled":true,"_links":{"self":[{"href":"https:\/\/www.eikasia.es\/index.php\/wp-json\/wp\/v2\/product\/2884","targetHints":{"allow":["GET"]}}],"collection":[{"href":"https:\/\/www.eikasia.es\/index.php\/wp-json\/wp\/v2\/product"}],"about":[{"href":"https:\/\/www.eikasia.es\/index.php\/wp-json\/wp\/v2\/types\/product"}],"wp:featuredmedia":[{"embeddable":true,"href":"https:\/\/www.eikasia.es\/index.php\/wp-json\/wp\/v2\/media\/388"}],"wp:attachment":[{"href":"https:\/\/www.eikasia.es\/index.php\/wp-json\/wp\/v2\/media?parent=2884"}],"wp:term":[{"taxonomy":"product_brand","embeddable":true,"href":"https:\/\/www.eikasia.es\/index.php\/wp-json\/wp\/v2\/product_brand?post=2884"},{"taxonomy":"product_cat","embeddable":true,"href":"https:\/\/www.eikasia.es\/index.php\/wp-json\/wp\/v2\/product_cat?post=2884"},{"taxonomy":"product_tag","embeddable":true,"href":"https:\/\/www.eikasia.es\/index.php\/wp-json\/wp\/v2\/product_tag?post=2884"}],"curies":[{"name":"wp","href":"https:\/\/api.w.org\/{rel}","templated":true}]}}