{"id":3164,"date":"2025-05-26T20:45:15","date_gmt":"2025-05-26T18:45:15","guid":{"rendered":"https:\/\/www.eikasia.es\/?post_type=product&#038;p=3164"},"modified":"2025-05-26T20:45:15","modified_gmt":"2025-05-26T18:45:15","slug":"mas-alla-de-imperios-y-de-naciones-volumen-4-el-fin-de-la-arrogancia-feudal-nacional-europea","status":"publish","type":"product","link":"https:\/\/www.eikasia.es\/index.php\/producto\/mas-alla-de-imperios-y-de-naciones-volumen-4-el-fin-de-la-arrogancia-feudal-nacional-europea\/","title":{"rendered":"M\u00e1s all\u00e1 de imperios y de naciones. Volumen 4.  El fin de la arrogancia feudal-nacional europea"},"content":{"rendered":"<div>\n<div>\n<p>M\u00e1s all\u00e1 de imperios y de naciones. Volumen 4. El fin de la arrogancia feudal-nacional europea<\/p>\n<p>Fernando Miguel P\u00e9rez Herranz<\/p>\n<p>ISBN Tomo IV: 978-84-15203-75-9<\/p>\n<p>D. L.: AS-00708-2025<\/p>\n<p>&nbsp;<\/p>\n<p>&nbsp;<\/p>\n<p>Con este<span class=\"fontstyle01\"> vol. 4. <\/span><span class=\"fontstyle01\"><i>El fin de la arrogancia feudal &#8211; nacional europea<\/i><\/span>, 2025, Fernando Miguel P\u00e9rez Herranz cierra su obra <i>M\u00e1s all\u00e1 de imperios y de naciones<\/i>. Los tres primeros, publicados tambi\u00e9n por Eikas\u00eda, Oviedo, se titularon:<i> <\/i>vol. 1. <i>Rutas, Fronteras y Complejidad<\/i>, 2023;<i> <\/i>vol. 2<i>. Singularidad imperial: del Mediterr\u00e1neo al Atl\u00e1ntico<\/i>, 2023; vol. 3 <span class=\"fontstyle01\"><i>Y t\u00fa, <\/i><\/span><span class=\"fontstyle01\">\u00bf<\/span><span class=\"fontstyle01\"><i>de qui\u00e9n eres<\/i><\/span><span class=\"fontstyle01\">?<\/span><span class=\"fontstyle01\"><i> La formaci\u00f3n de la Subjetividad hispana<\/i><\/span><span class=\"fontstyle01\">, 2023.<\/span><\/p>\n<\/div>\n<p>Llegamos al final de nuestro recorrido. Los imperios-naci\u00f3n europeos se autoderrotaron en la Segunda Guerra Mundial y el orden internacional hubo de reorganizarse de nuevo. Los efectos inmediatos de la Guerra fueron los procesos de descolonizaci\u00f3n y la Declaraci\u00f3n de los Derechos Humanos. \u00bfY Europa? Su papel qued\u00f3 reducido a <b><i>Ocio y Museos<\/i><\/b>, seg\u00fan la c\u00e1ustica afirmaci\u00f3n del ex presidente chino Jiang Zemin: \u00abEstados Unidos ser\u00e1 la reserva cient\u00edfica y tecnol\u00f3gica; China, la gran f\u00e1brica de la humanidad; y Europa, el gran parque de ocio y museos del planeta\u00bb. La arrogancia de considerarse la voz un\u00edvoca de la Civilizaci\u00f3n, el orgullo europeo feudal y nacional, alimentado a lo largo de diez siglos: \u00bfde d\u00f3nde proced\u00eda? Al investigar la potencia cultural \u2014jur\u00eddica, art\u00edstica, religiosa\u2014 de Europa, nos topamos con otro de sus enemigos internos, que esta vez no era militar, sino conceptual: no hab\u00eda sido la Filosof\u00eda el hilo conductor del pensamiento europeo, sino el <b><i>gnosticismo<\/i><\/b>, una pseudofilosof\u00eda que considera al ser humano aherrojado en un Mundo Extra\u00f1o, en el que se encuentra desorientado y a punto de sucumbir si no es por la llegada de un Salvador, que, dotado de alguna Semilla divina, conducir\u00e1 a la humanidad extra\u00f1ada, alienada y escindida, a la Verdadera Realidad. Una pseudofilosof\u00eda que el \u00e9xito del <i>Cierre Antropol\u00f3gico de la Tierra<\/i> esparci\u00f3 por todo el mundo. La Filosof\u00eda, junto con la Democracia y el Libro, son las Ideas que seguir\u00e1n enfrent\u00e1ndose a los aplastamientos, aplanamientos y laminaciones del poderoso pensamiento gn\u00f3stico.<\/p>\n<\/div>\n","protected":false},"excerpt":{"rendered":"<p>M\u00e1s all\u00e1 de imperios y de naciones. Volumen 4. El fin de la arrogancia feudal-nacional europea Fernando Miguel P\u00e9rez Herranz ISBN Tomo IV: 978-84-15203-75-9 D. L.: AS-00708-2025 &nbsp; &nbsp; Con este vol. 4. El fin de la arrogancia feudal &#8211; nacional europea, 2025, Fernando Miguel P\u00e9rez Herranz cierra su obra M\u00e1s all\u00e1 de imperios y [&hellip;]<\/p>\n","protected":false},"featured_media":3166,"template":"","meta":[],"product_brand":[],"product_cat":[59,17,21],"product_tag":[109],"class_list":{"0":"post-3164","1":"product","2":"type-product","3":"status-publish","4":"has-post-thumbnail","6":"product_cat-contemporanea","7":"product_cat-filosofia","8":"product_cat-libros","9":"product_tag-filosofia-de-la-historia","11":"first","12":"instock","13":"taxable","14":"shipping-taxable","15":"purchasable","16":"product-type-simple"},"jetpack_sharing_enabled":true,"_links":{"self":[{"href":"https:\/\/www.eikasia.es\/index.php\/wp-json\/wp\/v2\/product\/3164","targetHints":{"allow":["GET"]}}],"collection":[{"href":"https:\/\/www.eikasia.es\/index.php\/wp-json\/wp\/v2\/product"}],"about":[{"href":"https:\/\/www.eikasia.es\/index.php\/wp-json\/wp\/v2\/types\/product"}],"wp:featuredmedia":[{"embeddable":true,"href":"https:\/\/www.eikasia.es\/index.php\/wp-json\/wp\/v2\/media\/3166"}],"wp:attachment":[{"href":"https:\/\/www.eikasia.es\/index.php\/wp-json\/wp\/v2\/media?parent=3164"}],"wp:term":[{"taxonomy":"product_brand","embeddable":true,"href":"https:\/\/www.eikasia.es\/index.php\/wp-json\/wp\/v2\/product_brand?post=3164"},{"taxonomy":"product_cat","embeddable":true,"href":"https:\/\/www.eikasia.es\/index.php\/wp-json\/wp\/v2\/product_cat?post=3164"},{"taxonomy":"product_tag","embeddable":true,"href":"https:\/\/www.eikasia.es\/index.php\/wp-json\/wp\/v2\/product_tag?post=3164"}],"curies":[{"name":"wp","href":"https:\/\/api.w.org\/{rel}","templated":true}]}}