{"id":3189,"date":"2025-06-08T21:01:19","date_gmt":"2025-06-08T19:01:19","guid":{"rendered":"https:\/\/www.eikasia.es\/?post_type=product&#038;p=3189"},"modified":"2025-06-08T21:01:19","modified_gmt":"2025-06-08T19:01:19","slug":"curso-rutas-naciones-e-imperios-fernando-miguel-perez-herranz","status":"publish","type":"product","link":"https:\/\/www.eikasia.es\/index.php\/producto\/curso-rutas-naciones-e-imperios-fernando-miguel-perez-herranz\/","title":{"rendered":"Curso Rutas naciones e imperios. Fern\u00e1ndo Miguel P\u00e9rez Herranz"},"content":{"rendered":"<p style=\"font-weight: 400;\"><strong><em>Curso Rutas naciones e imperios<\/em><\/strong><\/p>\n<p style=\"font-weight: 400;\"><img loading=\"lazy\" decoding=\"async\" class=\"alignleft size-medium wp-image-2459\" src=\"https:\/\/www.eikasia.es\/wp-content\/uploads\/2023\/11\/tomo-1-cara-a-196x300.jpg\" alt=\"\" width=\"196\" height=\"300\" srcset=\"https:\/\/www.eikasia.es\/wp-content\/uploads\/2023\/11\/tomo-1-cara-a-196x300.jpg 196w, https:\/\/www.eikasia.es\/wp-content\/uploads\/2023\/11\/tomo-1-cara-a-668x1024.jpg 668w, https:\/\/www.eikasia.es\/wp-content\/uploads\/2023\/11\/tomo-1-cara-a-768x1177.jpg 768w, https:\/\/www.eikasia.es\/wp-content\/uploads\/2023\/11\/tomo-1-cara-a-1002x1536.jpg 1002w, https:\/\/www.eikasia.es\/wp-content\/uploads\/2023\/11\/tomo-1-cara-a-1337x2048.jpg 1337w, https:\/\/www.eikasia.es\/wp-content\/uploads\/2023\/11\/tomo-1-cara-a-416x637.jpg 416w, https:\/\/www.eikasia.es\/wp-content\/uploads\/2023\/11\/tomo-1-cara-a-scaled.jpg 1671w\" sizes=\"auto, (max-width: 196px) 100vw, 196px\" \/><\/p>\n<p style=\"font-weight: 400;\"><img loading=\"lazy\" decoding=\"async\" class=\"alignleft size-medium wp-image-2461\" src=\"https:\/\/www.eikasia.es\/wp-content\/uploads\/2023\/10\/Portada-2-196x300.jpeg\" alt=\"\" width=\"196\" height=\"300\" srcset=\"https:\/\/www.eikasia.es\/wp-content\/uploads\/2023\/10\/Portada-2-196x300.jpeg 196w, https:\/\/www.eikasia.es\/wp-content\/uploads\/2023\/10\/Portada-2-668x1024.jpeg 668w, https:\/\/www.eikasia.es\/wp-content\/uploads\/2023\/10\/Portada-2-768x1178.jpeg 768w, https:\/\/www.eikasia.es\/wp-content\/uploads\/2023\/10\/Portada-2-1001x1536.jpeg 1001w, https:\/\/www.eikasia.es\/wp-content\/uploads\/2023\/10\/Portada-2-416x638.jpeg 416w, https:\/\/www.eikasia.es\/wp-content\/uploads\/2023\/10\/Portada-2.jpeg 1043w\" sizes=\"auto, (max-width: 196px) 100vw, 196px\" \/><\/p>\n<p style=\"font-weight: 400;\"><img loading=\"lazy\" decoding=\"async\" class=\"alignleft size-medium wp-image-2587\" src=\"https:\/\/www.eikasia.es\/wp-content\/uploads\/2024\/04\/portada-cara-A-190x300.png\" alt=\"\" width=\"190\" height=\"300\" srcset=\"https:\/\/www.eikasia.es\/wp-content\/uploads\/2024\/04\/portada-cara-A-190x300.png 190w, https:\/\/www.eikasia.es\/wp-content\/uploads\/2024\/04\/portada-cara-A-649x1024.png 649w, https:\/\/www.eikasia.es\/wp-content\/uploads\/2024\/04\/portada-cara-A-768x1212.png 768w, https:\/\/www.eikasia.es\/wp-content\/uploads\/2024\/04\/portada-cara-A-973x1536.png 973w, https:\/\/www.eikasia.es\/wp-content\/uploads\/2024\/04\/portada-cara-A-1297x2048.png 1297w, https:\/\/www.eikasia.es\/wp-content\/uploads\/2024\/04\/portada-cara-A-416x657.png 416w, https:\/\/www.eikasia.es\/wp-content\/uploads\/2024\/04\/portada-cara-A.png 1734w\" sizes=\"auto, (max-width: 190px) 100vw, 190px\" \/><img loading=\"lazy\" decoding=\"async\" class=\"alignleft size-medium wp-image-3166\" src=\"https:\/\/www.eikasia.es\/wp-content\/uploads\/2025\/05\/vol4-heranz-A-196x300.jpg\" alt=\"\" width=\"196\" height=\"300\" srcset=\"https:\/\/www.eikasia.es\/wp-content\/uploads\/2025\/05\/vol4-heranz-A-196x300.jpg 196w, https:\/\/www.eikasia.es\/wp-content\/uploads\/2025\/05\/vol4-heranz-A-671x1024.jpg 671w, https:\/\/www.eikasia.es\/wp-content\/uploads\/2025\/05\/vol4-heranz-A-768x1173.jpg 768w, https:\/\/www.eikasia.es\/wp-content\/uploads\/2025\/05\/vol4-heranz-A-1006x1536.jpg 1006w, https:\/\/www.eikasia.es\/wp-content\/uploads\/2025\/05\/vol4-heranz-A-416x635.jpg 416w, https:\/\/www.eikasia.es\/wp-content\/uploads\/2025\/05\/vol4-heranz-A.jpg 1122w\" sizes=\"auto, (max-width: 196px) 100vw, 196px\" \/><\/p>\n<p>&nbsp;<\/p>\n<p>&nbsp;<\/p>\n<p>&nbsp;<\/p>\n<p>&nbsp;<\/p>\n<p>&nbsp;<\/p>\n<p>&nbsp;<\/p>\n<p style=\"font-weight: 400;\">Fecha inicio: 1 septiembre 2025<\/p>\n<p style=\"font-weight: 400;\">Fecha de finalizaci\u00f3n: 19 diciembre 2025.<\/p>\n<p style=\"font-weight: 400;\"><strong>Modalidad:<\/strong> 100% online<br \/>\n<strong>Duraci\u00f3n:<\/strong> (30 horas) 3 cr\u00e9ditos. Certificaci\u00f3n Instituto de Estudios por la Paz y la Cooperaci\u00f3n, Asocici\u00f3n Eikasia de Filosof\u00e1i, Reconocido por la Consejer\u00eda de Educaci\u00f3n del Principado de Asturias<br \/>\n<strong>Metodolog\u00eda:<\/strong> Aprendizaje activo y basado en el di\u00e1logo. 8 sesiones presenciales, 8 sesiones grabadas, 8 sesiones de tutor\u00eda y 5 sesiones de trabajo y 1 de evaluaci\u00f3n. Las sesiones ser\u00e1n de 55 minutos. Las sesiones presenciales ser\u00e1n los lunes de 19 a 19,55.<br \/>\n<strong>P\u00fablico objetivo:<\/strong> Docentes Historia, Filosof\u00eda, Pedagog\u00eda, CCSS.<\/p>\n<p style=\"font-weight: 400;\"><strong>N\u00famero de participantes<\/strong> 50<br \/>\n<strong>Plataforma:<\/strong> Google Classroom<\/p>\n<p style=\"font-weight: 400;\">\n<p style=\"font-weight: 400;\"><strong>Direcci\u00f3n: Alberto Fen\u00e1ndez Fen\u00e1ndez. <\/strong>Profesor Secundaria Principado de Asturias<\/p>\n<p style=\"font-weight: 400;\">Profesorado:<\/p>\n<p style=\"font-weight: 400;\"><strong>Fernando Miguel P\u00e9rez Herranz.<\/strong> Dr en Filosof\u00eda- Profesor de la Universidad de Alicante. Autor de varios libros sobre el tema.<\/p>\n<p style=\"font-weight: 400;\">\n<p style=\"font-weight: 400;\">colaboradores<\/p>\n<p style=\"font-weight: 400;\">Silverio S\u00e1nchez Corredera;\u00a0Carlos Penalva;\u00a0Juan Ponte;\u00a0Uriel Bonilla:\u00a0Rom\u00e1n Garc\u00eda Fern\u00e1ndez<\/p>\n<p style=\"font-weight: 400;\">\n<p style=\"font-weight: 400;\"><strong>\u00a0<\/strong><\/p>\n<p style=\"font-weight: 400;\"><strong>CURSO<\/strong><\/p>\n<p style=\"font-weight: 400;\"><strong><em>\u00a0<\/em><\/strong><\/p>\n<p style=\"font-weight: 400;\"><strong><em>M\u00e1s all\u00e1 de imperios y de naciones<\/em><\/strong><\/p>\n<p style=\"font-weight: 400;\">\n<p style=\"font-weight: 400;\">\n<p style=\"font-weight: 400;\">Estructura<\/p>\n<p style=\"font-weight: 400;\">\n<p style=\"font-weight: 400;\"><strong>Presentaci\u00f3n<\/strong><\/p>\n<p style=\"font-weight: 400;\"><strong><em>Red conceptual<\/em><\/strong><strong>: <em>Ambiguus proteus, Conciencias <\/em>sobre<em> conciencias, <\/em><\/strong><strong>Hiper<\/strong><strong><em>categor\u00edas\u2026<\/em><\/strong><\/p>\n<p style=\"font-weight: 400;\"><strong>\u00a0<\/strong><\/p>\n<p style=\"font-weight: 400;\"><strong>Parte 1 <em>Rutas, Fronteras y Complejidad<\/em><\/strong><\/p>\n<ul>\n<li style=\"font-weight: 400;\"><strong><em> Expansi\u00f3n cristiana<\/em><\/strong><strong>;<\/strong><\/li>\n<li style=\"font-weight: 400;\"><strong><em> los dos lados de la Frontera: cristiano y semita<\/em><\/strong><strong>; <\/strong><\/li>\n<li style=\"font-weight: 400;\"><strong><em> cruce cristiano, jud\u00edo, musulm\u00e1n, pagano, amerindio\u2026<\/em><\/strong><\/li>\n<\/ul>\n<p style=\"font-weight: 400;\"><strong>\u00a0<\/strong><\/p>\n<p style=\"font-weight: 400;\"><strong>Parte<\/strong><strong> 2. <\/strong><strong><em>Singularidades hist\u00f3ricas<\/em><\/strong><\/p>\n<ul>\n<li style=\"font-weight: 400;\"><strong><em> De imperio a naci\u00f3n y de naci\u00f3n a imperio<\/em><\/strong><strong>; <\/strong><\/li>\n<li style=\"font-weight: 400;\"><strong><em> ocho cabeceras imperiales<\/em><\/strong><strong>;<\/strong><\/li>\n<li style=\"font-weight: 400;\"><strong><em> Cierre Antropol\u00f3gico de la Tierra<\/em><\/strong><strong>.<\/strong><\/li>\n<\/ul>\n<p style=\"font-weight: 400;\"><strong>\u00a0<\/strong><\/p>\n<p style=\"font-weight: 400;\"><strong>Parte<\/strong><strong> 3. <\/strong><strong><em>Y t\u00fa, \u00bfde qui\u00e9n eres?<\/em><\/strong><strong><em> Formaci\u00f3n de la subjetividad hispana moderna<\/em><\/strong><\/p>\n<p style=\"font-weight: 400;\"><strong>\u00a0<\/strong><\/p>\n<ul>\n<li style=\"font-weight: 400;\"><strong><em> El problema de Espa\u00f1a<\/em><\/strong><\/li>\n<li style=\"font-weight: 400;\"><strong> \u00ab<em>Y t\u00fa, \u00bfde qui\u00e9n eres?<\/em>\u00bb<em> La Hispania de los lindos y los tornadizos<\/em>:<\/strong><\/li>\n<\/ul>\n<p style=\"font-weight: 400;\"><em>desde el <\/em>(<em>exterior<\/em>)<\/p>\n<p style=\"font-weight: 400;\"><em>desde el <\/em>(<em>interior<\/em>)<\/p>\n<ul>\n<li style=\"font-weight: 400;\"><strong><em> Dec\u00e1logo tornalindo<\/em>.<\/strong><\/li>\n<\/ul>\n<p style=\"font-weight: 400;\"><strong>\u00a0<\/strong><\/p>\n<p style=\"font-weight: 400;\"><strong>Parte<\/strong><strong> 4. \u00a0<\/strong><strong><em>El fin de la arrogancia feudal-nacional europea<\/em><\/strong><\/p>\n<p style=\"font-weight: 400;\"><strong>\u00a0<\/strong><\/p>\n<ul>\n<li style=\"font-weight: 400;\"><strong><em> Fijar la ambig\u00fcedad del ser europeo: gnosticismo <\/em><\/strong><strong>adversus<em> trinitarismo<\/em>;<\/strong><\/li>\n<li style=\"font-weight: 400;\"><strong><em> el Gnosticismo salv\u00edfico europeo<\/em><\/strong><strong>;<\/strong><\/li>\n<li style=\"font-weight: 400;\"><strong><em> la filosof\u00eda frente al poderoso pensamiento gn\u00f3stico<\/em><\/strong><strong>.<\/strong><\/li>\n<\/ul>\n<p style=\"font-weight: 400;\">\n<p style=\"font-weight: 400;\">\n<p style=\"font-weight: 400;\">Las sesiones did\u00e1cticas ser\u00e1n grabadas y a disposici\u00f3n de los participantes. A cada sesi\u00f3n grabada le seguir\u00e1 una de tutor\u00eda, en la que se podr\u00e1n pedir aclaraciones o plantear cuestiones relativas a las teor\u00edas expuestas, finalmente se concluir\u00e1 con una sesi\u00f3n presencial de debate. Todas las sesiones estar\u00e1n disponibles para su posterior visionado.<\/p>\n<p style=\"font-weight: 400;\">Los inscritos podr\u00e1n acceder a los 4 libros en pdf publicados por el autor.<\/p>\n<p style=\"font-weight: 400;\">Precio del curso 36 euros. Incluye acceso al material, pdf de las publicaciones y certificaci\u00f3n<\/p>\n<p style=\"font-weight: 400;\">La matr\u00edcula se realizar\u00e1 por orden de inscripci\u00f3n hasta cubrir el n\u00famero de plazas.<\/p>\n","protected":false},"excerpt":{"rendered":"<p>Curso Rutas naciones e imperios &nbsp; &nbsp; &nbsp; &nbsp; &nbsp; &nbsp; Fecha inicio: 1 septiembre 2025 Fecha de finalizaci\u00f3n: 19 diciembre 2025. Modalidad: 100% online Duraci\u00f3n: (30 horas) 3 cr\u00e9ditos. Certificaci\u00f3n Instituto de Estudios por la Paz y la Cooperaci\u00f3n, Asocici\u00f3n Eikasia de Filosof\u00e1i, Reconocido por la Consejer\u00eda de Educaci\u00f3n del Principado de Asturias Metodolog\u00eda: [&hellip;]<\/p>\n","protected":false},"featured_media":3190,"template":"","meta":[],"product_brand":[],"product_cat":[130],"product_tag":[],"class_list":{"0":"post-3189","1":"product","2":"type-product","3":"status-publish","4":"has-post-thumbnail","6":"product_cat-cursos","8":"first","9":"instock","10":"taxable","11":"shipping-taxable","12":"purchasable","13":"product-type-simple"},"jetpack_sharing_enabled":true,"_links":{"self":[{"href":"https:\/\/www.eikasia.es\/index.php\/wp-json\/wp\/v2\/product\/3189","targetHints":{"allow":["GET"]}}],"collection":[{"href":"https:\/\/www.eikasia.es\/index.php\/wp-json\/wp\/v2\/product"}],"about":[{"href":"https:\/\/www.eikasia.es\/index.php\/wp-json\/wp\/v2\/types\/product"}],"wp:featuredmedia":[{"embeddable":true,"href":"https:\/\/www.eikasia.es\/index.php\/wp-json\/wp\/v2\/media\/3190"}],"wp:attachment":[{"href":"https:\/\/www.eikasia.es\/index.php\/wp-json\/wp\/v2\/media?parent=3189"}],"wp:term":[{"taxonomy":"product_brand","embeddable":true,"href":"https:\/\/www.eikasia.es\/index.php\/wp-json\/wp\/v2\/product_brand?post=3189"},{"taxonomy":"product_cat","embeddable":true,"href":"https:\/\/www.eikasia.es\/index.php\/wp-json\/wp\/v2\/product_cat?post=3189"},{"taxonomy":"product_tag","embeddable":true,"href":"https:\/\/www.eikasia.es\/index.php\/wp-json\/wp\/v2\/product_tag?post=3189"}],"curies":[{"name":"wp","href":"https:\/\/api.w.org\/{rel}","templated":true}]}}