{"id":33,"date":"2020-09-17T12:07:37","date_gmt":"2020-09-17T12:07:37","guid":{"rendered":"https:\/\/www.eikasia.es\/?post_type=product&#038;p=33"},"modified":"2024-10-02T10:24:23","modified_gmt":"2024-10-02T08:24:23","slug":"el-triunfo-de-atenea","status":"publish","type":"product","link":"https:\/\/www.eikasia.es\/index.php\/producto\/el-triunfo-de-atenea\/","title":{"rendered":"El triunfo de Atenea. La filosof\u00eda cl\u00e1sica griega PDF"},"content":{"rendered":"<p>Rom\u00e1n Garc\u00eda Fern\u00e1ndez (Corvera, 1961), doctor en filosof\u00eda con la tesis: Una teor\u00eda de la imagen y la publicidad en Plat\u00f3n (1998, publicada en 2001). Ha sido presidente de la Sociedad Asturiana de Filosof\u00eda (SAF) y es fundador y director del Consejo Editorial de Eikas\u00eda, Revista de Filosof\u00eda (2005). Ha participado en diversas obras colectivas sobre filosof\u00eda e historia de la filosof\u00eda como: Historia de la filosof\u00eda 2 (Paraninfo, 2023) y Prometeo: Filosof\u00eda (Eikas\u00eda, 2023). Es autor de diversos trabajos sobre pensadores como Plat\u00f3n, Descartes, Juan Poinsot o Hegel.<br \/>\nEste libro constituye la segunda entrega de una tetralog\u00eda en torno al origen de la filosof\u00eda y su historia hasta el a\u00f1o 529. Los vol\u00famenes son: <a href=\"https:\/\/www.eikasia.es\/index.php\/producto\/el-nacimiento-de-hera\/\">El nacimiento de Hera: sobre los or\u00edgenes de la filosof\u00eda (2012)<\/a>; <a href=\"https:\/\/www.eikasia.es\/index.php\/producto\/el-triunfo-de-atenea\/\">El triunfo de Atenea: la filosof\u00eda cl\u00e1sica griega (2013)<\/a> y <a href=\"https:\/\/www.eikasia.es\/index.php\/producto\/el-asesinato-de-afrodita-pandemos-una-introduccion-al-helenismo-y-al-fin-de-la-filosofia\/\">El asesinato de Afrodita pandemos: las escuelas socr\u00e1ticas (2018).<\/a> <a href=\"https:\/\/www.eikasia.es\/index.php\/producto\/el-asesinato-de-afrodita-uranos-las-escuelas-helenisticas-la-filosofia-romana-los-inicios-del-cristianismo-y-el-fin-de-la-filosofia-antigua\/\">Vol. IV El asesinato de Afrodita Uranos. Las escuelas helen\u00edsticas, la filosof\u00eda romana, los inicios del cristianismo y el fin de la filosof\u00eda antigua (2024).<\/a><\/p>\n<p>Desde una perspectiva de fidelidad para con los textos se trata de dar una nueva interpretaci\u00f3n sin sesgo que, por motivos ideol\u00f3gicos, desconocimiento, mala fe, interpretaciones obsoletas o conjuras pol\u00edticas, han hecho de la historia de la filosof\u00eda un lugar com\u00fan de errores e interpretaciones interesadas.<\/p>\n<p>Cuestiona algunas de las interpretaciones establecidas y trata de recuperar los textos, como anclaje de las interpretaciones.<br \/>\n Este libro cuenta con tres partes, lo que supone aceptar impl\u00edcitamente una cierta periodizaci\u00f3n temporal sobre la filosof\u00eda cl\u00e1sica griega que es tan equivoca como err\u00f3nea. Si bien entre la segunda y la tercera se puede establecer una periodizaci\u00f3n, en la medida que Arist\u00f3teles era disc\u00edpulo de Plat\u00f3n, en la primera se abarca  un  periodo  tan  amplio  que  abarca  desde  autores  anteriores  a Plat\u00f3n  como  posteriores  a  Arist\u00f3teles.  Advertimos  este  hecho,  porque  tal  y como sostenemos en las p\u00e1ginas de este libro, esta perspectiva debe cambiarse y aceptar  una  interpretaci\u00f3n  m\u00e1s  coherente  con  los  hechos  y  las  circunstancias hist\u00f3ricas y menos mediatizada ideol\u00f3gicamente.<br \/>\nIndice<\/p>\n<p>Pr\u00f3logo 11 <\/p>\n<p>El movimiento sof\u00edstico y S\u00f3crates 15 <\/p>\n<p> Ciudad, democracia y filosof\u00eda. 17<br \/>\n    El giro antropol\u00f3gico 19<br \/>\n    Los sofistas, \u00bfc\u00f3mo eran y qu\u00e9 hac\u00edan? 20<br \/>\n    Maestros 21<br \/>\n    Maestros de virtud (aret\u00e9) 23<br \/>\n    Lenguaje, ciudad y democracia 27<br \/>\n La imagen de S\u00f3crates y los sofistas en Las Nubes 29<br \/>\n  Cobran 34<br \/>\n  Se confunde a S\u00f3crates y los Sofistas 35<br \/>\n  Car\u00e1cter reservado de las ense\u00f1anzas 35<br \/>\n  Ridiculizaci\u00f3n e insignificancia de los conocimientos 36<br \/>\n  Irreverencia con los dioses e introducir otros nuevos 37<br \/>\n  Defenderse h\u00e1bilmente en los juicios y presentar lo<br \/>\n    falso como verdadero 39<br \/>\n Algunas cuestiones fundamentales de la sof\u00edstica. 41<br \/>\n  La oposici\u00f3n n\u00f3mos ph\u00fdsis 41<br \/>\n  La moral sof\u00edstica: convencionalismo y relativismo 42<br \/>\n  Otros temas 43<br \/>\n Prot\u00e1goras 45<br \/>\n  La tesis de la homomensura 46<br \/>\n  La teor\u00eda de los juicios contrarios 48<br \/>\n G\u00f3rgias 49<br \/>\n  Innovaci\u00f3n ret\u00f3rica 50<br \/>\n  En lo no existente 50<br \/>\n Pr\u00f3dico de Ceos y la Filosof\u00eda 55<br \/>\n  Sus obras 57<br \/>\n  Las estaciones o las Horas 57<br \/>\n  La sinonimia 58<br \/>\n  El giro socr\u00e1tico de la \u00e9tica de Pr\u00f3dico 59<br \/>\n  La filosof\u00eda de la religi\u00f3n 60<br \/>\n Otros sofistas 61<br \/>\n  Hippias de Elis 61<br \/>\n  Antif\u00f3nte de Atenas 62<br \/>\n  Per\u00edcles de Atenas 63<br \/>\n  Pericles y el concepto sofista de ley 64<br \/>\n  El Discurso de Per\u00edcles 65<br \/>\n  Ap\u00e9ndice: Tuc\u00eddides: Historia de la guerra del Peloponeso, II 35_46 67<br \/>\n  Is\u00f3crates de Atenas 73<br \/>\n Esquema sobre los sofistas y S\u00f3crates 76<br \/>\n S\u00f3crates, el fil\u00f3sofo de Atenas (-470 a \u2013399) 77<br \/>\n  El proceso de S\u00f3crates 85<br \/>\n  Las acusaciones y defensas posteriores 88<br \/>\n    Philosophia de caelo devocata 90<br \/>\n  El m\u00e9todo socr\u00e1tico; inducci\u00f3n y definici\u00f3n 91<br \/>\n  La ignorancia ir\u00f3nica de S\u00f3crates 91<br \/>\n  La may\u00e9utica 92<br \/>\n  El proceso inductivo y definici\u00f3n del concepto 92<br \/>\n  El intelectualismo moral: la virtud es conocimiento 93<br \/>\n  La imagen de S\u00f3crates 94<br \/>\n  Red de fil\u00f3sofos griegos desde S\u00f3crates a %Crisipo 96 <\/p>\n<p>Plat\u00f3n 97 <\/p>\n<p> La importancia de Plat\u00f3n 99<br \/>\n  La influencia posterior de Plat\u00f3n 100<br \/>\n La biograf\u00eda o la imagen de Plat\u00f3n 101<br \/>\n  La etapa de formaci\u00f3n (-427 a _399) 103<br \/>\n  La etapa de juventud (-393 a _389) 104<br \/>\n  La etapa de transici\u00f3n (-388 a _385) 105<br \/>\n  Etapa de madurez (-385 al -370) 105<br \/>\n  Etapa de vejez (del -369 al -347) 105<br \/>\n  Naturaleza de su obra y problem\u00e1tica fundamental 106<br \/>\n  Las obras de Plat\u00f3n 107<br \/>\n  Clasificaci\u00f3n de los di\u00e1logos plat\u00f3nicos 108<br \/>\n Hombre y sociedad en Plat\u00f3n 111<br \/>\n  La cr\u00edtica de la realidad pol\u00edtica del momento 112<br \/>\n   \u00c9tica y pol\u00edtica en La Rep\u00fablica: La justicia 112<br \/>\n   La teor\u00eda de la virtud 113<br \/>\n   Cr\u00edtica a los modelos pol\u00edticos 115<br \/>\n  El pluralismo antropol\u00f3gico de Plat\u00f3n 116<br \/>\n  La doctrina psicofisiol\u00f3gica de la tripartici\u00f3n del alma 118<br \/>\n La teor\u00eda del conocimiento. La dial\u00e9ctica del mito de la caverna 121<br \/>\n  Escenario del s\u00edmil 124<br \/>\n   Primer escenario y contenido del s\u00edmil 125<br \/>\n   El segundo escenario 126<br \/>\n  El m\u00e9todo de la diairesis y la tesis de la symplok\u00e9 de las Ideas 128<br \/>\n  La diairesis o teor\u00eda del corte como antecedente del silogismo 129<br \/>\n  La dial\u00e9ctica aplicada en una estructura espacial 133<br \/>\n Una ontolog\u00eda pluralista y dial\u00e9ctica 137<br \/>\n  El concepto de ph\u00fdsis en el Timeo 139<br \/>\n  El pluralismo ontol\u00f3gico 140<br \/>\n   El libro de la naturaleza est\u00e1 escrito con caracteres matem\u00e1ticos. 141 <\/p>\n<p>Arist\u00f3teles 143 <\/p>\n<p> A modo de situaci\u00f3n biogr\u00e1fica 145<br \/>\n  En los m\u00e1rgenes de la polis: La esclavitud 146<br \/>\n  En el interior de la polis: dial\u00e9ctica y ciencia 147<br \/>\n La obra de Arist\u00f3teles 149<br \/>\n  El Corpus aristot\u00e9lico y el aristotelismo 151<br \/>\n Filosof\u00eda aristot\u00e9lica: momentos cr\u00edtico y sistem\u00e1tico 153<br \/>\n  La ciencia o episteme 154<br \/>\n  La clasificaci\u00f3n de las ciencias 156<br \/>\n  La l\u00f3gica aristot\u00e9lica 157<br \/>\n  El concepto de substancia. 163<br \/>\n  La f\u00edsica: el sistema del mundo. 166<br \/>\n  Principios ontol\u00f3gicos: potencia y acto 168<br \/>\n La filosof\u00eda cr\u00edtica aristot\u00e9lica 169<br \/>\n  La sof\u00edstica y la teor\u00eda de la significaci\u00f3n 169<br \/>\n  Plat\u00f3n y el xorism\u00f3s 170<br \/>\n  El atomismo y el teleologismo 173<br \/>\n  Los eleatas y la historia de la filosof\u00eda 173<br \/>\n Sistematizaci\u00f3n de la filosof\u00eda de Arist\u00f3teles 175<br \/>\n  Ontolog\u00edas general y especial 177<br \/>\n  La f\u00edsica, el movimiento y la ontolog\u00eda del mundo sublunar 179<br \/>\n  Un cosmos ordenado 180<br \/>\n  Arist\u00f3teles: conocimiento te\u00f3rico y conocimiento pr\u00e1ctico. 180<br \/>\n  Teor\u00eda y praxis. 181<br \/>\n La filosof\u00eda de la vida humana 185<br \/>\n  La psicolog\u00eda como base del hombre aristot\u00e9lico 185<br \/>\n  La \u00e9tica 186<br \/>\n  El hombre como ser social 187<br \/>\n  \u00e9tica y pol\u00edtica: conceptos conjugados 188<br \/>\n  La virtud 189<br \/>\n  Amistad 191<br \/>\n            La pol\u00edtica 192<br \/>\n            De la esclavitud al ocio 194<br \/>\n  Ap\u00e9ndice. Arist\u00f3teles. Prot\u00e9ptico. 195<br \/>\n  Ap\u00e9ndice II. Arist\u00f3teles: De la Filosof\u00eda 221 <\/p>\n<p> Bibliograf\u00eda 247 <\/p>\n<p>  Fuentes para una Historiograf\u00eda antigua. 249<br \/>\n            Representantes 249<br \/>\n  Las fuentes de la Filosof\u00eda Cl\u00e1sica Antigua 251<br \/>\n  Referencias a las fuentes antiguas. 251<br \/>\n  Fuentes historiogr\u00e1ficas digitales. 251<br \/>\n  Fuentes generales y recopilaciones de textos de la Filosof\u00eda<br \/>\n   antigua. 252<br \/>\n  Obras generales relacionadas con la Filosof\u00eda antigua 252<br \/>\n  Fuentes colecciones y series 253<br \/>\n  Esquema de las fuentes doxogr\u00e1ficas seg\u00fan Diels 254<br \/>\n  Fuentes para la filosof\u00eda Cl\u00e1sica Griega 255<br \/>\n  Sofistas. 255<br \/>\n  Arist\u00f3fanes 256<br \/>\n  Tuc\u00eddides 257<br \/>\n  S\u00f3crates. 258<br \/>\n  Plat\u00f3n. 259<br \/>\n  Arist\u00f3teles. 272<br \/>\n  Referencias bibliogr\u00e1ficas 276<br \/>\n  Obras generales, diccionarios, l\u00e9xicos y manuales de Historia<br \/>\n   de la Filosof\u00eda.  276<br \/>\n  Bibliograf\u00eda sobre S\u00f3crates y los sofistas 281<br \/>\n  Bibliograf\u00eda sobre Plat\u00f3n 284<br \/>\n  Bibliograf\u00eda sobre Arist\u00f3teles 293<br \/>\n  Bibliograf\u00eda citada 295 <\/p>\n","protected":false},"excerpt":{"rendered":"<p>&nbsp;<\/p>\n<p>&nbsp;<\/p>\n<p style=\"text-align: center;\">pendiente de reedici\u00f3n<\/p>\n<p style=\"text-align: center;\">\u00cdndice de contenido<\/p>\n<ul>\n<li class=\"no-topo\">Pr\u00f3logo 11<\/li>\n<li class=\"no-topo\">El movimiento sof\u00edstico y S\u00f3crates 15<\/li>\n<li class=\"apartado\">Ciudad, democracia y filosof\u00eda 17<\/li>\n<li class=\"apartado\">La imagen de S\u00f3crates y los sofistas en Las Nubes 29<\/li>\n<li class=\"apartado\">Algunas cuestiones fundamentales de la sof\u00edstica 41<\/li>\n<li class=\"apartado\">Prot\u00e1goras 45<\/li>\n<li class=\"apartado\">Gorgias 49<\/li>\n<li class=\"apartado\">Pr\u00f3dico de Ceos y la Filosof\u00eda 55<\/li>\n<li class=\"apartado\">Otros sofistas 61<\/li>\n<li class=\"apartado\">Esquema sobre los sofistas y S\u00f3crates 76<\/li>\n<li class=\"apartado\">S\u00f3crates, el fil\u00f3sofo de Atenas (-470 a \u2013399) 77<\/li>\n<li class=\"no-topo\">Plat\u00f3n 97<\/li>\n<li class=\"apartado\">La importancia de Plat\u00f3n 99<\/li>\n<li class=\"apartado\">La biograf\u00eda o la imagen de Plat\u00f3n 101<\/li>\n<li class=\"apartado\">Hombre y sociedad en Plat\u00f3n 111<\/li>\n<li class=\"apartado\">La teor\u00eda del conocimiento. La dial\u00e9ctica del mito de la caverna 121<\/li>\n<li class=\"apartado\">Una ontolog\u00eda pluralista y dial\u00e9ctica 137<\/li>\n<li class=\"no-topo\">Arist\u00f3teles 143<\/li>\n<li class=\"apartado\">A modo de situaci\u00f3n biogr\u00e1fica 145<\/li>\n<li class=\"apartado\">La obra de Arist\u00f3teles 149<\/li>\n<li class=\"apartado\">Filosof\u00eda aristot\u00e9lica: momentos cr\u00edtico y sistem\u00e1tico 153<\/li>\n<li class=\"apartado\">La filosof\u00eda cr\u00edtica aristot\u00e9lica 169<\/li>\n<li class=\"apartado\">Sistematizaci\u00f3n de la filosof\u00eda de Arist\u00f3teles 175<\/li>\n<li class=\"apartado\">La filosof\u00eda de la vida humana 185<\/li>\n<li class=\"sub-apartado\">Ap\u00e9ndice I. Arist\u00f3teles. Prot\u00e9ptico 195<\/li>\n<li class=\"sub-apartado\">Ap\u00e9ndice II. Arist\u00f3teles: De la Filosof\u00eda 221<\/li>\n<li class=\"no-topo\">Bibliograf\u00eda 247<\/li>\n<li class=\"apartado\">Fuentes para una Historiograf\u00eda antigua 249<\/li>\n<li class=\"apartado\">Las fuentes de la Filosof\u00eda Cl\u00e1sica Antigua 251<\/li>\n<li class=\"apartado\">Esquema de las fuentes doxogr\u00e1ficas seg\u00fan Diels 254<\/li>\n<li class=\"apartado\">Fuentes para la Filosof\u00eda Cl\u00e1sica Griega 255<\/li>\n<li class=\"apartado\">Referencias bibliogr\u00e1ficas 276<\/li>\n<\/ul>\n","protected":false},"featured_media":34,"template":"","meta":[],"product_brand":[],"product_cat":[20],"product_tag":[],"class_list":{"0":"post-33","1":"product","2":"type-product","3":"status-publish","4":"has-post-thumbnail","6":"product_cat-historia-de-la-filosofia","8":"first","9":"onbackorder","10":"downloadable","11":"taxable","12":"shipping-taxable","13":"purchasable","14":"product-type-simple"},"jetpack_sharing_enabled":true,"_links":{"self":[{"href":"https:\/\/www.eikasia.es\/index.php\/wp-json\/wp\/v2\/product\/33","targetHints":{"allow":["GET"]}}],"collection":[{"href":"https:\/\/www.eikasia.es\/index.php\/wp-json\/wp\/v2\/product"}],"about":[{"href":"https:\/\/www.eikasia.es\/index.php\/wp-json\/wp\/v2\/types\/product"}],"wp:featuredmedia":[{"embeddable":true,"href":"https:\/\/www.eikasia.es\/index.php\/wp-json\/wp\/v2\/media\/34"}],"wp:attachment":[{"href":"https:\/\/www.eikasia.es\/index.php\/wp-json\/wp\/v2\/media?parent=33"}],"wp:term":[{"taxonomy":"product_brand","embeddable":true,"href":"https:\/\/www.eikasia.es\/index.php\/wp-json\/wp\/v2\/product_brand?post=33"},{"taxonomy":"product_cat","embeddable":true,"href":"https:\/\/www.eikasia.es\/index.php\/wp-json\/wp\/v2\/product_cat?post=33"},{"taxonomy":"product_tag","embeddable":true,"href":"https:\/\/www.eikasia.es\/index.php\/wp-json\/wp\/v2\/product_tag?post=33"}],"curies":[{"name":"wp","href":"https:\/\/api.w.org\/{rel}","templated":true}]}}