{"id":370,"date":"2021-04-06T11:12:07","date_gmt":"2021-04-06T11:12:07","guid":{"rendered":"https:\/\/www.eikasia.es\/?post_type=product&#038;p=370"},"modified":"2021-04-16T11:37:39","modified_gmt":"2021-04-16T09:37:39","slug":"satan-la-otra-historia-de-dios","status":"publish","type":"product","link":"https:\/\/www.eikasia.es\/index.php\/producto\/satan-la-otra-historia-de-dios\/","title":{"rendered":"Sat\u00e1n: la otra historia de Dios"},"content":{"rendered":"<p>An\u00e1lisis de c\u00f3mo se va configurando la figura del Diablo a partir de materiales procedentes de las m\u00e1s diversas formas de religiosidad, hasta llegar a su definitiva constituci\u00f3n en la religi\u00f3n judeo-cristiana (una historia que discurre paralela a la del propio Dios del monote\u00edsmo). Al tiempo, se estudian tambi\u00e9n algunos de los principales fen\u00f3menos asociados a la figura de Sat\u00e1n, como es el caso, entre otros, de las posesiones o la brujer\u00eda.<br \/>\nPremio de Ensayo de la Asociaci\u00f3n de Escritores Asturianos (2008).<\/p>\n","protected":false},"excerpt":{"rendered":"<p>An\u00e1lisis de c\u00f3mo se va configurando la figura del Diablo a partir de materiales procedentes de las m\u00e1s diversas formas de religiosidad, hasta llegar a su definitiva constituci\u00f3n en la religi\u00f3n judeo-cristiana (una historia que discurre paralela a la del propio Dios del monote\u00edsmo). Al tiempo, se estudian tambi\u00e9n algunos de los principales fen\u00f3menos asociados [&hellip;]<\/p>\n","protected":false},"featured_media":363,"template":"","meta":[],"product_brand":[],"product_cat":[18,17],"product_tag":[29],"class_list":{"0":"post-370","1":"product","2":"type-product","3":"status-publish","4":"has-post-thumbnail","6":"product_cat-antropologia","7":"product_cat-filosofia","8":"product_tag-religion","10":"first","11":"instock","12":"taxable","13":"shipping-taxable","14":"purchasable","15":"product-type-simple"},"jetpack_sharing_enabled":true,"_links":{"self":[{"href":"https:\/\/www.eikasia.es\/index.php\/wp-json\/wp\/v2\/product\/370","targetHints":{"allow":["GET"]}}],"collection":[{"href":"https:\/\/www.eikasia.es\/index.php\/wp-json\/wp\/v2\/product"}],"about":[{"href":"https:\/\/www.eikasia.es\/index.php\/wp-json\/wp\/v2\/types\/product"}],"wp:featuredmedia":[{"embeddable":true,"href":"https:\/\/www.eikasia.es\/index.php\/wp-json\/wp\/v2\/media\/363"}],"wp:attachment":[{"href":"https:\/\/www.eikasia.es\/index.php\/wp-json\/wp\/v2\/media?parent=370"}],"wp:term":[{"taxonomy":"product_brand","embeddable":true,"href":"https:\/\/www.eikasia.es\/index.php\/wp-json\/wp\/v2\/product_brand?post=370"},{"taxonomy":"product_cat","embeddable":true,"href":"https:\/\/www.eikasia.es\/index.php\/wp-json\/wp\/v2\/product_cat?post=370"},{"taxonomy":"product_tag","embeddable":true,"href":"https:\/\/www.eikasia.es\/index.php\/wp-json\/wp\/v2\/product_tag?post=370"}],"curies":[{"name":"wp","href":"https:\/\/api.w.org\/{rel}","templated":true}]}}