{"id":3759,"date":"2026-02-28T19:54:02","date_gmt":"2026-02-28T18:54:02","guid":{"rendered":"https:\/\/www.eikasia.es\/?post_type=product&#038;p=3759"},"modified":"2026-02-28T19:54:02","modified_gmt":"2026-02-28T18:54:02","slug":"silverio-sanchez-corredera-claudia-y-tomas-estrellas-en-un-pozo-un-dialogo-filosofico","status":"publish","type":"product","link":"https:\/\/www.eikasia.es\/index.php\/producto\/silverio-sanchez-corredera-claudia-y-tomas-estrellas-en-un-pozo-un-dialogo-filosofico\/","title":{"rendered":"Silverio S\u00e1nchez Corredera. Claudia y Tom\u00e1s. Estrellas en un pozo. Un di\u00e1logo filos\u00f3fico"},"content":{"rendered":"<h1><img loading=\"lazy\" decoding=\"async\" class=\" wp-image-3760 alignleft\" src=\"https:\/\/www.eikasia.es\/wp-content\/uploads\/2026\/02\/Portada-Cyt-frente-211x300.png\" alt=\"\" width=\"175\" height=\"249\" srcset=\"https:\/\/www.eikasia.es\/wp-content\/uploads\/2026\/02\/Portada-Cyt-frente-211x300.png 211w, https:\/\/www.eikasia.es\/wp-content\/uploads\/2026\/02\/Portada-Cyt-frente-722x1024.png 722w, https:\/\/www.eikasia.es\/wp-content\/uploads\/2026\/02\/Portada-Cyt-frente-768x1089.png 768w, https:\/\/www.eikasia.es\/wp-content\/uploads\/2026\/02\/Portada-Cyt-frente-1083x1536.png 1083w, https:\/\/www.eikasia.es\/wp-content\/uploads\/2026\/02\/Portada-Cyt-frente-1444x2048.png 1444w, https:\/\/www.eikasia.es\/wp-content\/uploads\/2026\/02\/Portada-Cyt-frente-416x590.png 416w, https:\/\/www.eikasia.es\/wp-content\/uploads\/2026\/02\/Portada-Cyt-frente-scaled.png 1805w\" sizes=\"auto, (max-width: 175px) 100vw, 175px\" \/>Claudia y Tom\u00e1s. Estrellas en un pozo. Un di\u00e1logo filos\u00f3fico<\/h1>\n<h1>Silverio S\u00e1nchez Corredera<\/h1>\n<p>&nbsp;<\/p>\n<p><span class=\"Apple-converted-space\">\u00a0<\/span>Un di\u00e1logo entre un profesor, una alumna y un alumno durante todo un curso, que lleva por t\u00edtulo <i>Claudia y Tom\u00e1s. Estrellas en un pozo. <\/i>Ella 17 a\u00f1os y \u00e9l 18, Claudia est\u00e1 convencida de que tiene que haber respuestas que resuelvan las muchas dudas que ya tiene mientras que Tom\u00e1s desconf\u00eda de cualquier andamiaje construido con palabras. Los tres se van introduciendo casi sin darse cuenta en resolver qu\u00e9 es la felicidad, la mentira y la verdad, la \u00e9tica y la est\u00e9tica y cu\u00e1les son las causas de los males pol\u00edticos\u2026 Como una red que se teje, componen un sistema de ideas para aclarar qu\u00e9 es la <i>naturaleza humana <\/i>y en qu\u00e9 consiste la <i>realidad <\/i>(las estrellas del pozo).<span class=\"Apple-converted-space\">\u00a0<\/span><\/p>\n<p>El papel de la educaci\u00f3n para enfrentarse a la confusi\u00f3n aparece en primer plano en este \u00abensayo dialogado\u00bb. Los psic\u00f3logos, pol\u00edticos e instituciones tienen un papel ineludible, pero casi todo lo dem\u00e1s es responsabilidad de cada persona. \u00bfDe qu\u00e9 instrumento disponemos? Todo empieza por el af\u00e1n de conocer la realidad en la que estamos. Es necesario cuestionar y buscar respuestas ayudados por los que saben. Es preciso alejarse de errores comunes y pasar a ser protagonistas fiables.<span class=\"Apple-converted-space\">\u00a0<\/span><\/p>\n<p>El lector creer\u00e1 encontrarse en el interior de una clase habitual. Solo es as\u00ed parcialmente: sin duda hay que apelar a contenidos con fundamento. Pero en realidad, el dinamismo entablado entre los tres personajes no nos pondr\u00e1 frente a fr\u00edas teor\u00edas sino ante instrumentos que sirvan para pensar mejor y para involucrar a cuantos nos rodean. Y as\u00ed ser\u00e1 en las \u00faltimas clases con una asistencia multitudinaria.<span class=\"Apple-converted-space\">\u00a0<\/span><\/p>\n<p>Silverio S\u00e1nchez Corredera, catedr\u00e1tico de E. M. y doctor en Filosof\u00eda, Premio Extraordinario de Doctorado, es autor y coautor de una veintena de libros y de varios centenares de art\u00edculos en revistas y en prensa. Su obra profundiza en la reflexi\u00f3n \u00e9tico-pol\u00edtica (e-\u00e9-p-m) y en el estudio de autores contempor\u00e1neos y cl\u00e1sicos. En especial, Jovellanos y el <i>jovellanismo <\/i>ha marcado \u2014seg\u00fan la cr\u00edtica\u2014 un hito en los estudios jovellanistas. Como profesor ha mantenido una faceta divulgadora colaborando en libros de texto y atrevi\u00e9ndose con el c\u00f3mic en el \u00abProyecto Felinus\u00bb y a trav\u00e9s de la novela y el relato. Y ahora, en clave de filosof\u00eda dialogada: <i>Claudia y Tom\u00e1s. Estrellas en un pozo <\/i>(2026).<span class=\"Apple-converted-space\">\u00a0<\/span><\/p>\n<p>\u00cdndice<span class=\"Apple-converted-space\">\u00a0<\/span><\/p>\n<table cellspacing=\"0\" cellpadding=\"0\">\n<tbody>\n<tr>\n<td valign=\"top\">0 Dialogar, \u00bfpara qu\u00e9?<span class=\"Apple-converted-space\">\u00a0<\/span><\/td>\n<td valign=\"top\">9<span class=\"Apple-converted-space\">\u00a0<\/span><\/td>\n<\/tr>\n<tr>\n<td valign=\"top\">QUERER SER FELIZ<span class=\"Apple-converted-space\">\u00a0<\/span><\/td>\n<td valign=\"top\">17<span class=\"Apple-converted-space\">\u00a0<\/span><\/td>\n<\/tr>\n<tr>\n<td valign=\"top\">1 Qu\u00e9 es la Felicidad<span class=\"Apple-converted-space\">\u00a0<\/span><\/td>\n<td valign=\"top\">19<span class=\"Apple-converted-space\">\u00a0<\/span><\/td>\n<\/tr>\n<tr>\n<td valign=\"top\">2 La felicidad en los tiempos actuales<span class=\"Apple-converted-space\">\u00a0<\/span><\/td>\n<td valign=\"top\">25<span class=\"Apple-converted-space\">\u00a0<\/span><\/td>\n<\/tr>\n<tr>\n<td valign=\"top\">3 La er\u00f3tica del capitalismo<span class=\"Apple-converted-space\">\u00a0<\/span><\/td>\n<td valign=\"top\">33<span class=\"Apple-converted-space\">\u00a0<\/span><\/td>\n<\/tr>\n<tr>\n<td valign=\"top\">4 D\u00e9jate de bromas. \u00bfQu\u00e9 tal si nos centramos en el sexo?<span class=\"Apple-converted-space\">\u00a0<\/span><\/td>\n<td valign=\"top\">39<span class=\"Apple-converted-space\">\u00a0<\/span><\/td>\n<\/tr>\n<tr>\n<td valign=\"top\">5 Que opinan los fil\u00f3sofos del placer<span class=\"Apple-converted-space\">\u00a0<\/span><\/td>\n<td valign=\"top\">47<span class=\"Apple-converted-space\">\u00a0<\/span><\/td>\n<\/tr>\n<tr>\n<td valign=\"top\">6 La felicidad canalla<span class=\"Apple-converted-space\">\u00a0<\/span><\/td>\n<td valign=\"top\">57<span class=\"Apple-converted-space\">\u00a0<\/span><\/td>\n<\/tr>\n<tr>\n<td valign=\"top\">TENER IDEOLOG\u00cdA<span class=\"Apple-converted-space\">\u00a0<\/span><\/td>\n<td valign=\"top\">67<span class=\"Apple-converted-space\">\u00a0<\/span><\/td>\n<\/tr>\n<tr>\n<td valign=\"top\">7 Arenas movedizas. \u00bfQui\u00e9n no peca de ide\u00f3logo?<span class=\"Apple-converted-space\">\u00a0<\/span><\/td>\n<td valign=\"top\">69<span class=\"Apple-converted-space\">\u00a0<\/span><\/td>\n<\/tr>\n<tr>\n<td valign=\"top\">8 Coacci\u00f3n directa y control de creencias pol\u00edticas<span class=\"Apple-converted-space\">\u00a0<\/span><\/td>\n<td valign=\"top\">81<span class=\"Apple-converted-space\">\u00a0<\/span><\/td>\n<\/tr>\n<tr>\n<td valign=\"top\">9 La mec\u00e1nica de la pol\u00edtica. Opresi\u00f3n vertical descendente y reacci\u00f3n ascendente<span class=\"Apple-converted-space\">\u00a0<\/span><\/td>\n<td valign=\"top\">87<span class=\"Apple-converted-space\">\u00a0<\/span><\/td>\n<\/tr>\n<tr>\n<td valign=\"top\">10 La idea de Estado<span class=\"Apple-converted-space\">\u00a0<\/span><\/td>\n<td valign=\"top\">97<span class=\"Apple-converted-space\">\u00a0<\/span><\/td>\n<\/tr>\n<tr>\n<td valign=\"top\">TENER MORAL<span class=\"Apple-converted-space\">\u00a0<\/span><\/td>\n<td valign=\"top\">105<span class=\"Apple-converted-space\">\u00a0<\/span><\/td>\n<\/tr>\n<tr>\n<td valign=\"top\">11 El concepto de populismo<span class=\"Apple-converted-space\">\u00a0<\/span><\/td>\n<td valign=\"top\">107<span class=\"Apple-converted-space\">\u00a0<\/span><\/td>\n<\/tr>\n<tr>\n<td valign=\"top\">12 Teor\u00edas pol\u00edticas del siglo XX<span class=\"Apple-converted-space\">\u00a0<\/span><\/td>\n<td valign=\"top\">123<span class=\"Apple-converted-space\">\u00a0<\/span><\/td>\n<\/tr>\n<tr>\n<td valign=\"top\">13 Libertad, igualdad y justicia<span class=\"Apple-converted-space\">\u00a0<\/span><\/td>\n<td valign=\"top\">137<span class=\"Apple-converted-space\">\u00a0<\/span><\/td>\n<\/tr>\n<tr>\n<td valign=\"top\">SER SOLIDARIO<span class=\"Apple-converted-space\">\u00a0<\/span><\/td>\n<td valign=\"top\">147<span class=\"Apple-converted-space\">\u00a0<\/span><\/td>\n<\/tr>\n<tr>\n<td valign=\"top\">14 Los rayos de Zeus<span class=\"Apple-converted-space\">\u00a0<\/span><\/td>\n<td valign=\"top\">149<span class=\"Apple-converted-space\">\u00a0<\/span><\/td>\n<\/tr>\n<tr>\n<td valign=\"top\">15 Mirar para otro lado<span class=\"Apple-converted-space\">\u00a0<\/span><\/td>\n<td valign=\"top\">163<span class=\"Apple-converted-space\">\u00a0<\/span><\/td>\n<\/tr>\n<tr>\n<td valign=\"top\">16 La solidaridad en Catalu\u00f1a<span class=\"Apple-converted-space\">\u00a0<\/span><\/td>\n<td valign=\"top\">171<span class=\"Apple-converted-space\">\u00a0<\/span><\/td>\n<\/tr>\n<tr>\n<td valign=\"top\">17 El juego sucio<span class=\"Apple-converted-space\">\u00a0<\/span><\/td>\n<td valign=\"top\">179<span class=\"Apple-converted-space\">\u00a0<\/span><\/td>\n<\/tr>\n<tr>\n<td valign=\"top\">18 El juego limpio<span class=\"Apple-converted-space\">\u00a0<\/span><\/td>\n<td valign=\"top\">189<span class=\"Apple-converted-space\">\u00a0<\/span><\/td>\n<\/tr>\n<tr>\n<td valign=\"top\">19 Nuestros vecinos los franceses<span class=\"Apple-converted-space\">\u00a0<\/span><\/td>\n<td valign=\"top\">195<span class=\"Apple-converted-space\">\u00a0<\/span><\/td>\n<\/tr>\n<tr>\n<td valign=\"top\"><i>PRIMUM VIVERE<span class=\"Apple-converted-space\">\u00a0<\/span><\/i><\/td>\n<td valign=\"top\">209<span class=\"Apple-converted-space\">\u00a0<\/span><\/td>\n<\/tr>\n<tr>\n<td valign=\"top\">20 Llevar los an\u00e1lisis al l\u00edmite<span class=\"Apple-converted-space\">\u00a0<\/span><\/td>\n<td valign=\"top\">211<span class=\"Apple-converted-space\">\u00a0<\/span><\/td>\n<\/tr>\n<tr>\n<td valign=\"top\">21 Resistencia estoica y actitud c\u00ednica<span class=\"Apple-converted-space\">\u00a0<\/span><\/td>\n<td valign=\"top\">223<\/td>\n<\/tr>\n<\/tbody>\n<\/table>\n<table style=\"height: 1602px;\" width=\"938\" cellspacing=\"0\" cellpadding=\"0\">\n<tbody>\n<tr>\n<td valign=\"top\">22 Llevar las riendas trechos largos<span class=\"Apple-converted-space\">\u00a0<\/span><\/td>\n<td valign=\"top\">229<\/td>\n<\/tr>\n<tr>\n<td valign=\"top\">QU\u00c9 DEBO ESPERAR<\/td>\n<td valign=\"top\">237<\/td>\n<\/tr>\n<tr>\n<td valign=\"top\">23 Vivir al borde del precipicio<\/td>\n<td valign=\"top\">239<\/td>\n<\/tr>\n<tr>\n<td valign=\"top\">24 En busca de las ra\u00edces perdidas<span class=\"Apple-converted-space\">\u00a0<\/span><\/td>\n<td valign=\"top\">247<\/td>\n<\/tr>\n<tr>\n<td valign=\"top\">25 No perder el suelo bajo los pies<\/td>\n<td valign=\"top\">257<\/td>\n<\/tr>\n<tr>\n<td valign=\"top\">CON LITERATURA Y CON FILOSOF\u00cdA<\/td>\n<td valign=\"top\">269<\/td>\n<\/tr>\n<tr>\n<td valign=\"top\">26 El borrado c\u00ednico entre el bien y el mal<span class=\"Apple-converted-space\">\u00a0<\/span><\/td>\n<td valign=\"top\">271<\/td>\n<\/tr>\n<tr>\n<td valign=\"top\">27 En la frontera del animal<\/td>\n<td valign=\"top\">283<\/td>\n<\/tr>\n<tr>\n<td valign=\"top\">28 Aberraciones culturales<\/td>\n<td valign=\"top\">291<\/td>\n<\/tr>\n<tr>\n<td valign=\"top\">29 El lado orgi\u00e1stico del alma. Dionisos<\/td>\n<td valign=\"top\">299<\/td>\n<\/tr>\n<tr>\n<td valign=\"top\">30 Entre el subjetivismo l\u00edrico y la sublime desesperaci\u00f3n<\/td>\n<td valign=\"top\">307<\/td>\n<\/tr>\n<tr>\n<td valign=\"top\">LA VERDAD<\/td>\n<td valign=\"top\">323<\/td>\n<\/tr>\n<tr>\n<td valign=\"top\">31 La verdad, \u00bfhasta d\u00f3nde?<\/td>\n<td valign=\"top\">325<\/td>\n<\/tr>\n<tr>\n<td valign=\"top\">32 La mentira, \u00bfdesde d\u00f3nde?<span class=\"Apple-converted-space\">\u00a0<\/span><\/td>\n<td valign=\"top\">337<\/td>\n<\/tr>\n<tr>\n<td valign=\"top\">33 La verdad del saber. \u00bfPuede superarse el escepticismo?<span class=\"Apple-converted-space\">\u00a0<\/span><\/td>\n<td valign=\"top\">347<\/td>\n<\/tr>\n<tr>\n<td valign=\"top\">34 La falsedad de la <i>ciencia<\/i>. Limpiar el campo<\/td>\n<td valign=\"top\">359<\/td>\n<\/tr>\n<tr>\n<td valign=\"top\">35 Las fronteras de la ciencia. Delimitar el campo<span class=\"Apple-converted-space\">\u00a0<\/span><\/td>\n<td valign=\"top\">371<\/td>\n<\/tr>\n<tr>\n<td valign=\"top\">36 La verdad cient\u00edfica<span class=\"Apple-converted-space\">\u00a0<\/span><\/td>\n<td valign=\"top\">385<\/td>\n<\/tr>\n<tr>\n<td valign=\"top\">37 La verdad de cada ciencia<\/td>\n<td valign=\"top\">395<\/td>\n<\/tr>\n<tr>\n<td valign=\"top\">LA REALIDAD<\/td>\n<td valign=\"top\">407<\/td>\n<\/tr>\n<tr>\n<td valign=\"top\">38 La realidad fenomenol\u00f3gica<span class=\"Apple-converted-space\">\u00a0<\/span><\/td>\n<td valign=\"top\">409<\/td>\n<\/tr>\n<tr>\n<td valign=\"top\">39 <i>Urbineando<span class=\"Apple-converted-space\">\u00a0<\/span><\/i><\/td>\n<td valign=\"top\">427<\/td>\n<\/tr>\n<tr>\n<td valign=\"top\">HAY QUE DESPEDIRSE<\/td>\n<td valign=\"top\">451<\/td>\n<\/tr>\n<tr>\n<td valign=\"top\">40 Fiesta con invitados<\/td>\n<td valign=\"top\">453<\/td>\n<\/tr>\n<tr>\n<td valign=\"top\">41 Viaje por la historia<\/td>\n<td valign=\"top\">465<\/td>\n<\/tr>\n<tr>\n<td valign=\"top\">42 Paseo por el presente<span class=\"Apple-converted-space\">\u00a0<\/span><\/td>\n<td valign=\"top\">477<\/td>\n<\/tr>\n<tr>\n<td valign=\"top\">\u00cdNDICE DE AUTORES<\/td>\n<td valign=\"top\">493<span class=\"Apple-converted-space\">\u00a0<\/span><\/td>\n<\/tr>\n<\/tbody>\n<\/table>\n","protected":false},"excerpt":{"rendered":"<p>Claudia y Tom\u00e1s. Estrellas en un pozo. Un di\u00e1logo filos\u00f3fico Silverio S\u00e1nchez Corredera &nbsp; \u00a0Un di\u00e1logo entre un profesor, una alumna y un alumno durante todo un curso, que lleva por t\u00edtulo Claudia y Tom\u00e1s. Estrellas en un pozo. Ella 17 a\u00f1os y \u00e9l 18, Claudia est\u00e1 convencida de que tiene que haber respuestas que [&hellip;]<\/p>\n","protected":false},"featured_media":3760,"template":"","meta":[],"product_brand":[],"product_cat":[59],"product_tag":[131],"class_list":{"0":"post-3759","1":"product","2":"type-product","3":"status-publish","4":"has-post-thumbnail","6":"product_cat-contemporanea","7":"product_tag-novela-filosofica","9":"first","10":"instock","11":"taxable","12":"shipping-taxable","13":"purchasable","14":"product-type-simple"},"jetpack_sharing_enabled":true,"_links":{"self":[{"href":"https:\/\/www.eikasia.es\/index.php\/wp-json\/wp\/v2\/product\/3759","targetHints":{"allow":["GET"]}}],"collection":[{"href":"https:\/\/www.eikasia.es\/index.php\/wp-json\/wp\/v2\/product"}],"about":[{"href":"https:\/\/www.eikasia.es\/index.php\/wp-json\/wp\/v2\/types\/product"}],"wp:featuredmedia":[{"embeddable":true,"href":"https:\/\/www.eikasia.es\/index.php\/wp-json\/wp\/v2\/media\/3760"}],"wp:attachment":[{"href":"https:\/\/www.eikasia.es\/index.php\/wp-json\/wp\/v2\/media?parent=3759"}],"wp:term":[{"taxonomy":"product_brand","embeddable":true,"href":"https:\/\/www.eikasia.es\/index.php\/wp-json\/wp\/v2\/product_brand?post=3759"},{"taxonomy":"product_cat","embeddable":true,"href":"https:\/\/www.eikasia.es\/index.php\/wp-json\/wp\/v2\/product_cat?post=3759"},{"taxonomy":"product_tag","embeddable":true,"href":"https:\/\/www.eikasia.es\/index.php\/wp-json\/wp\/v2\/product_tag?post=3759"}],"curies":[{"name":"wp","href":"https:\/\/api.w.org\/{rel}","templated":true}]}}