{"id":377,"date":"2021-04-20T11:58:55","date_gmt":"2021-04-20T09:58:55","guid":{"rendered":"https:\/\/www.eikasia.es\/?post_type=product&#038;p=377"},"modified":"2021-04-20T12:08:35","modified_gmt":"2021-04-20T10:08:35","slug":"alcantarillas","status":"publish","type":"product","link":"https:\/\/www.eikasia.es\/index.php\/producto\/alcantarillas\/","title":{"rendered":"Alcantarillas"},"content":{"rendered":"<p>Como ya hizo en <em>Cacharros malversos,<\/em> <strong>David Su\u00e1rez<\/strong> (Oviedo, 1975) se sumerge en el terreno <em>freak<\/em> de la poes\u00eda. Un mundo subterr\u00e1neo, alejado del \u00abpoder cultural\u00bb, como dir\u00eda Jes\u00fas Lizano. En estas f\u00e9tidas y pantanosas alcantarillas se va a encontrar con otros singulares poetas de la letras asturianas como David Gonz\u00e1lez, Lauren Garc\u00eda, Roger Wolfe o Roxana Popelka.<\/p>\n","protected":false},"excerpt":{"rendered":"<p>Como ya hizo en Cacharros malversos, David Su\u00e1rez (Oviedo, 1975) se sumerge en el terreno freak de la poes\u00eda. Un mundo subterr\u00e1neo, alejado del \u00abpoder cultural\u00bb, como dir\u00eda Jes\u00fas Lizano. En estas f\u00e9tidas y pantanosas alcantarillas se va a encontrar con otros singulares poetas de la letras asturianas como David Gonz\u00e1lez, Lauren Garc\u00eda, Roger Wolfe [&hellip;]<\/p>\n","protected":false},"featured_media":374,"template":"","meta":[],"product_brand":[],"product_cat":[21],"product_tag":[30],"class_list":{"0":"post-377","1":"product","2":"type-product","3":"status-publish","4":"has-post-thumbnail","6":"product_cat-libros","7":"product_tag-poesia","9":"first","10":"instock","11":"taxable","12":"shipping-taxable","13":"purchasable","14":"product-type-simple"},"jetpack_sharing_enabled":true,"_links":{"self":[{"href":"https:\/\/www.eikasia.es\/index.php\/wp-json\/wp\/v2\/product\/377","targetHints":{"allow":["GET"]}}],"collection":[{"href":"https:\/\/www.eikasia.es\/index.php\/wp-json\/wp\/v2\/product"}],"about":[{"href":"https:\/\/www.eikasia.es\/index.php\/wp-json\/wp\/v2\/types\/product"}],"wp:featuredmedia":[{"embeddable":true,"href":"https:\/\/www.eikasia.es\/index.php\/wp-json\/wp\/v2\/media\/374"}],"wp:attachment":[{"href":"https:\/\/www.eikasia.es\/index.php\/wp-json\/wp\/v2\/media?parent=377"}],"wp:term":[{"taxonomy":"product_brand","embeddable":true,"href":"https:\/\/www.eikasia.es\/index.php\/wp-json\/wp\/v2\/product_brand?post=377"},{"taxonomy":"product_cat","embeddable":true,"href":"https:\/\/www.eikasia.es\/index.php\/wp-json\/wp\/v2\/product_cat?post=377"},{"taxonomy":"product_tag","embeddable":true,"href":"https:\/\/www.eikasia.es\/index.php\/wp-json\/wp\/v2\/product_tag?post=377"}],"curies":[{"name":"wp","href":"https:\/\/api.w.org\/{rel}","templated":true}]}}