{"id":378,"date":"2021-04-09T11:30:13","date_gmt":"2021-04-09T11:30:13","guid":{"rendered":"https:\/\/www.eikasia.es\/?post_type=product&#038;p=378"},"modified":"2021-04-16T11:36:07","modified_gmt":"2021-04-16T09:36:07","slug":"jovellanos-a-la-luz-de-felinus","status":"publish","type":"product","link":"https:\/\/www.eikasia.es\/index.php\/producto\/jovellanos-a-la-luz-de-felinus\/","title":{"rendered":"Jovellanos a la luz de Felinus"},"content":{"rendered":"<p><em>Jovellanos a la luz de Felinus<\/em> pone en escena a uno de los personajes de mayor relieve de la historia de Espa\u00f1a.<br \/>\nEl perfil de la personalidad de Jovellanos, su pensamiento, su talante y su obra reformadora son el objetivo a destacar.<br \/>\nSe construye como una biograf\u00eda filos\u00f3fica con im\u00e1genes. Narrada desde la veracidad de los datos, est\u00e1 descrita con la fuerza y la gracia del dibujo.<br \/>\nIntervienen los personajes contempor\u00e1neos de Jovino: Carlos III, Campomanes, Cabarr\u00fas, Godoy o Goya\u2026 pero no solo ellos. Vemos en acci\u00f3n a otros protagonistas que proceden del siglo XXI.<br \/>\nSe trata de Felinus, un gato sabio y su troupe felina que indagan en aquel siglo XVIII y principios del XIX.<br \/>\nEllos se han propuesto descubrir con su estilo propio a nuestro personaje.<\/p>\n","protected":false},"excerpt":{"rendered":"<p>Jovellanos a la luz de Felinus pone en escena a uno de los personajes de mayor relieve de la historia de Espa\u00f1a. El perfil de la personalidad de Jovellanos, su pensamiento, su talante y su obra reformadora son el objetivo a destacar. Se construye como una biograf\u00eda filos\u00f3fica con im\u00e1genes. Narrada desde la veracidad de [&hellip;]<\/p>\n","protected":false},"featured_media":372,"template":"","meta":[],"product_brand":[],"product_cat":[17],"product_tag":[31],"class_list":{"0":"post-378","1":"product","2":"type-product","3":"status-publish","4":"has-post-thumbnail","6":"product_cat-filosofia","7":"product_tag-comic","9":"first","10":"instock","11":"taxable","12":"shipping-taxable","13":"purchasable","14":"product-type-simple"},"jetpack_sharing_enabled":true,"_links":{"self":[{"href":"https:\/\/www.eikasia.es\/index.php\/wp-json\/wp\/v2\/product\/378","targetHints":{"allow":["GET"]}}],"collection":[{"href":"https:\/\/www.eikasia.es\/index.php\/wp-json\/wp\/v2\/product"}],"about":[{"href":"https:\/\/www.eikasia.es\/index.php\/wp-json\/wp\/v2\/types\/product"}],"wp:featuredmedia":[{"embeddable":true,"href":"https:\/\/www.eikasia.es\/index.php\/wp-json\/wp\/v2\/media\/372"}],"wp:attachment":[{"href":"https:\/\/www.eikasia.es\/index.php\/wp-json\/wp\/v2\/media?parent=378"}],"wp:term":[{"taxonomy":"product_brand","embeddable":true,"href":"https:\/\/www.eikasia.es\/index.php\/wp-json\/wp\/v2\/product_brand?post=378"},{"taxonomy":"product_cat","embeddable":true,"href":"https:\/\/www.eikasia.es\/index.php\/wp-json\/wp\/v2\/product_cat?post=378"},{"taxonomy":"product_tag","embeddable":true,"href":"https:\/\/www.eikasia.es\/index.php\/wp-json\/wp\/v2\/product_tag?post=378"}],"curies":[{"name":"wp","href":"https:\/\/api.w.org\/{rel}","templated":true}]}}