{"id":383,"date":"2021-04-16T11:31:56","date_gmt":"2021-04-16T09:31:56","guid":{"rendered":"https:\/\/www.eikasia.es\/?post_type=product&#038;p=383"},"modified":"2021-06-25T20:26:54","modified_gmt":"2021-06-25T18:26:54","slug":"rosario-acuna-masoneria-y-anticlericalismo-burgues","status":"publish","type":"product","link":"https:\/\/www.eikasia.es\/index.php\/producto\/rosario-acuna-masoneria-y-anticlericalismo-burgues\/","title":{"rendered":"Rosario de Acu\u00f1a: masoner\u00eda y anticlericalismo burgu\u00e9s"},"content":{"rendered":"","protected":false},"excerpt":{"rendered":"<p style=\"text-align:center;\">\u00cdndice de contenido<\/p>\n<ol class=\"r\">\n<li>Los primeros a\u00f1os<\/li>\n<li>La liberaci\u00f3n de la mujer<\/li>\n<li>El libre pensamiento y la masoner\u00eda<\/li>\n<li>Per\u00edodo intermedio: Santander<\/li>\n<li>Gij\u00f3n: la vida frente al mar<\/li>\n<li>La emancipaci\u00f3n de los trabajadores<\/li>\n<li>La pol\u00edtica anticlerical<\/li>\n<li>Costa y la regeneraci\u00f3n de Espa\u00f1a<\/li>\n<li>Una referencia insoslayable<\/li>\n<li>Defensa del ideal rom\u00e1ntico<\/li>\n<li>La escuela neutra de Gij\u00f3n<\/li>\n<li>Exilio forzado<\/li>\n<li>La primera guerra mundial<\/li>\n<li>Defensa de la independencia personal<\/li>\n<li>La uni\u00f3n de las izquierdas<\/li>\n<li>A los representantes de Francia<\/li>\n<li>Carta a un voluntario espa\u00f1ol<\/li>\n<li>La huelga general de agosto de 1917<\/li>\n<li>Las elecciones generales de junio de 1919<\/li>\n<li>Persecuciones<\/li>\n<li>Tragedia en el mar<\/li>\n<li>La cuesti\u00f3n de las responsabilidades<\/li>\n<li>El \u00faltimo viaje<\/li>\n<\/ol>\n<p>Obras de Rosario de Acu\u00f1a<\/p>\n","protected":false},"featured_media":401,"template":"","meta":[],"product_brand":[],"product_cat":[21],"product_tag":[34,33],"class_list":{"0":"post-383","1":"product","2":"type-product","3":"status-publish","4":"has-post-thumbnail","6":"product_cat-libros","7":"product_tag-asturias","8":"product_tag-feminismo","10":"first","11":"instock","12":"taxable","13":"shipping-taxable","14":"purchasable","15":"product-type-simple"},"jetpack_sharing_enabled":true,"_links":{"self":[{"href":"https:\/\/www.eikasia.es\/index.php\/wp-json\/wp\/v2\/product\/383","targetHints":{"allow":["GET"]}}],"collection":[{"href":"https:\/\/www.eikasia.es\/index.php\/wp-json\/wp\/v2\/product"}],"about":[{"href":"https:\/\/www.eikasia.es\/index.php\/wp-json\/wp\/v2\/types\/product"}],"wp:featuredmedia":[{"embeddable":true,"href":"https:\/\/www.eikasia.es\/index.php\/wp-json\/wp\/v2\/media\/401"}],"wp:attachment":[{"href":"https:\/\/www.eikasia.es\/index.php\/wp-json\/wp\/v2\/media?parent=383"}],"wp:term":[{"taxonomy":"product_brand","embeddable":true,"href":"https:\/\/www.eikasia.es\/index.php\/wp-json\/wp\/v2\/product_brand?post=383"},{"taxonomy":"product_cat","embeddable":true,"href":"https:\/\/www.eikasia.es\/index.php\/wp-json\/wp\/v2\/product_cat?post=383"},{"taxonomy":"product_tag","embeddable":true,"href":"https:\/\/www.eikasia.es\/index.php\/wp-json\/wp\/v2\/product_tag?post=383"}],"curies":[{"name":"wp","href":"https:\/\/api.w.org\/{rel}","templated":true}]}}