{"id":3934,"date":"2026-05-12T09:32:21","date_gmt":"2026-05-12T07:32:21","guid":{"rendered":"https:\/\/www.eikasia.es\/?post_type=product&#038;p=3934"},"modified":"2026-05-12T09:33:10","modified_gmt":"2026-05-12T07:33:10","slug":"alberto-hidalgo-tunon-el-zocalo-de-la-realidad-vol-iii","status":"publish","type":"product","link":"https:\/\/www.eikasia.es\/index.php\/producto\/alberto-hidalgo-tunon-el-zocalo-de-la-realidad-vol-iii\/","title":{"rendered":"Alberto Hidalgo Tu\u00f1on. El z\u00f3calo de la realidad  (vol. III)"},"content":{"rendered":"<p>El z\u00f3calo de la realidad<br \/>\nInvestigaciones sobre contextos determinantes<br \/>\n(Apuntes Acerca de una Futura Sociolog\u00eda del Conocimiento)<br \/>\n(vol. III) 830 pg.<br \/>\nAlberto Hidalgo Tu\u00f1on<\/p>\n<p>Eikas\u00eda. Oviedo, 2026<br \/>\nISBN vol\u00famen III: 978-84-15203-99-5<\/p>\n<p>Las cinco investigaciones que se presentan en este III volumen de El Z\u00f3calo de la realidad conciernen a las cinco grandes cuestiones que plantea la idea de la determinaci\u00f3n social de la conciencia y del conocimiento tal como irrumpi\u00f3 con fuerza en el siglo XIX con el reto marxista al idealismo. Su autor imparti\u00f3 durante m\u00e1s de 25 a\u00f1os las materias de sociolog\u00eda de conocimiento y de la ciencia en la Universidad de Oviedo profundizando el concepto de contexto determinante desde el materialismo filos\u00f3fico. El primer contexto se despliega a prop\u00f3sito del desarrollo de la disciplina como categor\u00eda cient\u00edfica a principios del siglo XX por obre de Max Scheler y Karl Mannheim. Ello implica un segundo frente de contextos institucionales que condicionan el conocimiento e imposibilitan su autonom\u00eda. La tercera investigaci\u00f3n concierne a los dominios del campo, cuya complejidad tematiza Edgar Morin en El M\u00e9todo. Desde el materialismo sea filos\u00f3fico (Gustavo Bueno) o fenomenol\u00f3gico (RSO de Urbina) resulta inevitable confrontar los contextos gnoseol\u00f3gicos que tematizan los problemas y paradojas de la determinaci\u00f3n (la ideolog\u00eda, la imputaci\u00f3n, el relativismo, etc.). La quinta investigaci\u00f3n aborda los marcos micro, meso y macrosociol\u00f3gicos del conocimiento hasta poner en conexi\u00f3n el conocimiento massmedi\u00e1tico  con los problemas actuales de la globalizaci\u00f3n. Se concluye con una propuesta de symplok\u00e9 entre anamorfosis, autopoiesis y morfog\u00e9nesis en orden a una sociolog\u00eda constructivista del conocimento.<\/p>\n<p>Pr\u00f3logo. Contextos determinantes: Del relativismo cultural a la postverdad en el problema del conocimiento <\/p>\n<p>Parte 1\u00aa. El \u00e1mbito de la sociolog\u00eda del conocimiento como contexto determinante<br \/>\nCap\u00edtulo 1\u00ba.- Quaestio Nominis<br \/>\nCap\u00edtulo 2\u00ba.- La inconmensurabilidad de la denotatio<br \/>\nCap\u00edtulo 3\u00ba.- El coeficiente diferencial espa\u00f1ol y la generaci\u00f3n del 98<br \/>\nCap\u00edtulo 4\u00ba.- Apunte metodol\u00f3gico<br \/>\nCap\u00edtulo 5\u00ba. Una disciplina en busca de abolengo<br \/>\nCap\u00edtulo 6.- Tradiciones intelectuales: \u00abprogramas d\u00e9biles\u00bb y \u00abprogramas fuertes\u00bb <\/p>\n<p>Parte 2. La sociologia del conocimiento y de la ciencia en el contexto de las ciencias sociales y en sus relaciones con la filosofia <\/p>\n<p>Cap\u00edtulo 7\u00ba.- Fosos y nexos entre Sociolog\u00eda del Conocimiento y Teor\u00eda del Conocimiento,Sociolog\u00eda de la Ciencia y Teor\u00eda de la Ciencia. 1<br \/>\n7.1. Los or\u00edgenes de la sociolog\u00eda y el \u201cdialelo gnoseol\u00f3gico\u201d entre sociolog\u00eda y ciencia en Comte<br \/>\nA.\u2014La primera escisi\u00f3n entre teor\u00eda del conocimiento y teor\u00eda de la cincia produce una sociolog\u00eda de la ciencia<br \/>\nB.\u2014 El consenso como nuevo criterio sociol\u00f3gico de \u201cverdad\u201d produce la \u201csocializaci\u00f3n\u201d de todo conocimiento<br \/>\nC.\u2014La constituci\u00f3n acad\u00e9mica de la sociolog\u00eda como disciplina aut\u00f3noma en Comte<br \/>\n7. 2.- La \u201cideolog\u00eda\u201d en Desttut de Tracy como antecedente de las problem\u00e1ticas relaciones entre teor\u00eda del conocimiento y sociolog\u00eda del conocimiento <\/p>\n<p>Cap\u00edtulo 8\u00ba.- La sociolog\u00eda del conocimiento y de la ciencia en relaci\u00f3n a la investigaci\u00f3n sociol\u00f3gica<br \/>\n8.1. Las distintas estrategias investigadoras de la Sociolog\u00eda<br \/>\n8.2. Las distintas acepciones de ciencia<br \/>\n8.3. Relaciones funcionales entre Sociolog\u00eda y Ciencia <\/p>\n<p>Cap\u00edtulo 9\u00ba.- Reducciones, involucraciones y confrontaciones en las fronteras: Antropolog\u00eda, Psicolog\u00eda e interdisciplinaridad<br \/>\n9.1. Sobre los distintos enfoques para el estudio del conocimiento y de la ciencia, rivales del enfoque sociol\u00f3gico<br \/>\n9.2.- El teorema de Mauss sobre la dimensi\u00f3n simb\u00f3lica de lo social: colaboraci\u00f3n cient\u00edfica y contrabando conceptual <\/p>\n<p>Parte 3\u00aa. Los \u00abdominios\u00bb de la sociologia cr\u00edtica del conocimiento <\/p>\n<p>Cap\u00edtulo 10\u00ba.- Occidente &#038; Etnocentrismo. Relaciones gen\u00e9ticas y estructurales del contexto determinante actual<br \/>\n10.1. Planteamiento del problema<br \/>\n10.2. Sobre el origen y significado de los t\u00e9rminos enfrentados<br \/>\n10.3. Etnocentrismo y relativismo cultural<br \/>\n10.4. Etnocentrismo, racismo, xenofobia y occidente<br \/>\n10.5. Supuestos econ\u00f3micos, hist\u00f3ricos e ideol\u00f3gicos de la xenofobia y el etnocentrismo<br \/>\n10.6.- La marginaci\u00f3n de las minor\u00edas \u00e9tnicas en occidente <\/p>\n<p>Cap\u00edtulo 11\u00ba.- La determinaci\u00f3n social del conocimiento como campo de estudio \u00bfes un dominio marxista?: Contextos determinantes y factores sociales <\/p>\n<p>Cap\u00edtulo 12\u00ba.- La involucraci\u00f3n pol\u00edtica y el problema de la ideolog\u00eda: \u00bfEs inevitable el pan ideologismo? <\/p>\n<p>Cap\u00edtulo 13\u00ba.- Weltanschauungen, Lebenswelt, actitudes b\u00e1sicas t\u00edpicas, ortogramas, falsa conciencia y el problema de las unidades de estudio<br \/>\n13.1. Las Weltanschauungen<br \/>\n13.2. El Lebenswelt<br \/>\n13.3. Las \u00abactitudes b\u00e1sicas t\u00edpicas\u00bb y las \u00abrepresentaciones sociales\u00bb<br \/>\n13.4. La falsa conciencia y los \u00abortogramas\u00bb<br \/>\nCap\u00edtulo 14\u00ba.-Sociolog\u00eda general del conocimiento y sociolog\u00edas especiales del conocimiento. El caso de la sociolog\u00eda del conocimiento art\u00edstico y literario<br \/>\n14.1. Conocimiento sociol\u00f3gico y conocimiento art\u00edstico: Una historia de los fosos y nexos,encuentros y cruces entre sociolog\u00eda y<br \/>\nexperiencia est\u00e9tica<br \/>\n14.2. Hacia una soluci\u00f3n epistemol\u00f3gica desde la fenomenolog\u00eda no est\u00e1ndar <\/p>\n<p>Parte 4\u00aa. Contextos gnoseol\u00f3gicos: problemas y paradojas de la determinacion <\/p>\n<p>Cap\u00edtulo 15\u00ba.- Contextos filos\u00f3ficos. La pregunta por la posibilidad te\u00f3rica de la sociolog\u00eda del conocimiento<\/p>\n<p>Cap\u00edtulo 16\u00ba.- El problema de su estatuto gnoseol\u00f3gico: \u00bfciencia natural o ciencia del hombre?<\/p>\n<p>Cap\u00edtulo 17\u00ba.- Enfoques inmanentes y enfoques trascendentes. Interno\/ ex\u00acterno. Emic\/Etic<br \/>\nA.- Observaciones sobre la distinci\u00f3n inmanente \/ trascendente<br \/>\nB.- Observaciones sobre la distinci\u00f3n interno \/ externo<br \/>\nC.- Observaciones sobre la distinci\u00f3n emic\/ etic<br \/>\nCap\u00edtulo 18\u00ba.- El problema de la imputaci\u00f3n<\/p>\n<p>Cap\u00edtulo 19\u00ba.- El problema del relativismo<br \/>\n19.1.- Fuentes del relativismo<br \/>\n19.2.- \u00bfClases, formas, modalidades, niveles ointensidades del relativismo?<br \/>\n19.3.- Los retos del relativismo: preservar la racionalidad<\/p>\n<p>Cap\u00edtulo 20\u00ba.-La paradoja de la auto-referencia. Los dominios del Selbst y la reflexividad<br \/>\n20.1. El espejismo de Yo: Descartes en contexto<br \/>\n20.2. Paradojas de la autorreflexi\u00f3n en el contexto del nacimiento de la propia sociolog\u00eda del conocimiento<br \/>\n20.3. Dibujando la sombra o el contorno negativo de la determinaci\u00f3n social o la cuesti\u00f3n de la anomia<br \/>\n20.4. De los avatares del m\u00e9todo biogr\u00e1fico al auge de los influencers. Los dominios de Selbst: Autorreflexi\u00f3n y autorreferencia en el marco de la complejidad<\/p>\n<p>Cap\u00edtulo 21\u00ba.- Involucraci\u00f3n antropol\u00f3gica de la sociolog\u00eda del conocimiento y de la ciencia en las relaciones naturaleza\/cultura. Un apunte sobre el impacto de las TICs en la realidad social<br \/>\n21.1. El mundo actual como aldea global en tanto contexto determinante de la tecnociencia. M\u00e1quinas, sistemas e informaci\u00f3n<br \/>\n21.2. \u00bfLa aldea global o la tecnolog\u00eda comosistema?<br \/>\n21.3. La era de los sistemas: los elementos del sistema tecnol\u00f3gico.<br \/>\n21.4.- La dial\u00e9ctica naturaleza versus cultura en el sistema tecnol\u00f3gico: \u00abLas Ciencias de lo Artificial\u00bb<\/p>\n<p>Parte 5\u00aa. Contextos sistem\u00e1ticos y geoestrat\u00e9gicos<br \/>\n5.0. Preludio<\/p>\n<p>Cap\u00edtulo 22.- Marcos micro, meso y macrosocol\u00f3gicos del conocimiento: El \u201ccierre\u201d de Gurvitch<br \/>\n22.1. El campo de las formas de organizaci\u00f3n social<br \/>\n22.2. Las formas microsociol\u00f3gicas en el fen\u00f3meno social total<br \/>\n22.3. Dimensiones y alcance de la distinci\u00f3n entre Gemeinschaft und Gesellschaft<br \/>\n22.4.- Los grupos sociales y las categor\u00edas deindividuos. Tipolog\u00edas<br \/>\n22.5. La realidad social de los grupos: Escalas, aspectos y plataformas<br \/>\n22.6.- La duraci\u00f3n de los grupos y la multiplicidad de los tiempos sociales<br \/>\n22.7.- Criterios de clasificaci\u00f3n de los grupos humanos<\/p>\n<p>Cap\u00edtulo 23.- Contextos geoestrat\u00e9gicos: La dial\u00e9ctica entre globalizaci\u00f3n, regionalizaci\u00f3n y territorializaci\u00f3n<br \/>\n23.1.- Planteamiento<br \/>\n23.2.- Nudos gnoseol\u00f3gicos<br \/>\n23.3. El recurso al territorio como criterio material<br \/>\n23.4.-Apunte sobre la versi\u00f3n parat\u00e9tica o de proximidad de Sloterdijk sobre la globalizaci\u00f3n<br \/>\n23.5.- Descripci\u00f3n de la situaci\u00f3n actual de losdebates sobre la sociedad civil como sujeto de laglobalizaci\u00f3n<br \/>\n23.6.- An\u00e1lisis filos\u00f3ficos materialistas y pluralistas sobre el sujeto<br \/>\n23.7.- Para no concluir o la inconclusi\u00f3n de losdebates<\/p>\n<p>Cap\u00edtulo 24: Hacia una sociolog\u00eda constructivista del conocimiento en las tel\u00e9polis del cibermundo: Para una symplok\u00e9 entre anam\u00f3rfosis, autopoiesis y morfog\u00e9nesis. Un apunte<br \/>\n24.1. Anamorfosis como estrategia metodol\u00f3gica entre la reducci\u00f3n y la emergencia positiva<br \/>\n24.2. Autopoiesis en los entornos de los sistemas complejos<br \/>\n24.3. Morfog\u00e9nesis: la eclosi\u00f3n de las formas en primavera<\/p>\n","protected":false},"excerpt":{"rendered":"<p>El z\u00f3calo de la realidad Investigaciones sobre contextos determinantes (Apuntes Acerca de una Futura Sociolog\u00eda del Conocimiento) (vol. III) 830 pg. Alberto Hidalgo Tu\u00f1on Eikas\u00eda. Oviedo, 2026 ISBN vol\u00famen III: 978-84-15203-99-5 Las cinco investigaciones que se presentan en este III volumen de El Z\u00f3calo de la realidad conciernen a las cinco grandes cuestiones que plantea [&hellip;]<\/p>\n","protected":false},"featured_media":3935,"template":"","meta":[],"product_brand":[],"product_cat":[59,17],"product_tag":[],"class_list":{"0":"post-3934","1":"product","2":"type-product","3":"status-publish","4":"has-post-thumbnail","6":"product_cat-contemporanea","7":"product_cat-filosofia","9":"first","10":"instock","11":"taxable","12":"shipping-taxable","13":"purchasable","14":"product-type-simple"},"jetpack_sharing_enabled":true,"_links":{"self":[{"href":"https:\/\/www.eikasia.es\/index.php\/wp-json\/wp\/v2\/product\/3934","targetHints":{"allow":["GET"]}}],"collection":[{"href":"https:\/\/www.eikasia.es\/index.php\/wp-json\/wp\/v2\/product"}],"about":[{"href":"https:\/\/www.eikasia.es\/index.php\/wp-json\/wp\/v2\/types\/product"}],"wp:featuredmedia":[{"embeddable":true,"href":"https:\/\/www.eikasia.es\/index.php\/wp-json\/wp\/v2\/media\/3935"}],"wp:attachment":[{"href":"https:\/\/www.eikasia.es\/index.php\/wp-json\/wp\/v2\/media?parent=3934"}],"wp:term":[{"taxonomy":"product_brand","embeddable":true,"href":"https:\/\/www.eikasia.es\/index.php\/wp-json\/wp\/v2\/product_brand?post=3934"},{"taxonomy":"product_cat","embeddable":true,"href":"https:\/\/www.eikasia.es\/index.php\/wp-json\/wp\/v2\/product_cat?post=3934"},{"taxonomy":"product_tag","embeddable":true,"href":"https:\/\/www.eikasia.es\/index.php\/wp-json\/wp\/v2\/product_tag?post=3934"}],"curies":[{"name":"wp","href":"https:\/\/api.w.org\/{rel}","templated":true}]}}