{"id":409,"date":"2021-04-27T12:04:38","date_gmt":"2021-04-27T10:04:38","guid":{"rendered":"https:\/\/www.eikasia.es\/?post_type=product&#038;p=409"},"modified":"2021-04-27T12:04:38","modified_gmt":"2021-04-27T10:04:38","slug":"picotazos-al-cabrales-de-un-paxarin-bizarro","status":"publish","type":"product","link":"https:\/\/www.eikasia.es\/index.php\/producto\/picotazos-al-cabrales-de-un-paxarin-bizarro\/","title":{"rendered":"Picotazos al cabrales de un paxar\u00edn bizarro"},"content":{"rendered":"<p>Constituye una <em>avis<\/em> muy peculiar dentro de la literatura asturiana. Atravesando en su vuelo diversos <em>ismos,<\/em> como el dada\u00edsmo, el futurismo, el surrealismo, el postismo o incluso el realismo sucio, el autor va creando su propia vanguardia: la <em>suaronada<\/em> o el Punkbizarrismo astur.<\/p>\n<p>Es este un poemario para ser le\u00eddo o recitado en el que el castellano se mezcla con el bable en un conjunto original y divertido, que intenta escapar del gris tedio cotidiano disfraz\u00e1ndose de otro en la noche estricta.<\/p>\n<p>David Su\u00e1rez, Suar\u00f3n (Oviedo, 1975) ha publicado con anterioridad los poemarios <em>Cacharros malversos<\/em> (Grafinsa, 2000), <em>Alcantarillas<\/em> (Eikasia, 2003) y <em>El blog de Dr\u00e1cula<\/em> (Eikasia, 2007). Particip\u00f3 con sus textos en el libro <em>Mensajes de un mundo dibujado<\/em> (Septem, 2007) y en la obra <em>Mitolog\u00eda asturiana<\/em> (Ediciones Pata Negra, 2009) ambas con dibujos y grabados del pintor Carlos \u00c1lvarez Cabrero. Colabor\u00f3 en prensa y en diversos fanzines como <em>La voz del mono<\/em> o <em>Letra y pu\u00f1al.<\/em> Su actividad art\u00edstica abarca tambi\u00e9n el cine y la m\u00fasica amateur. Gestiona, <a href=\"https:\/\/www.blogger.com\/profile\/12398147497628771105\" target=\"_blank\" title=\"Suar\u00f3n | Blogger (abre nueva ventana)\" rel=\"noopener\">entre otros<\/a>, el blog <em>Las telas de ara\u00f1a de mi trastero.<\/em><\/p>\n","protected":false},"excerpt":{"rendered":"<p>Constituye una avis muy peculiar dentro de la literatura asturiana. Atravesando en su vuelo diversos ismos, como el dada\u00edsmo, el futurismo, el surrealismo, el postismo o incluso el realismo sucio, el autor va creando su propia vanguardia: la suaronada o el Punkbizarrismo astur. Es este un poemario para ser le\u00eddo o recitado en el que [&hellip;]<\/p>\n","protected":false},"featured_media":375,"template":"","meta":[],"product_brand":[],"product_cat":[21],"product_tag":[30],"class_list":{"0":"post-409","1":"product","2":"type-product","3":"status-publish","4":"has-post-thumbnail","6":"product_cat-libros","7":"product_tag-poesia","9":"first","10":"instock","11":"taxable","12":"shipping-taxable","13":"purchasable","14":"product-type-simple"},"jetpack_sharing_enabled":true,"_links":{"self":[{"href":"https:\/\/www.eikasia.es\/index.php\/wp-json\/wp\/v2\/product\/409","targetHints":{"allow":["GET"]}}],"collection":[{"href":"https:\/\/www.eikasia.es\/index.php\/wp-json\/wp\/v2\/product"}],"about":[{"href":"https:\/\/www.eikasia.es\/index.php\/wp-json\/wp\/v2\/types\/product"}],"wp:featuredmedia":[{"embeddable":true,"href":"https:\/\/www.eikasia.es\/index.php\/wp-json\/wp\/v2\/media\/375"}],"wp:attachment":[{"href":"https:\/\/www.eikasia.es\/index.php\/wp-json\/wp\/v2\/media?parent=409"}],"wp:term":[{"taxonomy":"product_brand","embeddable":true,"href":"https:\/\/www.eikasia.es\/index.php\/wp-json\/wp\/v2\/product_brand?post=409"},{"taxonomy":"product_cat","embeddable":true,"href":"https:\/\/www.eikasia.es\/index.php\/wp-json\/wp\/v2\/product_cat?post=409"},{"taxonomy":"product_tag","embeddable":true,"href":"https:\/\/www.eikasia.es\/index.php\/wp-json\/wp\/v2\/product_tag?post=409"}],"curies":[{"name":"wp","href":"https:\/\/api.w.org\/{rel}","templated":true}]}}