{"id":53,"date":"2021-01-16T16:43:19","date_gmt":"2021-01-16T16:43:19","guid":{"rendered":"https:\/\/www.eikasia.es\/?post_type=product&#038;p=53"},"modified":"2021-09-14T12:10:15","modified_gmt":"2021-09-14T10:10:15","slug":"justificacion-economica-de-subvenciones-a-proyectos-de-cooperacion-al-desarrollo","status":"publish","type":"product","link":"https:\/\/www.eikasia.es\/index.php\/producto\/justificacion-economica-de-subvenciones-a-proyectos-de-cooperacion-al-desarrollo\/","title":{"rendered":"Justificaci\u00f3n econ\u00f3mica de subvenciones a proyectos de cooperaci\u00f3n al desarrollo recibidas de la Administraci\u00f3n P\u00fablica espa\u00f1ola"},"content":{"rendered":"<p>Se inaugura la colecci\u00f3n de Manuales del IEPC con este libro titulado<em> Justificaci\u00f3n econ\u00f3mica de subvenciones a proyectos de cooperaci\u00f3n al desarrollo recibidas de la Administraci\u00f3n p\u00fablica espa\u00f1ola<\/em>, que pretende aclarar y dar pautas sobre una de las cuestiones m\u00e1s complejas de la cooperaci\u00f3n al desarrollo, dada la complicaci\u00f3n burocr\u00e1tica de la Administraci\u00f3n espa\u00f1ola. Con esta colecci\u00f3n pretendemos facilitar las herramientas b\u00e1sicas de gesti\u00f3n y administraci\u00f3n a las personas interesadas en el mundo de la cooperaci\u00f3n y las organizaciones no gubernamentales. El mundo de las ONG se ha ido complejizando tanto por la normativa, como por las complejidades organizativas de las mismas, y ya no puede reducirse a un mero voluntarismo, por lo que es necesario elaborar manuales que acerquen este tipo de tem\u00e1ticas a aquellas personas que tienen un foco de inter\u00e9s en relaci\u00f3n con el mundo de las ONG, o quieren dedicarse profesionalmente a este campo.<\/p>\n<ul>\n<li class=\"no-topo\"><span style=\"font-weight:bold;\">Conceptos introductorios<\/span> <span style=\"font-weight:bold;\">3<\/span><\/li>\n<li class=\"sub-apartado\">Quie\u0301n es la AECID<\/span> <span>3<\/span><\/li>\n<li class=\"sub-apartado\">Tipos de subvenciones que otorga la AECID<\/span> <span>3<\/span><\/li>\n<li class=\"sub-apartado\">Quie\u0301n debe realizar la justificacio\u0301n econo\u0301mica<\/span> <span>4<\/span><\/li>\n<li class=\"sub-apartado\">Que\u0301 es un proyecto de cooperacio\u0301n<\/span> <span>8<\/span><\/li>\n<li class=\"sub-apartado\">Formas de ejecutar un proyecto<\/span> <span>11<\/span><\/li>\n<li class=\"sub-apartado\">Contrataciones y subcontrataciones con terceros<\/span> <span>12<\/span><\/li>\n<li class=\"sub-apartado\">Condiciones para contrataciones y subcontrataciones<\/span> <span>13<\/span><\/li>\n<li class=\"sub-apartado\">A quie\u0301n se puede contratar o subcontratar<\/span> <span>14<\/span><\/li>\n<li class=\"sub-apartado\">Requisitos contractuales<\/span> <span>14<\/span><\/li>\n<li class=\"sub-apartado\">Requisitos especiales para subcontrataciones<\/span> <span>16<\/span><\/li>\n<li class=\"sub-apartado\">Justificaciones de las subvenciones a presentar por las ONGD<\/span> <span>16<\/span><\/li>\n<li class=\"sub-apartado\">Ejemplos pra\u0301cticos del plazo de presentacio\u0301n de los informes<\/span> <span>20<\/span><\/li>\n<li class=\"sub-apartado\">Consecuencias de la no presentacio\u0301n en plazo<\/span> <span>21<\/span><\/li>\n<li class=\"sub-apartado\">Que\u0301 gastos deben justificarse \/ 22<\/span><\/li>\n<li class=\"sub-apartado\">Que\u0301 documentos sirven como justificantes de gastos<\/span> <span>22<\/span><\/li>\n<li class=\"sub-apartado\">Facturas y otros documentos de tra\u0301fico legal<\/span> <span>22<\/span><\/li>\n<li class=\"sub-apartado\">Aplicacio\u0301n de la normativa local a las facturas<\/span> <span>24<\/span><\/li>\n<li class=\"sub-apartado\">Recibos<\/span> <span>26<\/span><\/li>\n<li class=\"sub-apartado\">Certificacio\u0301n de Ejecucio\u0301n de Actividades<\/span> <span>27<\/span><\/li>\n<li class=\"sub-apartado\">Justificacio\u0301n<\/span> <span>32<\/span><\/li>\n<li class=\"sub-apartado\">Tarifas<\/span> <span>34<\/span><\/li>\n<li class=\"sub-apartado\">Requisitos de los justificantes de gastos<\/span> <span>35<\/span><\/li>\n<li class=\"sub-apartado\">Depo\u0301sito y presentacio\u0301n de los justificantes de gasto originales<\/span> <span>39<\/span><\/li>\n<li class=\"no-topo\"><span style=\"font-weight:bold;\">Los gastos<\/span> <span style=\"font-weight:bold;\">41<\/span><\/li>\n<li class=\"sub-apartado\">Que\u0301 es un gasto<\/span> <span>41<\/span><\/li>\n<li class=\"sub-apartado\">Gastos no imputables a la subvencio\u0301n<\/span> <span>45<\/span><\/li>\n<li class=\"sub-apartado\">Gastos imputables a la subvencio\u0301n<\/span> <span>46<\/span><\/li>\n<li class=\"sub-apartado\">Tipos de gastos subvencionables: gastos directos e indirectos<\/span> <span>50<\/span><\/li>\n<li class=\"sub-apartado\">Gastos de evaluaciones externas<\/span> <span>52<\/span><\/li>\n<li class=\"sub-apartado\">Gastos de auditori\u0301as externas<\/span> <span>55<\/span><\/li>\n<li class=\"sub-apartado\">Gastos de compra o alquiler de terrenos y\/o inmuebles<\/span> <span>59<\/span><\/li>\n<li class=\"sub-apartado\">Gastos de construccio\u0301n y\/o reforma de inmuebles e infraestructuras<\/span> <span>62<\/span><\/li>\n<li class=\"no-topo\"><span style=\"font-weight:bold;\">Los gastos II: Equipos, materiales y suministros<\/span> <span style=\"font-weight:bold;\">67<\/span><\/li>\n<li class=\"sub-apartado\"><span>Equipos, materiales y suministros<\/span> <span>67<\/span><\/li>\n<li class=\"sub-apartado\"><span>La amortizacio\u0301n<\/span> <span>69<\/span><\/li>\n<li class=\"sub-apartado\"><span>Gastos de personal<\/span> <span>77<\/span><\/li>\n<li class=\"sub-apartado\"<span>Documentacio\u0301n a presentar para la justificacio\u0301n de los gastos de personal<\/span> <span>81<\/span><\/li>\n<li class=\"sub-apartado\"><span>Gastos de servicios te\u0301cnicos y profesionales<\/span> <span>81<\/span><\/li>\n<li class=\"sub-apartado\"><span>Gastos de viajes, alojamientos y dietas<\/span> <span>86<\/span><\/li>\n<li class=\"sub-apartado\"><span>Gastos financieros<\/span> <span>90<\/span><\/li>\n<li class=\"sub-apartado\"><span>Gastos vinculados a iniciativas de educacio\u0301n para el desarrollo y sensibilizacio\u0301n social en Espan\u0303a<\/span> <span>91<\/span><\/li>\n<li class=\"sub-apartado\"><span>Documentacio\u0301n a presentar para la justificacio\u0301n de los gastos de educacio\u0301n para el desarrollo en Espan\u0303a<\/span> <span>92<\/span><\/li>\n<li class=\"no-topo\"><span style=\"font-weight:bold;\">La cuenta justificativa o justificaci\u00f3n econ\u00f3mica completa<\/span> <span style=\"font-weight:bold;\">93<\/span><\/li>\n<li class=\"sub-apartado\"><span>Que\u0301 documentos forman la cuenta justificativa completa<\/span> <span>93<\/span><\/li>\n<li class=\"sub-apartado\"><span>El informe econo\u0301mico<\/span> <span>94<\/span><\/li>\n<li class=\"sub-apartado\"><span>El Estado de tesoreri\u0301a<\/span> <span>97<\/span><\/li>\n<li class=\"sub-apartado\"><span>Documentacio\u0301n complementaria a presentar<\/span> <span>98<\/span><\/li>\n<li class=\"sub-apartado\"><span>Devolucio\u0301n de remanentes no invertidos y excesos de financiacio\u0301n<\/span> <span>112<\/span><\/li>\n<li class=\"sub-apartado\"><span>Bibliografi\u0301a<\/span> <span>115<\/span><\/li>\n","protected":false},"excerpt":{"rendered":"<p>Se inaugura la colecci\u00f3n de Manuales del IEPC con este libro titulado Justificaci\u00f3n econ\u00f3mica de subvenciones a proyectos de cooperaci\u00f3n al desarrollo recibidas de la Administraci\u00f3n p\u00fablica espa\u00f1ola, que pretende aclarar y dar pautas sobre una de las cuestiones m\u00e1s complejas de la cooperaci\u00f3n al desarrollo, dada la complicaci\u00f3n burocr\u00e1tica de la Administraci\u00f3n espa\u00f1ola. Con [&hellip;]<\/p>\n","protected":false},"featured_media":139,"template":"","meta":[],"product_brand":[],"product_cat":[24],"product_tag":[],"class_list":{"0":"post-53","1":"product","2":"type-product","3":"status-publish","4":"has-post-thumbnail","6":"product_cat-cooperacion-gestion","8":"first","9":"instock","10":"taxable","11":"shipping-taxable","12":"purchasable","13":"product-type-simple"},"jetpack_sharing_enabled":true,"_links":{"self":[{"href":"https:\/\/www.eikasia.es\/index.php\/wp-json\/wp\/v2\/product\/53","targetHints":{"allow":["GET"]}}],"collection":[{"href":"https:\/\/www.eikasia.es\/index.php\/wp-json\/wp\/v2\/product"}],"about":[{"href":"https:\/\/www.eikasia.es\/index.php\/wp-json\/wp\/v2\/types\/product"}],"wp:featuredmedia":[{"embeddable":true,"href":"https:\/\/www.eikasia.es\/index.php\/wp-json\/wp\/v2\/media\/139"}],"wp:attachment":[{"href":"https:\/\/www.eikasia.es\/index.php\/wp-json\/wp\/v2\/media?parent=53"}],"wp:term":[{"taxonomy":"product_brand","embeddable":true,"href":"https:\/\/www.eikasia.es\/index.php\/wp-json\/wp\/v2\/product_brand?post=53"},{"taxonomy":"product_cat","embeddable":true,"href":"https:\/\/www.eikasia.es\/index.php\/wp-json\/wp\/v2\/product_cat?post=53"},{"taxonomy":"product_tag","embeddable":true,"href":"https:\/\/www.eikasia.es\/index.php\/wp-json\/wp\/v2\/product_tag?post=53"}],"curies":[{"name":"wp","href":"https:\/\/api.w.org\/{rel}","templated":true}]}}