{"id":55,"date":"2021-01-16T16:56:29","date_gmt":"2021-01-16T16:56:29","guid":{"rendered":"https:\/\/www.eikasia.es\/?post_type=product&#038;p=55"},"modified":"2022-05-08T14:27:34","modified_gmt":"2022-05-08T12:27:34","slug":"justificacion-economica-de-subvenciones-a-proyectos-de-cooperacion-al-desarrollo-recibidas-de-agencias-internacionales-europeaid-y-usaid","status":"publish","type":"product","link":"https:\/\/www.eikasia.es\/index.php\/producto\/justificacion-economica-de-subvenciones-a-proyectos-de-cooperacion-al-desarrollo-recibidas-de-agencias-internacionales-europeaid-y-usaid\/","title":{"rendered":"Justificaci\u00f3n econ\u00f3mica de subvenciones a proyectos de cooperaci\u00f3n al desarrollo recibidas de Agencias internacionales (EuropeAid y USAID)"},"content":{"rendered":"<p>Esta colecci\u00f3n de Manuales del IEPC se inaugur\u00f3 con el libro titulado<em> Justificaci\u00f3n econ\u00f3mica de subvenciones a proyectos de cooperaci\u00f3n al desarrollo recibidas de la Administraci\u00f3n P\u00fablica espa\u00f1ola<\/em> y ser\u00e1 continuado con un tercer volumen titulado<em> Gesti\u00f3n econ\u00f3mica de proyectos de cooperaci\u00f3n<\/em>, con lo que la autora pretende aclarar y dar pautas sobre una de las cuestiones m\u00e1s complejas de la cooperaci\u00f3n al desarrollo, dada la complicaci\u00f3n burocr\u00e1tica de la administraci\u00f3n espa\u00f1ola. Con esta colecci\u00f3n pretendemos facilitar las herramientas b\u00e1sicas de gesti\u00f3n y administraci\u00f3n a las personas interesadas en el mundo de la cooperaci\u00f3n y las organizaciones no gubernamentales. El mundo de las ONG se ha ido complejizando tanto por la normativa, como por las complejidades organizativas de las mismas, y ya no puede reducirse a un mero voluntarismo por lo que es necesario elaborar manuales que acerquen este tipo de tem\u00e1ticas a aquellas personas que tienen un foco de inter\u00e9s en el mundo de las ONG, o quieren dedicarse profesionalmente a este campo.<\/p>\n<p>\u00cdndice<\/p>\n<p>Cap\u00edtulo 1: Subvenciones de la Uni\u00f3n Europea<\/p>\n<ol>\n<li class=\"num\"><span>Concepto<\/span> <span>7<\/span><\/li>\n<li class=\"num\"><span>Requisitos de la subvenci\u00f3n<\/span> <span>8<\/span><\/li>\n<li class=\"num\"><span>Requisitos de los solicitantes<\/span> <span>9<\/span><\/li>\n<li class=\"num\"><span>Pago\/cobro de las subvenciones<\/span> <span>10<\/span><\/li>\n<li class=\"num\"><span>La garant\u00eda financiera<\/span> <span>14<\/span><\/li>\n<li class=\"num\"><span>Cuenta bancaria para recibir los pagos<\/span> <span>15<\/span><\/li>\n<li class=\"num\"><span>Tipos de informes<\/span> <span>16<\/span><\/li>\n<li class=\"num\"><span>Periodo de ejecuci\u00f3n de la Acci\u00f3n<\/span> <span>18<\/span><\/li>\n<li class=\"num\"><span>El informe de verificaci\u00f3n de gastos o informe de auditor\u00eda<\/span> <span>20<\/span><\/li>\n<li class=\"num\"><span>Los costes elegibles o costes subvencionables<\/span> <span>22<\/span><\/li>\n<li class=\"num\"><span>Cambio de divisas para hacer frente a los gastos del proyecto<\/span> <span>30<\/span><\/li>\n<li class=\"num\"><span>Contrataci\u00f3n o subcontrataci\u00f3n con terceros de actividades propias de la ejecuci\u00f3n<\/span> <span>32<\/span><\/li>\n<li class=\"num\"><span>Otras obligaciones de la subvenci\u00f3n a tener en cuenta<\/span> <span>37<\/span><\/li>\n<li class=\"num\"><span>Modificaci\u00f3n del contrato<\/span> <span>38<\/span><\/li>\n<li class=\"num\"><span>Reembolso<\/span><\/li>\n<\/ol>\n<p>Cap\u00edtulo 2: Subvenciones de la USAID<\/p>\n<ol>\n<li class=\"num\"><span>C\u00f3mo obtener financiaci\u00f3n de la USAID y modalidades de financiaci\u00f3n<\/span> <span>41<\/span><\/li>\n<li class=\"num\"><span>Con qui\u00e9n nos relacionamos en USAID<\/span> <span>42<\/span><\/li>\n<li class=\"num\"><span>Resumen de las fases de una subvenci\u00f3n USAID<\/span> <span>42<\/span><\/li>\n<li class=\"num\"><span>Cuenta bancaria del proyecto<\/span> <span>50<\/span><\/li>\n<li class=\"num\"><span>Importe de la subvenci\u00f3n y recepci\u00f3n de los fondos de la subvenci\u00f3n (cobro de subvenciones)<\/span> <span>51<\/span><\/li>\n<li class=\"num\"><span>Aportaciones obligatorias, Costo compartido o Fondos de contrapartida<\/span> <span>53<\/span><\/li>\n<li class=\"num\"><span>El Presupuesto<\/span> <span>55<\/span><\/li>\n<li class=\"num\"><span>Costes de personal<\/span> <span>58<\/span><\/li>\n<li class=\"num\"><span>Costes de viajes y dietas<\/span> <span>60<\/span><\/li>\n<li class=\"num\"><span>Costes de equipos, materiales y suministros tambi\u00e9n aplicables a los servicios (contratos) y propiedad de los bienes<\/span> <span>65<\/span><\/li>\n<li class=\"num\"><span>Costes de contratos<\/span> <span>71<\/span><\/li>\n<li class=\"num\"><span>Costes indirectos<\/span> <span>73<\/span><\/li>\n<li class=\"num\"><span>Modificaciones del presupuesto<\/span> <span>73<\/span><\/li>\n<li class=\"num\"><span>Comunicaci\u00f3n de la financiaci\u00f3n USAID al exterior<\/span> <span>74<\/span><\/li>\n<li class=\"num\"><span>Tipos de cambio de moneda<\/span> <span>75<\/span><\/li>\n<\/ol>\n<li class=\"no-topo\"><span>Bibliograf\u00eda y webgraf\u00eda<\/span> <span>77<\/span><\/li>\n","protected":false},"excerpt":{"rendered":"<p>Esta colecci\u00f3n de Manuales del IEPC se inaugur\u00f3 con el libro titulado Justificaci\u00f3n econ\u00f3mica de subvenciones a proyectos de cooperaci\u00f3n al desarrollo recibidas de la Administraci\u00f3n P\u00fablica espa\u00f1ola y ser\u00e1 continuado con un tercer volumen titulado Gesti\u00f3n econ\u00f3mica de proyectos de cooperaci\u00f3n, con lo que la autora pretende aclarar y dar pautas sobre una de [&hellip;]<\/p>\n","protected":false},"featured_media":126,"template":"","meta":[],"product_brand":[],"product_cat":[24],"product_tag":[],"class_list":{"0":"post-55","1":"product","2":"type-product","3":"status-publish","4":"has-post-thumbnail","6":"product_cat-cooperacion-gestion","8":"first","9":"instock","10":"taxable","11":"shipping-taxable","12":"purchasable","13":"product-type-simple"},"jetpack_sharing_enabled":true,"_links":{"self":[{"href":"https:\/\/www.eikasia.es\/index.php\/wp-json\/wp\/v2\/product\/55","targetHints":{"allow":["GET"]}}],"collection":[{"href":"https:\/\/www.eikasia.es\/index.php\/wp-json\/wp\/v2\/product"}],"about":[{"href":"https:\/\/www.eikasia.es\/index.php\/wp-json\/wp\/v2\/types\/product"}],"wp:featuredmedia":[{"embeddable":true,"href":"https:\/\/www.eikasia.es\/index.php\/wp-json\/wp\/v2\/media\/126"}],"wp:attachment":[{"href":"https:\/\/www.eikasia.es\/index.php\/wp-json\/wp\/v2\/media?parent=55"}],"wp:term":[{"taxonomy":"product_brand","embeddable":true,"href":"https:\/\/www.eikasia.es\/index.php\/wp-json\/wp\/v2\/product_brand?post=55"},{"taxonomy":"product_cat","embeddable":true,"href":"https:\/\/www.eikasia.es\/index.php\/wp-json\/wp\/v2\/product_cat?post=55"},{"taxonomy":"product_tag","embeddable":true,"href":"https:\/\/www.eikasia.es\/index.php\/wp-json\/wp\/v2\/product_tag?post=55"}],"curies":[{"name":"wp","href":"https:\/\/api.w.org\/{rel}","templated":true}]}}