{"id":562,"date":"2021-06-24T12:09:52","date_gmt":"2021-06-24T10:09:52","guid":{"rendered":"https:\/\/www.eikasia.es\/?post_type=product&#038;p=562"},"modified":"2021-08-18T12:18:27","modified_gmt":"2021-08-18T10:18:27","slug":"escapando-de-matrix-cine-con-sentido","status":"publish","type":"product","link":"https:\/\/www.eikasia.es\/index.php\/producto\/escapando-de-matrix-cine-con-sentido\/","title":{"rendered":"Escapando de Matrix. Cine con sentido: sobre cine y filosof\u00eda"},"content":{"rendered":"<p>Seremos breves. Cuando los autores de este libro, cin\u00e9filos casi desde la cuna, decidimos ir m\u00e1s all\u00e1 de lo estrictamente cinematogr\u00e1fico para descubrir y comprender algunas de sus claves y secretos nos encontramos con un panorama desalentador. En efecto, en eso que podr\u00eda llamarse no sin cierta exageraci\u00f3n \u201cliteratura sobre cine\u201d, y con m\u00e1s intensidad a\u00fan en todo el mundillo que penetra y circunda el s\u00e9ptimo arte (y nos atrever\u00edamos a decir en el arte en su conjunto), constatamos la presencia m\u00e1s o menos simult\u00e1nea de cuatro fen\u00f3menos llamativos: a) existencia de una cantidad muy alta de libros, revistas, folletos y afines supuestamente especializados en la tem\u00e1tica y totalmente banales, cuando no vacuos; b) existencia de una cantidad muy alta de libros, revistas, folletos y afines supuestamente especializados en la tem\u00e1tica y totalmente pretenciosos, aparte de pedantes; c) existencia de una aut\u00e9ntica plaga de cr\u00edticos, estudiosos y eruditos posmodernos dominados por paradigmas acad\u00e9micos de andar por casa (es decir, <i>cool<\/i>) y que huyen como de la peste de todo lo que suene a m\u00e9todo, sistema e incluso rigor; d) ausencia casi completa de buenos estudios filos\u00f3ficos sobre el cine, y que sean por lo tanto algo m\u00e1s que listados de pel\u00edculas llenos de recetas sobre la presencia de tal o cual valor y\/o concepto.<\/p>\n<p>Este libro nace con el \u00e1nimo bienintencionado de modificar, siquiera de manera min\u00fascula, este panorama, pero tambi\u00e9n con la plena certidumbre de que la batalla contra los gigantes est\u00e1 perdida para siempre. Banalidad, vacuidad, pretenciosidad, pedanter\u00eda, asistematismo e ignorancia est\u00e1n definitivamente instalados en el circo audiovisual, entre otras muchas cosas porque el negocio, esto es el mercado, se resentir\u00eda en caso contrario. En cuanto a publicaciones filos\u00f3ficas o al menos filosofizantes sobre el hecho cinematogr\u00e1fico en general hay que decir, si no queremos traicionar a la justicia, que algunas obras se han publicado al respecto en estos \u00faltimos a\u00f1os (ver en la Bibliograf\u00eda obras de Julio Cabrera, Christopher Falzon y Juan Antonio Rivera, por ejemplo), muy meritorias en algunos casos.<\/p>\n<p>De <strong>Escapando de Matrix<\/strong>\u00a0podr\u00e1n decirse muchas cosas, quiz\u00e1s que es un libro malo o fallido, pero no desde luego que es un libro banal. Los autores hemos escogido un tema central en la especulaci\u00f3n filos\u00f3fica \u2013 nos atrevemos a decir que el tema central en la Filosof\u00eda y hasta en la vida misma\u2013, cual es \u201cEl sentido de la vida\u201d, para examinar despu\u00e9s en el cine y en su historia qu\u00e9 podemos aprender sobre \u00e9l. Ha sido preciso para iniciar nuestra investigaci\u00f3n hacer toda una deconstrucci\u00f3n del hecho cinematogr\u00e1fico, que nos ha llevado a\u00a0 aquellas viejas preguntas tan denostadas hoy por griter\u00edo posmoderno: \u00bfQu\u00e9 es el arte? \u00bfCu\u00e1l es el estatuto del cine dentro del arte? \u00bfCu\u00e1l es la <i>Physis<\/i> del cine?\u2026 Terminamos la primera parte de la obra reduciendo a cuatro las posibles orientaciones (perspectivas, respuestas) que desde el cine se han dado a la cuesti\u00f3n capital del sentido de la vida (cine nihilista, cine existencialista, cine trascendente y cine hedonista). La segunda parte contiene un resumen y comentario cr\u00edtico de veinticinco pel\u00edculas. Son de muy diferente esencia y ascendencia, pero tienen la caracter\u00edstica com\u00fan de ilustrar ejemplarmente algunas de las cuatro orientaciones antedichas. Las dos partes pueden leerse independientemente con provecho, aunque a despecho de alg\u00fan editor ojituerto, convendr\u00eda recordar con Parm\u00e9nides que \u201cel Ser es Uno\u201d.<\/p>\n","protected":false},"excerpt":{"rendered":"<p style=\"text-align: center;\">\u00cdndice<\/p>\n<ul>\n<li style=\"list-style-type: none;\">\n<ul>\n<li class=\"no-topo\">Parte I<\/li>\n<li class=\"apartado\">&#167; El arte y el cine<\/li>\n<li class=\"sub-apartado\">Resucitemos a los muertos: la naturaleza de \u201clo art\u00edstico\u201d<\/li>\n<li class=\"sub-apartado\">El cine como arte<\/li>\n<li class=\"sub-apartado\">La especificidad del cine<\/li>\n<li class=\"sub-apartado\">Las pel\u00edculas como totalidades. Los l\u00edmites de las artes<\/li>\n<li class=\"sub-sub-apartado\">Sobre la necesidad de encontrar el \u201climes\u201d<\/li>\n<li class=\"sub-sub-apartado\">Cine frente a literatura<\/li>\n<li class=\"sub-sub-apartado\">Pintura frente a poes\u00eda<\/li>\n<li class=\"apartado\">&#167; Las posibilidades del cine<\/li>\n<li class=\"sub-apartado\">La grandeza del cine<\/li>\n<li class=\"sub-apartado\">Los l\u00edmites del cine<\/li>\n<li class=\"sub-sub-apartado\">Los l\u00edmites internos<\/li>\n<li class=\"sub-sub-apartado\">Los l\u00edmites externos o la necesaria vuelta hacia los l\u00edmites internos<\/li>\n<li class=\"apartado\">&#167; Cine con sentido<\/li>\n<li class=\"sub-apartado\">El malestar en el arte<\/li>\n<li class=\"sub-apartado\">Cine con sentido y cine con sentidos<\/li>\n<li class=\"sub-apartado\">Construyendo un sentido<\/li>\n<li class=\"sub-sub-apartado\">Sobre cine y filosof\u00eda<\/li>\n<li class=\"sub-sub-apartado\">El espectador<\/li>\n<li class=\"sub-sub-apartado\">Sentidos y cines<\/li>\n<li class=\"sub3-apartado\">Presentaci\u00f3n<\/li>\n<li class=\"sub3-apartado\">Cine nihilista<\/li>\n<li class=\"sub3-apartado\">Cine existencialista<\/li>\n<li class=\"sub3-apartado\">Cine trascendente<\/li>\n<li class=\"sub3-apartado\">Cine hedonista<\/li>\n<li class=\"apartado\">&#167; Directores con sentido<\/li>\n<li class=\"sub-apartado\">Pensar con el cine<\/li>\n<li class=\"sub-apartado\">Dirigir desde el nihilismo<\/li>\n<li class=\"sub-apartado\">Dirigir desde el existencialismo<\/li>\n<li class=\"sub-sub-apartado\">Existencialismo humanista<\/li>\n<li class=\"sub-sub-apartado\">Existencialismo pesimista<\/li>\n<li class=\"sub-apartado\">Dirigir desde la trascendencia<\/li>\n<li class=\"sub-apartado\">Dirigir desde el hedonismo<\/li>\n<\/ul>\n<p>Parte II<\/p>\n<ol class=\"rb\">\n<li>Am\u00e9lie<\/li>\n<li>American Beauty<\/li>\n<li>Amores perros<\/li>\n<li>Blade Runner<\/li>\n<li>Dec\u00e1logo I<\/li>\n<li>El imperio de los sentidos<\/li>\n<li>El jinete p\u00e1lido<\/li>\n<li>El sabor de las cerezas<\/li>\n<li>Grand Canyon (El alma de la ciudad)<\/li>\n<li>Historias del Kronen<\/li>\n<li>La balada de Narayama<\/li>\n<li>Leaving Las Vegas<\/li>\n<li>Mart\u00edn (Hache)<\/li>\n<li>Matrix I<\/li>\n<li>Mi vida sin m\u00ed<\/li>\n<li>Nazar\u00edn<\/li>\n<li>Persona<\/li>\n<li>Rompiendo las olas<\/li>\n<li>Rosetta<\/li>\n<li>Seven<\/li>\n<li>Solaris<\/li>\n<li>Sunchaser<\/li>\n<li>Tierras de penumbra<\/li>\n<li>Tormenta de hielo<\/li>\n<li>Vivir<\/li>\n<\/ol>\n<\/li>\n<\/ul>\n","protected":false},"featured_media":570,"template":"","meta":[],"product_brand":[],"product_cat":[17],"product_tag":[43],"class_list":{"0":"post-562","1":"product","2":"type-product","3":"status-publish","4":"has-post-thumbnail","6":"product_cat-filosofia","7":"product_tag-cine","9":"first","10":"instock","11":"taxable","12":"shipping-taxable","13":"purchasable","14":"product-type-simple"},"jetpack_sharing_enabled":true,"_links":{"self":[{"href":"https:\/\/www.eikasia.es\/index.php\/wp-json\/wp\/v2\/product\/562","targetHints":{"allow":["GET"]}}],"collection":[{"href":"https:\/\/www.eikasia.es\/index.php\/wp-json\/wp\/v2\/product"}],"about":[{"href":"https:\/\/www.eikasia.es\/index.php\/wp-json\/wp\/v2\/types\/product"}],"wp:featuredmedia":[{"embeddable":true,"href":"https:\/\/www.eikasia.es\/index.php\/wp-json\/wp\/v2\/media\/570"}],"wp:attachment":[{"href":"https:\/\/www.eikasia.es\/index.php\/wp-json\/wp\/v2\/media?parent=562"}],"wp:term":[{"taxonomy":"product_brand","embeddable":true,"href":"https:\/\/www.eikasia.es\/index.php\/wp-json\/wp\/v2\/product_brand?post=562"},{"taxonomy":"product_cat","embeddable":true,"href":"https:\/\/www.eikasia.es\/index.php\/wp-json\/wp\/v2\/product_cat?post=562"},{"taxonomy":"product_tag","embeddable":true,"href":"https:\/\/www.eikasia.es\/index.php\/wp-json\/wp\/v2\/product_tag?post=562"}],"curies":[{"name":"wp","href":"https:\/\/api.w.org\/{rel}","templated":true}]}}