{"id":563,"date":"2021-06-24T12:14:57","date_gmt":"2021-06-24T10:14:57","guid":{"rendered":"https:\/\/www.eikasia.es\/?post_type=product&#038;p=563"},"modified":"2021-08-18T12:15:51","modified_gmt":"2021-08-18T10:15:51","slug":"de-regenda-sanitate-un-regimen-sanitatis-en-el-archivo-capitular-de-la-catedral-de-oviedo","status":"publish","type":"product","link":"https:\/\/www.eikasia.es\/index.php\/producto\/de-regenda-sanitate-un-regimen-sanitatis-en-el-archivo-capitular-de-la-catedral-de-oviedo\/","title":{"rendered":"De regenda sanitate: un \u201cregimen sanitatis\u201d en el Archivo Capitular de la Catedral de Oviedo"},"content":{"rendered":"","protected":false},"excerpt":{"rendered":"<h2>\u00cdndice<\/h2>\n<ul>\n<li class=\"no-topo\"><span>Pr\u00f3logo<\/span> <span>3<\/span><\/li>\n<li class=\"no-topo\"><span>Introducci\u00f3n<\/span> <span>8<\/span><\/li>\n<li class=\"apartado\"><span>Descripci\u00f3n del c\u00f3dice<\/span> <span>12<\/span><\/li>\n<li class=\"apartado\"><span>Criterios de edici\u00f3n cr\u00edtica<\/span> <span>13<\/span><\/li>\n<li class=\"apartado\"><span>Criterios de traducci\u00f3n<\/span> <span>21<\/span><\/li>\n<li class=\"apartado\"><span>El problema de la autor\u00eda<\/span> <span>21<\/span><\/li>\n<li class=\"apartado\"><span>La organizaci\u00f3n del estudio<\/span> <span>24<\/span><\/li>\n<li class=\"apartado\"><span>Modelos para la elaboraci\u00f3n del trabajo<\/span> <span>28<\/span><\/li>\n<li class=\"apartado\"><span>Comentario sobre la bibliograf\u00eda utilizada<\/span> <span>29<\/span><\/li>\n<li class=\"no-topo\"><span>Primera parte: edici\u00f3n cr\u00edtica y traducci\u00f3n<\/span> <span>30<\/span><\/li>\n<li class=\"no-topo\"><span>Segunda parte: estudio<\/span> <span>152<\/span><\/li>\n<li class=\"apartado\"><span>Caracter\u00edsticas generales del De regenda sanitate<\/span> <span>153<\/span><\/li>\n<li class=\"sub-apartado\"><span>Estructura del De regenda sanitate<\/span> <span>153<\/span><\/li>\n<li class=\"sub-apartado\"><span>Destinatario de la obra<\/span> <span>155<\/span><\/li>\n<li class=\"sub-apartado\"><span>\u00bfUn nuevo modelo de regimen sanitatis?<\/span> <span>159<\/span><\/li>\n<li class=\"apartado\"><span>Contenido del De regenda sanitate<\/span> <span>163<\/span><\/li>\n<li class=\"sub-apartado\"><span>Primera parte: las seis cosas no naturales<\/span> <span>164<\/span><\/li>\n<li class=\"sub-sub-apartado\"><span>El aire<\/span> <span>164<\/span><\/li>\n<li class=\"sub-sub-apartado\"><span>El ejercicio<\/span> <span>168<\/span><\/li>\n<li class=\"sub-sub-apartado\"><span>Comida y bebida<\/span> <span>172<\/span><\/li>\n<li class=\"sub-sub-apartado\"><span>El sue\u00f1o<\/span> <span>200<\/span><\/li>\n<li class=\"sub-sub-apartado\"><span>Inanici\u00f3n y repleci\u00f3n<\/span> <span>205<\/span><\/li>\n<li class=\"sub-apartado\"><span>Segunda parte: la conservaci\u00f3n de los diversos \u00f3rganos del cuerpo<\/span> <span>211<\/span><\/li>\n<li class=\"sub-sub-apartado\"><span>\u2026 el cerebro y el cuello<\/span> <span>211<\/span><\/li>\n<li class=\"sub-sub-apartado\"><span>\u2026 la boca y la lengua<\/span> <span>214<\/span><\/li>\n<li class=\"sub-sub-apartado\"><span>\u2026 el pecho<\/span> <span>215<\/span><\/li>\n<li class=\"sub-sub-apartado\"><span>\u2026 el est\u00f3mago<\/span> <span>215<\/span><\/li>\n<li class=\"sub-sub-apartado\"><span>\u2026 el h\u00edgado<\/span> <span>216<\/span><\/li>\n<li class=\"sub-sub-apartado\"><span>\u2026 el coraz\u00f3n<\/span> <span>217<\/span><\/li>\n<li class=\"sub-sub-apartado\"><span>\u2026 los ri\u00f1ones<\/span> <span>217<\/span><\/li>\n<li class=\"sub-sub-apartado\"><span>\u2026 las extremidades<\/span> <span>218<\/span><\/li>\n<li class=\"no-topo\"><span>A modo de conclusi\u00f3n: autor\u00eda del De regenda sanitate<\/span> <span>219<\/span><\/li>\n<li class=\"apartado\"><span>Datos a favor de la paternidad arnaldiana<\/span> <span>220<\/span><\/li>\n<li class=\"apartado\"><span>Datos en contra de la paternidad arnaldiana<\/span> <span>222<\/span><\/li>\n<li class=\"apartado\"><span>Fuentes<\/span> <span>225<\/span><\/li>\n<li class=\"apartado\"><span>Nota sobre el car\u00e1cter literario de la obra<\/span> <span>225<\/span><\/li>\n<li class=\"apartado\"><span>Consideraciones finales<\/span> <span>228<\/span><\/li>\n<li class=\"no-topo\"><span>Bibliograf\u00eda<\/span> <span>232<\/span><\/li>\n<\/ul>\n","protected":false},"featured_media":572,"template":"","meta":[],"product_brand":[],"product_cat":[18],"product_tag":[44],"class_list":{"0":"post-563","1":"product","2":"type-product","3":"status-publish","4":"has-post-thumbnail","6":"product_cat-antropologia","7":"product_tag-ha-medicina","9":"first","10":"instock","11":"taxable","12":"shipping-taxable","13":"purchasable","14":"product-type-simple"},"jetpack_sharing_enabled":true,"_links":{"self":[{"href":"https:\/\/www.eikasia.es\/index.php\/wp-json\/wp\/v2\/product\/563","targetHints":{"allow":["GET"]}}],"collection":[{"href":"https:\/\/www.eikasia.es\/index.php\/wp-json\/wp\/v2\/product"}],"about":[{"href":"https:\/\/www.eikasia.es\/index.php\/wp-json\/wp\/v2\/types\/product"}],"wp:featuredmedia":[{"embeddable":true,"href":"https:\/\/www.eikasia.es\/index.php\/wp-json\/wp\/v2\/media\/572"}],"wp:attachment":[{"href":"https:\/\/www.eikasia.es\/index.php\/wp-json\/wp\/v2\/media?parent=563"}],"wp:term":[{"taxonomy":"product_brand","embeddable":true,"href":"https:\/\/www.eikasia.es\/index.php\/wp-json\/wp\/v2\/product_brand?post=563"},{"taxonomy":"product_cat","embeddable":true,"href":"https:\/\/www.eikasia.es\/index.php\/wp-json\/wp\/v2\/product_cat?post=563"},{"taxonomy":"product_tag","embeddable":true,"href":"https:\/\/www.eikasia.es\/index.php\/wp-json\/wp\/v2\/product_tag?post=563"}],"curies":[{"name":"wp","href":"https:\/\/api.w.org\/{rel}","templated":true}]}}