{"id":58,"date":"2021-01-16T17:16:33","date_gmt":"2021-01-16T17:16:33","guid":{"rendered":"https:\/\/www.eikasia.es\/?post_type=product&#038;p=58"},"modified":"2021-06-25T19:32:24","modified_gmt":"2021-06-25T17:32:24","slug":"logos-polis-vol-i","status":"publish","type":"product","link":"https:\/\/www.eikasia.es\/index.php\/producto\/logos-polis-vol-i\/","title":{"rendered":"Logos y polis. Escritos de Santiago Glez. Escudero (Vol. I)"},"content":{"rendered":"<p style=\"text-align:center;\">&Iacute;ndice de contenido<\/p>\n<p>Santiago Gonz\u00e1lez Escudero, fil\u00f3sofo y fil\u00f3logo, por Tom\u00e1s Calvo<br \/>\nEl sistema de propiedad de las tablillas mic\u00e9nicas (con M. A. Rabanal Alonso; 1971)<br \/>\nLos mitos de la cosmogon\u00eda \u00f3rfica como introducci\u00f3n al pitagorismo (1980)<br \/>\nAnticiencia en Epicuro (1982)<br \/>\nRa\u00edces y Elementos de Emp\u00e9docles (1982)<br \/>\nUna precisi\u00f3n sobre el es en Parm\u00e9nides (1983)<br \/>\nHistoria y Polis (1983)<br \/>\nHistoria y Filosof\u00eda en Arist\u00f3teles (1984)<br \/>\nSemi\u00f3tica e inferencia en la controversia estoicos-epic\u00fareos (1988)<br \/>\nEl l\u00f3gos de la ciudad (1989)<br \/>\nPirr\u00f3n de Elis (1991)<br \/>\nLa regulaci\u00f3n del temperamento seg\u00fan Arist\u00f3teles (1991)<br \/>\nLa ciudad como espacio antropol\u00f3gico (1991)<br \/>\nCiudadano y ciudad (con Vicente Dom\u00ednguez y Rom\u00e1n Garc\u00eda Fern\u00e1ndez; 1991)<br \/>\nEudaimon\u00eda divina en el Colotes de Plutarco (1992)<br \/>\nEl juego del demon protector (1993)<br \/>\nCooperaci\u00f3n al desarrollo y nuevo orden mundial (1994)<br \/>\nMaastricht: la fuerza del mito (1996)<br \/>\nLas condiciones de la comunicaci\u00f3n en la Ret\u00f3rica de Arist\u00f3teles (1998)<br \/>\nEl escepticismo griego (1998)<br \/>\nEl problema de lo \u201cmismo\u201d en Timeo, 35a 1-b1 (1999)<br \/>\nSantiago Gonz\u00e1lez Escudero (biograf\u00eda)<br \/>\nTesis doctorales dirigidas por Santiago Gonz\u00e1lez Escudero<br \/>\nBibliograf\u00eda sobre Santiago Escudero<br \/>\nSobre Santiago Gonz\u00e1lez Escudero: textos y p\u00e1ginas web<\/p>\n","protected":false},"excerpt":{"rendered":"<p>&Iacute;ndice de contenido Santiago Gonz\u00e1lez Escudero, fil\u00f3sofo y fil\u00f3logo, por Tom\u00e1s Calvo El sistema de propiedad de las tablillas mic\u00e9nicas (con M. A. Rabanal Alonso; 1971) Los mitos de la cosmogon\u00eda \u00f3rfica como introducci\u00f3n al pitagorismo (1980) Anticiencia en Epicuro (1982) Ra\u00edces y Elementos de Emp\u00e9docles (1982) Una precisi\u00f3n sobre el es en Parm\u00e9nides (1983) [&hellip;]<\/p>\n","protected":false},"featured_media":400,"template":"","meta":[],"product_brand":[],"product_cat":[17,20],"product_tag":[],"class_list":{"0":"post-58","1":"product","2":"type-product","3":"status-publish","4":"has-post-thumbnail","6":"product_cat-filosofia","7":"product_cat-historia-de-la-filosofia","9":"first","10":"instock","11":"taxable","12":"shipping-taxable","13":"purchasable","14":"product-type-simple"},"jetpack_sharing_enabled":true,"_links":{"self":[{"href":"https:\/\/www.eikasia.es\/index.php\/wp-json\/wp\/v2\/product\/58","targetHints":{"allow":["GET"]}}],"collection":[{"href":"https:\/\/www.eikasia.es\/index.php\/wp-json\/wp\/v2\/product"}],"about":[{"href":"https:\/\/www.eikasia.es\/index.php\/wp-json\/wp\/v2\/types\/product"}],"wp:featuredmedia":[{"embeddable":true,"href":"https:\/\/www.eikasia.es\/index.php\/wp-json\/wp\/v2\/media\/400"}],"wp:attachment":[{"href":"https:\/\/www.eikasia.es\/index.php\/wp-json\/wp\/v2\/media?parent=58"}],"wp:term":[{"taxonomy":"product_brand","embeddable":true,"href":"https:\/\/www.eikasia.es\/index.php\/wp-json\/wp\/v2\/product_brand?post=58"},{"taxonomy":"product_cat","embeddable":true,"href":"https:\/\/www.eikasia.es\/index.php\/wp-json\/wp\/v2\/product_cat?post=58"},{"taxonomy":"product_tag","embeddable":true,"href":"https:\/\/www.eikasia.es\/index.php\/wp-json\/wp\/v2\/product_tag?post=58"}],"curies":[{"name":"wp","href":"https:\/\/api.w.org\/{rel}","templated":true}]}}