{"id":62,"date":"2021-01-16T17:44:52","date_gmt":"2021-01-16T17:44:52","guid":{"rendered":"https:\/\/www.eikasia.es\/?post_type=product&#038;p=62"},"modified":"2022-07-20T13:36:03","modified_gmt":"2022-07-20T11:36:03","slug":"gestion-economica-de-proyectos-de-cooperacion","status":"publish","type":"product","link":"https:\/\/www.eikasia.es\/index.php\/producto\/gestion-economica-de-proyectos-de-cooperacion\/","title":{"rendered":"Gesti\u00f3n econ\u00f3mica de proyectos de cooperaci\u00f3n"},"content":{"rendered":"<p>En esta obra la autora ofrece pautas y aclaraciones sobre una de las cuestiones m\u00e1s complejas de la cooperaci\u00f3n al desarrollo, para poder superar las complicaciones burocr\u00e1ticas de la Administraci\u00f3n espa\u00f1ola.<\/p>\n<p style=\"text-align: center;\">\u00cdndice de contenido<\/p>\n<ul>\n<li class=\"no-topo\">Acr\u00f3nimos<\/span> <span>7<\/span><\/li>\n<li class=\"no-topo\">Introducci\u00f3n<\/span> <span>9<\/span><\/span><\/li>\n<li class=\"no-topo\">Procedimientos de Gesti\u00f3n de un Proyecto de Cooperaci\u00f3n<\/span> <span>10<\/span><\/li>\n<li class=\"no-topo\">Conocimiento del alcance de un proyecto de cooperaci\u00f3n y sus implicaciones en la gesti\u00f3n<\/span> <span>11<\/span><\/li>\n<li class=\"no-topo\">Conocimiento de la normativa reguladora de una subvenci\u00f3n<\/span> <span>14<\/span><\/li>\n<li class=\"no-topo\">Las relaciones con los socios locales: el papel del socio local y el acuerdo de colaboraci\u00f3n<\/span> <span>15<\/span><\/li>\n<li class=\"no-topo\">La obligatoriedad de realizar registros contables<\/span> <span>18<\/span><\/li>\n<li class=\"no-topo\">El presupuesto de la intervenci\u00f3n<\/span> <span>21<\/span><\/li>\n<li class=\"no-topo\">Los costes de un proyecto<\/span> <span>31<\/span><\/li>\n<li class=\"no-topo\">Cronograma: la planificaci\u00f3n del proyecto<\/span> <span>37<\/span><\/li>\n<li class=\"no-topo\">Gesti\u00f3n de moneda extranjera y tipos de cambio<\/span> <span>38<\/span><\/li>\n<li class=\"no-topo\">Gesti\u00f3n de tesorer\u00eda<\/span> <span>39<\/span><\/li>\n<li class=\"no-topo\">Gesti\u00f3n de activos: el inventario y las amortizaciones<\/span> <span>43<\/span><\/li>\n<li class=\"no-topo\">Pol\u00edtica de adquisiciones de bienes y de contrataci\u00f3n o subcontrataci\u00f3n de actividades<\/span> <span>48<\/span><\/li>\n<li class=\"no-topo\">Pol\u00edtica de viajes y dietas<\/span> <span>51<\/span><\/li>\n<li class=\"no-topo\">Plan de marca y visibilidad<\/span> <span>53<\/span><\/li>\n<li class=\"no-topo\">Pol\u00edtica de Recursos Humanos del proyecto<\/span> <span>59<\/span><\/li>\n<li class=\"no-topo\">Archivo de la documentaci\u00f3n<\/span> <span>65<\/span><\/li>\n<li class=\"no-topo\">Cierre de la adjudicaci\u00f3n y del proyecto<\/span> <span>66<\/span><\/li>\n<li class=\"no-topo\">Las Herramientas de Gesti\u00f3n como herramientas generadoras de Transparencia<\/span> <span>69<\/span><\/li>\n<li class=\"no-topo\">Bibliograf\u00eda<\/span> <span>71<\/span><\/li>\n<li class=\"no-topo\">Anexos<\/span> <span>75<\/span><\/li>\n<\/ul>\n","protected":false},"excerpt":{"rendered":"<p>En esta obra la autora ofrece pautas y aclaraciones sobre una de las cuestiones m\u00e1s complejas de la cooperaci\u00f3n al desarrollo, para poder superar las complicaciones burocr\u00e1ticas de la Administraci\u00f3n espa\u00f1ola. \u00cdndice de contenido Acr\u00f3nimos 7 Introducci\u00f3n 9 Procedimientos de Gesti\u00f3n de un Proyecto de Cooperaci\u00f3n 10 Conocimiento del alcance de un proyecto de cooperaci\u00f3n [&hellip;]<\/p>\n","protected":false},"featured_media":226,"template":"","meta":[],"product_brand":[],"product_cat":[24],"product_tag":[],"class_list":{"0":"post-62","1":"product","2":"type-product","3":"status-publish","4":"has-post-thumbnail","6":"product_cat-cooperacion-gestion","8":"first","9":"instock","10":"taxable","11":"shipping-taxable","12":"purchasable","13":"product-type-simple"},"jetpack_sharing_enabled":true,"_links":{"self":[{"href":"https:\/\/www.eikasia.es\/index.php\/wp-json\/wp\/v2\/product\/62","targetHints":{"allow":["GET"]}}],"collection":[{"href":"https:\/\/www.eikasia.es\/index.php\/wp-json\/wp\/v2\/product"}],"about":[{"href":"https:\/\/www.eikasia.es\/index.php\/wp-json\/wp\/v2\/types\/product"}],"wp:featuredmedia":[{"embeddable":true,"href":"https:\/\/www.eikasia.es\/index.php\/wp-json\/wp\/v2\/media\/226"}],"wp:attachment":[{"href":"https:\/\/www.eikasia.es\/index.php\/wp-json\/wp\/v2\/media?parent=62"}],"wp:term":[{"taxonomy":"product_brand","embeddable":true,"href":"https:\/\/www.eikasia.es\/index.php\/wp-json\/wp\/v2\/product_brand?post=62"},{"taxonomy":"product_cat","embeddable":true,"href":"https:\/\/www.eikasia.es\/index.php\/wp-json\/wp\/v2\/product_cat?post=62"},{"taxonomy":"product_tag","embeddable":true,"href":"https:\/\/www.eikasia.es\/index.php\/wp-json\/wp\/v2\/product_tag?post=62"}],"curies":[{"name":"wp","href":"https:\/\/api.w.org\/{rel}","templated":true}]}}