{"id":26,"date":"2020-09-17T11:52:33","date_gmt":"2020-09-17T11:52:33","guid":{"rendered":"https:\/\/www.eikasia.es\/?post_type=product&#038;p=26"},"modified":"2023-11-14T20:35:33","modified_gmt":"2023-11-14T19:35:33","slug":"cosmetica-homerica","status":"publish","type":"product","link":"https:\/\/www.eikasia.es\/internacional\/producto\/cosmetica-homerica\/","title":{"rendered":"Cosm\u00e9tica hom\u00e9rica. Libro digital PDF"},"content":{"rendered":"<p>No pretendemos hacer un estudio exhaustivo y detallado de la idea de espacio que ten\u00eda Homero, s\u00f3lo exponer algunas consideraciones, quiz\u00e1 deslavazadas, pero sin duda de gran inter\u00e9s para el ge\u00f3grafo antiguo, para el mit\u00f3grafo, para el cosm\u00f3logo, para el historiador y, sobre todo, para el fil\u00f3sofo. Porque ser\u00e1 de aqu\u00ed, de la Il\u00edada y la Odisea, de donde mejor podemos partir para entender la concepci\u00f3n espacial posterior de los fil\u00f3sofos presocr\u00e1ticos, e incluso tambi\u00e9n de los postsocr\u00e1ticos como Plat\u00f3n y Arist\u00f3teles, que fueron sin duda los primeros que manejaron una idea cient\u00edfica (geom\u00e9trica y astron\u00f3mica) y a la vez filos\u00f3fica de espacio.<\/p>\n","protected":false},"excerpt":{"rendered":"<p>No pretendemos hacer un estudio exhaustivo y detallado de la idea de espacio que ten\u00eda Homero, s\u00f3lo exponer algunas consideraciones, quiz\u00e1 deslavazadas, pero sin duda de gran inter\u00e9s para el ge\u00f3grafo antiguo, para el mit\u00f3grafo, para el cosm\u00f3logo, para el historiador y, sobre todo, para el fil\u00f3sofo. Porque ser\u00e1 de aqu\u00ed, de la Il\u00edada y [&hellip;]<\/p>\n","protected":false},"featured_media":27,"template":"","meta":[],"product_brand":[],"product_cat":[17,20,86],"product_tag":[],"class_list":{"0":"post-26","1":"product","2":"type-product","3":"status-publish","4":"has-post-thumbnail","6":"product_cat-filosofia","7":"product_cat-historia-de-la-filosofia","8":"product_cat-libros-digitales","10":"first","11":"instock","12":"downloadable","13":"taxable","14":"shipping-taxable","15":"purchasable","16":"product-type-simple"},"jetpack_sharing_enabled":true,"_links":{"self":[{"href":"https:\/\/www.eikasia.es\/internacional\/wp-json\/wp\/v2\/product\/26","targetHints":{"allow":["GET"]}}],"collection":[{"href":"https:\/\/www.eikasia.es\/internacional\/wp-json\/wp\/v2\/product"}],"about":[{"href":"https:\/\/www.eikasia.es\/internacional\/wp-json\/wp\/v2\/types\/product"}],"wp:featuredmedia":[{"embeddable":true,"href":"https:\/\/www.eikasia.es\/internacional\/wp-json\/wp\/v2\/media\/27"}],"wp:attachment":[{"href":"https:\/\/www.eikasia.es\/internacional\/wp-json\/wp\/v2\/media?parent=26"}],"wp:term":[{"taxonomy":"product_brand","embeddable":true,"href":"https:\/\/www.eikasia.es\/internacional\/wp-json\/wp\/v2\/product_brand?post=26"},{"taxonomy":"product_cat","embeddable":true,"href":"https:\/\/www.eikasia.es\/internacional\/wp-json\/wp\/v2\/product_cat?post=26"},{"taxonomy":"product_tag","embeddable":true,"href":"https:\/\/www.eikasia.es\/internacional\/wp-json\/wp\/v2\/product_tag?post=26"}],"curies":[{"name":"wp","href":"https:\/\/api.w.org\/{rel}","templated":true}]}}