{"id":2880,"date":"2024-12-18T17:16:50","date_gmt":"2024-12-18T16:16:50","guid":{"rendered":"https:\/\/www.eikasia.es\/?post_type=product&#038;p=2880"},"modified":"2024-12-18T17:22:09","modified_gmt":"2024-12-18T16:22:09","slug":"mas-alla-de-imperios-y-de-naciones-volumen-2-singularidad-imperial-del-mediterraneo-al-atlantico-pdf","status":"publish","type":"product","link":"https:\/\/www.eikasia.es\/internacional\/producto\/mas-alla-de-imperios-y-de-naciones-volumen-2-singularidad-imperial-del-mediterraneo-al-atlantico-pdf\/","title":{"rendered":"M\u00e1s all\u00e1 de imperios y de naciones Volumen 2. Singularidad imperial: del Mediterr\u00e1neo al Atl\u00e1ntico (PDF)"},"content":{"rendered":"<p>ISBN Tomo II: 978-84-15203-73-5<br \/>\n450 pp.<\/p>\n<p><a href=\"https:\/\/youtu.be\/4Y9_J5pobcM\">Entrevista a Fernando Miguel Perez Herranz, por Silverio Sanchez Corredera. VER VIDEO<\/a><\/p>\n<p>En la expansi\u00f3n de los europeos \u2014misioneros de la civilizaci\u00f3n del mundo entero\u2014 desde la Primera Cruzada (1096) hasta el final de la Segunda Guerra Mundial (1945), participaron escalonadamente los grandes imperios-naciones: Portugal, Espa\u00f1a, Holanda, Francia e Inglaterra, y en menor medida Suecia o Dinamarca, mirando hacia el Atl\u00e1ntico; a los que se a\u00f1adieron Alemania, Italia y B\u00e9lgica, mirando ahora hacia \u00c1frica, m\u00e1s el intento de expansi\u00f3n por el Este de la misma Alemania. En este contexto, la Historia de Espa\u00f1a no constituye m\u00e1s que un episodio de la Historia de la Europa que ocup\u00f3 militar, econ\u00f3mica y pol\u00edticamente el Globo terr\u00e1queo y consum\u00f3 as\u00ed el Cierre Antropol\u00f3gico de la Tierra. El problema de Espa\u00f1a era el problema de Europa; y el problema de Europa tambi\u00e9n era el problema de Espa\u00f1a. Tras el descalabro de la Segunda Guerra Mundial, Europa deja de ser cabecera de las Rutas alrededor del Mundo, y se convierte en objetivo de las Rutas abiertas en otras partes de la Tierra. Y ya no sirven las Ideas que marcaban los proyectos y los programas de acci\u00f3n de los europeos \u2014Cristianismo, Civilizaci\u00f3n, Beneficio, Democracia, Derechos Humanos\u2026\u2014 Entonces: \u00bflas encarnaciones europeas solo son negativas? \u00bfSolo nos queda el ANTInazismo, el ANTIfascismo? \u00bfUna Europa \u2018cansada de su nombre\u2019? O quiz\u00e1, \u00bfUnos Estados Europeos Tornadizos?<br \/>\nFernando Miguel P\u00e9rez Herranz, profesor titular de la Universidad de Alicante. Estudi\u00f3 en las Universidades de Salamanca y Valencia, en la que obtuvo la Licenciatura. Doctor en Filosof\u00eda y Letras con la tesis Las Ideas Filos\u00f3ficas de la \u00abMorfog\u00e9nesis\u00bb y del \u00abContinuo\u00bb en el marco de la teor\u00eda de las cat\u00e1strofes de Ren\u00e9 Thom (1993). Ha escrito sobre cuestiones filos\u00f3ficas en todas sus dimensiones: l\u00f3gicas, epistemol\u00f3gicas, ontol\u00f3gicas y \u00e9ticas, cuyos resultados convergen en Ambiguus proteus. Valor, exceso y morfolog\u00eda (2019), s\u00edntesis de su pensamiento filos\u00f3fico. Ha recibido el VI premio Juan Andr\u00e9s de Ensayo e Investigaci\u00f3n en Ciencias Humanas por Lindos y tornadizos: el pensamiento hispano (siglos XV-XVII), Verbum, 2016. Es autor tambi\u00e9n de El esclavo, sombra de su se\u00f1or. Variaciones en torno a las declaraciones de Derechos (2021) y de El tiempo so\u00f1ado de \u2018Ser y Tiempo\u2019 (2022). Pertenece al consejo de direcci\u00f3n de la revista Eikas\u00eda, en la que colabora habitualmente.<\/p>\n<p>&nbsp;<\/p>\n<p style=\"text-align: left;\"><strong>\u00cdndice del Volumen 2. Singularidad Imperial: del Mediterr\u00e1neo al Atl\u00e1ntico<\/strong><br \/>\n\u00cdndice<br \/>\nCap\u00edtulo IV. De Segovia a Valencia. Pol\u00e9micas sobre el Imperio espa\u00f1ol 11<br \/>\n16 Singularidad imperial 13<br \/>\nComunidades y German\u00edas contra Carlos V 15<br \/>\nEl quiasmo Imperio \/ Comunidades y German\u00edas 25<br \/>\nMirada hacia las Am\u00e9ricas: Castilla, la columna vertebral del imperio 28<br \/>\n17 Pol\u00e9micas sobre el Imperio espa\u00f1ol 38<br \/>\nGenealog\u00eda de las pol\u00e9micas 39<br \/>\nPensadores que han reflexionado sobre la Historia de Espa\u00f1a 40<br \/>\nLa pol\u00e9mica sobre la Catolicidad de Espa\u00f1a 46<br \/>\n\u00b7Los catolicismos espa\u00f1ol y catal\u00e1n 47<br \/>\n\u00b7La Lliga Regionalista y el proyecto del \u00abImperio espa\u00f1ol\u00bb 56<br \/>\nAjustes y desajustes en Espa\u00f1a y en Europa 58<br \/>\nLa pol\u00e9mica sobre la Ciencia: la carencia ontol\u00f3gica 62<br \/>\nEl \u00abFilosofismo\u00bb: entre la Ciencia y el Sujeto 65<br \/>\nLa pol\u00e9mica sobre el Sujeto filos\u00f3fico espa\u00f1ol: Juli\u00e1n Sanz del R\u00edo 67<br \/>\n\u00b7El individuo &#8211; sujeto: el ius communicationis 67<br \/>\n\u00b7El krausismo: una filosof\u00eda importada 70<br \/>\n\u00b7Ontolog\u00eda naturalista 80<br \/>\nLa pol\u00e9mica sobre el europe\u00edsmo del Sujeto espa\u00f1ol: Costa, Unamuno, Ortega, Aza\u00f1a 87<br \/>\nLa pol\u00e9mica sobre el Sujeto hist\u00f3rico hispano: S\u00e1nchez Albornoz \/ Am\u00e9rico Castro 105<br \/>\nLa pol\u00e9mica sobre el Sujeto pol\u00edtico espa\u00f1ol: Ram\u00f3n Parada \/ Miguel Herrero 111<br \/>\nCap\u00edtulo V1. De Valencia burguesa a Tarragona imperial. Imperio y Leyenda Negra 15<br \/>\n18 La \u00ableyenda negra\u00bb 118<br \/>\nLeyendas \u00abnegra\u00bb y \u00abrosa\u00bb Extensi\u00f3n e intensi\u00f3n del concepto 120<br \/>\nLa Leyenda negra contra los jud\u00edos 126<br \/>\nLa Leyenda negra en contextos hist\u00f3ricos: la (mal llamada) Edad Media 127<br \/>\nLas leyendas \u00abrosas\u00bb fuera de Espa\u00f1a 128<br \/>\nLa Leyenda negra antiluterana en Espa\u00f1a 129<br \/>\nLa \u00abguerra de papel\u00bb 131<br \/>\nCap\u00edtulo V2. De Tarragona Mediterr\u00e1nea a Lisboa Atl\u00e1ntica Imperio e Historia Negra 135<br \/>\n19 Imperio. Del Mediterr\u00e1neo al atl\u00e1ntico 139<br \/>\nCivilizaci\u00f3n adversus Cultura 139<br \/>\nHacia una definici\u00f3n gen\u00e9tica de Imperio 142<br \/>\n20 Desarrollo gen\u00e9tico de la definici\u00f3n de Imperio (Imperios europeos) 161<br \/>\nPrimer analogado de los imperios europeos 161<br \/>\n\u00b7Imperio romano 161<br \/>\n\u00b7El Sacro Imperio Romano Germ\u00e1nico 165<br \/>\nLos imperios europeos: totalidades combinatorias 168<br \/>\nLa formaci\u00f3n de la idea de imperio en Europa: el papel de la Iglesia 168<br \/>\n\u00b7La Espa\u00f1a afrancesada, \u00abfrontera\u00bb de Europa 170<br \/>\n\u00b7El Tratado de Tordesillas y el imperio trasatl\u00e1ntico 177<br \/>\n\u00b7La estrategia del reparto de tierras 186<br \/>\nEl concepto (topol\u00f3gico-hist\u00f3rico) de bifurcaci\u00f3n 192<br \/>\n\u00b7Bifurcaciones del originario \u2018Imperio Cristiano Europeo\u2019 195<br \/>\ni)Punto singular: programa unitario de expansi\u00f3n: Rutas hacia Oriente y Rutas trasatl\u00e1nticas 203<br \/>\nii)Primera bifurcaci\u00f3n. El papado y la explotaci\u00f3n colonial de losimperios ib\u00e9ricos 207<br \/>\n\u00b7El Imperio portugu\u00e9s 207<br \/>\n\u00b7El Imperio espa\u00f1ol 210<br \/>\niii)Segunda bifurcaci\u00f3n. Colonizaci\u00f3n \u00abmar\u00edtima\u00bb, guerrascoloniales entre imperios y frontera Este 212<br \/>\n\u00b7El Imperio neerland\u00e9s 213<br \/>\n\u00b7El Imperio franc\u00e9s 221<br \/>\n\u00b7El Imperio brit\u00e1nico 223<br \/>\n\u00b7El \u00abpleito europeo\u00bb 236<br \/>\n\u00b7El Imperio austro-h\u00fangaro y los nacionalismos 238<br \/>\nCorolario: Ambig\u00fcedad e Identidad 245<br \/>\n\u00b7Alemania: Sacro Imperio, Naci\u00f3n e Imperio 247<br \/>\niv)Tercera bifurcaci\u00f3n: la colonizaci\u00f3n \u00abterrestre\u00bb de \u00c1frica 249<br \/>\n\u00b7Francia 251<br \/>\n\u00b7Reino Unido 253<br \/>\n\u00b7Alemania, Italia, Portugal, B\u00e9lgica y Espa\u00f1a 254<br \/>\n\u00b7La \u00abconciencia\u00bb colonizada de \u00c1frica 255<br \/>\nV)Cuarta bifurcaci\u00f3n la \u00abfracasada\u00bb colonizaci\u00f3n de la Frontera Este 256<br \/>\nLos sistemas pol\u00edticos: \u2018Constituciones mixtas\u2019 y \u2018Monarqu\u00edas compuestas\u2019 259<br \/>\n\u00b7El sistema hisp\u00e1nico de virreinatos 262<br \/>\n\u00b7El sistema brit\u00e1nico del self-government 272<br \/>\n\u00b7 El modelo colonial franc\u00e9s de las Leyes especiales o de Especialidad 275<br \/>\nConocimiento tecno-cient\u00edfico 276<br \/>\nCorolario filos\u00f3fico 283<br \/>\nTransformar la vida de los pueblos: las dos caras del imperialismo 285<br \/>\n\u00b7Transformaciones I: la cara bondadosa del Imperio espa\u00f1ol 290<br \/>\n\u00b7Transformaciones II: la cara perversa del Imperio espa\u00f1ol 301<br \/>\n\u00b7La esclavitud y la divisi\u00f3n del trabajo de los imperios europeos 310<br \/>\n\u00b7Historia comparada y \u00abcuantificaci\u00f3n del sufrimiento\u00bb 313<br \/>\n\u00b7La esclavitud y el Cierre Antropol\u00f3gico de la Tierra 314<br \/>\nLa inestabilidad de los imperios: Las crisis de Espa\u00f1a: de \u2018imperio\u2019 a \u2018naci\u00f3n\u2019 y de \u2018naci\u00f3n\u2019 a \u2018naci\u00f3n-imperio\u2019 321<br \/>\nAp\u00e9ndice I. El imperio hisp\u00e1nico y Catalu\u00f1a: Prat de la Riba, Camb\u00f3 y D\u2019Ors 329<br \/>\n21 La \u00abhistoria negra\u00bb de los imperios europeos 335<br \/>\nLos colores de la \u00abcuantificaci\u00f3n del sufrimiento\u00bb 336<br \/>\nEl papayawhip de los alemanes en las Am\u00e9ricas 338<br \/>\nEl azul\u00f3n del \u00abdesdichado\u00bb episodio de M\u00fcnster 339<br \/>\n\u00b7Profec\u00edas y milenarismo 347<br \/>\n\u00b7Las brujas 353<br \/>\n\u00b7Para continuar 357<br \/>\n\u00b7La Barbarie fuera de Europa 369<br \/>\nEl magenta de la \u00abguerra entre naciones\u00bb 372<br \/>\nEl cobrizo de los \u00abilustrados despistados o extraviados\u00bb 380<br \/>\nEl gris humo de la Alemania \u00abpos-napole\u00f3nica\u00bb<br \/>\nEl multicolor de la persecuci\u00f3n a los homosexuales, censuras literarias y dem\u00e1s 400<br \/>\nFinal: M\u00e1s all\u00e1 de imperios y de naciones 402<br \/>\nLa democracia y la esfera de la libertad 403<br \/>\nRetos \u00abpol\u00edticos\u00bb para la Nueva Europa 410<br \/>\nRetos \u00abfilos\u00f3ficos\u00bb para la Nueva Europa 413<br \/>\nAp\u00e9ndice II Supuestos 421<br \/>\n\u00cdndice onom\u00e1stico 425<\/p>\n","protected":false},"excerpt":{"rendered":"<p>ISBN Tomo II: 978-84-15203-73-5 450 pp. Entrevista a Fernando Miguel Perez Herranz, por Silverio Sanchez Corredera. VER VIDEO En la expansi\u00f3n de los europeos \u2014misioneros de la civilizaci\u00f3n del mundo entero\u2014 desde la Primera Cruzada (1096) hasta el final de la Segunda Guerra Mundial (1945), participaron escalonadamente los grandes imperios-naciones: Portugal, Espa\u00f1a, Holanda, Francia e [&hellip;]<\/p>\n","protected":false},"featured_media":2461,"template":"","meta":[],"product_brand":[],"product_cat":[87],"product_tag":[99,104,100,101,102,103],"class_list":{"0":"post-2880","1":"product","2":"type-product","3":"status-publish","4":"has-post-thumbnail","6":"product_cat-libros-en-pdf","7":"product_tag-filosofia-politica","8":"product_tag-historia","9":"product_tag-imperio","10":"product_tag-nacion","11":"product_tag-racismo","12":"product_tag-xenofobia","14":"first","15":"instock","16":"downloadable","17":"taxable","18":"shipping-taxable","19":"purchasable","20":"product-type-simple"},"jetpack_sharing_enabled":true,"_links":{"self":[{"href":"https:\/\/www.eikasia.es\/internacional\/wp-json\/wp\/v2\/product\/2880","targetHints":{"allow":["GET"]}}],"collection":[{"href":"https:\/\/www.eikasia.es\/internacional\/wp-json\/wp\/v2\/product"}],"about":[{"href":"https:\/\/www.eikasia.es\/internacional\/wp-json\/wp\/v2\/types\/product"}],"wp:featuredmedia":[{"embeddable":true,"href":"https:\/\/www.eikasia.es\/internacional\/wp-json\/wp\/v2\/media\/2461"}],"wp:attachment":[{"href":"https:\/\/www.eikasia.es\/internacional\/wp-json\/wp\/v2\/media?parent=2880"}],"wp:term":[{"taxonomy":"product_brand","embeddable":true,"href":"https:\/\/www.eikasia.es\/internacional\/wp-json\/wp\/v2\/product_brand?post=2880"},{"taxonomy":"product_cat","embeddable":true,"href":"https:\/\/www.eikasia.es\/internacional\/wp-json\/wp\/v2\/product_cat?post=2880"},{"taxonomy":"product_tag","embeddable":true,"href":"https:\/\/www.eikasia.es\/internacional\/wp-json\/wp\/v2\/product_tag?post=2880"}],"curies":[{"name":"wp","href":"https:\/\/api.w.org\/{rel}","templated":true}]}}