{"id":3138,"date":"2025-06-04T17:02:53","date_gmt":"2025-06-04T15:02:53","guid":{"rendered":"https:\/\/www.eikasia.es\/internacional\/?post_type=product&#038;p=3138"},"modified":"2025-06-04T17:02:53","modified_gmt":"2025-06-04T15:02:53","slug":"el-asesinato-de-afrodita-pandemos-una-introduccion-al-helenismo-y-al-fin-de-la-filosofia-las-escuelas-socraticas","status":"publish","type":"product","link":"https:\/\/www.eikasia.es\/internacional\/producto\/el-asesinato-de-afrodita-pandemos-una-introduccion-al-helenismo-y-al-fin-de-la-filosofia-las-escuelas-socraticas\/","title":{"rendered":"El asesinato de Afrodita Pandemos. Una introducci\u00f3n al helenismo y al fin de la filosof\u00eda Las escuelas socr\u00e1ticas."},"content":{"rendered":"<h4>Rom\u00e1n Garc\u00eda Fern\u00e1ndez<\/h4>\n<h1>El asesinato de Afrodita\u00a0Pandemos<\/h1>\n<p>Una introducci\u00f3n al helenismo y al fin de la filosof\u00eda. Las escuelas socr\u00e1ticas<\/p>\n<p>ISBN: 978-84-15203-21-6. Eikasia. Oviedo 2018.<\/p>\n<p style=\"font-weight: 400;\"><strong>Indice<\/strong><\/p>\n<p style=\"font-weight: 400;\">P\u00f3logo<br \/>\nEl ciclo de la Filosof\u00eda Helen\u00edstica.<br \/>\nContexto hist\u00f3rico y cultural<br \/>\nLas Escuelas socr\u00e1ticas menores y el inicio de la Filosof\u00eda Helenistica<br \/>\nLas escuelas socr\u00e1ticas menores<br \/>\nLos c\u00ednicos<br \/>\nDel nombre<br \/>\nDe las an\u00e9cdotas de los c\u00ednicos<br \/>\nDe las teor\u00edas de los c\u00ednicos<br \/>\nAnt\u00edstenes de Atenas<br \/>\nDi\u00f3genes de S\u00ednope o Di\u00f3genes el C\u00ednico<br \/>\nM\u00f3nimo Siracusano<br \/>\nOnesicrito<br \/>\nCrates de Tebas<br \/>\nMetr\u00f3cles de Maronea<br \/>\nHiparqu\u00eda de Maronea<br \/>\nMenipo de Gadara<br \/>\nMenedemo de Lampsaco<br \/>\nDemetrio de Corinto<br \/>\nBi\u00f3n de Bor\u00edstenes<br \/>\nLos cirenaicos<br \/>\nArist\u00edpo de Cirene por Di\u00f3genes Laercio<br \/>\nAnt\u00edpatro de Cirene<br \/>\nArete de Cirene y Arist\u00edpo el Joven<br \/>\nHegesias de Cirene, llamado Peisith\u00e1natos<br \/>\nAniceris<br \/>\nTeodoro de Cirene \u00abel Ateo\u00bb<br \/>\nEv\u00e9mero<\/p>\n<p style=\"font-weight: 400;\">Los meg\u00e1ricos<br \/>\nLa existencia de una \u00abescuela meg\u00e1rica\u00bb<br \/>\nEl grupo de los meg\u00e1ricos<br \/>\nLas influencias de los meg\u00e1ricos<br \/>\nL\u00f3gica, dial\u00e9ctica y er\u00edstica<br \/>\nComponentes de la Escuela Meg\u00e1rica<br \/>\nEuclides de M\u00e9gara<br \/>\nAl\u00e9xino de Elea<br \/>\nApolonio Crono<br \/>\nBris\u00f3n de Heraclea<br \/>\nClin\u00f3maco de Turio<br \/>\nDiodoro Crono<br \/>\nDionisio de Calcedonia<br \/>\nEstilp\u00f3n de M\u00e9gara<br \/>\nFilipo de M\u00e9gara<br \/>\nFil\u00f3n de M\u00e9gara<br \/>\nEub\u00falides de Mileto<br \/>\nEufanto de Olinto<br \/>\nIctias de M\u00e9gara<br \/>\nPantoides de M\u00e9gara<br \/>\nPasicles de Tebas<br \/>\nPol\u00edxeno<br \/>\nTerpsi\u00f3n de M\u00e9gara<br \/>\nTras\u00edmaco de Corinto<br \/>\nGu\u00eda bibliogr\u00e1fica Vol. I<br \/>\nFuentes para una Historiograf\u00eda antigua<br \/>\nFuentes historiogr\u00e1ficas antiguas sobre le helenismo.<br \/>\nFuentes primarias generales y recopilaciones de textos de la Filosof\u00eda Antigua.<br \/>\nFuentes primarias y textos de la Filosof\u00eda helen\u00edstica por escuelas<br \/>\nManuales especializados en Historia de la Filosof\u00eda Antigua<br \/>\nHistoria y cultura antigua<br \/>\nObras sobre el helenismo refrer\u00edda a los socr\u00e1ticos.<br \/>\nBibliograf\u00eda citada\n<\/p>\n<p>&nbsp;<\/p>\n","protected":false},"excerpt":{"rendered":"<p>Rom\u00e1n Garc\u00eda Fern\u00e1ndez El asesinato de Afrodita\u00a0Pandemos Una introducci\u00f3n al helenismo y al fin de la filosof\u00eda. Las escuelas socr\u00e1ticas ISBN: 978-84-15203-21-6. Eikasia. Oviedo 2018. Indice P\u00f3logo El ciclo de la Filosof\u00eda Helen\u00edstica. Contexto hist\u00f3rico y cultural Las Escuelas socr\u00e1ticas menores y el inicio de la Filosof\u00eda Helenistica Las escuelas socr\u00e1ticas menores Los c\u00ednicos Del [&hellip;]<\/p>\n","protected":false},"featured_media":3133,"template":"","meta":[],"product_brand":[],"product_cat":[21],"product_tag":[131],"class_list":{"0":"post-3138","1":"product","2":"type-product","3":"status-publish","4":"has-post-thumbnail","6":"product_cat-libros","7":"product_tag-historia-de-la-filosofia","9":"first","10":"instock","11":"downloadable","12":"taxable","13":"shipping-taxable","14":"purchasable","15":"product-type-simple"},"jetpack_sharing_enabled":true,"_links":{"self":[{"href":"https:\/\/www.eikasia.es\/internacional\/wp-json\/wp\/v2\/product\/3138","targetHints":{"allow":["GET"]}}],"collection":[{"href":"https:\/\/www.eikasia.es\/internacional\/wp-json\/wp\/v2\/product"}],"about":[{"href":"https:\/\/www.eikasia.es\/internacional\/wp-json\/wp\/v2\/types\/product"}],"wp:featuredmedia":[{"embeddable":true,"href":"https:\/\/www.eikasia.es\/internacional\/wp-json\/wp\/v2\/media\/3133"}],"wp:attachment":[{"href":"https:\/\/www.eikasia.es\/internacional\/wp-json\/wp\/v2\/media?parent=3138"}],"wp:term":[{"taxonomy":"product_brand","embeddable":true,"href":"https:\/\/www.eikasia.es\/internacional\/wp-json\/wp\/v2\/product_brand?post=3138"},{"taxonomy":"product_cat","embeddable":true,"href":"https:\/\/www.eikasia.es\/internacional\/wp-json\/wp\/v2\/product_cat?post=3138"},{"taxonomy":"product_tag","embeddable":true,"href":"https:\/\/www.eikasia.es\/internacional\/wp-json\/wp\/v2\/product_tag?post=3138"}],"curies":[{"name":"wp","href":"https:\/\/api.w.org\/{rel}","templated":true}]}}