{"id":3139,"date":"2025-06-04T17:24:36","date_gmt":"2025-06-04T15:24:36","guid":{"rendered":"https:\/\/www.eikasia.es\/internacional\/?post_type=product&#038;p=3139"},"modified":"2025-06-04T17:24:36","modified_gmt":"2025-06-04T15:24:36","slug":"mas-alla-de-imperios-y-de-naciones-volumen-3-y-tu-de-quien-eres-formacion-de-la-subjetividad-hispana-moderna","status":"publish","type":"product","link":"https:\/\/www.eikasia.es\/internacional\/producto\/mas-alla-de-imperios-y-de-naciones-volumen-3-y-tu-de-quien-eres-formacion-de-la-subjetividad-hispana-moderna\/","title":{"rendered":"M\u00e1s all\u00e1 de imperios y de naciones Volumen 3. \u00abY T\u00da \u00bfDE QUI\u00c9N ERES?\u00bb FORMACI\u00d3N DE LA SUBJETIVIDAD HISPANA MODERNA"},"content":{"rendered":"<p>Fernando Miguel P\u00e9rez Herranz<\/p>\n<p>M\u00e1s all\u00e1 de imperios y de naciones.\u00a0Volumen 3.<\/p>\n<p>\u00abY T\u00da \u00bfDE QUI\u00c9N ERES?\u00bb\u00a0FORMACI\u00d3N DE LA\u00a0SUBJETIVIDAD HISPANA\u00a0MODERNA<\/p>\n<p>ISBN Tomo III: 978-84-15203-74-2. Oviedo 2024<\/p>\n<p>&nbsp;<\/p>\n<p>&nbsp;<\/p>\n","protected":false},"excerpt":{"rendered":"<p>Fernando Miguel P\u00e9rez Herranz M\u00e1s all\u00e1 de imperios y de naciones.\u00a0Volumen 3. \u00abY T\u00da \u00bfDE QUI\u00c9N ERES?\u00bb\u00a0FORMACI\u00d3N DE LA\u00a0SUBJETIVIDAD HISPANA\u00a0MODERNA ISBN Tomo III: 978-84-15203-74-2. Oviedo 2024 &nbsp; &nbsp;<\/p>\n","protected":false},"featured_media":3141,"template":"","meta":[],"product_brand":[],"product_cat":[21],"product_tag":[],"class_list":{"0":"post-3139","1":"product","2":"type-product","3":"status-publish","4":"has-post-thumbnail","6":"product_cat-libros","8":"first","9":"instock","10":"downloadable","11":"taxable","12":"shipping-taxable","13":"purchasable","14":"product-type-simple"},"jetpack_sharing_enabled":true,"_links":{"self":[{"href":"https:\/\/www.eikasia.es\/internacional\/wp-json\/wp\/v2\/product\/3139","targetHints":{"allow":["GET"]}}],"collection":[{"href":"https:\/\/www.eikasia.es\/internacional\/wp-json\/wp\/v2\/product"}],"about":[{"href":"https:\/\/www.eikasia.es\/internacional\/wp-json\/wp\/v2\/types\/product"}],"wp:featuredmedia":[{"embeddable":true,"href":"https:\/\/www.eikasia.es\/internacional\/wp-json\/wp\/v2\/media\/3141"}],"wp:attachment":[{"href":"https:\/\/www.eikasia.es\/internacional\/wp-json\/wp\/v2\/media?parent=3139"}],"wp:term":[{"taxonomy":"product_brand","embeddable":true,"href":"https:\/\/www.eikasia.es\/internacional\/wp-json\/wp\/v2\/product_brand?post=3139"},{"taxonomy":"product_cat","embeddable":true,"href":"https:\/\/www.eikasia.es\/internacional\/wp-json\/wp\/v2\/product_cat?post=3139"},{"taxonomy":"product_tag","embeddable":true,"href":"https:\/\/www.eikasia.es\/internacional\/wp-json\/wp\/v2\/product_tag?post=3139"}],"curies":[{"name":"wp","href":"https:\/\/api.w.org\/{rel}","templated":true}]}}