{"id":3158,"date":"2026-01-08T12:45:58","date_gmt":"2026-01-08T11:45:58","guid":{"rendered":"https:\/\/www.eikasia.es\/internacional\/?post_type=product&#038;p=3158"},"modified":"2026-01-17T11:35:33","modified_gmt":"2026-01-17T10:35:33","slug":"i-hidalgo-gnoseologia-de-las-ciencias-de-la-organizacion-administrativa-la-organizacion-de-la-ciencia-y-la-ciencia-de-la-organizacion-vol-1","status":"publish","type":"product","link":"https:\/\/www.eikasia.es\/internacional\/producto\/i-hidalgo-gnoseologia-de-las-ciencias-de-la-organizacion-administrativa-la-organizacion-de-la-ciencia-y-la-ciencia-de-la-organizacion-vol-1\/","title":{"rendered":"I Hidalgo: El Leviat\u00e1n burocratico. La organizaci\u00f3n de la ciencia y la ciencia de la organizaci\u00f3n Vol. 1"},"content":{"rendered":"<p><img loading=\"lazy\" decoding=\"async\" class=\"alignleft size-medium wp-image-3185\" src=\"https:\/\/www.eikasia.es\/internacional\/wp-content\/uploads\/2026\/01\/portada1-196x300.jpg\" alt=\"\" width=\"196\" height=\"300\" srcset=\"https:\/\/www.eikasia.es\/internacional\/wp-content\/uploads\/2026\/01\/portada1-196x300.jpg 196w, https:\/\/www.eikasia.es\/internacional\/wp-content\/uploads\/2026\/01\/portada1-668x1024.jpg 668w, https:\/\/www.eikasia.es\/internacional\/wp-content\/uploads\/2026\/01\/portada1-768x1178.jpg 768w, https:\/\/www.eikasia.es\/internacional\/wp-content\/uploads\/2026\/01\/portada1-1002x1536.jpg 1002w, https:\/\/www.eikasia.es\/internacional\/wp-content\/uploads\/2026\/01\/portada1-1336x2048.jpg 1336w, https:\/\/www.eikasia.es\/internacional\/wp-content\/uploads\/2026\/01\/portada1-416x638.jpg 416w, https:\/\/www.eikasia.es\/internacional\/wp-content\/uploads\/2026\/01\/portada1-scaled.jpg 1670w\" sizes=\"auto, (max-width: 196px) 100vw, 196px\" \/><\/p>\n<p>Alberto Hidalgo Tu\u00f1on<\/p>\n<p>El Leviat\u00e1n burocratico. La organizaci\u00f3n de la ciencia y la ciencia de la organizaci\u00f3n de <strong>Alberto Hidalgo Tu\u00f1\u00f3n<\/strong>, originalmente una tesis doctoral de 1989, dirigida por Gustavo Bueno, con el t\u00edtulo <strong><em>Gnoseolog\u00eda de las Ciencias de la Organizaci\u00f3n Administrativa: La organizaci\u00f3n de la ciencia y la ciencia de la organizaci\u00f3n<\/em><\/strong>. La obra es un extenso y detallado <strong>an\u00e1lisis gnoseol\u00f3gico e hist\u00f3rico-cultural<\/strong>\u00a0de la teor\u00eda de la ciencia, con un enfoque particular en la\u00a0<strong>organizaci\u00f3n administrativa<\/strong>\u00a0y las ciencias sociales, que abarca desde la filosof\u00eda griega hasta el siglo XX, el autor examina las\u00a0<strong>tradiciones ling\u00fc\u00edsticas<\/strong>\u00a0(german\u00f3fona, angl\u00f3fona y franc\u00f3fona) y las\u00a0<strong>alternativas metacient\u00edficas<\/strong>\u00a0emergentes, como el positivismo de Comte, el empirismo l\u00f3gico, el materialismo y el idealismo. El contenido aborda temas variados, incluyendo la\u00a0<strong>disputa sobre la globalizaci\u00f3n<\/strong>, la\u00a0<strong>evoluci\u00f3n de la teor\u00eda de la organizaci\u00f3n<\/strong>\u00a0(mencionando a autores como Simon, Weber y Mouzelis), y el\u00a0<strong>impacto de los contextos hist\u00f3ricos<\/strong>\u00a0y las\u00a0<strong>institucionalizaciones acad\u00e9micas<\/strong>\u00a0en el desarrollo del conocimiento cient\u00edfico.<\/p>\n<p style=\"font-weight: 400;\">En este primer volumen se desarrolla un extenso an\u00e1lisis filos\u00f3fico e hist\u00f3rico-cultural de la\u00a0<strong>metaciencia<\/strong>\u00a0o\u00a0<strong>teor\u00eda de la ciencia<\/strong>, enfoc\u00e1ndose en c\u00f3mo esta reflexi\u00f3n ha evolucionado a trav\u00e9s de distintas tradiciones ling\u00fc\u00edsticas (german\u00f3fona, angl\u00f3fona y franc\u00f3fona) y per\u00edodos hist\u00f3ricos, especialmente el de\u00a0<strong>proliferaci\u00f3n (1880-1920)<\/strong>.<\/p>\n<p style=\"font-weight: 400;\">Se incorpora un pr\u00f3logo de autor sobre la\u00a0<strong>globalizaci\u00f3n<\/strong>, examinada desde una perspectiva filos\u00f3fica que contrasta la internacionalizaci\u00f3n econ\u00f3mica con una definici\u00f3n ontol\u00f3gica de la globalizaci\u00f3n como la influencia mutua e inmediata de cualquier acontecimiento mundial. Adem\u00e1s, el autor se dedica a trazar la\u00a0<strong>pauta evolutiva interna<\/strong>\u00a0de la teor\u00eda de la ciencia, argumentando que las opciones metacient\u00edficas no se imponen\u00a0<em>a priori<\/em>, sino que son dirigidas y controladas por el\u00a0<strong>material emp\u00edrico<\/strong>\u00a0de las ciencias concretas y sus\u00a0<strong>contextos hist\u00f3ricos determinantes. Junto a esta introducci\u00f3n la obra tambi\u00e9n incorpora <\/strong>una entrevista de Jorge Juan Manrique al autor que pretenden tanto justificar la pertinencia de su reedici\u00f3n como indicar las nuevas corrientes actuales.<\/p>\n<p>&nbsp;<\/p>\n<p style=\"text-align: center;\">\u00cdndice<\/p>\n<p>Pr\u00f3logo: En el coraz\u00f3n de la tormenta retr\u00f3grada: la disputa\u00a0sobre la globalizaci\u00f3n I<\/p>\n<p>Un fil\u00f3sofo en la corte de los gestores. Introducici\u00f3n de Jorge Juan\u00a0Manrique 9<\/p>\n<p>Cuestionario a Alberto Hidalgo, con motivo de la edici\u00f3n de\u00a0su tesis doctoral: La organizaci\u00f3n de la ciencia y la ciencia de la\u00a0organizaci\u00f3n. Jorge Juan Manrique 15<\/p>\n<p>Introducci\u00f3n 31<\/p>\n<p>El problema de las conexiones entre la teor\u00eda filos\u00f3fica de las\u00a0ciencias y las ciencias de la administraci\u00f3n 31<\/p>\n<p>\u00a7 a La teor\u00eda de la ciencia como cr\u00edtica de la raz\u00f3n cient\u00edfica y\u00a0como cr\u00edtica mundana de la cultura 38<\/p>\n<p>\u00a7 b Conexiones internas entre la teor\u00eda general de las ciencias\u00a0(parte I) y la gnoseolog\u00eda especial de las ciencias de la\u00a0administraci\u00f3n (parte II) 44<\/p>\n<p>\u00a7 c Conexiones circulares 52<\/p>\n<p>Primera parte<\/p>\n<p>La teor\u00eda general de las ciencias desde el enfoque gnoseol\u00f3gico 59<\/p>\n<p>Cap\u00edtulo 1<\/p>\n<p>La g\u00e9nesis hist\u00f3rico-cultural de la teor\u00eda general de las ciencias.\u00a0Precisiones sobre su contexto determinante 67<\/p>\n<p>\u00a7 1.1 La \u00faltima metamorfosis de la filosof\u00eda. Una met\u00e1fora\u00a0geol\u00f3gica 67<\/p>\n<p>\u00a7 1.2 Indicaciones terminol\u00f3gicas e hist\u00f3ricas 73<\/p>\n<p>\u00a7 1.3 El contexto determinante de la teor\u00eda de la ciencia 81<\/p>\n<p>\u00a7 1.4 La figura institucional determinada de la teor\u00eda de la ciencia 95<\/p>\n<p>A) La l\u00ednea franc\u00f3fona de la \u00e9pist\u00e9mologie positivista 100<\/p>\n<p>B) La l\u00ednea angl\u00f3fona de la Philosophy of Science 133<\/p>\n<p>C) La l\u00ednea german\u00f3fona de la Wissenschaftslehre 152<\/p>\n<p>\u00a7 1.5 Nota sobre la organizaci\u00f3n de las ciencias y las ciencias de la\u00a0organizaci\u00f3n 174<\/p>\n<p>Cap\u00edtulo 2<\/p>\n<p>El desarrollo hist\u00f3rico-cultural de la teor\u00eda de las ciencias. Pautas\u00a0evolutivas en conexi\u00f3n con el desarrollo cient\u00edfico 205<\/p>\n<p>\u00a7 2.1 La ciencia \u00abacad\u00e9mica\u00bb y su legitimaci\u00f3n ideol\u00f3gica y\u00a0epistemol\u00f3gica 208<\/p>\n<p>\u00a7 2.2 Crisis de fundamentos, efervescencia paradigm\u00e1tica y\u00a0proliferaci\u00f3n metacient\u00edfca. (El caso de Planck) 231<\/p>\n<p>\u00a7 2.3 Apuntes para una fenomenolog\u00eda metacient\u00edfica de la\u00a0certeza cient\u00edfica en el periodo de proliferaci\u00f3n. Estrategias\u00a0transversales y pautas evolutivas\u00a0longitudinales\u00a0257<\/p>\n<p>\u00a7 2.3.1 La pauta evolutiva interna de la tradici\u00f3n german\u00f3fona\u00a0entre Mach y Husserl 262<\/p>\n<p>\u00a7 2.3.2 La tradici\u00f3n metacient\u00edfica angl\u00f3fona entre 1880 y\u00a01920 283<\/p>\n<p>\u00a7 2.3.3 Estrategias transversales y epistemolog\u00eda\u00a0franc\u00f3fona 309<\/p>\n<p>Notas del T omo I\u00a0341<\/p>\n<p>Nota bibliogr\u00e1f ica 429<\/p>\n<p>\u00cdndice de figuras y cuadros 439<\/p>\n<p>\u00cdndice general 441<\/p>\n<p>&nbsp;<\/p>\n<p><img loading=\"lazy\" decoding=\"async\" class=\"alignleft wp-image-3186 size-medium\" src=\"https:\/\/www.eikasia.es\/internacional\/wp-content\/uploads\/2026\/01\/portada2b-196x300.jpg\" alt=\"\" width=\"196\" height=\"300\" srcset=\"https:\/\/www.eikasia.es\/internacional\/wp-content\/uploads\/2026\/01\/portada2b-196x300.jpg 196w, https:\/\/www.eikasia.es\/internacional\/wp-content\/uploads\/2026\/01\/portada2b-668x1024.jpg 668w, https:\/\/www.eikasia.es\/internacional\/wp-content\/uploads\/2026\/01\/portada2b-768x1178.jpg 768w, https:\/\/www.eikasia.es\/internacional\/wp-content\/uploads\/2026\/01\/portada2b-1002x1536.jpg 1002w, https:\/\/www.eikasia.es\/internacional\/wp-content\/uploads\/2026\/01\/portada2b-1336x2048.jpg 1336w, https:\/\/www.eikasia.es\/internacional\/wp-content\/uploads\/2026\/01\/portada2b-416x638.jpg 416w, https:\/\/www.eikasia.es\/internacional\/wp-content\/uploads\/2026\/01\/portada2b-scaled.jpg 1670w\" sizes=\"auto, (max-width: 196px) 100vw, 196px\" \/><a href=\"http:\/\/ii-hidalgo-gnoseologia-de-las-ciencias-de-la-organizacion-administrativa-la-organizacion-de-la-ciencia-y-la-ciencia-de-la-organizacion-vol-2\">Ir al Volumen 2<\/a><\/p>\n<p>&nbsp;<\/p>\n<p>&nbsp;<\/p>\n<p>&nbsp;<\/p>\n<p>&nbsp;<\/p>\n<p>&nbsp;<\/p>\n<p>&nbsp;<\/p>\n<p><img loading=\"lazy\" decoding=\"async\" class=\"alignleft wp-image-3187 size-medium\" src=\"https:\/\/www.eikasia.es\/internacional\/wp-content\/uploads\/2026\/01\/portada3b-196x300.jpg\" alt=\"\" width=\"196\" height=\"300\" srcset=\"https:\/\/www.eikasia.es\/internacional\/wp-content\/uploads\/2026\/01\/portada3b-196x300.jpg 196w, https:\/\/www.eikasia.es\/internacional\/wp-content\/uploads\/2026\/01\/portada3b-668x1024.jpg 668w, https:\/\/www.eikasia.es\/internacional\/wp-content\/uploads\/2026\/01\/portada3b-768x1178.jpg 768w, https:\/\/www.eikasia.es\/internacional\/wp-content\/uploads\/2026\/01\/portada3b-1002x1536.jpg 1002w, https:\/\/www.eikasia.es\/internacional\/wp-content\/uploads\/2026\/01\/portada3b-1336x2048.jpg 1336w, https:\/\/www.eikasia.es\/internacional\/wp-content\/uploads\/2026\/01\/portada3b-416x638.jpg 416w, https:\/\/www.eikasia.es\/internacional\/wp-content\/uploads\/2026\/01\/portada3b-scaled.jpg 1670w\" sizes=\"auto, (max-width: 196px) 100vw, 196px\" \/><a href=\"http:\/\/iii-hidalgo-gnoseologia-de-las-ciencias-de-la-organizacion-administrativa-la-organizacion-de-la-ciencia-y-la-ciencia-de-la-organizacion-iii\">Ir al volumen 3<\/a><\/p>\n<p>&nbsp;<\/p>\n<p>&nbsp;<\/p>\n","protected":false},"excerpt":{"rendered":"<p>Alberto Hidalgo Tu\u00f1on El Leviat\u00e1n burocratico. La organizaci\u00f3n de la ciencia y la ciencia de la organizaci\u00f3n de Alberto Hidalgo Tu\u00f1\u00f3n, originalmente una tesis doctoral de 1989, dirigida por Gustavo Bueno, con el t\u00edtulo Gnoseolog\u00eda de las Ciencias de la Organizaci\u00f3n Administrativa: La organizaci\u00f3n de la ciencia y la ciencia de la organizaci\u00f3n. La obra [&hellip;]<\/p>\n","protected":false},"featured_media":3185,"template":"","meta":[],"product_brand":[],"product_cat":[21],"product_tag":[],"class_list":{"0":"post-3158","1":"product","2":"type-product","3":"status-publish","4":"has-post-thumbnail","6":"product_cat-libros","8":"first","9":"instock","10":"downloadable","11":"taxable","12":"shipping-taxable","13":"purchasable","14":"product-type-simple"},"jetpack_sharing_enabled":true,"_links":{"self":[{"href":"https:\/\/www.eikasia.es\/internacional\/wp-json\/wp\/v2\/product\/3158","targetHints":{"allow":["GET"]}}],"collection":[{"href":"https:\/\/www.eikasia.es\/internacional\/wp-json\/wp\/v2\/product"}],"about":[{"href":"https:\/\/www.eikasia.es\/internacional\/wp-json\/wp\/v2\/types\/product"}],"wp:featuredmedia":[{"embeddable":true,"href":"https:\/\/www.eikasia.es\/internacional\/wp-json\/wp\/v2\/media\/3185"}],"wp:attachment":[{"href":"https:\/\/www.eikasia.es\/internacional\/wp-json\/wp\/v2\/media?parent=3158"}],"wp:term":[{"taxonomy":"product_brand","embeddable":true,"href":"https:\/\/www.eikasia.es\/internacional\/wp-json\/wp\/v2\/product_brand?post=3158"},{"taxonomy":"product_cat","embeddable":true,"href":"https:\/\/www.eikasia.es\/internacional\/wp-json\/wp\/v2\/product_cat?post=3158"},{"taxonomy":"product_tag","embeddable":true,"href":"https:\/\/www.eikasia.es\/internacional\/wp-json\/wp\/v2\/product_tag?post=3158"}],"curies":[{"name":"wp","href":"https:\/\/api.w.org\/{rel}","templated":true}]}}