{"id":3161,"date":"2026-01-08T12:47:53","date_gmt":"2026-01-08T11:47:53","guid":{"rendered":"https:\/\/www.eikasia.es\/internacional\/?post_type=product&#038;p=3161"},"modified":"2026-01-17T11:31:36","modified_gmt":"2026-01-17T10:31:36","slug":"ii-hidalgo-gnoseologia-de-las-ciencias-de-la-organizacion-administrativa-la-organizacion-de-la-ciencia-y-la-ciencia-de-la-organizacion-vol-2","status":"publish","type":"product","link":"https:\/\/www.eikasia.es\/internacional\/producto\/ii-hidalgo-gnoseologia-de-las-ciencias-de-la-organizacion-administrativa-la-organizacion-de-la-ciencia-y-la-ciencia-de-la-organizacion-vol-2\/","title":{"rendered":"II Hidalgo: El Leviat\u00e1n burocratico. La organizaci\u00f3n de la ciencia y la ciencia de la organizaci\u00f3n Vol. 2"},"content":{"rendered":"<p>&nbsp;<\/p>\n<p style=\"font-weight: 400; text-align: center;\"><strong>Vol II<\/strong><\/p>\n<p style=\"font-weight: 400;\"><strong><em><img loading=\"lazy\" decoding=\"async\" class=\"alignleft size-medium wp-image-3186\" src=\"https:\/\/www.eikasia.es\/internacional\/wp-content\/uploads\/2026\/01\/portada2b-196x300.jpg\" alt=\"\" width=\"196\" height=\"300\" srcset=\"https:\/\/www.eikasia.es\/internacional\/wp-content\/uploads\/2026\/01\/portada2b-196x300.jpg 196w, https:\/\/www.eikasia.es\/internacional\/wp-content\/uploads\/2026\/01\/portada2b-668x1024.jpg 668w, https:\/\/www.eikasia.es\/internacional\/wp-content\/uploads\/2026\/01\/portada2b-768x1178.jpg 768w, https:\/\/www.eikasia.es\/internacional\/wp-content\/uploads\/2026\/01\/portada2b-1002x1536.jpg 1002w, https:\/\/www.eikasia.es\/internacional\/wp-content\/uploads\/2026\/01\/portada2b-1336x2048.jpg 1336w, https:\/\/www.eikasia.es\/internacional\/wp-content\/uploads\/2026\/01\/portada2b-416x638.jpg 416w, https:\/\/www.eikasia.es\/internacional\/wp-content\/uploads\/2026\/01\/portada2b-scaled.jpg 1670w\" sizes=\"auto, (max-width: 196px) 100vw, 196px\" \/>El Leviat\u00e1n burocratico. La organizaci\u00f3n de la ciencia y la ciencia de la organizaci\u00f3n <\/em><\/strong>de\u00a0<strong>Alberto Hidalgo Tu\u00f1\u00f3n<\/strong>, originalmente una tesis doctoral de 1989, dirigida por Gustavo Bueno, con el t\u00edtulo <strong><em>Gnoseolog\u00eda de las Ciencias de la Organizaci\u00f3n Administrativa: La organizaci\u00f3n de la ciencia y la ciencia de la organizaci\u00f3n<\/em><\/strong>\u00a0.<\/p>\n<p style=\"font-weight: 400;\">En este segundo volumen de <strong><em>Gnoseolog\u00eda de las Ciencias de la Organizaci\u00f3n Administrativa<\/em>, <\/strong>Alberto Hidalgo Tu\u00f1\u00f3n, se centra en el an\u00e1lisis epistemol\u00f3gico e hist\u00f3rico-cultural del desarrollo cient\u00edfico entre 1920 y 1960, un per\u00edodo marcado por la\u00a0<strong>Organizaci\u00f3n de la Ciencia<\/strong>\u00a0o\u00a0<strong><em>Big Science<\/em><\/strong>. El autor explora c\u00f3mo el contexto social y pol\u00edtico (como el esfuerzo de industrializaci\u00f3n en la Uni\u00f3n Sovi\u00e9tica y el complejo militar-cient\u00edfico estadounidense) influy\u00f3 en la consolidaci\u00f3n de paradigmas cient\u00edficos, contrastando el proyecto de\u00a0<strong><em>ciencia unificada<\/em><\/strong>\u00a0del neopositivismo l\u00f3gico con el surgimiento de grandes s\u00edntesis en matem\u00e1ticas (Bourbaki) y f\u00edsica (Mec\u00e1nica Cu\u00e1ntica). Finalmente, el documento examina diversas estrategias metacient\u00edficas, como el descripcionismo y el teoricismo, para establecer un marco clasificatorio que sirva de base para el estudio de la\u00a0<strong>teor\u00eda de la organizaci\u00f3n<\/strong>.<\/p>\n<p>&nbsp;<\/p>\n<p style=\"text-align: center;\">\u00cdndice Tomo II<\/p>\n<p>Cap\u00edtulo 3<\/p>\n<p>LAS S\u00edNTESIS CIENT\u00cdFICAS Y LA UNIVERSALIZACI\u00d3N DE\u00a0LA TEOR\u00cdA DE LA CIENCIA EN EL POSITIVISMO L\u00d3GICO 7<\/p>\n<p>\u00a7 3.1 El contexto hist\u00f3rico-cultural determinante del periodo de\u00a0universalizaci\u00f3n de la teor\u00eda de la ciencia 9<\/p>\n<p>\u00a7 3.2 La organizaci\u00f3n de la big science y los nuevos marcos\u00a0institucionales de su justificaci\u00f3n ideol\u00f3gica: la URSS y USA 24<\/p>\n<p>\u00a7 3.3 La reconstrucci\u00f3n sistem\u00e1tica de grandes s\u00edntesis\u00a0cient\u00edficas como figura institucional determinada en la fase\u00a0de la ciencia organizada 45<\/p>\n<p>\u00a7 3.3.1. La s\u00edntesis estructuralista de Bourbaki como figura\u00a0institucional determinada en las ciencias formales 46<\/p>\n<p>\u00a7 3.3.2. La mec\u00e1nica cu\u00e1ntica como s\u00edntesis paradigm\u00e1tica de las\u00a0ciencia f\u00edsicas, qu\u00edmicas y cosmol\u00f3gicas en la \u00e9poca de la\u00a0organizaci\u00f3n de las ciencias 68<\/p>\n<p>\u00a7 3.3.3 Breve menci\u00f3n de otras s\u00edntesis paradigm\u00e1ticas 114<\/p>\n<p>\u00a7 3.4 La universalizaci\u00f3n de la teor\u00eda de la ciencia en el\u00a0neopositivismo l\u00f3gico. An\u00e1lisis de su evoluci\u00f3n interna 147<\/p>\n<p>\u00a7 3.4.1. Los dogmas del \u00abempirismo l\u00f3gico\u00bb: consecuencias y\u00a0evoluci\u00f3n 150<\/p>\n<p>\u00a7 3.4.2. El problema de las relaciones entre teor\u00eda y experiencia:\u00a0la evoluci\u00f3n paradigm\u00e1tica de Rudolf Carnap (1891-1970) 154<\/p>\n<p>\u00a7 3.4.3. La verificaci\u00f3n como criterio empirista de significado:\u00a0Cr\u00edticas y alternativas 163<\/p>\n<p>\u00a7 3.4.4. La traducibilidad a un lenguaje empirista LE: testabilidad\u00a0y significaci\u00f3n 169<\/p>\n<p>\u00a7 3.4.5. Los dos niveles del lenguaje y su relaci\u00f3n: lenguaje\u00a0observacional (Lo), lenguaje te\u00f3rico (Lt) y reglas de\u00a0correspondencia (C). La posici\u00f3n heredada 185<\/p>\n<p>\u00a7 3.4.6. Resultados posteriores: el enunciado de Ramsey (R) y\u00a0el Teorema de Craig 202<\/p>\n<p>\u00a7 3.4.7. La ciencia unificada y la penumbra envolvente 208<\/p>\n<p>&nbsp;<\/p>\n<p>Cap\u00edtulo 4<\/p>\n<p>LA CONFRONTACI\u00d3N METACIENT\u00cdFICA ACTUAL Y LA\u00a0ESTRUCTURACI\u00d3N DE LAS ALTERNATIVAS GNOSEOL\u00d3GICAS\u00a0EN LA TEOR\u00cdA GENERAL DE LAS CIENCIAS 215<\/p>\n<p>\u00a7 4.1. Descripci\u00f3n fenomenol\u00f3gica de la inconclusa etapa actual\u00a0216<\/p>\n<p>\u00a7 4.2. Criterios para una clasificaci\u00f3n sistem\u00e1tica de las teor\u00edas\u00a0de la ciencia. An\u00e1lisis de cuatro tipolog\u00edas 242<\/p>\n<p>\u00a7 4.3 Clasificaci\u00f3n de las alternativas metacient\u00edricas puras\u00a0y an\u00e1lisis de su rendimiento a prop\u00f3sito del t\u00f3pico de la\u00a0estructura de las teor\u00edas cient\u00edficas 276<\/p>\n<p>\u00a7 4.4 El problema de la \u00abescala gnoseol\u00f3gica\u00bb y las dimensiones\u00a0del an\u00e1lisis metacient\u00edfico. Espectrograf\u00eda gnoseol\u00f3gica y\u00a0hologramas 358<\/p>\n<p>Notas del tomo II 391<\/p>\n<p>Nota bibliogr\u00e1f ica 437<\/p>\n<p>Indices 447<\/p>\n<p>&nbsp;<\/p>\n<p>&nbsp;<\/p>\n<p><a href=\"http:\/\/i-hidalgo-gnoseologia-de-las-ciencias-de-la-organizacion-administrativa-la-organizacion-de-la-ciencia-y-la-ciencia-de-la-organizacion-vol-1\"><img loading=\"lazy\" decoding=\"async\" class=\"alignleft size-medium wp-image-3185\" src=\"https:\/\/www.eikasia.es\/internacional\/wp-content\/uploads\/2026\/01\/portada1-196x300.jpg\" alt=\"\" width=\"196\" height=\"300\" srcset=\"https:\/\/www.eikasia.es\/internacional\/wp-content\/uploads\/2026\/01\/portada1-196x300.jpg 196w, https:\/\/www.eikasia.es\/internacional\/wp-content\/uploads\/2026\/01\/portada1-668x1024.jpg 668w, https:\/\/www.eikasia.es\/internacional\/wp-content\/uploads\/2026\/01\/portada1-768x1178.jpg 768w, https:\/\/www.eikasia.es\/internacional\/wp-content\/uploads\/2026\/01\/portada1-1002x1536.jpg 1002w, https:\/\/www.eikasia.es\/internacional\/wp-content\/uploads\/2026\/01\/portada1-1336x2048.jpg 1336w, https:\/\/www.eikasia.es\/internacional\/wp-content\/uploads\/2026\/01\/portada1-416x638.jpg 416w, https:\/\/www.eikasia.es\/internacional\/wp-content\/uploads\/2026\/01\/portada1-scaled.jpg 1670w\" sizes=\"auto, (max-width: 196px) 100vw, 196px\" \/><\/a><\/p>\n<p>Ir al volumen I<\/p>\n<p>&nbsp;<\/p>\n<p>&nbsp;<\/p>\n<p>&nbsp;<\/p>\n<p>&nbsp;<\/p>\n<p>&nbsp;<\/p>\n<p>&nbsp;<\/p>\n<p><a href=\"http:\/\/iii-hidalgo-gnoseologia-de-las-ciencias-de-la-organizacion-administrativa-la-organizacion-de-la-ciencia-y-la-ciencia-de-la-organizacion-iii\"><img loading=\"lazy\" decoding=\"async\" class=\"alignleft wp-image-3187 size-medium\" src=\"https:\/\/www.eikasia.es\/internacional\/wp-content\/uploads\/2026\/01\/portada3b-196x300.jpg\" alt=\"\" width=\"196\" height=\"300\" srcset=\"https:\/\/www.eikasia.es\/internacional\/wp-content\/uploads\/2026\/01\/portada3b-196x300.jpg 196w, https:\/\/www.eikasia.es\/internacional\/wp-content\/uploads\/2026\/01\/portada3b-668x1024.jpg 668w, https:\/\/www.eikasia.es\/internacional\/wp-content\/uploads\/2026\/01\/portada3b-768x1178.jpg 768w, https:\/\/www.eikasia.es\/internacional\/wp-content\/uploads\/2026\/01\/portada3b-1002x1536.jpg 1002w, https:\/\/www.eikasia.es\/internacional\/wp-content\/uploads\/2026\/01\/portada3b-1336x2048.jpg 1336w, https:\/\/www.eikasia.es\/internacional\/wp-content\/uploads\/2026\/01\/portada3b-416x638.jpg 416w, https:\/\/www.eikasia.es\/internacional\/wp-content\/uploads\/2026\/01\/portada3b-scaled.jpg 1670w\" sizes=\"auto, (max-width: 196px) 100vw, 196px\" \/><\/a><\/p>\n<p><a href=\"http:\/\/iii-hidalgo-gnoseologia-de-las-ciencias-de-la-organizacion-administrativa-la-organizacion-de-la-ciencia-y-la-ciencia-de-la-organizacion-iii\">ir al Volumen III<\/a><\/p>\n","protected":false},"excerpt":{"rendered":"<p>&nbsp; Vol II El Leviat\u00e1n burocratico. La organizaci\u00f3n de la ciencia y la ciencia de la organizaci\u00f3n de\u00a0Alberto Hidalgo Tu\u00f1\u00f3n, originalmente una tesis doctoral de 1989, dirigida por Gustavo Bueno, con el t\u00edtulo Gnoseolog\u00eda de las Ciencias de la Organizaci\u00f3n Administrativa: La organizaci\u00f3n de la ciencia y la ciencia de la organizaci\u00f3n\u00a0. En este segundo [&hellip;]<\/p>\n","protected":false},"featured_media":3186,"template":"","meta":[],"product_brand":[],"product_cat":[59,24,17,86,87],"product_tag":[],"class_list":{"0":"post-3161","1":"product","2":"type-product","3":"status-publish","4":"has-post-thumbnail","6":"product_cat-contemporanea","7":"product_cat-cooperacion-gestion","8":"product_cat-filosofia","9":"product_cat-libros-digitales","10":"product_cat-libros-en-pdf","12":"first","13":"instock","14":"downloadable","15":"taxable","16":"shipping-taxable","17":"purchasable","18":"product-type-simple"},"jetpack_sharing_enabled":true,"_links":{"self":[{"href":"https:\/\/www.eikasia.es\/internacional\/wp-json\/wp\/v2\/product\/3161","targetHints":{"allow":["GET"]}}],"collection":[{"href":"https:\/\/www.eikasia.es\/internacional\/wp-json\/wp\/v2\/product"}],"about":[{"href":"https:\/\/www.eikasia.es\/internacional\/wp-json\/wp\/v2\/types\/product"}],"wp:featuredmedia":[{"embeddable":true,"href":"https:\/\/www.eikasia.es\/internacional\/wp-json\/wp\/v2\/media\/3186"}],"wp:attachment":[{"href":"https:\/\/www.eikasia.es\/internacional\/wp-json\/wp\/v2\/media?parent=3161"}],"wp:term":[{"taxonomy":"product_brand","embeddable":true,"href":"https:\/\/www.eikasia.es\/internacional\/wp-json\/wp\/v2\/product_brand?post=3161"},{"taxonomy":"product_cat","embeddable":true,"href":"https:\/\/www.eikasia.es\/internacional\/wp-json\/wp\/v2\/product_cat?post=3161"},{"taxonomy":"product_tag","embeddable":true,"href":"https:\/\/www.eikasia.es\/internacional\/wp-json\/wp\/v2\/product_tag?post=3161"}],"curies":[{"name":"wp","href":"https:\/\/api.w.org\/{rel}","templated":true}]}}