{"id":3174,"date":"2026-01-13T10:19:13","date_gmt":"2026-01-13T09:19:13","guid":{"rendered":"https:\/\/www.eikasia.es\/internacional\/?post_type=product&#038;p=3174"},"modified":"2026-01-13T10:19:13","modified_gmt":"2026-01-13T09:19:13","slug":"lucia-carolina-fernandez-jimenez-cuando-la-vida-duele-fundamentos-filosoficos-de-la-psicoterapia-existencial","status":"publish","type":"product","link":"https:\/\/www.eikasia.es\/internacional\/producto\/lucia-carolina-fernandez-jimenez-cuando-la-vida-duele-fundamentos-filosoficos-de-la-psicoterapia-existencial\/","title":{"rendered":"Luc\u00eda Carolina Fern\u00e1ndez Jim\u00e9nez. Cuando la vida duele. Fundamentos filos\u00f3ficos de la psicoterapia existencial"},"content":{"rendered":"<p><img loading=\"lazy\" decoding=\"async\" class=\"alignleft size-medium wp-image-2943\" src=\"https:\/\/www.eikasia.es\/internacional\/wp-content\/uploads\/2025\/02\/carolina-portada-a-195x300.png\" alt=\"\" width=\"195\" height=\"300\" srcset=\"https:\/\/www.eikasia.es\/internacional\/wp-content\/uploads\/2025\/02\/carolina-portada-a-195x300.png 195w, https:\/\/www.eikasia.es\/internacional\/wp-content\/uploads\/2025\/02\/carolina-portada-a-666x1024.png 666w, https:\/\/www.eikasia.es\/internacional\/wp-content\/uploads\/2025\/02\/carolina-portada-a-768x1181.png 768w, https:\/\/www.eikasia.es\/internacional\/wp-content\/uploads\/2025\/02\/carolina-portada-a-998x1536.png 998w, https:\/\/www.eikasia.es\/internacional\/wp-content\/uploads\/2025\/02\/carolina-portada-a-1331x2048.png 1331w, https:\/\/www.eikasia.es\/internacional\/wp-content\/uploads\/2025\/02\/carolina-portada-a-416x640.png 416w, https:\/\/www.eikasia.es\/internacional\/wp-content\/uploads\/2025\/02\/carolina-portada-a.png 1772w\" sizes=\"auto, (max-width: 195px) 100vw, 195px\" \/>Cuando la vida duele.\u00a0Fundamentos filos\u00f3ficos de la psicoterapia existencial<\/p>\n<p>Luc\u00eda Carolina Fern\u00e1ndez Jim\u00e9nez<\/p>\n<p style=\"padding-left: 40px;\">Copyright Eikas\u00eda Ediciones<\/p>\n<p style=\"padding-left: 40px;\">www.eikasia.es<\/p>\n<p style=\"padding-left: 40px;\">Ilustraci\u00f3n portada: Pilar Fern\u00e1ndez Jim\u00e9nez<\/p>\n<p style=\"padding-left: 40px;\">Maquetacion: Eikasia<\/p>\n<p style=\"padding-left: 40px;\">ISBN: 978-84-15203-87-2<\/p>\n<p style=\"font-weight: 400;\">Las dificultades de la existencia no son enfermedades, pero la cultura de la patologizaci\u00f3n y la medicalizaci\u00f3n en la que nos encontramos as\u00ed las conceptualizan. Sin embargo, la mayor\u00eda de las personas que buscan terapia psicol\u00f3gica no est\u00e1n enfermas, sino desorientadas y saturadas por un dolor que se ha vuelto insoportable. La Psicoterapia Existencial se hace cargo de ello, y entiende que es necesario un acompa\u00f1amiento psicol\u00f3gico que comprenda que la vida humana est\u00e1 llena de preocupaciones que, en ocasiones, nos desbordan.<\/p>\n<p style=\"font-weight: 400;\">Un acercamiento adecuado al dolor humano, unido a una reivindicaci\u00f3n de la tradici\u00f3n filos\u00f3fica del cuidado de s\u00ed, puede ser la soluci\u00f3n a esta crisis de la salud mental en la que estamos inmersos.<\/p>\n<p style=\"font-weight: 400;\">Luc\u00eda Carolina Fern\u00e1ndez Jim\u00e9nez (Almendralejo, 1974) se licenci\u00f3 en Filosof\u00eda por la Universidad de Salamanca y en Psicolog\u00eda por la UNED. Es Doctora en Filosof\u00eda con una tesis que a\u00fana los dos \u00e1mbitos que le apasionan: la antropolog\u00eda filos\u00f3fica y las psicolog\u00edas de corte humanista.<\/p>\n<p style=\"font-weight: 400;\">En la actualidad es profesora de filosof\u00eda en un instituto de educaci\u00f3n secundaria en Elche (Alicante), labor que compagina con su tarea como psicoterapeuta existencial.<\/p>\n<p style=\"font-weight: 400;\">Desde 2023 forma parte de la <em>Sociedad de filosof\u00eda en abierto<\/em>, en la que dirige la secci\u00f3n de Filosof\u00eda terap\u00e9utica.<\/p>\n<p>&nbsp;<\/p>\n<p style=\"text-align: center;\">\u00cdndice<\/p>\n<p>Pr\u00f3logo de Marino P\u00e9rez \u00c1lvarez 11<\/p>\n<p>Introducci\u00f3n 17<\/p>\n<p style=\"text-align: center;\">I<\/p>\n<p>Genealog\u00eda de la Psicoterapia Existencial: la<\/p>\n<p>tradici\u00f3n del Cuidado de S\u00ed 21<\/p>\n<p>1. La filosof\u00eda antigua como terapia 25<\/p>\n<p>2. Las filosof\u00edas de la existencia 39<\/p>\n<p>3. La psicoterapia existencial 43<\/p>\n<p style=\"text-align: center;\">II<\/p>\n<p>La Psicoterapia Existencial: sus representantes,<\/p>\n<p>objetivos y m\u00e9todo de trabajo 47<\/p>\n<p>1. \u00bfQu\u00e9 es y por qu\u00e9 es existencial? 51<\/p>\n<p>2. \u00bfDe qui\u00e9nes hablamos? 57<\/p>\n<p>3. Sobre el objetivo de la psicoterapia existencial 67<\/p>\n<p>\u00abPropio\u00bb en el sentido de la existencia humana en general 67<\/p>\n<p>\u00abPropio\u00bb en el sentido de la existencia de cada cual (la<\/p>\n<p>singularidad) 70<\/p>\n<p>4. La relaci\u00f3n terap\u00e9utica y el concepto de salud 83<\/p>\n<p>Salud como conquista de la libertad 88<\/p>\n<p>Salud como desarrollo de las potencialidades propias 89<\/p>\n<p>Salud como realizaci\u00f3n del sentido de la vida 90<\/p>\n<p>Salud como desenmascaramiento 90<\/p>\n<p>5. El problema del m\u00e9todo 93<\/p>\n<p>La aplicaci\u00f3n del m\u00e9todo fenomenol\u00f3gico a<\/p>\n<p>la Terapia Existencial. La utilizaci\u00f3n de reglas<\/p>\n<p>fenonemol\u00f3gicas 99<\/p>\n<p>La utilizaci\u00f3n de categor\u00edas fenomenol\u00f3gicas 103<\/p>\n<p style=\"text-align: center;\">III<\/p>\n<p>Las cuatro preocupaciones existenciales 117<\/p>\n<p>1. La muerte 125<\/p>\n<p>Estrategias para escapar de la muerte 127<\/p>\n<p>Ser-para-la-muerte, autenticidad y angustia 132<\/p>\n<p>Mi muerte y la muerte de los otros 139<\/p>\n<p>La fe religiosa y la Psicoterapia Existencial 142<\/p>\n<p>Sobre la muerte y su relaci\u00f3n con el sentido de la vida 145<\/p>\n<p>2. Libertad y responsabilidad 149<\/p>\n<p>Elementos clave para ejercer la libertad 167<\/p>\n<p>La pausa 167<\/p>\n<p>El silencio 169<\/p>\n<p>3. El aislamiento existencial 177<\/p>\n<p>La soledad ontol\u00f3gica o constitutiva 178<\/p>\n<p>Otras soledades 183<\/p>\n<p>Cuando el mundo no te acepta 184<\/p>\n<p>Vivencias tempranas de abandono 188<\/p>\n<p>Solo entre desconocidos: sin ra\u00edces o sin techo 189<\/p>\n<p>La soledad como consecuencia del modo de vida: atomizaci\u00f3n<\/p>\n<p>y tecnologizaci\u00f3n 191<\/p>\n<p>En busca de otra soledad 204<\/p>\n<p>Para terminar 205<\/p>\n<p>4. El sentido de la vida 209<\/p>\n<p>El altruismo 214<\/p>\n<p>La consagraci\u00f3n a una causa 215<\/p>\n<p>La creatividad 220<\/p>\n<p>El hedonismo 223<\/p>\n<p>La autorrealizaci\u00f3n 226<\/p>\n<p>La trascendencia de uno mismo 230<\/p>\n<p>Para terminar 238<\/p>\n<p>Ep\u00edlogo: palabras para la esperanza 241<\/p>\n<p>Ap\u00e9ndice: una conversaci\u00f3n a cinco voces 251<\/p>\n<p>Bibliograf\u00eda citada 267<\/p>\n<p>&nbsp;<\/p>\n<p>&nbsp;<\/p>\n","protected":false},"excerpt":{"rendered":"<p>Cuando la vida duele.\u00a0Fundamentos filos\u00f3ficos de la psicoterapia existencial Luc\u00eda Carolina Fern\u00e1ndez Jim\u00e9nez Copyright Eikas\u00eda Ediciones www.eikasia.es Ilustraci\u00f3n portada: Pilar Fern\u00e1ndez Jim\u00e9nez Maquetacion: Eikasia ISBN: 978-84-15203-87-2 Las dificultades de la existencia no son enfermedades, pero la cultura de la patologizaci\u00f3n y la medicalizaci\u00f3n en la que nos encontramos as\u00ed las conceptualizan. Sin embargo, la mayor\u00eda [&hellip;]<\/p>\n","protected":false},"featured_media":2943,"template":"","meta":[],"product_brand":[],"product_cat":[59,17,86,87],"product_tag":[],"class_list":{"0":"post-3174","1":"product","2":"type-product","3":"status-publish","4":"has-post-thumbnail","6":"product_cat-contemporanea","7":"product_cat-filosofia","8":"product_cat-libros-digitales","9":"product_cat-libros-en-pdf","11":"first","12":"instock","13":"downloadable","14":"taxable","15":"shipping-taxable","16":"purchasable","17":"product-type-simple"},"jetpack_sharing_enabled":true,"_links":{"self":[{"href":"https:\/\/www.eikasia.es\/internacional\/wp-json\/wp\/v2\/product\/3174","targetHints":{"allow":["GET"]}}],"collection":[{"href":"https:\/\/www.eikasia.es\/internacional\/wp-json\/wp\/v2\/product"}],"about":[{"href":"https:\/\/www.eikasia.es\/internacional\/wp-json\/wp\/v2\/types\/product"}],"wp:featuredmedia":[{"embeddable":true,"href":"https:\/\/www.eikasia.es\/internacional\/wp-json\/wp\/v2\/media\/2943"}],"wp:attachment":[{"href":"https:\/\/www.eikasia.es\/internacional\/wp-json\/wp\/v2\/media?parent=3174"}],"wp:term":[{"taxonomy":"product_brand","embeddable":true,"href":"https:\/\/www.eikasia.es\/internacional\/wp-json\/wp\/v2\/product_brand?post=3174"},{"taxonomy":"product_cat","embeddable":true,"href":"https:\/\/www.eikasia.es\/internacional\/wp-json\/wp\/v2\/product_cat?post=3174"},{"taxonomy":"product_tag","embeddable":true,"href":"https:\/\/www.eikasia.es\/internacional\/wp-json\/wp\/v2\/product_tag?post=3174"}],"curies":[{"name":"wp","href":"https:\/\/api.w.org\/{rel}","templated":true}]}}